{"id":17851,"date":"2023-12-18T21:49:39","date_gmt":"2023-12-19T05:49:39","guid":{"rendered":"http:\/\/canadiansciencecentres.ca\/casc-2005-la-science-sous-un-angle-different\/"},"modified":"2024-01-25T10:41:07","modified_gmt":"2024-01-25T18:41:07","slug":"casc-2005-la-science-sous-un-angle-different","status":"publish","type":"page","link":"https:\/\/canadiansciencecentres.ca\/fr\/casc-2005-la-science-sous-un-angle-different\/","title":{"rendered":"CASC 2005 La science sous un angle diff\u00e9rent"},"content":{"rendered":"\n<div style=\"height:60px\" aria-hidden=\"true\" class=\"wp-block-spacer\"><\/div>\n\n<h1 class=\"wp-block-heading has-x-large-font-size\">CASC 2005 La science sous un angle diff\u00e9rent<\/h1>\n\n<h4 class=\"wp-block-heading\">Accueillie par le <a href=\"http:\/\/www.montrealsciencecentre.com\/\" target=\"_blank\" rel=\"noreferrer noopener\">Centre des sciences de Montr\u00e9al<\/a> \u00e0 Montr\u00e9al QC, du 2 au 4 juin 2005<\/h4>\n\n<div class=\"wp-block-buttons is-layout-flex wp-block-buttons-is-layout-flex\">\n<div class=\"wp-block-button\"><a class=\"wp-block-button__link wp-element-button\" href=\"\/wp-content\/uploads\/2023\/12\/2005AnnexeBProgrammeANG2005.pdf\">T\u00e9l\u00e9charger le programme de la conf\u00e9rence<\/a><\/div>\n<\/div>\n\n<div style=\"height:60px\" aria-hidden=\"true\" class=\"wp-block-spacer\"><\/div>\n","protected":false},"excerpt":{"rendered":"<p>CASC 2005 La science sous un angle diff\u00e9rent Accueillie par le Centre des sciences de Montr\u00e9al \u00e0 Montr\u00e9al QC, du 2 au 4 juin 2005<\/p>\n","protected":false},"author":1,"featured_media":0,"parent":0,"menu_order":0,"comment_status":"closed","ping_status":"closed","template":"","meta":{"footnotes":""},"class_list":["post-17851","page","type-page","status-publish","hentry"],"acf":[],"_links":{"self":[{"href":"https:\/\/canadiansciencecentres.ca\/fr\/wp-json\/wp\/v2\/pages\/17851","targetHints":{"allow":["GET"]}}],"collection":[{"href":"https:\/\/canadiansciencecentres.ca\/fr\/wp-json\/wp\/v2\/pages"}],"about":[{"href":"https:\/\/canadiansciencecentres.ca\/fr\/wp-json\/wp\/v2\/types\/page"}],"author":[{"embeddable":true,"href":"https:\/\/canadiansciencecentres.ca\/fr\/wp-json\/wp\/v2\/users\/1"}],"replies":[{"embeddable":true,"href":"https:\/\/canadiansciencecentres.ca\/fr\/wp-json\/wp\/v2\/comments?post=17851"}],"version-history":[{"count":0,"href":"https:\/\/canadiansciencecentres.ca\/fr\/wp-json\/wp\/v2\/pages\/17851\/revisions"}],"wp:attachment":[{"href":"https:\/\/canadiansciencecentres.ca\/fr\/wp-json\/wp\/v2\/media?parent=17851"}],"curies":[{"name":"wp","href":"https:\/\/api.w.org\/{rel}","templated":true}]}}