{"id":17852,"date":"2023-12-12T23:56:46","date_gmt":"2023-12-13T07:56:46","guid":{"rendered":"http:\/\/canadiansciencecentres.ca\/plan-strategique-2015-2018\/"},"modified":"2024-01-25T10:43:19","modified_gmt":"2024-01-25T18:43:19","slug":"plan-strategique-2015-2018","status":"publish","type":"page","link":"https:\/\/canadiansciencecentres.ca\/fr\/plan-strategique-2015-2018\/","title":{"rendered":"Plan strat\u00e9gique 2015-2018"},"content":{"rendered":"\n<div style=\"height:100px\" aria-hidden=\"true\" class=\"wp-block-spacer\"><\/div>\n\n<h1 class=\"wp-block-heading has-large-font-size\">NOTRE PLAN STRAT\u00c9GIQUE 2015-2018  <\/h1>\n\n<p>Pour la p\u00e9riode 2015-2018, l&rsquo;ACCS a \u00e9tabli deux priorit\u00e9s strat\u00e9giques.<\/p>\n\n<div class=\"wp-block-buttons is-layout-flex wp-block-buttons-is-layout-flex\">\n<div class=\"wp-block-button\"><a class=\"wp-block-button__link wp-element-button\" href=\"\/wp-content\/uploads\/2023\/12\/Strategic-Plan-2015-2018-FINAL-for-web.pdf\">T\u00e9l\u00e9charger le plan strat\u00e9gique (PDF)<\/a><\/div>\n<\/div>\n\n<p><strong>1. Am\u00e9liorer le profil de nos membres et leur valeur pour la communaut\u00e9 :<\/strong><\/p>\n\n<ul class=\"wp-block-list\">\n<li>Accro\u00eetre la visibilit\u00e9 de l&rsquo;ACCS aupr\u00e8s des membres, des organisations professionnelles et des professionnels individuels<\/li>\n\n\n\n<li>Permettre une c\u00e9l\u00e9bration collective de la r\u00e9ussite<\/li>\n<\/ul>\n\n<p>Des millions de personnes visitent les centres scientifiques canadiens chaque ann\u00e9e, mais des populations plus larges ne sont pas conscientes de l&rsquo;impact qu&rsquo;ils ont sur la culture scientifique de notre pays.  <\/p>\n\n<p>En am\u00e9liorant le profil de l&rsquo;ACCS aupr\u00e8s des principales parties prenantes, la sensibilisation \u00e0 l&rsquo;industrie canadienne des centres de science dans son ensemble est accrue et nos membres seront en meilleure position pour atteindre leurs objectifs.<\/p>\n\n<p><strong>2. D\u00e9velopper un r\u00e9seau d&rsquo;apprentissage et de partage am\u00e9lior\u00e9 en<\/strong><\/p>\n\n<ul class=\"wp-block-list\">\n<li>Initier et soutenir des m\u00e9thodes nouvelles et innovantes de partage des connaissances et des meilleures pratiques<\/li>\n\n\n\n<li>Renforcer les liens entre les individus et les organisations<\/li>\n\n\n\n<li>Tirer parti des relations internes et externes<\/li>\n\n\n\n<li>Coordonner les efforts visant \u00e0 accro\u00eetre la capacit\u00e9 \u00e0 participer \u00e0 des conf\u00e9rences et \u00e0 d&rsquo;autres \u00e9v\u00e9nements par le biais d&rsquo;une s\u00e9rie d&rsquo;initiatives.<\/li>\n<\/ul>\n\n<p>Le Canada est une vaste r\u00e9gion g\u00e9ographique dont la population est relativement faible. Les centres scientifiques sont diss\u00e9min\u00e9s dans tout le pays, ce qui rend le travail en r\u00e9seau plus difficile.  <\/p>\n\n<p>Cette priorit\u00e9 a pour but de permettre aux professionnels des centres scientifiques de nouer des relations au sein de l&rsquo;industrie, d&rsquo;apprendre les uns des autres, de multiplier les possibilit\u00e9s de d\u00e9veloppement professionnel et de favoriser la participation de tous les membres.<\/p>\n\n<div style=\"height:100px\" aria-hidden=\"true\" class=\"wp-block-spacer\"><\/div>\n","protected":false},"excerpt":{"rendered":"<p>NOTRE PLAN STRAT\u00c9GIQUE 2015-2018 Pour la p\u00e9riode 2015-2018, l&rsquo;ACCS a \u00e9tabli deux priorit\u00e9s strat\u00e9giques. 1. Am\u00e9liorer le profil de nos membres et leur valeur pour la communaut\u00e9 : Des millions de personnes visitent les centres scientifiques canadiens chaque ann\u00e9e, mais des populations plus larges ne sont pas conscientes de l&rsquo;impact qu&rsquo;ils ont sur la culture [&hellip;]<\/p>\n","protected":false},"author":1,"featured_media":0,"parent":0,"menu_order":0,"comment_status":"closed","ping_status":"closed","template":"","meta":{"footnotes":""},"class_list":["post-17852","page","type-page","status-publish","hentry"],"acf":[],"_links":{"self":[{"href":"https:\/\/canadiansciencecentres.ca\/fr\/wp-json\/wp\/v2\/pages\/17852","targetHints":{"allow":["GET"]}}],"collection":[{"href":"https:\/\/canadiansciencecentres.ca\/fr\/wp-json\/wp\/v2\/pages"}],"about":[{"href":"https:\/\/canadiansciencecentres.ca\/fr\/wp-json\/wp\/v2\/types\/page"}],"author":[{"embeddable":true,"href":"https:\/\/canadiansciencecentres.ca\/fr\/wp-json\/wp\/v2\/users\/1"}],"replies":[{"embeddable":true,"href":"https:\/\/canadiansciencecentres.ca\/fr\/wp-json\/wp\/v2\/comments?post=17852"}],"version-history":[{"count":0,"href":"https:\/\/canadiansciencecentres.ca\/fr\/wp-json\/wp\/v2\/pages\/17852\/revisions"}],"wp:attachment":[{"href":"https:\/\/canadiansciencecentres.ca\/fr\/wp-json\/wp\/v2\/media?parent=17852"}],"curies":[{"name":"wp","href":"https:\/\/api.w.org\/{rel}","templated":true}]}}