{"id":17853,"date":"2023-12-19T14:42:49","date_gmt":"2023-12-19T22:42:49","guid":{"rendered":"http:\/\/canadiansciencecentres.ca\/les-laureats-du-prix-cascade-2010\/"},"modified":"2024-01-25T10:43:18","modified_gmt":"2024-01-25T18:43:18","slug":"les-laureats-du-prix-cascade-2010","status":"publish","type":"page","link":"https:\/\/canadiansciencecentres.ca\/fr\/les-laureats-du-prix-cascade-2010\/","title":{"rendered":"LES LAUR\u00c9ATS DU PRIX CASCADE 2010"},"content":{"rendered":"\n<div class=\"wp-block-group alignwide is-layout-flow wp-block-group-is-layout-flow\">\n<div style=\"height:100px\" aria-hidden=\"true\" class=\"wp-block-spacer\"><\/div>\n\n\n\n<h1 class=\"wp-block-heading has-x-large-font-size\">LES LAUR\u00c9ATS DU PRIX CASCADE 2010<\/h1>\n\n\n\n<div style=\"height:40px\" aria-hidden=\"true\" class=\"wp-block-spacer\"><\/div>\n\n\n\n<div class=\"wp-block-group has-gainsboro-background-color has-background is-layout-flow wp-block-group-is-layout-flow\" style=\"border-radius:15px;margin-top:var(--wp--preset--spacing--large);margin-bottom:var(--wp--preset--spacing--large);padding-top:var(--wp--preset--spacing--medium);padding-right:var(--wp--preset--spacing--medium);padding-bottom:var(--wp--preset--spacing--medium);padding-left:var(--wp--preset--spacing--medium)\">\n<h3 class=\"wp-block-heading has-casc-red-color has-text-color has-link-color has-medium-font-size wp-elements-6508d1354d603bc02df21c62f69d7dfc\">Meilleur programme sur place<\/h3>\n\n\n\n<div class=\"wp-block-columns is-layout-flex wp-container-core-columns-is-layout-28f84493 wp-block-columns-is-layout-flex\">\n<div class=\"wp-block-column is-layout-flow wp-block-column-is-layout-flow\" style=\"flex-basis:33.33%\">\n<figure class=\"wp-block-image size-full\"><img loading=\"lazy\" decoding=\"async\" width=\"300\" height=\"300\" src=\"https:\/\/canadiansciencecentres.ca\/wp-content\/uploads\/2023\/12\/science-school.jpg\" alt=\"\" class=\"wp-image-17192\" srcset=\"https:\/\/canadiansciencecentres.ca\/wp-content\/uploads\/2023\/12\/science-school.jpg 300w, https:\/\/canadiansciencecentres.ca\/wp-content\/uploads\/2023\/12\/science-school-160x160.jpg 160w\" sizes=\"auto, (max-width: 300px) 100vw, 300px\" \/><\/figure>\n<\/div>\n\n\n\n<div class=\"wp-block-column is-layout-flow wp-block-column-is-layout-flow\" style=\"flex-basis:66.66%\">\n<p><strong><strong><strong>Science School &#8211; Le Centre des sciences de l&rsquo;Ontario<\/strong><\/strong><\/strong><\/p>\n\n\n\n<p>L&rsquo;Ontario Science Centre Science School (OSCSS) est une \u00e9cole publique qui offre des cr\u00e9dits en sciences et en math\u00e9matiques dans le secondaire aux \u00e9l\u00e8ves de douzi\u00e8me ann\u00e9e de tout l&rsquo;Ontario. Il s&rsquo;agit d&rsquo;un projet conjoint du Centre des sciences de l&rsquo;Ontario, du Toronto District School Board et du Toronto Catholic District School Board.<\/p>\n<\/div>\n<\/div>\n<\/div>\n\n\n\n<div class=\"wp-block-group has-gainsboro-background-color has-background is-layout-flow wp-block-group-is-layout-flow\" style=\"border-radius:15px;margin-top:var(--wp--preset--spacing--large);margin-bottom:var(--wp--preset--spacing--large);padding-top:var(--wp--preset--spacing--medium);padding-right:var(--wp--preset--spacing--medium);padding-bottom:var(--wp--preset--spacing--medium);padding-left:var(--wp--preset--spacing--medium)\">\n<h3 class=\"wp-block-heading has-casc-red-color has-text-color has-link-color has-medium-font-size wp-elements-2d519716702eccabd190fb89ba2a561f\">Meilleur programme de sensibilisation<\/h3>\n\n\n\n<div class=\"wp-block-columns is-layout-flex wp-container-core-columns-is-layout-28f84493 wp-block-columns-is-layout-flex\">\n<div class=\"wp-block-column is-layout-flow wp-block-column-is-layout-flow\" style=\"flex-basis:33.33%\">\n<figure class=\"wp-block-image size-full\"><img loading=\"lazy\" decoding=\"async\" width=\"300\" height=\"300\" src=\"https:\/\/canadiansciencecentres.ca\/wp-content\/uploads\/2023\/12\/community.jpg\" alt=\"\" class=\"wp-image-17193\" srcset=\"https:\/\/canadiansciencecentres.ca\/wp-content\/uploads\/2023\/12\/community.jpg 300w, https:\/\/canadiansciencecentres.ca\/wp-content\/uploads\/2023\/12\/community-160x160.jpg 160w\" sizes=\"auto, (max-width: 300px) 100vw, 300px\" \/><\/figure>\n<\/div>\n\n\n\n<div class=\"wp-block-column is-layout-flow wp-block-column-is-layout-flow\" style=\"flex-basis:66.66%\">\n<p><strong><strong><strong><strong>C\u00e9l\u00e9bration de la science communautaire &#8211; Science World British Columbia<\/strong><\/strong><\/strong><\/strong><\/p>\n\n\n\n<p>Le th\u00e8me de la Community Science (CSC) de Science World est \u00ab\u00a0D\u00e9couvrez la science autour de vous\u00a0\u00bb. La CSC est une semaine d&rsquo;activit\u00e9s scientifiques et technologiques communautaires, commen\u00e7ant par une semaine de programmes scientifiques scolaires attrayants et se terminant par un \u00e9v\u00e9nement familial \u00e0 l&rsquo;\u00e9chelle de la communaut\u00e9, en association avec des partenaires communautaires cl\u00e9s.<\/p>\n<\/div>\n<\/div>\n<\/div>\n\n\n\n<div class=\"wp-block-group has-gainsboro-background-color has-background is-layout-flow wp-block-group-is-layout-flow\" style=\"border-radius:15px;margin-top:var(--wp--preset--spacing--large);margin-bottom:var(--wp--preset--spacing--large);padding-top:var(--wp--preset--spacing--medium);padding-right:var(--wp--preset--spacing--medium);padding-bottom:var(--wp--preset--spacing--medium);padding-left:var(--wp--preset--spacing--medium)\">\n<h3 class=\"wp-block-heading has-casc-red-color has-text-color has-link-color has-medium-font-size wp-elements-0184eb547d80f018684070f511b43c3a\">Meilleure exposition ou spectacle &#8211; Grande institution<\/h3>\n\n\n\n<div class=\"wp-block-columns is-layout-flex wp-container-core-columns-is-layout-28f84493 wp-block-columns-is-layout-flex\">\n<div class=\"wp-block-column is-layout-flow wp-block-column-is-layout-flow\" style=\"flex-basis:33.33%\">\n<figure class=\"wp-block-image size-full\"><img loading=\"lazy\" decoding=\"async\" width=\"300\" height=\"300\" src=\"https:\/\/canadiansciencecentres.ca\/wp-content\/uploads\/2023\/12\/Galileo.jpg\" alt=\"\" class=\"wp-image-17194\" srcset=\"https:\/\/canadiansciencecentres.ca\/wp-content\/uploads\/2023\/12\/Galileo.jpg 300w, https:\/\/canadiansciencecentres.ca\/wp-content\/uploads\/2023\/12\/Galileo-160x160.jpg 160w\" sizes=\"auto, (max-width: 300px) 100vw, 300px\" \/><\/figure>\n<\/div>\n\n\n\n<div class=\"wp-block-column is-layout-flow wp-block-column-is-layout-flow\" style=\"flex-basis:66.66%\">\n<p><strong><strong><strong><strong><strong>Galileo LIVE ! &#8211; Le Mus\u00e9e du Manitoba, TELUS World of Science &#8211; Calgary, HR MacMillan Space Centre et Plan\u00e9tarium de Montr\u00e9al.<\/strong><\/strong><\/strong><\/strong><\/strong><\/p>\n\n\n\n<p>Galileo LIVE ! Il s&rsquo;agit d&rsquo;un spectacle de plan\u00e9tarium produit en collaboration pour c\u00e9l\u00e9brer l&rsquo;Ann\u00e9e internationale de l&rsquo;astronomie d\u00e9sign\u00e9e par les Nations unies. Le spectacle met en sc\u00e8ne un acteur jouant le r\u00f4le de Gelileo, d\u00e9crivant au public du plan\u00e9tarium ses nouvelles d\u00e9couvertes \u00e0 l&rsquo;aide d&rsquo;un t\u00e9lescope. Le spectacle a \u00e9t\u00e9 produit par quatre plan\u00e9tariums situ\u00e9s \u00e0 Calgary, Vancouver, Montr\u00e9al et Winnipeg.<\/p>\n<\/div>\n<\/div>\n<\/div>\n\n\n\n<div class=\"wp-block-group has-gainsboro-background-color has-background is-layout-flow wp-block-group-is-layout-flow\" style=\"border-radius:15px;margin-top:var(--wp--preset--spacing--large);margin-bottom:var(--wp--preset--spacing--large);padding-top:var(--wp--preset--spacing--medium);padding-right:var(--wp--preset--spacing--medium);padding-bottom:var(--wp--preset--spacing--medium);padding-left:var(--wp--preset--spacing--medium)\">\n<h3 class=\"wp-block-heading has-casc-red-color has-text-color has-link-color has-medium-font-size wp-elements-dc095f551035ac27a65421b52965a631\">Meilleure exposition ou spectacle &#8211; Petite institution<\/h3>\n\n\n\n<div class=\"wp-block-columns is-layout-flex wp-container-core-columns-is-layout-28f84493 wp-block-columns-is-layout-flex\">\n<div class=\"wp-block-column is-layout-flow wp-block-column-is-layout-flow\" style=\"flex-basis:33.33%\">\n<figure class=\"wp-block-image size-full\"><img loading=\"lazy\" decoding=\"async\" width=\"300\" height=\"300\" src=\"https:\/\/canadiansciencecentres.ca\/wp-content\/uploads\/2023\/12\/whoami.jpg\" alt=\"\" class=\"wp-image-17195\" srcset=\"https:\/\/canadiansciencecentres.ca\/wp-content\/uploads\/2023\/12\/whoami.jpg 300w, https:\/\/canadiansciencecentres.ca\/wp-content\/uploads\/2023\/12\/whoami-160x160.jpg 160w\" sizes=\"auto, (max-width: 300px) 100vw, 300px\" \/><\/figure>\n<\/div>\n\n\n\n<div class=\"wp-block-column is-layout-flow wp-block-column-is-layout-flow\" style=\"flex-basis:66.66%\">\n<p><strong><strong><strong><strong><strong><strong>QUI SUIS-JE ? La qu\u00eate de moi-m\u00eame<\/strong>  &#8211; <strong>Mus\u00e9e de la nature et des sciences de Sherbrooke<\/strong><\/strong><\/strong><\/strong><\/strong><\/strong><\/p>\n\n\n\n<p>QUI SUIS-JE ? est une exposition itin\u00e9rante destin\u00e9e aux familles, qui les aide \u00e0 comprendre, par le biais d&rsquo;une qu\u00eate, qui elles sont et pourquoi elles agissent si diff\u00e9remment. Exceptionnellement cr\u00e9ative et r\u00e9alis\u00e9e avec un petit budget de 215 000 dollars, l&rsquo;exposition a \u00e9t\u00e9 con\u00e7ue avec l&rsquo;aide de nos comit\u00e9s scientifiques et d&rsquo;utilisateurs.<\/p>\n<\/div>\n<\/div>\n<\/div>\n<\/div>\n","protected":false},"excerpt":{"rendered":"<p>LES LAUR\u00c9ATS DU PRIX CASCADE 2010 Meilleur programme sur place Science School &#8211; Le Centre des sciences de l&rsquo;Ontario L&rsquo;Ontario Science Centre Science School (OSCSS) est une \u00e9cole publique qui offre des cr\u00e9dits en sciences et en math\u00e9matiques dans le secondaire aux \u00e9l\u00e8ves de douzi\u00e8me ann\u00e9e de tout l&rsquo;Ontario. Il s&rsquo;agit d&rsquo;un projet conjoint du [&hellip;]<\/p>\n","protected":false},"author":1,"featured_media":0,"parent":0,"menu_order":0,"comment_status":"closed","ping_status":"closed","template":"","meta":{"footnotes":""},"class_list":["post-17853","page","type-page","status-publish","hentry"],"acf":[],"_links":{"self":[{"href":"https:\/\/canadiansciencecentres.ca\/fr\/wp-json\/wp\/v2\/pages\/17853","targetHints":{"allow":["GET"]}}],"collection":[{"href":"https:\/\/canadiansciencecentres.ca\/fr\/wp-json\/wp\/v2\/pages"}],"about":[{"href":"https:\/\/canadiansciencecentres.ca\/fr\/wp-json\/wp\/v2\/types\/page"}],"author":[{"embeddable":true,"href":"https:\/\/canadiansciencecentres.ca\/fr\/wp-json\/wp\/v2\/users\/1"}],"replies":[{"embeddable":true,"href":"https:\/\/canadiansciencecentres.ca\/fr\/wp-json\/wp\/v2\/comments?post=17853"}],"version-history":[{"count":0,"href":"https:\/\/canadiansciencecentres.ca\/fr\/wp-json\/wp\/v2\/pages\/17853\/revisions"}],"wp:attachment":[{"href":"https:\/\/canadiansciencecentres.ca\/fr\/wp-json\/wp\/v2\/media?parent=17853"}],"curies":[{"name":"wp","href":"https:\/\/api.w.org\/{rel}","templated":true}]}}