{"id":17854,"date":"2023-12-19T14:34:34","date_gmt":"2023-12-19T22:34:34","guid":{"rendered":"http:\/\/canadiansciencecentres.ca\/les-laureats-du-prix-cascade-2015\/"},"modified":"2024-01-25T10:43:18","modified_gmt":"2024-01-25T18:43:18","slug":"les-laureats-du-prix-cascade-2015","status":"publish","type":"page","link":"https:\/\/canadiansciencecentres.ca\/fr\/les-laureats-du-prix-cascade-2015\/","title":{"rendered":"LES LAUR\u00c9ATS DU PRIX CASCADE 2015"},"content":{"rendered":"\n<div class=\"wp-block-group alignwide is-layout-flow wp-block-group-is-layout-flow\">\n<div style=\"height:100px\" aria-hidden=\"true\" class=\"wp-block-spacer\"><\/div>\n\n\n\n<h1 class=\"wp-block-heading has-x-large-font-size\">LES LAUR\u00c9ATS DU PRIX CASCADE 2015<\/h1>\n\n\n\n<div style=\"height:40px\" aria-hidden=\"true\" class=\"wp-block-spacer\"><\/div>\n\n\n\n<div class=\"wp-block-group has-gainsboro-background-color has-background is-layout-flow wp-block-group-is-layout-flow\" style=\"border-radius:15px;margin-top:var(--wp--preset--spacing--large);margin-bottom:var(--wp--preset--spacing--large);padding-top:var(--wp--preset--spacing--medium);padding-right:var(--wp--preset--spacing--medium);padding-bottom:var(--wp--preset--spacing--medium);padding-left:var(--wp--preset--spacing--medium)\">\n<h3 class=\"wp-block-heading has-casc-red-color has-text-color has-link-color has-medium-font-size wp-elements-837c3f612ca09a5c9d3aa6627d21a055\">Meilleur programme<\/h3>\n\n\n\n<div class=\"wp-block-columns is-layout-flex wp-container-core-columns-is-layout-28f84493 wp-block-columns-is-layout-flex\">\n<div class=\"wp-block-column is-layout-flow wp-block-column-is-layout-flow\" style=\"flex-basis:33.33%\">\n<figure class=\"wp-block-image size-full\"><img loading=\"lazy\" decoding=\"async\" width=\"300\" height=\"300\" src=\"https:\/\/canadiansciencecentres.ca\/wp-content\/uploads\/2023\/12\/IgniteGalaTable.jpg\" alt=\"\" class=\"wp-image-17169\" srcset=\"https:\/\/canadiansciencecentres.ca\/wp-content\/uploads\/2023\/12\/IgniteGalaTable.jpg 300w, https:\/\/canadiansciencecentres.ca\/wp-content\/uploads\/2023\/12\/IgniteGalaTable-160x160.jpg 160w\" sizes=\"auto, (max-width: 300px) 100vw, 300px\" \/><\/figure>\n<\/div>\n\n\n\n<div class=\"wp-block-column is-layout-flow wp-block-column-is-layout-flow\" style=\"flex-basis:66.66%\">\n<p><strong><strong>Festival Ignite &#8211; Centre des sciences de la Saskatchewan  <\/strong><\/strong><\/p>\n\n\n\n<p>\u00c0 l&rsquo;intersection de la science, de l&rsquo;ing\u00e9nierie et de la technologie et des arts cr\u00e9atifs se trouve un ph\u00e9nom\u00e8ne mondial \u00e9mergent &#8211; le bricolage, la fabrication, le hacking ou le do-it-yourself &#8211; qui encourage et met en valeur l&rsquo;ing\u00e9niosit\u00e9 et la cr\u00e9ativit\u00e9 au sein des communaut\u00e9s. S&rsquo;adressant \u00e0 un large public compos\u00e9 d&rsquo;hommes et de femmes, de personnes \u00e2g\u00e9es et d&rsquo;enfants d&rsquo;\u00e2ge pr\u00e9scolaire, de technologues et d&rsquo;artistes, le Centre des sciences de la Saskatchewan a lanc\u00e9 le programme Ignite ! en 2014, afin de permettre \u00e0 la culture innovante et cr\u00e9ative de la communaut\u00e9 de pr\u00e9senter son travail d&rsquo;une mani\u00e8re unique et attrayante. Le concept du programme Ignite ! Festival est n\u00e9 comme un projet d&rsquo;h\u00e9ritage pour le 25e anniversaire du Centre des sciences de la Saskatchewan. Sa mission est d&rsquo;\u00e9veiller la curiosit\u00e9 scientifique et la d\u00e9couverte dans les communaut\u00e9s de la Saskatchewan par le biais d&rsquo;opportunit\u00e9s interactives, dynamiques et engageantes. Pour ce faire, le festival a offert aux enfants, aux jeunes, aux familles et \u00e0 la communaut\u00e9 des possibilit\u00e9s d&rsquo;apprentissage et d&rsquo;exploration novatrices. La premi\u00e8re \u00e9dition de la conf\u00e9rence annuelle Ignite ! s&rsquo;est tenu au Centre des sciences de la Saskatchewan en octobre 2014, avec un grand succ\u00e8s et un large \u00e9cho aupr\u00e8s du public.<\/p>\n<\/div>\n<\/div>\n<\/div>\n\n\n\n<div class=\"wp-block-group has-gainsboro-background-color has-background is-layout-flow wp-block-group-is-layout-flow\" style=\"border-radius:15px;margin-top:var(--wp--preset--spacing--large);margin-bottom:var(--wp--preset--spacing--large);padding-top:var(--wp--preset--spacing--medium);padding-right:var(--wp--preset--spacing--medium);padding-bottom:var(--wp--preset--spacing--medium);padding-left:var(--wp--preset--spacing--medium)\">\n<h3 class=\"wp-block-heading has-casc-red-color has-text-color has-link-color has-medium-font-size wp-elements-0184eb547d80f018684070f511b43c3a\">Meilleure exposition ou spectacle &#8211; Grande institution<\/h3>\n\n\n\n<div class=\"wp-block-columns is-layout-flex wp-container-core-columns-is-layout-28f84493 wp-block-columns-is-layout-flex\">\n<div class=\"wp-block-column is-layout-flow wp-block-column-is-layout-flow\" style=\"flex-basis:33.33%\">\n<figure class=\"wp-block-image size-full\"><img loading=\"lazy\" decoding=\"async\" width=\"300\" height=\"300\" src=\"https:\/\/canadiansciencecentres.ca\/wp-content\/uploads\/2023\/12\/LWSS.jpg\" alt=\"\" class=\"wp-image-17170\" srcset=\"https:\/\/canadiansciencecentres.ca\/wp-content\/uploads\/2023\/12\/LWSS.jpg 300w, https:\/\/canadiansciencecentres.ca\/wp-content\/uploads\/2023\/12\/LWSS-160x160.jpg 160w\" sizes=\"auto, (max-width: 300px) 100vw, 300px\" \/><\/figure>\n<\/div>\n\n\n\n<div class=\"wp-block-column is-layout-flow wp-block-column-is-layout-flow\" style=\"flex-basis:66.66%\">\n<p><strong><strong><strong>Le lac Winnipeg : Solutions partag\u00e9es &#8211; Mus\u00e9e du Manitoba<\/strong><\/strong><\/strong><\/p>\n\n\n\n<p>Le lac Winnipeg : Shared Solutions explore une crise environnementale majeure : le d\u00e9clin de la sant\u00e9 du lac Winnipeg. Gr\u00e2ce \u00e0 une technologie de jeu scientifique, les visiteurs prennent des d\u00e9cisions et voient les r\u00e9sultats de leurs choix, non seulement sur la sant\u00e9 du lac, mais aussi sur le tissu social et \u00e9conomique de leur r\u00e9gion. En 2013, le lac Winnipeg a \u00e9t\u00e9 d\u00e9sign\u00e9 comme le lac le plus menac\u00e9 au monde par le Fonds mondial pour la nature. Pour faire conna\u00eetre cette question importante aux Manitobains, le Mus\u00e9e du Manitoba (TMM) s&rsquo;est associ\u00e9 \u00e0 l&rsquo;Institut international du d\u00e9veloppement durable (IIDD) pour cr\u00e9er l&rsquo;exposition interactive Lake Winnipeg : Shared Solutions.<\/p>\n\n\n\n<p>En entrant dans l&rsquo;exposition, le visiteur est accueilli par les sons ambiants et le mouvement de l&rsquo;eau. Un aquarium d&rsquo;\u00e9cosyst\u00e8mes vivants, une table d&rsquo;eau interactive, des sp\u00e9cimens d&rsquo;histoire naturelle et une station d&rsquo;action personnelle m\u00e8nent tous \u00e0 la pi\u00e8ce ma\u00eetresse de l&rsquo;exposition : un jeu informatique interactif multijoueurs bas\u00e9 sur la science, appel\u00e9 le simulateur \u00ab\u00a0Watershed of the Future\u00a0\u00bb (bassin versant du futur).<\/p>\n<\/div>\n<\/div>\n<\/div>\n\n\n\n<div class=\"wp-block-group has-gainsboro-background-color has-background is-layout-flow wp-block-group-is-layout-flow\" style=\"border-radius:15px;margin-top:var(--wp--preset--spacing--large);margin-bottom:var(--wp--preset--spacing--large);padding-top:var(--wp--preset--spacing--medium);padding-right:var(--wp--preset--spacing--medium);padding-bottom:var(--wp--preset--spacing--medium);padding-left:var(--wp--preset--spacing--medium)\">\n<h3 class=\"wp-block-heading has-casc-red-color has-text-color has-link-color has-medium-font-size wp-elements-e8a91122a2d1775a02f63e9795983d6f\">Meilleure exposition ou spectacle &#8211; Petite institution  <\/h3>\n\n\n\n<div class=\"wp-block-columns is-layout-flex wp-container-core-columns-is-layout-28f84493 wp-block-columns-is-layout-flex\">\n<div class=\"wp-block-column is-layout-flow wp-block-column-is-layout-flow\" style=\"flex-basis:33.33%\">\n<figure class=\"wp-block-image size-full\"><img loading=\"lazy\" decoding=\"async\" width=\"300\" height=\"300\" src=\"https:\/\/canadiansciencecentres.ca\/wp-content\/uploads\/2023\/12\/cellule.jpg\" alt=\"\" class=\"wp-image-17171\" srcset=\"https:\/\/canadiansciencecentres.ca\/wp-content\/uploads\/2023\/12\/cellule.jpg 300w, https:\/\/canadiansciencecentres.ca\/wp-content\/uploads\/2023\/12\/cellule-160x160.jpg 160w\" sizes=\"auto, (max-width: 300px) 100vw, 300px\" \/><\/figure>\n<\/div>\n\n\n\n<div class=\"wp-block-column is-layout-flow wp-block-column-is-layout-flow\" style=\"flex-basis:66.66%\">\n<p><strong><strong><strong><strong>Supercellules &#8211; Mus\u00e9e de la nature et des sciences de Sherbrooke<\/strong><\/strong><\/strong><\/strong><\/p>\n\n\n\n<p>L&rsquo;exposition comprend divers modules interactifs qui illustrent le r\u00f4le crucial des cellules souches \u00e0 tous les stades de la vie. Les objectifs sont d&rsquo;informer sur l&rsquo;existence et le fonctionnement des cellules souches et de montrer les progr\u00e8s de la recherche visant \u00e0 trouver des traitements contre les maladies.<\/p>\n\n\n\n<p>L&rsquo;exposition est le fruit d&rsquo;une collaboration internationale entre des chercheurs (comit\u00e9 scientifique) et des partenaires financiers du Canada, des \u00c9tats-Unis et de l&rsquo;Europe. Il s&rsquo;agit de l&rsquo;Institut californien de m\u00e9decine r\u00e9g\u00e9n\u00e9rative, du Centre de commercialisation de la m\u00e9decine r\u00e9g\u00e9n\u00e9rative, de Cell Therapy Catapult et d&rsquo;EuroStemCell. L&rsquo;exposition Super Cells, le pouvoir des cellules souches a \u00e9t\u00e9 r\u00e9alis\u00e9e par une \u00e9quipe du Mus\u00e9e de la nature et des sciences de Sherbrooke en collaboration avec le R\u00e9seau de cellules souches. Le r\u00e9seau de cellules souches est une organisation canadienne qui rassemble plus de 100 scientifiques, cliniciens, ing\u00e9nieurs et \u00e9thiciens de renom provenant d&rsquo;universit\u00e9s et d&rsquo;h\u00f4pitaux du pays.<\/p>\n<\/div>\n<\/div>\n<\/div>\n<\/div>\n","protected":false},"excerpt":{"rendered":"<p>LES LAUR\u00c9ATS DU PRIX CASCADE 2015 Meilleur programme Festival Ignite &#8211; Centre des sciences de la Saskatchewan \u00c0 l&rsquo;intersection de la science, de l&rsquo;ing\u00e9nierie et de la technologie et des arts cr\u00e9atifs se trouve un ph\u00e9nom\u00e8ne mondial \u00e9mergent &#8211; le bricolage, la fabrication, le hacking ou le do-it-yourself &#8211; qui encourage et met en valeur [&hellip;]<\/p>\n","protected":false},"author":1,"featured_media":0,"parent":0,"menu_order":0,"comment_status":"closed","ping_status":"closed","template":"","meta":{"footnotes":""},"class_list":["post-17854","page","type-page","status-publish","hentry"],"acf":[],"_links":{"self":[{"href":"https:\/\/canadiansciencecentres.ca\/fr\/wp-json\/wp\/v2\/pages\/17854","targetHints":{"allow":["GET"]}}],"collection":[{"href":"https:\/\/canadiansciencecentres.ca\/fr\/wp-json\/wp\/v2\/pages"}],"about":[{"href":"https:\/\/canadiansciencecentres.ca\/fr\/wp-json\/wp\/v2\/types\/page"}],"author":[{"embeddable":true,"href":"https:\/\/canadiansciencecentres.ca\/fr\/wp-json\/wp\/v2\/users\/1"}],"replies":[{"embeddable":true,"href":"https:\/\/canadiansciencecentres.ca\/fr\/wp-json\/wp\/v2\/comments?post=17854"}],"version-history":[{"count":0,"href":"https:\/\/canadiansciencecentres.ca\/fr\/wp-json\/wp\/v2\/pages\/17854\/revisions"}],"wp:attachment":[{"href":"https:\/\/canadiansciencecentres.ca\/fr\/wp-json\/wp\/v2\/media?parent=17854"}],"curies":[{"name":"wp","href":"https:\/\/api.w.org\/{rel}","templated":true}]}}