{"id":17858,"date":"2023-12-18T21:49:06","date_gmt":"2023-12-19T05:49:06","guid":{"rendered":"http:\/\/canadiansciencecentres.ca\/casc-2006-breaking-through-charting-new-territory-for-science-centres-en-anglais\/"},"modified":"2024-01-25T10:41:07","modified_gmt":"2024-01-25T18:41:07","slug":"casc-2006-breaking-through-charting-new-territory-for-science-centres-en-anglais","status":"publish","type":"page","link":"https:\/\/canadiansciencecentres.ca\/fr\/casc-2006-breaking-through-charting-new-territory-for-science-centres-en-anglais\/","title":{"rendered":"CASC 2006 Breaking Through &#8211; Charting New Territory for Science Centres (en anglais)"},"content":{"rendered":"\n<div style=\"height:60px\" aria-hidden=\"true\" class=\"wp-block-spacer\"><\/div>\n\n<h1 class=\"wp-block-heading has-x-large-font-size\">CASC 2006 Breaking Through &#8211; Charting New Territory for Science Centres (en anglais)<\/h1>\n\n<h4 class=\"wp-block-heading\">Organis\u00e9e par le <a href=\"http:\/\/www.techno-science.ca\/\" target=\"_blank\" rel=\"noreferrer noopener\">Mus\u00e9e des sciences et de la technologie du Canada <\/a> et le Mus\u00e9e canadien de la nature \u00e0 Ottawa (Ontario), du 25 au 27 mai 2006.<\/h4>\n\n<div class=\"wp-block-buttons is-layout-flex wp-block-buttons-is-layout-flex\">\n<div class=\"wp-block-button\"><a class=\"wp-block-button__link wp-element-button\" href=\"\/wp-content\/uploads\/2023\/12\/2006FinalProgramme_eng1_screen2006.pdf\">T\u00e9l\u00e9charger le programme de la conf\u00e9rence<\/a><\/div>\n<\/div>\n\n<div style=\"height:60px\" aria-hidden=\"true\" class=\"wp-block-spacer\"><\/div>\n","protected":false},"excerpt":{"rendered":"<p>CASC 2006 Breaking Through &#8211; Charting New Territory for Science Centres (en anglais) Organis\u00e9e par le Mus\u00e9e des sciences et de la technologie du Canada et le Mus\u00e9e canadien de la nature \u00e0 Ottawa (Ontario), du 25 au 27 mai 2006.<\/p>\n","protected":false},"author":1,"featured_media":0,"parent":0,"menu_order":0,"comment_status":"closed","ping_status":"closed","template":"","meta":{"footnotes":""},"class_list":["post-17858","page","type-page","status-publish","hentry"],"acf":[],"_links":{"self":[{"href":"https:\/\/canadiansciencecentres.ca\/fr\/wp-json\/wp\/v2\/pages\/17858","targetHints":{"allow":["GET"]}}],"collection":[{"href":"https:\/\/canadiansciencecentres.ca\/fr\/wp-json\/wp\/v2\/pages"}],"about":[{"href":"https:\/\/canadiansciencecentres.ca\/fr\/wp-json\/wp\/v2\/types\/page"}],"author":[{"embeddable":true,"href":"https:\/\/canadiansciencecentres.ca\/fr\/wp-json\/wp\/v2\/users\/1"}],"replies":[{"embeddable":true,"href":"https:\/\/canadiansciencecentres.ca\/fr\/wp-json\/wp\/v2\/comments?post=17858"}],"version-history":[{"count":0,"href":"https:\/\/canadiansciencecentres.ca\/fr\/wp-json\/wp\/v2\/pages\/17858\/revisions"}],"wp:attachment":[{"href":"https:\/\/canadiansciencecentres.ca\/fr\/wp-json\/wp\/v2\/media?parent=17858"}],"curies":[{"name":"wp","href":"https:\/\/api.w.org\/{rel}","templated":true}]}}