{"id":17860,"date":"2023-12-12T23:55:26","date_gmt":"2023-12-13T07:55:26","guid":{"rendered":"http:\/\/canadiansciencecentres.ca\/plan-strategique-2020-2022\/"},"modified":"2024-01-25T10:43:19","modified_gmt":"2024-01-25T18:43:19","slug":"plan-strategique-2020-2022","status":"publish","type":"page","link":"https:\/\/canadiansciencecentres.ca\/fr\/plan-strategique-2020-2022\/","title":{"rendered":"Plan strat\u00e9gique 2020-2022"},"content":{"rendered":"\n<div style=\"height:100px\" aria-hidden=\"true\" class=\"wp-block-spacer\"><\/div>\n\n<h1 class=\"wp-block-heading has-large-font-size\">PRIORIT\u00c9S STRAT\u00c9GIQUES 2020-2022<\/h1>\n\n<p>En tant qu&rsquo;association nationale, nous <strong>fournissons \u00e0 nos membres des connaissances, une repr\u00e9sentation, un soutien, une connectivit\u00e9 et des services qui leur permettent de prosp\u00e9rer<\/strong>. En tant que plateforme nationale, nous d\u00e9fendons les int\u00e9r\u00eats de l&rsquo;ensemble du secteur des centres et mus\u00e9es scientifiques afin de faire conna\u00eetre la valeur de l&rsquo;engagement informel dans les domaines de la science, de la technologie et de l&rsquo;innovation, de rehausser les normes professionnelles et d&rsquo;\u00e9clairer les politiques. Notre r\u00e9seau comprend des membres tels que des organisations d&rsquo;\u00e9ducation et de sensibilisation aux STEM\/STEAM, des entreprises et des universit\u00e9s, ainsi que des collaborateurs issus d&rsquo;agences et de d\u00e9partements gouvernementaux, de fondations et de m\u00e9dias.<\/p>\n\n<p>Au cours des trois prochaines ann\u00e9es, notre travail de soutien et d&rsquo;autonomisation de notre r\u00e9seau <strong>contribuera \u00e0 cr\u00e9er une culture de la science et de l&rsquo;innovation florissante au Canada, <\/strong>en se concentrant sur les trois domaines prioritaires suivants :<\/p>\n\n<p><strong>&gt;  Leadership national<\/strong><\/p>\n\n<p>Jouer un r\u00f4le de premier plan en contribuant \u00e0 faire progresser la culture de la science et de l&rsquo;innovation au Canada gr\u00e2ce \u00e0 des collaborations \u00e0 l&rsquo;\u00e9chelle nationale.<\/p>\n\n<p><strong>&gt;  Cultiver les \u00e9cosyst\u00e8mes<\/strong><\/p>\n\n<p>Renforcer les connexions et le partage au sein de notre r\u00e9seau, entre les membres et les collaborateurs, en ouvrant plus largement nos portes et en tirant parti des relations et des possibilit\u00e9s de partenariat. Le r\u00e9seau CASC appliquera une approche \u00e9cosyst\u00e9mique pour favoriser la collaboration entre ses membres.<\/p>\n\n<p><strong>&gt;  Promouvoir l&rsquo;engagement scientifique<\/strong><\/p>\n\n<p>Appliquer une perspective d&rsquo;avenir fond\u00e9e sur les donn\u00e9es et les tendances pour comprendre l&rsquo;\u00e9volution du paysage de l&rsquo;engagement scientifique. Les probl\u00e8mes majeurs auxquels notre plan\u00e8te est confront\u00e9e sont d&rsquo;une ampleur telle qu&rsquo;aucune institution ou organisation ne peut les r\u00e9soudre \u00e0 elle seule. Ils n\u00e9cessitent une coop\u00e9ration, une mise en commun et un partage des connaissances entre les institutions, les disciplines et le pays tout entier, d&rsquo;un oc\u00e9an \u00e0 l&rsquo;autre.<\/p>\n\n<div class=\"wp-block-buttons is-layout-flex wp-block-buttons-is-layout-flex\">\n<div class=\"wp-block-button\"><a class=\"wp-block-button__link wp-element-button\" href=\"\/wp-content\/uploads\/2023\/12\/2020-2022-Strategic-Plan-Booklet_EN.pdf\"><strong>T\u00e9l\u00e9charger le plan strat\u00e9gique (pdf)<\/strong><\/a><\/div>\n<\/div>\n\n<p><strong>L&rsquo;ACCS respectera ses convictions et ses valeurs fondamentales tout en poursuivant ses objectifs strat\u00e9giques.<\/strong><\/p>\n\n<div class=\"wp-block-columns is-layout-flex wp-container-core-columns-is-layout-28f84493 wp-block-columns-is-layout-flex\">\n<div class=\"wp-block-column is-layout-flow wp-block-column-is-layout-flow\">\n<p>NOS CONVICTIONS :<\/p>\n\n\n\n<p>L&rsquo;apprentissage tout au long de la vie est fondamental pour une culture florissante de la science et de l&rsquo;innovation.L&rsquo;engagement scientifique informel est essentiel pour am\u00e9liorer la culture scientifique et promouvoir la pens\u00e9e critique.La participation et la repr\u00e9sentation diversifi\u00e9es sont essentielles et encourag\u00e9es.La pertinence sociale et la confiance sont fondamentales pour un engagement scientifique public efficace.La collaboration est n\u00e9cessaire pour relever les d\u00e9fis mondiaux et locaux.<\/p>\n<\/div>\n\n\n\n<div class=\"wp-block-column is-layout-flow wp-block-column-is-layout-flow\">\n<p>NOS VALEURS :<\/p>\n\n\n\n<p><strong>Motivation <\/strong>Les organisations avec lesquelles nous travaillons et les missions que nous soutenons nous inspirent.<strong>Inclusion <\/strong>Nous prosp\u00e9rons dans une culture d&rsquo;inclusion o\u00f9 les gens se sentent respect\u00e9s et valoris\u00e9s pour ce qu&rsquo;ils sont en tant qu&rsquo;individu ou en tant que groupe.<strong>Collaboration <\/strong>Nous nous \u00e9panouissons lorsque nous r\u00e9unissons des personnes ayant des perspectives, des id\u00e9es et des ant\u00e9c\u00e9dents diff\u00e9rents.<strong>Innovation <\/strong>Nous am\u00e9liorons les choses de mani\u00e8re \u00e0 ce qu&rsquo;elles profitent \u00e0 tous gr\u00e2ce \u00e0 la consultation, aux essais et \u00e0 l&rsquo;it\u00e9ration.<strong>Am\u00e9lioration <\/strong>Nous encourageons la recherche, l&rsquo;apprentissage et la pratique continus.<strong>Impact <\/strong>Nous augmentons notre impact gr\u00e2ce \u00e0 des d\u00e9cisions fond\u00e9es sur des donn\u00e9es probantes.<\/p>\n<\/div>\n<\/div>\n\n<div style=\"height:100px\" aria-hidden=\"true\" class=\"wp-block-spacer\"><\/div>\n","protected":false},"excerpt":{"rendered":"<p>PRIORIT\u00c9S STRAT\u00c9GIQUES 2020-2022 En tant qu&rsquo;association nationale, nous fournissons \u00e0 nos membres des connaissances, une repr\u00e9sentation, un soutien, une connectivit\u00e9 et des services qui leur permettent de prosp\u00e9rer. En tant que plateforme nationale, nous d\u00e9fendons les int\u00e9r\u00eats de l&rsquo;ensemble du secteur des centres et mus\u00e9es scientifiques afin de faire conna\u00eetre la valeur de l&rsquo;engagement informel [&hellip;]<\/p>\n","protected":false},"author":1,"featured_media":0,"parent":0,"menu_order":0,"comment_status":"closed","ping_status":"closed","template":"","meta":{"footnotes":""},"class_list":["post-17860","page","type-page","status-publish","hentry"],"acf":[],"_links":{"self":[{"href":"https:\/\/canadiansciencecentres.ca\/fr\/wp-json\/wp\/v2\/pages\/17860","targetHints":{"allow":["GET"]}}],"collection":[{"href":"https:\/\/canadiansciencecentres.ca\/fr\/wp-json\/wp\/v2\/pages"}],"about":[{"href":"https:\/\/canadiansciencecentres.ca\/fr\/wp-json\/wp\/v2\/types\/page"}],"author":[{"embeddable":true,"href":"https:\/\/canadiansciencecentres.ca\/fr\/wp-json\/wp\/v2\/users\/1"}],"replies":[{"embeddable":true,"href":"https:\/\/canadiansciencecentres.ca\/fr\/wp-json\/wp\/v2\/comments?post=17860"}],"version-history":[{"count":0,"href":"https:\/\/canadiansciencecentres.ca\/fr\/wp-json\/wp\/v2\/pages\/17860\/revisions"}],"wp:attachment":[{"href":"https:\/\/canadiansciencecentres.ca\/fr\/wp-json\/wp\/v2\/media?parent=17860"}],"curies":[{"name":"wp","href":"https:\/\/api.w.org\/{rel}","templated":true}]}}