{"id":17861,"date":"2023-12-19T14:40:27","date_gmt":"2023-12-19T22:40:27","guid":{"rendered":"http:\/\/canadiansciencecentres.ca\/les-laureats-du-prix-cascade-2011\/"},"modified":"2024-01-25T10:43:18","modified_gmt":"2024-01-25T18:43:18","slug":"les-laureats-du-prix-cascade-2011","status":"publish","type":"page","link":"https:\/\/canadiansciencecentres.ca\/fr\/les-laureats-du-prix-cascade-2011\/","title":{"rendered":"LES LAUR\u00c9ATS DU PRIX CASCADE 2011"},"content":{"rendered":"\n<div class=\"wp-block-group alignwide is-layout-flow wp-block-group-is-layout-flow\">\n<div style=\"height:100px\" aria-hidden=\"true\" class=\"wp-block-spacer\"><\/div>\n\n\n\n<h1 class=\"wp-block-heading has-x-large-font-size\">LES LAUR\u00c9ATS DU PRIX CASCADE 2011<\/h1>\n\n\n\n<div style=\"height:40px\" aria-hidden=\"true\" class=\"wp-block-spacer\"><\/div>\n\n\n\n<div class=\"wp-block-group has-gainsboro-background-color has-background is-layout-flow wp-block-group-is-layout-flow\" style=\"border-radius:15px;margin-top:var(--wp--preset--spacing--large);margin-bottom:var(--wp--preset--spacing--large);padding-top:var(--wp--preset--spacing--medium);padding-right:var(--wp--preset--spacing--medium);padding-bottom:var(--wp--preset--spacing--medium);padding-left:var(--wp--preset--spacing--medium)\">\n<h3 class=\"wp-block-heading has-casc-red-color has-text-color has-link-color has-medium-font-size wp-elements-6508d1354d603bc02df21c62f69d7dfc\">Meilleur programme sur place<\/h3>\n\n\n\n<div class=\"wp-block-columns is-layout-flex wp-container-core-columns-is-layout-28f84493 wp-block-columns-is-layout-flex\">\n<div class=\"wp-block-column is-layout-flow wp-block-column-is-layout-flow\" style=\"flex-basis:33.33%\">\n<figure class=\"wp-block-image size-full\"><img loading=\"lazy\" decoding=\"async\" width=\"300\" height=\"300\" src=\"https:\/\/canadiansciencecentres.ca\/wp-content\/uploads\/2023\/12\/Inter.jpg\" alt=\"\" class=\"wp-image-17187\" srcset=\"https:\/\/canadiansciencecentres.ca\/wp-content\/uploads\/2023\/12\/Inter.jpg 300w, https:\/\/canadiansciencecentres.ca\/wp-content\/uploads\/2023\/12\/Inter-160x160.jpg 160w\" sizes=\"auto, (max-width: 300px) 100vw, 300px\" \/><\/figure>\n<\/div>\n\n\n\n<div class=\"wp-block-column is-layout-flow wp-block-column-is-layout-flow\" style=\"flex-basis:66.66%\">\n<p><strong><strong><strong>Apprentissage terrestre interg\u00e9n\u00e9rationnel &#8211; Okanagan Science Centre<\/strong><\/strong><\/strong><\/p>\n\n\n\n<p>L&rsquo;apprentissage interg\u00e9n\u00e9rationnel par la terre associe des b\u00e9n\u00e9voles de la communaut\u00e9 \u00e0 des enfants de l&rsquo;\u00e9cole primaire pour cultiver des produits alimentaires, apprendre la science et prendre soin de l&rsquo;environnement dans le jardin Xerinidipity de l&rsquo;Okanagan Science Centre. Les participants se r\u00e9unissent dix fois au cours de l&rsquo;ann\u00e9e scolaire pour planter, entretenir, r\u00e9colter et d\u00e9guster les aliments qu&rsquo;ils cultivent.  <\/p>\n<\/div>\n<\/div>\n<\/div>\n\n\n\n<div class=\"wp-block-group has-gainsboro-background-color has-background is-layout-flow wp-block-group-is-layout-flow\" style=\"border-radius:15px;margin-top:var(--wp--preset--spacing--large);margin-bottom:var(--wp--preset--spacing--large);padding-top:var(--wp--preset--spacing--medium);padding-right:var(--wp--preset--spacing--medium);padding-bottom:var(--wp--preset--spacing--medium);padding-left:var(--wp--preset--spacing--medium)\">\n<h3 class=\"wp-block-heading has-casc-red-color has-text-color has-link-color has-medium-font-size wp-elements-2d519716702eccabd190fb89ba2a561f\">Meilleur programme de sensibilisation<\/h3>\n\n\n\n<div class=\"wp-block-columns is-layout-flex wp-container-core-columns-is-layout-28f84493 wp-block-columns-is-layout-flex\">\n<div class=\"wp-block-column is-layout-flow wp-block-column-is-layout-flow\" style=\"flex-basis:33.33%\">\n<figure class=\"wp-block-image size-full\"><img loading=\"lazy\" decoding=\"async\" width=\"300\" height=\"300\" src=\"https:\/\/canadiansciencecentres.ca\/wp-content\/uploads\/2023\/12\/WAOW1.png\" alt=\"\" class=\"wp-image-17188\" srcset=\"https:\/\/canadiansciencecentres.ca\/wp-content\/uploads\/2023\/12\/WAOW1.png 300w, https:\/\/canadiansciencecentres.ca\/wp-content\/uploads\/2023\/12\/WAOW1-160x160.png 160w\" sizes=\"auto, (max-width: 300px) 100vw, 300px\" \/><\/figure>\n<\/div>\n\n\n\n<div class=\"wp-block-column is-layout-flow wp-block-column-is-layout-flow\" style=\"flex-basis:66.66%\">\n<p><strong><strong><strong><strong>L&rsquo;eau et notre monde &#8211; Centre de d\u00e9couverte<\/strong><\/strong><\/strong><\/strong><\/p>\n\n\n\n<p>L&rsquo;eau et notre monde est un programme \u00e9ducatif interactif ax\u00e9 sur l&rsquo;utilisation de l&rsquo;eau en tant que question scientifique et sociale. Cet atelier d&rsquo;une heure, qui examine le r\u00f4le de l&rsquo;eau dans les \u00e9cosyst\u00e8mes et les sciences de la Terre, se compose de quatre activit\u00e9s pratiques et est bas\u00e9 sur les r\u00e9sultats du programme scolaire pour les classes de la septi\u00e8me \u00e0 la neuvi\u00e8me ann\u00e9e.<\/p>\n<\/div>\n<\/div>\n<\/div>\n\n\n\n<div class=\"wp-block-group has-gainsboro-background-color has-background is-layout-flow wp-block-group-is-layout-flow\" style=\"border-radius:15px;margin-top:var(--wp--preset--spacing--large);margin-bottom:var(--wp--preset--spacing--large);padding-top:var(--wp--preset--spacing--medium);padding-right:var(--wp--preset--spacing--medium);padding-bottom:var(--wp--preset--spacing--medium);padding-left:var(--wp--preset--spacing--medium)\">\n<h3 class=\"wp-block-heading has-casc-red-color has-text-color has-link-color has-medium-font-size wp-elements-0184eb547d80f018684070f511b43c3a\">Meilleure exposition ou spectacle &#8211; Grande institution<\/h3>\n\n\n\n<div class=\"wp-block-columns is-layout-flex wp-container-core-columns-is-layout-28f84493 wp-block-columns-is-layout-flex\">\n<div class=\"wp-block-column is-layout-flow wp-block-column-is-layout-flow\" style=\"flex-basis:33.33%\">\n<figure class=\"wp-block-image size-full\"><img loading=\"lazy\" decoding=\"async\" width=\"300\" height=\"300\" src=\"https:\/\/canadiansciencecentres.ca\/wp-content\/uploads\/2023\/12\/04-Z4-TG.jpg\" alt=\"\" class=\"wp-image-17189\" srcset=\"https:\/\/canadiansciencecentres.ca\/wp-content\/uploads\/2023\/12\/04-Z4-TG.jpg 300w, https:\/\/canadiansciencecentres.ca\/wp-content\/uploads\/2023\/12\/04-Z4-TG-160x160.jpg 160w\" sizes=\"auto, (max-width: 300px) 100vw, 300px\" \/><\/figure>\n<\/div>\n\n\n\n<div class=\"wp-block-column is-layout-flow wp-block-column-is-layout-flow\" style=\"flex-basis:66.66%\">\n<p><strong>Sexe : Une exposition r\u00e9v\u00e9latrice &#8211; Centre des sciences de Montr\u00e9al<\/strong><\/p>\n\n\n\n<p>Sexe : A Tell-all Exhibition est une exposition interactive de 500 m\u00e8tres carr\u00e9s qui v\u00e9hicule une image positive de la sexualit\u00e9. Il r\u00e9pond aux questions et aux pr\u00e9occupations des jeunes et les aide \u00e0 explorer ce que la science a r\u00e9v\u00e9l\u00e9 sur la sexualit\u00e9. L&rsquo;exposition, pr\u00e9sent\u00e9e d&rsquo;avril 2010 \u00e0 mars 2011, est une production originale du Centre des sciences de Montr\u00e9al et sera \u00e9galement pr\u00e9sent\u00e9e dans d&rsquo;autres institutions au Canada.<\/p>\n<\/div>\n<\/div>\n<\/div>\n\n\n\n<div class=\"wp-block-group has-gainsboro-background-color has-background is-layout-flow wp-block-group-is-layout-flow\" style=\"border-radius:15px;margin-top:var(--wp--preset--spacing--large);margin-bottom:var(--wp--preset--spacing--large);padding-top:var(--wp--preset--spacing--medium);padding-right:var(--wp--preset--spacing--medium);padding-bottom:var(--wp--preset--spacing--medium);padding-left:var(--wp--preset--spacing--medium)\">\n<h3 class=\"wp-block-heading has-casc-red-color has-text-color has-link-color has-medium-font-size wp-elements-dc095f551035ac27a65421b52965a631\">Meilleure exposition ou spectacle &#8211; Petite institution<\/h3>\n\n\n\n<div class=\"wp-block-columns is-layout-flex wp-container-core-columns-is-layout-28f84493 wp-block-columns-is-layout-flex\">\n<div class=\"wp-block-column is-layout-flow wp-block-column-is-layout-flow\" style=\"flex-basis:33.33%\">\n<figure class=\"wp-block-image size-full\"><img loading=\"lazy\" decoding=\"async\" width=\"300\" height=\"300\" src=\"https:\/\/canadiansciencecentres.ca\/wp-content\/uploads\/2023\/12\/Experience-multimedia-Le-Jardin-des-glaciers-3.jpg\" alt=\"\" class=\"wp-image-17190\" srcset=\"https:\/\/canadiansciencecentres.ca\/wp-content\/uploads\/2023\/12\/Experience-multimedia-Le-Jardin-des-glaciers-3.jpg 300w, https:\/\/canadiansciencecentres.ca\/wp-content\/uploads\/2023\/12\/Experience-multimedia-Le-Jardin-des-glaciers-3-160x160.jpg 160w\" sizes=\"auto, (max-width: 300px) 100vw, 300px\" \/><\/figure>\n<\/div>\n\n\n\n<div class=\"wp-block-column is-layout-flow wp-block-column-is-layout-flow\" style=\"flex-basis:66.66%\">\n<p><strong><strong>Station d&rsquo;exploration des glaciers &#8211; Le jardin des glaciers<\/strong><\/strong><\/p>\n\n\n\n<p>Une aventure bor\u00e9ale \u00e0 20 000 ans sous la glace, c&rsquo;est ce qui attend les visiteurs \u00e0 la station d&rsquo;exploration des glaciers ! Un spectacle o\u00f9 le son, l&rsquo;image, la lumi\u00e8re et la technologie multim\u00e9dia vous transportent au c\u0153ur des trois th\u00e8mes que sont les glaciers, le peuple de la glace et le changement climatique.<\/p>\n<\/div>\n<\/div>\n<\/div>\n<\/div>\n","protected":false},"excerpt":{"rendered":"<p>LES LAUR\u00c9ATS DU PRIX CASCADE 2011 Meilleur programme sur place Apprentissage terrestre interg\u00e9n\u00e9rationnel &#8211; Okanagan Science Centre L&rsquo;apprentissage interg\u00e9n\u00e9rationnel par la terre associe des b\u00e9n\u00e9voles de la communaut\u00e9 \u00e0 des enfants de l&rsquo;\u00e9cole primaire pour cultiver des produits alimentaires, apprendre la science et prendre soin de l&rsquo;environnement dans le jardin Xerinidipity de l&rsquo;Okanagan Science Centre. [&hellip;]<\/p>\n","protected":false},"author":1,"featured_media":0,"parent":0,"menu_order":0,"comment_status":"closed","ping_status":"closed","template":"","meta":{"footnotes":""},"class_list":["post-17861","page","type-page","status-publish","hentry"],"acf":[],"_links":{"self":[{"href":"https:\/\/canadiansciencecentres.ca\/fr\/wp-json\/wp\/v2\/pages\/17861","targetHints":{"allow":["GET"]}}],"collection":[{"href":"https:\/\/canadiansciencecentres.ca\/fr\/wp-json\/wp\/v2\/pages"}],"about":[{"href":"https:\/\/canadiansciencecentres.ca\/fr\/wp-json\/wp\/v2\/types\/page"}],"author":[{"embeddable":true,"href":"https:\/\/canadiansciencecentres.ca\/fr\/wp-json\/wp\/v2\/users\/1"}],"replies":[{"embeddable":true,"href":"https:\/\/canadiansciencecentres.ca\/fr\/wp-json\/wp\/v2\/comments?post=17861"}],"version-history":[{"count":0,"href":"https:\/\/canadiansciencecentres.ca\/fr\/wp-json\/wp\/v2\/pages\/17861\/revisions"}],"wp:attachment":[{"href":"https:\/\/canadiansciencecentres.ca\/fr\/wp-json\/wp\/v2\/media?parent=17861"}],"curies":[{"name":"wp","href":"https:\/\/api.w.org\/{rel}","templated":true}]}}