{"id":17862,"date":"2023-12-19T14:18:07","date_gmt":"2023-12-19T22:18:07","guid":{"rendered":"http:\/\/canadiansciencecentres.ca\/nominations-aux-prix-cascade-2016\/"},"modified":"2024-01-25T10:43:18","modified_gmt":"2024-01-25T18:43:18","slug":"nominations-aux-prix-cascade-2016","status":"publish","type":"page","link":"https:\/\/canadiansciencecentres.ca\/fr\/nominations-aux-prix-cascade-2016\/","title":{"rendered":"Nominations aux prix CASCADE 2016"},"content":{"rendered":"\n<div style=\"height:100px\" aria-hidden=\"true\" class=\"wp-block-spacer\"><\/div>\n\n<h1 class=\"wp-block-heading has-x-large-font-size\">Nominations aux prix CASCADE 2016<\/h1>\n\n<div style=\"height:60px\" aria-hidden=\"true\" class=\"wp-block-spacer\"><\/div>\n\n<h3 class=\"wp-block-heading has-casc-red-color has-text-color has-link-color wp-elements-23303a5c328e4d469dfeb97b0e75bd6c\"><strong>Meilleur programme &#8211; Petite institution<\/strong><\/h3>\n\n<p><strong>Programme d&rsquo;\u00e9ducation en plein air en classe &#8211; London Children&rsquo;s Museum<\/strong><\/p>\n\n<p>Depuis plus de 35 ans, le London Children&rsquo;s Museum propose des exp\u00e9riences d&rsquo;apprentissage pratiques aux enfants et aux familles. En 2013, ils ont commenc\u00e9 \u00e0 proposer aux \u00e9coles locales des programmes d&rsquo;\u00e9ducation en plein air en classe, qui permettent de faire vivre l&rsquo;exp\u00e9rience du mus\u00e9e des enfants directement dans la salle de classe gr\u00e2ce \u00e0 des artefacts, des activit\u00e9s pratiques et des \u00e9l\u00e9ments d&rsquo;exposition portables.<\/p>\n\n<p><strong>Programme d&rsquo;\u00e9ducation marine &#8211; Centre d&rsquo;\u00e9tudes nordiques de Churchill<\/strong><\/p>\n\n<p>Le programme se concentre sur la position de Churchill \u00e0 proximit\u00e9 de la baie d&rsquo;Hudson pour offrir des programmes de biologie marine aux jeunes. Il comprend la collecte et l&rsquo;identification des esp\u00e8ces marines, ainsi qu&rsquo;un bassin d&rsquo;eau sal\u00e9e pour pr\u00e9senter les esp\u00e8ces aquatiques. Les participants acqui\u00e8rent une connaissance de la m\u00e9thode scientifique, une exp\u00e9rience sur le terrain et en laboratoire, ainsi qu&rsquo;une expertise en mati\u00e8re de gestion des collections.<\/p>\n\n<div style=\"height:60px\" aria-hidden=\"true\" class=\"wp-block-spacer\"><\/div>\n\n<h3 class=\"wp-block-heading has-casc-red-color has-text-color has-link-color wp-elements-d9ff69441908ab3f0d622d6fe3bfbbea\"><strong>Meilleure exposition ou spectacle &#8211; Grande institution<\/strong><\/h3>\n\n<p><strong>Visite souterraine de la Terre dynamique <\/strong><strong>&#8211; Science Nord<\/strong><\/p>\n\n<p>Sur les traces des mineurs de Sudbury\u00a0\u00bb est une visite guid\u00e9e des souterrains de Terre dynamique. La visite est un voyage dans le temps et l&rsquo;espace, dans un lieu sp\u00e9cial, et laisse les visiteurs avec une id\u00e9e de ce qu&rsquo;a signifi\u00e9 \u00eatre un mineur \u00e0 Sudbury. L&rsquo;exposition \u00ab\u00a0Sur les traces des mineurs de Sudbury\u00a0\u00bb se d\u00e9roule \u00e0 20 m\u00e8tres de profondeur et explore les origines de l&rsquo;exploitation mini\u00e8re \u00e0 Sudbury jusqu&rsquo;aux pratiques actuelles, avec les images, les sons et les odeurs de la vie souterraine.<\/p>\n\n<p><strong>Fabrik &#8211; Centre des sciences de Montr\u00e9al<\/strong><\/p>\n\n<p>Fabrik, la nouvelle exposition du Centre des sciences de Montr\u00e9al, n&rsquo;est pas un laboratoire de bricolage comme les autres. Par ses d\u00e9fis, son cadre et les sc\u00e9narios de ses visites de groupe, il offre une exp\u00e9rience de visite innovante et enrichissante. Fabrik pose un jalon dans l&rsquo;approche des laboratoires de bricolage, ainsi que dans leur d\u00e9veloppement et leur fonctionnement.<\/p>\n\n<p><strong>Du pal\u00e9o au p\u00e9trole &#8211; Philp J. Currie Dinosaur Museum<\/strong><\/p>\n\n<p>Le Philp J. Currie Dinosaur Museum utilise la conception architecturale pour optimiser l&rsquo;exp\u00e9rience de l&rsquo;exposition dans sa galerie permanente, en emmenant les visiteurs dans un voyage de 360 millions d&rsquo;ann\u00e9es. L&rsquo;exposition du mus\u00e9e transporte le visiteur du gisement d&rsquo;ossements de Pipestone Creek \u00e0 la d\u00e9vastation de la plaine inondable, en passant par les p\u00e9riodes du Cr\u00e9tac\u00e9 et du D\u00e9vonien, jusqu&rsquo;\u00e0 l&rsquo;exploration p\u00e9troli\u00e8re d&rsquo;aujourd&rsquo;hui en Alberta. La galerie s&rsquo;\u00e9tend sur deux niveaux, \u00e0 la mani\u00e8re d&rsquo;une fouille pal\u00e9ontologique, et son agencement \u00e9voque un sc\u00e9nario de chasse ou de poursuite entrecoup\u00e9 d&rsquo;\u00e9cosyst\u00e8mes anim\u00e9s de dinosaures.<\/p>\n\n<p><strong>Le TELUS World of Science d&rsquo;Edmonton accueille Dinosaurs Unearthed<\/strong> <strong>&#8211; TELUS World of Science Edmonton<\/strong><\/p>\n\n<p>En s&rsquo;appuyant sur une exposition itin\u00e9rante, TELUS World of Science Edmonton a mis en place un programme int\u00e9gr\u00e9 complet de six mois, adapt\u00e9 \u00e0 notre communaut\u00e9, qui a permis d&rsquo;accro\u00eetre l&rsquo;engagement, la satisfaction de la client\u00e8le et les recettes. Ce mod\u00e8le de localisation d&rsquo;une exposition itin\u00e9rante a fourni un mod\u00e8le de r\u00e9ussite pour les futures expositions et programmes scientifiques.<\/p>\n\n<div style=\"height:60px\" aria-hidden=\"true\" class=\"wp-block-spacer\"><\/div>\n\n<h3 class=\"wp-block-heading has-casc-red-color has-text-color has-link-color wp-elements-f92026c1230ae36156ef592728a26a6a\"><strong>Meilleur programme &#8211; Grande institution<\/strong><\/h3>\n\n<p><strong>Adoptez une classe &#8211; Centre des sciences de l&rsquo;Ontario<\/strong><\/p>\n\n<p>Le programme Adopt-a-Class du Centre des sciences de l&rsquo;Ontario permet aux \u00e9l\u00e8ves des quartiers d\u00e9favoris\u00e9s de Toronto de visiter le Centre et de b\u00e9n\u00e9ficier d&rsquo;un programme scolaire li\u00e9 au programme d&rsquo;\u00e9tudes, sans frais pour eux, leur \u00e9cole ou leur famille. Depuis le d\u00e9but du programme en 2009, plus de 220 000 \u00e9l\u00e8ves et leurs enseignants ont visit\u00e9 le pays dans le cadre de ce programme.<\/p>\n\n<p><strong>AquaVan &#8211; Centre des sciences marines de l&rsquo;Aquarium de Vancouver  <\/strong><\/p>\n\n<p>L&rsquo;AquaVan est un aquarium mobile qui permet aux \u00e9l\u00e8ves de se familiariser avec la vie marine. Nos programmes AquaVan pratiques sont con\u00e7us pour inspirer la gestion de tous les habitats aquatiques et encourager la d\u00e9couverte des liens entre les animaux, les environnements et nous-m\u00eames. Les \u00e9ducateurs am\u00e8nent des animaux vivants, des artefacts et des activit\u00e9s dans les \u00e9coles et les communaut\u00e9s de l&rsquo;ouest du Canada.<\/p>\n\n<div style=\"height:60px\" aria-hidden=\"true\" class=\"wp-block-spacer\"><\/div>\n","protected":false},"excerpt":{"rendered":"<p>Nominations aux prix CASCADE 2016 Meilleur programme &#8211; Petite institution Programme d&rsquo;\u00e9ducation en plein air en classe &#8211; London Children&rsquo;s Museum Depuis plus de 35 ans, le London Children&rsquo;s Museum propose des exp\u00e9riences d&rsquo;apprentissage pratiques aux enfants et aux familles. En 2013, ils ont commenc\u00e9 \u00e0 proposer aux \u00e9coles locales des programmes d&rsquo;\u00e9ducation en plein [&hellip;]<\/p>\n","protected":false},"author":1,"featured_media":0,"parent":0,"menu_order":0,"comment_status":"closed","ping_status":"closed","template":"","meta":{"footnotes":""},"class_list":["post-17862","page","type-page","status-publish","hentry"],"acf":[],"_links":{"self":[{"href":"https:\/\/canadiansciencecentres.ca\/fr\/wp-json\/wp\/v2\/pages\/17862","targetHints":{"allow":["GET"]}}],"collection":[{"href":"https:\/\/canadiansciencecentres.ca\/fr\/wp-json\/wp\/v2\/pages"}],"about":[{"href":"https:\/\/canadiansciencecentres.ca\/fr\/wp-json\/wp\/v2\/types\/page"}],"author":[{"embeddable":true,"href":"https:\/\/canadiansciencecentres.ca\/fr\/wp-json\/wp\/v2\/users\/1"}],"replies":[{"embeddable":true,"href":"https:\/\/canadiansciencecentres.ca\/fr\/wp-json\/wp\/v2\/comments?post=17862"}],"version-history":[{"count":0,"href":"https:\/\/canadiansciencecentres.ca\/fr\/wp-json\/wp\/v2\/pages\/17862\/revisions"}],"wp:attachment":[{"href":"https:\/\/canadiansciencecentres.ca\/fr\/wp-json\/wp\/v2\/media?parent=17862"}],"curies":[{"name":"wp","href":"https:\/\/api.w.org\/{rel}","templated":true}]}}