{"id":17864,"date":"2023-12-18T21:48:27","date_gmt":"2023-12-19T05:48:27","guid":{"rendered":"http:\/\/canadiansciencecentres.ca\/casc-2007-tisser-lavenir\/"},"modified":"2024-01-25T10:41:07","modified_gmt":"2024-01-25T18:41:07","slug":"casc-2007-tisser-lavenir","status":"publish","type":"page","link":"https:\/\/canadiansciencecentres.ca\/fr\/casc-2007-tisser-lavenir\/","title":{"rendered":"CASC 2007 Tisser l&rsquo;avenir"},"content":{"rendered":"\n<div style=\"height:60px\" aria-hidden=\"true\" class=\"wp-block-spacer\"><\/div>\n\n<h1 class=\"wp-block-heading has-x-large-font-size\">CASC 2007 Tisser l&rsquo;avenir<\/h1>\n\n<h4 class=\"wp-block-heading\">Organis\u00e9 par <a href=\"http:\/\/telusworldofscienceedmonton.ca\/\" target=\"_blank\" rel=\"noreferrer noopener\">TELUS World of Science &#8211; Edmonton<\/a> \u00e0 Edmonton AB, du 7 au 9 juin 2007<\/h4>\n\n<div class=\"wp-block-buttons is-layout-flex wp-block-buttons-is-layout-flex\">\n<div class=\"wp-block-button\"><a class=\"wp-block-button__link wp-element-button\" href=\"\/wp-content\/uploads\/2023\/12\/2007CASC07FinalProgram.pdf\">T\u00e9l\u00e9charger le programme de la conf\u00e9rence<\/a><\/div>\n<\/div>\n\n<div style=\"height:60px\" aria-hidden=\"true\" class=\"wp-block-spacer\"><\/div>\n","protected":false},"excerpt":{"rendered":"<p>CASC 2007 Tisser l&rsquo;avenir Organis\u00e9 par TELUS World of Science &#8211; Edmonton \u00e0 Edmonton AB, du 7 au 9 juin 2007<\/p>\n","protected":false},"author":1,"featured_media":0,"parent":0,"menu_order":0,"comment_status":"closed","ping_status":"closed","template":"","meta":{"footnotes":""},"class_list":["post-17864","page","type-page","status-publish","hentry"],"acf":[],"_links":{"self":[{"href":"https:\/\/canadiansciencecentres.ca\/fr\/wp-json\/wp\/v2\/pages\/17864","targetHints":{"allow":["GET"]}}],"collection":[{"href":"https:\/\/canadiansciencecentres.ca\/fr\/wp-json\/wp\/v2\/pages"}],"about":[{"href":"https:\/\/canadiansciencecentres.ca\/fr\/wp-json\/wp\/v2\/types\/page"}],"author":[{"embeddable":true,"href":"https:\/\/canadiansciencecentres.ca\/fr\/wp-json\/wp\/v2\/users\/1"}],"replies":[{"embeddable":true,"href":"https:\/\/canadiansciencecentres.ca\/fr\/wp-json\/wp\/v2\/comments?post=17864"}],"version-history":[{"count":0,"href":"https:\/\/canadiansciencecentres.ca\/fr\/wp-json\/wp\/v2\/pages\/17864\/revisions"}],"wp:attachment":[{"href":"https:\/\/canadiansciencecentres.ca\/fr\/wp-json\/wp\/v2\/media?parent=17864"}],"curies":[{"name":"wp","href":"https:\/\/api.w.org\/{rel}","templated":true}]}}