{"id":17869,"date":"2023-12-18T21:47:46","date_gmt":"2023-12-19T05:47:46","guid":{"rendered":"http:\/\/canadiansciencecentres.ca\/casc-2008-apprendre-a-jouer-jouer-pour-apprendre\/"},"modified":"2024-01-25T10:41:07","modified_gmt":"2024-01-25T18:41:07","slug":"casc-2008-apprendre-a-jouer-jouer-pour-apprendre","status":"publish","type":"page","link":"https:\/\/canadiansciencecentres.ca\/fr\/casc-2008-apprendre-a-jouer-jouer-pour-apprendre\/","title":{"rendered":"CASC 2008 Apprendre \u00e0 jouer &#8211; Jouer pour apprendre"},"content":{"rendered":"\n<div style=\"height:60px\" aria-hidden=\"true\" class=\"wp-block-spacer\"><\/div>\n\n<h1 class=\"wp-block-heading has-x-large-font-size\">CASC 2008 Apprendre \u00e0 jouer &#8211; Jouer pour apprendre<\/h1>\n\n<h4 class=\"wp-block-heading\">Organis\u00e9 par le <a href=\"http:\/\/www.londonchildrensmuseum.ca\/\" target=\"_blank\" rel=\"noreferrer noopener\">London Regional Children&rsquo;s Museum<\/a> \u00e0 London (Ontario), du 12 au 14 juin 2008<\/h4>\n\n<div class=\"wp-block-buttons is-layout-flex wp-block-buttons-is-layout-flex\">\n<div class=\"wp-block-button\"><a class=\"wp-block-button__link wp-element-button\" href=\"\/wp-content\/uploads\/2023\/12\/2008Final_CASCprogramv4.pdf\">T\u00e9l\u00e9charger le programme de la conf\u00e9rence<\/a><\/div>\n<\/div>\n\n<div style=\"height:60px\" aria-hidden=\"true\" class=\"wp-block-spacer\"><\/div>\n","protected":false},"excerpt":{"rendered":"<p>CASC 2008 Apprendre \u00e0 jouer &#8211; Jouer pour apprendre Organis\u00e9 par le London Regional Children&rsquo;s Museum \u00e0 London (Ontario), du 12 au 14 juin 2008<\/p>\n","protected":false},"author":1,"featured_media":0,"parent":0,"menu_order":0,"comment_status":"closed","ping_status":"closed","template":"","meta":{"footnotes":""},"class_list":["post-17869","page","type-page","status-publish","hentry"],"acf":[],"_links":{"self":[{"href":"https:\/\/canadiansciencecentres.ca\/fr\/wp-json\/wp\/v2\/pages\/17869","targetHints":{"allow":["GET"]}}],"collection":[{"href":"https:\/\/canadiansciencecentres.ca\/fr\/wp-json\/wp\/v2\/pages"}],"about":[{"href":"https:\/\/canadiansciencecentres.ca\/fr\/wp-json\/wp\/v2\/types\/page"}],"author":[{"embeddable":true,"href":"https:\/\/canadiansciencecentres.ca\/fr\/wp-json\/wp\/v2\/users\/1"}],"replies":[{"embeddable":true,"href":"https:\/\/canadiansciencecentres.ca\/fr\/wp-json\/wp\/v2\/comments?post=17869"}],"version-history":[{"count":0,"href":"https:\/\/canadiansciencecentres.ca\/fr\/wp-json\/wp\/v2\/pages\/17869\/revisions"}],"wp:attachment":[{"href":"https:\/\/canadiansciencecentres.ca\/fr\/wp-json\/wp\/v2\/media?parent=17869"}],"curies":[{"name":"wp","href":"https:\/\/api.w.org\/{rel}","templated":true}]}}