{"id":17871,"date":"2023-12-19T14:16:52","date_gmt":"2023-12-19T22:16:52","guid":{"rendered":"http:\/\/canadiansciencecentres.ca\/les-laureats-du-prix-cascade-2016\/"},"modified":"2024-01-25T10:43:19","modified_gmt":"2024-01-25T18:43:19","slug":"les-laureats-du-prix-cascade-2016","status":"publish","type":"page","link":"https:\/\/canadiansciencecentres.ca\/fr\/les-laureats-du-prix-cascade-2016\/","title":{"rendered":"LES LAUR\u00c9ATS DU PRIX CASCADE 2016"},"content":{"rendered":"\n<div class=\"wp-block-group alignwide is-layout-flow wp-block-group-is-layout-flow\">\n<div style=\"height:100px\" aria-hidden=\"true\" class=\"wp-block-spacer\"><\/div>\n\n\n\n<h1 class=\"wp-block-heading has-x-large-font-size\">LES LAUR\u00c9ATS DU PRIX CASCADE 2016<\/h1>\n\n\n\n<p class=\"has-normal-font-size\"><strong><a href=\"https:\/\/canadiansciencecentres.ca\/fr\/nominations-aux-prix-cascade-2016\/\">Voir les nomin\u00e9s 2016  <\/a><\/strong><\/p>\n\n\n\n<div style=\"height:40px\" aria-hidden=\"true\" class=\"wp-block-spacer\"><\/div>\n\n\n\n<div class=\"wp-block-group has-gainsboro-background-color has-background is-layout-flow wp-block-group-is-layout-flow\" style=\"border-radius:15px;margin-top:var(--wp--preset--spacing--large);margin-bottom:var(--wp--preset--spacing--large);padding-top:var(--wp--preset--spacing--medium);padding-right:var(--wp--preset--spacing--medium);padding-bottom:var(--wp--preset--spacing--medium);padding-left:var(--wp--preset--spacing--medium)\">\n<h3 class=\"wp-block-heading has-casc-red-color has-text-color has-link-color has-medium-font-size wp-elements-a4b465929c7d2889bce268ca85dd0e56\">LES LAUR\u00c9ATS DU PRIX CASCADE 2016<\/h3>\n\n\n\n<div class=\"wp-block-columns is-layout-flex wp-container-core-columns-is-layout-28f84493 wp-block-columns-is-layout-flex\">\n<div class=\"wp-block-column is-layout-flow wp-block-column-is-layout-flow\" style=\"flex-basis:33.33%\">\n<figure class=\"wp-block-image size-full\"><img loading=\"lazy\" decoding=\"async\" width=\"1920\" height=\"1271\" src=\"https:\/\/canadiansciencecentres.ca\/wp-content\/uploads\/2023\/12\/9-1.jpg\" alt=\"\" class=\"wp-image-17154\" srcset=\"https:\/\/canadiansciencecentres.ca\/wp-content\/uploads\/2023\/12\/9-1.jpg 1920w, https:\/\/canadiansciencecentres.ca\/wp-content\/uploads\/2023\/12\/9-1-640x424.jpg 640w, https:\/\/canadiansciencecentres.ca\/wp-content\/uploads\/2023\/12\/9-1-1280x847.jpg 1280w, https:\/\/canadiansciencecentres.ca\/wp-content\/uploads\/2023\/12\/9-1-768x508.jpg 768w, https:\/\/canadiansciencecentres.ca\/wp-content\/uploads\/2023\/12\/9-1-1536x1017.jpg 1536w\" sizes=\"auto, (max-width: 1920px) 100vw, 1920px\" \/><\/figure>\n<\/div>\n\n\n\n<div class=\"wp-block-column is-layout-flow wp-block-column-is-layout-flow\" style=\"flex-basis:66.66%\">\n<p><strong><strong>Science for Seniors &#8211; Entomica  <\/strong><\/strong><\/p>\n\n\n\n<p>Le programme Science for Seniors s&rsquo;adresse aux citoyens dont les possibilit\u00e9s d&rsquo;apprentissage tout au long de la vie sont limit\u00e9es par des probl\u00e8mes de mobilit\u00e9 ou de sant\u00e9. Ce programme permet d&rsquo;amener un ensemble d&rsquo;insectes exotiques dans les maisons de retraite, les \u00e9tablissements de soins et les centres pour personnes \u00e2g\u00e9es, afin de permettre \u00e0 leurs r\u00e9sidents de faire l&rsquo;exp\u00e9rience de certains des tr\u00e9sors les moins connus de la nature, qui leur procurent une sensation de rajeunissement et d&rsquo;\u00e9merveillement. La visite dure une heure et demie et comprend une pr\u00e9sentation pl\u00e9ni\u00e8re des particularit\u00e9s des insectes, suivie d&rsquo;une visite libre des expositions et d&rsquo;une interaction personnelle avec les insectes de son choix, guid\u00e9e par un b\u00e9n\u00e9vole. Le programme est mis en \u0153uvre une fois par an en collaboration avec Sault Ste. Marie et en collaboration avec les partenaires du festival.<\/p>\n<\/div>\n<\/div>\n<\/div>\n\n\n\n<div class=\"wp-block-group has-gainsboro-background-color has-background is-layout-flow wp-block-group-is-layout-flow\" style=\"border-radius:15px;margin-top:var(--wp--preset--spacing--large);margin-bottom:var(--wp--preset--spacing--large);padding-top:var(--wp--preset--spacing--medium);padding-right:var(--wp--preset--spacing--medium);padding-bottom:var(--wp--preset--spacing--medium);padding-left:var(--wp--preset--spacing--medium)\">\n<h3 class=\"wp-block-heading has-casc-red-color has-text-color has-link-color has-medium-font-size wp-elements-b778385022aa73bca99fca5d5a0786de\">Meilleur programme &#8211; Grande institution<\/h3>\n\n\n\n<div class=\"wp-block-columns is-layout-flex wp-container-core-columns-is-layout-28f84493 wp-block-columns-is-layout-flex\">\n<div class=\"wp-block-column is-layout-flow wp-block-column-is-layout-flow\" style=\"flex-basis:33.33%\">\n<figure class=\"wp-block-image size-full\"><img loading=\"lazy\" decoding=\"async\" width=\"1024\" height=\"682\" src=\"https:\/\/canadiansciencecentres.ca\/wp-content\/uploads\/2023\/12\/FSL_Chem-Lab.jpg\" alt=\"\" class=\"wp-image-17155\" srcset=\"https:\/\/canadiansciencecentres.ca\/wp-content\/uploads\/2023\/12\/FSL_Chem-Lab.jpg 1024w, https:\/\/canadiansciencecentres.ca\/wp-content\/uploads\/2023\/12\/FSL_Chem-Lab-640x426.jpg 640w, https:\/\/canadiansciencecentres.ca\/wp-content\/uploads\/2023\/12\/FSL_Chem-Lab-768x512.jpg 768w\" sizes=\"auto, (max-width: 1024px) 100vw, 1024px\" \/><\/figure>\n<\/div>\n\n\n\n<div class=\"wp-block-column is-layout-flow wp-block-column-is-layout-flow\" style=\"flex-basis:66.66%\">\n<p><strong><strong><strong>Futurs leaders scientifiques &#8211; Science World BC<\/strong><\/strong><\/strong><\/p>\n\n\n\n<p>Lors des r\u00e9unions hebdomadaires, les \u00e9tudiants participent \u00e0 des activit\u00e9s innovantes d&rsquo;apprentissage et de renforcement des comp\u00e9tences apr\u00e8s avoir \u00e9t\u00e9 initi\u00e9s \u00e0 la recherche scientifique, \u00e0 la th\u00e9orie universitaire et aux opportunit\u00e9s industrielles. Les \u00e9tudiants font partie d&rsquo;un puissant r\u00e9seau de pairs compos\u00e9 de certains des \u00e9tudiants les plus talentueux du Lower Mainland de la Colombie-Britannique. Le programme Future Science Leaders a \u00e9t\u00e9 con\u00e7u \u00e0 l&rsquo;origine comme un \u00ab\u00a0incubateur de talents\u00a0\u00bb destin\u00e9 \u00e0 donner aux \u00e9l\u00e8ves dou\u00e9s l&rsquo;occasion de s&rsquo;int\u00e9resser \u00e0 des sujets et \u00e0 des activit\u00e9s de niveau universitaire qui ne sont pas disponibles \u00e0 la maison ou \u00e0 l&rsquo;\u00e9cole. Science World a lanc\u00e9 le programme en 2011 et il en est maintenant \u00e0 sa cinqui\u00e8me ann\u00e9e.<\/p>\n<\/div>\n<\/div>\n<\/div>\n\n\n\n<div class=\"wp-block-group has-gainsboro-background-color has-background is-layout-flow wp-block-group-is-layout-flow\" style=\"border-radius:15px;margin-top:var(--wp--preset--spacing--large);margin-bottom:var(--wp--preset--spacing--large);padding-top:var(--wp--preset--spacing--medium);padding-right:var(--wp--preset--spacing--medium);padding-bottom:var(--wp--preset--spacing--medium);padding-left:var(--wp--preset--spacing--medium)\">\n<h3 class=\"wp-block-heading has-casc-red-color has-text-color has-link-color has-medium-font-size wp-elements-e8a91122a2d1775a02f63e9795983d6f\">Meilleure exposition ou spectacle &#8211; Petite institution  <\/h3>\n\n\n\n<div class=\"wp-block-columns is-layout-flex wp-container-core-columns-is-layout-28f84493 wp-block-columns-is-layout-flex\">\n<div class=\"wp-block-column is-layout-flow wp-block-column-is-layout-flow\" style=\"flex-basis:33.33%\">\n<figure class=\"wp-block-image size-large\"><img loading=\"lazy\" decoding=\"async\" width=\"1280\" height=\"851\" src=\"https:\/\/canadiansciencecentres.ca\/wp-content\/uploads\/2023\/12\/house-conveyer-1-1280x851.jpg\" alt=\"\" class=\"wp-image-17156\" srcset=\"https:\/\/canadiansciencecentres.ca\/wp-content\/uploads\/2023\/12\/house-conveyer-1-1280x851.jpg 1280w, https:\/\/canadiansciencecentres.ca\/wp-content\/uploads\/2023\/12\/house-conveyer-1-640x425.jpg 640w, https:\/\/canadiansciencecentres.ca\/wp-content\/uploads\/2023\/12\/house-conveyer-1-768x510.jpg 768w, https:\/\/canadiansciencecentres.ca\/wp-content\/uploads\/2023\/12\/house-conveyer-1-1536x1021.jpg 1536w, https:\/\/canadiansciencecentres.ca\/wp-content\/uploads\/2023\/12\/house-conveyer-1.jpg 1920w\" sizes=\"auto, (max-width: 1280px) 100vw, 1280px\" \/><\/figure>\n<\/div>\n\n\n\n<div class=\"wp-block-column is-layout-flow wp-block-column-is-layout-flow\" style=\"flex-basis:66.66%\">\n<p><strong><strong><strong><strong>Construire des liens &#8211; Centre des sciences de la Saskatchewan<\/strong><\/strong><\/strong><\/strong><\/p>\n\n\n\n<p>Concevoir une communaut\u00e9 compl\u00e8te, construire une maison et alimenter une province en \u00e9nergie sont trois th\u00e8mes r\u00e9unis dans la nouvelle exposition permanente, Building Connections, au Saskatchewan Science Centre. Building Connections invite les visiteurs \u00e0 explorer la composition de l&rsquo;ensemble. Building Connections se penche sur l&rsquo;innovation qui sous-tend la conception des communaut\u00e9s, la science de la construction et la physique de l&rsquo;\u00e9lectricit\u00e9, tout en mettant l&rsquo;accent sur la durabilit\u00e9. Building Connections encourage l&rsquo;acquisition de comp\u00e9tences en mati\u00e8re de cr\u00e9ativit\u00e9, de collaboration et de r\u00e9solution de probl\u00e8mes. Cette exposition raconte l&rsquo;histoire d&rsquo;une communaut\u00e9, de la conception d&rsquo;un quartier \u00e0 la construction d&rsquo;une maison individuelle.<\/p>\n<\/div>\n<\/div>\n<\/div>\n\n\n\n<div class=\"wp-block-group has-gainsboro-background-color has-background is-layout-flow wp-block-group-is-layout-flow\" style=\"border-radius:15px;margin-top:var(--wp--preset--spacing--large);margin-bottom:var(--wp--preset--spacing--large);padding-top:var(--wp--preset--spacing--medium);padding-right:var(--wp--preset--spacing--medium);padding-bottom:var(--wp--preset--spacing--medium);padding-left:var(--wp--preset--spacing--medium)\">\n<h3 class=\"wp-block-heading has-casc-red-color has-text-color has-link-color has-medium-font-size wp-elements-0184eb547d80f018684070f511b43c3a\">Meilleure exposition ou spectacle &#8211; Grande institution<\/h3>\n\n\n\n<div class=\"wp-block-columns is-layout-flex wp-container-core-columns-is-layout-28f84493 wp-block-columns-is-layout-flex\">\n<div class=\"wp-block-column is-layout-flow wp-block-column-is-layout-flow\" style=\"flex-basis:33.33%\">\n<figure class=\"wp-block-image size-large\"><img loading=\"lazy\" decoding=\"async\" width=\"1280\" height=\"845\" src=\"https:\/\/canadiansciencecentres.ca\/wp-content\/uploads\/2023\/12\/10.-The-raised-vegetable-garden-beds-grow-a-wide-range-of-delicious-food-1-1280x845.jpg\" alt=\"\" class=\"wp-image-17157\" srcset=\"https:\/\/canadiansciencecentres.ca\/wp-content\/uploads\/2023\/12\/10.-The-raised-vegetable-garden-beds-grow-a-wide-range-of-delicious-food-1-1280x845.jpg 1280w, https:\/\/canadiansciencecentres.ca\/wp-content\/uploads\/2023\/12\/10.-The-raised-vegetable-garden-beds-grow-a-wide-range-of-delicious-food-1-640x422.jpg 640w, https:\/\/canadiansciencecentres.ca\/wp-content\/uploads\/2023\/12\/10.-The-raised-vegetable-garden-beds-grow-a-wide-range-of-delicious-food-1-768x507.jpg 768w, https:\/\/canadiansciencecentres.ca\/wp-content\/uploads\/2023\/12\/10.-The-raised-vegetable-garden-beds-grow-a-wide-range-of-delicious-food-1-1536x1014.jpg 1536w, https:\/\/canadiansciencecentres.ca\/wp-content\/uploads\/2023\/12\/10.-The-raised-vegetable-garden-beds-grow-a-wide-range-of-delicious-food-1.jpg 1920w\" sizes=\"auto, (max-width: 1280px) 100vw, 1280px\" \/><\/figure>\n<\/div>\n\n\n\n<div class=\"wp-block-column is-layout-flow wp-block-column-is-layout-flow\" style=\"flex-basis:66.66%\">\n<p><strong><strong><strong><strong><strong>Parc Ken Spencer &#8211; Science World BC<\/strong><\/strong><\/strong><\/strong><\/strong><\/p>\n\n\n\n<p>Le parc scientifique Ken Spencer est le plus grand projet de d\u00e9veloppement entrepris par Science World depuis son ouverture en 1989. Apr\u00e8s quatre ans de pr\u00e9paration, Science World a travaill\u00e9 en \u00e9troite collaboration avec la ville de Vancouver, le Vancouver Park Board, la communaut\u00e9 et des experts locaux pour cr\u00e9er une exp\u00e9rience unique qui incarne la passion de Vancouver d&rsquo;\u00eatre la ville la plus verte du monde. Situ\u00e9 sur la fa\u00e7ade est du b\u00e2timent du TELUS World of Science, cet espace d&rsquo;exposition en plein air est ouvert aux visiteurs de la mi-mars au dernier week-end d&rsquo;octobre. Depuis son ouverture en novembre 2012, plus de 1,1 million de visiteurs ont eu l&rsquo;occasion de d\u00e9couvrir, d&rsquo;explorer et d&rsquo;appr\u00e9cier le parc.<\/p>\n<\/div>\n<\/div>\n<\/div>\n<\/div>\n","protected":false},"excerpt":{"rendered":"<p>LES LAUR\u00c9ATS DU PRIX CASCADE 2016 Voir les nomin\u00e9s 2016 LES LAUR\u00c9ATS DU PRIX CASCADE 2016 Science for Seniors &#8211; Entomica Le programme Science for Seniors s&rsquo;adresse aux citoyens dont les possibilit\u00e9s d&rsquo;apprentissage tout au long de la vie sont limit\u00e9es par des probl\u00e8mes de mobilit\u00e9 ou de sant\u00e9. Ce programme permet d&rsquo;amener un ensemble [&hellip;]<\/p>\n","protected":false},"author":1,"featured_media":0,"parent":0,"menu_order":0,"comment_status":"closed","ping_status":"closed","template":"","meta":{"footnotes":""},"class_list":["post-17871","page","type-page","status-publish","hentry"],"acf":[],"_links":{"self":[{"href":"https:\/\/canadiansciencecentres.ca\/fr\/wp-json\/wp\/v2\/pages\/17871","targetHints":{"allow":["GET"]}}],"collection":[{"href":"https:\/\/canadiansciencecentres.ca\/fr\/wp-json\/wp\/v2\/pages"}],"about":[{"href":"https:\/\/canadiansciencecentres.ca\/fr\/wp-json\/wp\/v2\/types\/page"}],"author":[{"embeddable":true,"href":"https:\/\/canadiansciencecentres.ca\/fr\/wp-json\/wp\/v2\/users\/1"}],"replies":[{"embeddable":true,"href":"https:\/\/canadiansciencecentres.ca\/fr\/wp-json\/wp\/v2\/comments?post=17871"}],"version-history":[{"count":0,"href":"https:\/\/canadiansciencecentres.ca\/fr\/wp-json\/wp\/v2\/pages\/17871\/revisions"}],"wp:attachment":[{"href":"https:\/\/canadiansciencecentres.ca\/fr\/wp-json\/wp\/v2\/media?parent=17871"}],"curies":[{"name":"wp","href":"https:\/\/api.w.org\/{rel}","templated":true}]}}