{"id":17872,"date":"2023-12-19T14:38:36","date_gmt":"2023-12-19T22:38:36","guid":{"rendered":"http:\/\/canadiansciencecentres.ca\/les-laureats-du-prix-cascade-2012\/"},"modified":"2024-01-25T10:43:18","modified_gmt":"2024-01-25T18:43:18","slug":"les-laureats-du-prix-cascade-2012","status":"publish","type":"page","link":"https:\/\/canadiansciencecentres.ca\/fr\/les-laureats-du-prix-cascade-2012\/","title":{"rendered":"LES LAUR\u00c9ATS DU PRIX CASCADE 2012"},"content":{"rendered":"\n<div class=\"wp-block-group alignwide is-layout-flow wp-block-group-is-layout-flow\">\n<div style=\"height:100px\" aria-hidden=\"true\" class=\"wp-block-spacer\"><\/div>\n\n\n\n<h1 class=\"wp-block-heading has-x-large-font-size\">LES LAUR\u00c9ATS DU PRIX CASCADE 2012<\/h1>\n\n\n\n<div style=\"height:40px\" aria-hidden=\"true\" class=\"wp-block-spacer\"><\/div>\n\n\n\n<div class=\"wp-block-group has-gainsboro-background-color has-background is-layout-flow wp-block-group-is-layout-flow\" style=\"border-radius:15px;margin-top:var(--wp--preset--spacing--large);margin-bottom:var(--wp--preset--spacing--large);padding-top:var(--wp--preset--spacing--medium);padding-right:var(--wp--preset--spacing--medium);padding-bottom:var(--wp--preset--spacing--medium);padding-left:var(--wp--preset--spacing--medium)\">\n<h3 class=\"wp-block-heading has-casc-red-color has-text-color has-link-color has-medium-font-size wp-elements-837c3f612ca09a5c9d3aa6627d21a055\">Meilleur programme<\/h3>\n\n\n\n<div class=\"wp-block-columns is-layout-flex wp-container-core-columns-is-layout-28f84493 wp-block-columns-is-layout-flex\">\n<div class=\"wp-block-column is-layout-flow wp-block-column-is-layout-flow\" style=\"flex-basis:33.33%\">\n<figure class=\"wp-block-image size-full\"><img loading=\"lazy\" decoding=\"async\" width=\"300\" height=\"300\" src=\"https:\/\/canadiansciencecentres.ca\/wp-content\/uploads\/2023\/12\/ocean-wise.jpg\" alt=\"\" class=\"wp-image-17183\" srcset=\"https:\/\/canadiansciencecentres.ca\/wp-content\/uploads\/2023\/12\/ocean-wise.jpg 300w, https:\/\/canadiansciencecentres.ca\/wp-content\/uploads\/2023\/12\/ocean-wise-160x160.jpg 160w\" sizes=\"auto, (max-width: 300px) 100vw, 300px\" \/><\/figure>\n<\/div>\n\n\n\n<div class=\"wp-block-column is-layout-flow wp-block-column-is-layout-flow\" style=\"flex-basis:66.66%\">\n<p><strong><strong><strong>Ocean Wise &#8211; Aquarium de Vancouver<\/strong><\/strong><\/strong><\/p>\n\n\n\n<p>Ocean Wise est un programme de conservation de l&rsquo;Aquarium de Vancouver cr\u00e9\u00e9 pour \u00e9duquer et responsabiliser les consommateurs sur les questions relatives aux produits de la mer durables. Ocean Wise travaille directement avec les restaurants, les march\u00e9s, les services alimentaires et les fournisseurs, en veillant \u00e0 ce qu&rsquo;ils disposent des informations scientifiques les plus r\u00e9centes concernant les produits de la mer et en les aidant \u00e0 prendre des d\u00e9cisions d&rsquo;achat respectueuses des oc\u00e9ans.<\/p>\n<\/div>\n<\/div>\n<\/div>\n\n\n\n<div class=\"wp-block-group has-gainsboro-background-color has-background is-layout-flow wp-block-group-is-layout-flow\" style=\"border-radius:15px;margin-top:var(--wp--preset--spacing--large);margin-bottom:var(--wp--preset--spacing--large);padding-top:var(--wp--preset--spacing--medium);padding-right:var(--wp--preset--spacing--medium);padding-bottom:var(--wp--preset--spacing--medium);padding-left:var(--wp--preset--spacing--medium)\">\n<h3 class=\"wp-block-heading has-casc-red-color has-text-color has-link-color has-medium-font-size wp-elements-0184eb547d80f018684070f511b43c3a\">Meilleure exposition ou spectacle &#8211; Grande institution<\/h3>\n\n\n\n<div class=\"wp-block-columns is-layout-flex wp-container-core-columns-is-layout-28f84493 wp-block-columns-is-layout-flex\">\n<div class=\"wp-block-column is-layout-flow wp-block-column-is-layout-flow\" style=\"flex-basis:33.33%\">\n<figure class=\"wp-block-image size-full\"><img loading=\"lazy\" decoding=\"async\" width=\"300\" height=\"300\" src=\"https:\/\/canadiansciencecentres.ca\/wp-content\/uploads\/2023\/12\/TERRA.jpg\" alt=\"\" class=\"wp-image-17184\" srcset=\"https:\/\/canadiansciencecentres.ca\/wp-content\/uploads\/2023\/12\/TERRA.jpg 300w, https:\/\/canadiansciencecentres.ca\/wp-content\/uploads\/2023\/12\/TERRA-160x160.jpg 160w\" sizes=\"auto, (max-width: 300px) 100vw, 300px\" \/><\/figure>\n<\/div>\n\n\n\n<div class=\"wp-block-column is-layout-flow wp-block-column-is-layout-flow\" style=\"flex-basis:66.66%\">\n<p><strong><strong><strong><strong>Terra Mutant\u00e8s &#8211; Mus\u00e9e de la nature et des sciences de Sherbrooke<\/strong><\/strong><\/strong><\/strong><\/p>\n\n\n\n<p>Terra Mutant\u00e8s est un spectacle multim\u00e9dia et multisensoriel qui propose un voyage immersif dans le temps \u00e0 la recherche de l&rsquo;histoire naturelle de la plan\u00e8te. Les visiteurs prennent place autour d&rsquo;une table interactive entour\u00e9e d&rsquo;\u00e9crans. Ils font l&rsquo;exp\u00e9rience du vent, de la neige et du tremblement de terre provoqu\u00e9 par la naissance des Appalaches.<\/p>\n<\/div>\n<\/div>\n<\/div>\n\n\n\n<div class=\"wp-block-group has-gainsboro-background-color has-background is-layout-flow wp-block-group-is-layout-flow\" style=\"border-radius:15px;margin-top:var(--wp--preset--spacing--large);margin-bottom:var(--wp--preset--spacing--large);padding-top:var(--wp--preset--spacing--medium);padding-right:var(--wp--preset--spacing--medium);padding-bottom:var(--wp--preset--spacing--medium);padding-left:var(--wp--preset--spacing--medium)\">\n<h3 class=\"wp-block-heading has-casc-red-color has-text-color has-link-color has-medium-font-size wp-elements-3e93e1e324985657760349ea336273a1\">Meilleur projet de ma\u00eetrise de l&rsquo;\u00e9nergie &#8211; soutenu par Parlons \u00e9nergie<\/h3>\n\n\n\n<div class=\"wp-block-columns is-layout-flex wp-container-core-columns-is-layout-28f84493 wp-block-columns-is-layout-flex\">\n<div class=\"wp-block-column is-layout-flow wp-block-column-is-layout-flow\" style=\"flex-basis:33.33%\">\n<figure class=\"wp-block-image size-full\"><img loading=\"lazy\" decoding=\"async\" width=\"300\" height=\"300\" src=\"https:\/\/canadiansciencecentres.ca\/wp-content\/uploads\/2023\/12\/BCGreenGames.jpg\" alt=\"\" class=\"wp-image-17185\" srcset=\"https:\/\/canadiansciencecentres.ca\/wp-content\/uploads\/2023\/12\/BCGreenGames.jpg 300w, https:\/\/canadiansciencecentres.ca\/wp-content\/uploads\/2023\/12\/BCGreenGames-160x160.jpg 160w\" sizes=\"auto, (max-width: 300px) 100vw, 300px\" \/><\/figure>\n<\/div>\n\n\n\n<div class=\"wp-block-column is-layout-flow wp-block-column-is-layout-flow\" style=\"flex-basis:66.66%\">\n<p><strong><strong><strong><strong><strong>BC Green Games &#8211; Science World British Columbia<\/strong><\/strong><\/strong><\/strong><\/strong><\/p>\n\n\n\n<p>BC Green Games est un concours annuel de m\u00e9dias num\u00e9riques con\u00e7u pour encourager les \u00e9l\u00e8ves de la maternelle \u00e0 la terminale \u00e0 documenter et \u00e0 partager leurs actions environnementales sur des sujets tels que les \u00e9conomies d&rsquo;\u00e9nergie, les transports, l&rsquo;\u00e9cologisation des cours d&rsquo;\u00e9cole, le recyclage, le compostage et l&rsquo;intendance communautaire.<\/p>\n<\/div>\n<\/div>\n<\/div>\n<\/div>\n","protected":false},"excerpt":{"rendered":"<p>LES LAUR\u00c9ATS DU PRIX CASCADE 2012 Meilleur programme Ocean Wise &#8211; Aquarium de Vancouver Ocean Wise est un programme de conservation de l&rsquo;Aquarium de Vancouver cr\u00e9\u00e9 pour \u00e9duquer et responsabiliser les consommateurs sur les questions relatives aux produits de la mer durables. Ocean Wise travaille directement avec les restaurants, les march\u00e9s, les services alimentaires et [&hellip;]<\/p>\n","protected":false},"author":1,"featured_media":0,"parent":0,"menu_order":0,"comment_status":"closed","ping_status":"closed","template":"","meta":{"footnotes":""},"class_list":["post-17872","page","type-page","status-publish","hentry"],"acf":[],"_links":{"self":[{"href":"https:\/\/canadiansciencecentres.ca\/fr\/wp-json\/wp\/v2\/pages\/17872","targetHints":{"allow":["GET"]}}],"collection":[{"href":"https:\/\/canadiansciencecentres.ca\/fr\/wp-json\/wp\/v2\/pages"}],"about":[{"href":"https:\/\/canadiansciencecentres.ca\/fr\/wp-json\/wp\/v2\/types\/page"}],"author":[{"embeddable":true,"href":"https:\/\/canadiansciencecentres.ca\/fr\/wp-json\/wp\/v2\/users\/1"}],"replies":[{"embeddable":true,"href":"https:\/\/canadiansciencecentres.ca\/fr\/wp-json\/wp\/v2\/comments?post=17872"}],"version-history":[{"count":0,"href":"https:\/\/canadiansciencecentres.ca\/fr\/wp-json\/wp\/v2\/pages\/17872\/revisions"}],"wp:attachment":[{"href":"https:\/\/canadiansciencecentres.ca\/fr\/wp-json\/wp\/v2\/media?parent=17872"}],"curies":[{"name":"wp","href":"https:\/\/api.w.org\/{rel}","templated":true}]}}