{"id":17876,"date":"2023-12-18T21:46:50","date_gmt":"2023-12-19T05:46:50","guid":{"rendered":"http:\/\/canadiansciencecentres.ca\/casc-2009-des-esprits-inspires\/"},"modified":"2024-01-25T10:41:07","modified_gmt":"2024-01-25T18:41:07","slug":"casc-2009-des-esprits-inspires","status":"publish","type":"page","link":"https:\/\/canadiansciencecentres.ca\/fr\/casc-2009-des-esprits-inspires\/","title":{"rendered":"CASC 2009 : des esprits inspir\u00e9s"},"content":{"rendered":"\n<div style=\"height:60px\" aria-hidden=\"true\" class=\"wp-block-spacer\"><\/div>\n\n<h1 class=\"wp-block-heading has-x-large-font-size\">CASC 2009 : des esprits inspir\u00e9s<\/h1>\n\n<h4 class=\"wp-block-heading\">Accueillie par le <a href=\"http:\/\/www.sasksciencecentre.com\/\" target=\"_blank\" rel=\"noreferrer noopener\">Centre des sciences de la Saskatchewan<\/a> \u00e0 Regina SK, du 4 au 6 juin 2009<\/h4>\n\n<div class=\"wp-block-buttons is-layout-flex wp-block-buttons-is-layout-flex\">\n<div class=\"wp-block-button\"><a class=\"wp-block-button__link wp-element-button\" href=\"\/wp-content\/uploads\/2023\/12\/2009_CASC-Program-Low-Res.pdf\">T\u00e9l\u00e9charger le programme de la conf\u00e9rence<\/a><\/div>\n<\/div>\n\n<div style=\"height:60px\" aria-hidden=\"true\" class=\"wp-block-spacer\"><\/div>\n","protected":false},"excerpt":{"rendered":"<p>CASC 2009 : des esprits inspir\u00e9s Accueillie par le Centre des sciences de la Saskatchewan \u00e0 Regina SK, du 4 au 6 juin 2009<\/p>\n","protected":false},"author":1,"featured_media":0,"parent":0,"menu_order":0,"comment_status":"closed","ping_status":"closed","template":"","meta":{"footnotes":""},"class_list":["post-17876","page","type-page","status-publish","hentry"],"acf":[],"_links":{"self":[{"href":"https:\/\/canadiansciencecentres.ca\/fr\/wp-json\/wp\/v2\/pages\/17876","targetHints":{"allow":["GET"]}}],"collection":[{"href":"https:\/\/canadiansciencecentres.ca\/fr\/wp-json\/wp\/v2\/pages"}],"about":[{"href":"https:\/\/canadiansciencecentres.ca\/fr\/wp-json\/wp\/v2\/types\/page"}],"author":[{"embeddable":true,"href":"https:\/\/canadiansciencecentres.ca\/fr\/wp-json\/wp\/v2\/users\/1"}],"replies":[{"embeddable":true,"href":"https:\/\/canadiansciencecentres.ca\/fr\/wp-json\/wp\/v2\/comments?post=17876"}],"version-history":[{"count":0,"href":"https:\/\/canadiansciencecentres.ca\/fr\/wp-json\/wp\/v2\/pages\/17876\/revisions"}],"wp:attachment":[{"href":"https:\/\/canadiansciencecentres.ca\/fr\/wp-json\/wp\/v2\/media?parent=17876"}],"curies":[{"name":"wp","href":"https:\/\/api.w.org\/{rel}","templated":true}]}}