{"id":17878,"date":"2023-12-11T14:09:41","date_gmt":"2023-12-11T19:09:41","guid":{"rendered":"http:\/\/canadiansciencecentres.ca\/job-board\/"},"modified":"2026-04-14T13:32:22","modified_gmt":"2026-04-14T17:32:22","slug":"tableau-daffichage","status":"publish","type":"page","link":"https:\/\/canadiansciencecentres.ca\/fr\/tableau-daffichage\/","title":{"rendered":"Tableau d&rsquo;affichage"},"content":{"rendered":"\n<div class=\"wp-block-group alignfull svg-background-2 has-white-color has-casc-blue-background-color has-text-color has-background has-link-color wp-elements-9b49eaa146bc967a6d1ac349cf3a0430 has-global-padding is-layout-constrained wp-block-group-is-layout-constrained\">\n<div class=\"wp-block-columns alignwide is-layout-flex wp-container-core-columns-is-layout-28f84493 wp-block-columns-is-layout-flex\">\n<div class=\"wp-block-column is-layout-flow wp-block-column-is-layout-flow\" style=\"padding-top:var(--wp--preset--spacing--x-large);padding-right:var(--wp--preset--spacing--large)\">\n<h1 class=\"wp-block-heading has-large-font-size\">Le tableau d&rsquo;affichage des emplois de l&rsquo;ACCS<\/h1>\n\n\n\n<p>Bienvenue sur le site d&rsquo;offres d&#8217;emploi de l&rsquo;ACCS, o\u00f9 vous trouverez les derni\u00e8res offres d&#8217;emploi de l&rsquo;ACCS, de ses membres et de sa communaut\u00e9. Nous mettons \u00e0 jour notre banque d&#8217;emplois tous les mardis et la diffusons sur les m\u00e9dias sociaux toutes les deux semaines. <\/p>\n<\/div>\n\n\n\n<div class=\"wp-block-column is-layout-flow wp-block-column-is-layout-flow\" style=\"padding-top:var(--wp--preset--spacing--x-large);padding-bottom:0px;padding-left:var(--wp--preset--spacing--x-large)\">\n<figure class=\"wp-block-image size-full has-custom-border\"><img loading=\"lazy\" decoding=\"async\" width=\"1080\" height=\"721\" src=\"https:\/\/canadiansciencecentres.ca\/wp-content\/uploads\/2024\/04\/DCP_4016.jpg\" alt=\"\" class=\"wp-image-18610\" style=\"border-top-left-radius:15px;border-top-right-radius:15px;border-bottom-left-radius:0px;border-bottom-right-radius:0px\" srcset=\"https:\/\/canadiansciencecentres.ca\/wp-content\/uploads\/2024\/04\/DCP_4016.jpg 1080w, https:\/\/canadiansciencecentres.ca\/wp-content\/uploads\/2024\/04\/DCP_4016-640x427.jpg 640w, https:\/\/canadiansciencecentres.ca\/wp-content\/uploads\/2024\/04\/DCP_4016-768x513.jpg 768w\" sizes=\"auto, (max-width: 1080px) 100vw, 1080px\" \/><\/figure>\n<\/div>\n<\/div>\n<\/div>\n\n\n\n<div class=\"wp-block-group alignwide is-layout-flow wp-block-group-is-layout-flow\">\n<div style=\"height:100px\" aria-hidden=\"true\" class=\"wp-block-spacer\"><\/div>\n\n\n\n<div class=\"wp-block-columns is-layout-flex wp-container-core-columns-is-layout-28f84493 wp-block-columns-is-layout-flex\">\n<div class=\"wp-block-column is-layout-flow wp-block-column-is-layout-flow\">\n<p class=\"has-medium-font-size\">Vous souhaitez travailler avec l&rsquo;ACCS ? <\/p>\n\n\n\n<p>Au fur et \u00e0 mesure que notre travail s&rsquo;\u00e9tend, notre \u00e9quipe s&rsquo;agrandit. <\/p>\n\n\n\n<p>Si vous souhaitez participer \u00e0 l&rsquo;impact positif de nos activit\u00e9s, nous serions ravis de vous entendre. <\/p>\n\n\n\n<div class=\"wp-block-buttons is-layout-flex wp-block-buttons-is-layout-flex\">\n<div class=\"wp-block-button\"><a class=\"wp-block-button__link wp-element-button\" href=\"https:\/\/canadiansciencecentres.ca\/fr\/rejoindre-notre-equipe\/\">Visitez notre page sur les carri\u00e8res<\/a><\/div>\n<\/div>\n<\/div>\n\n\n\n<div class=\"wp-block-column is-layout-flow wp-block-column-is-layout-flow\">\n<p class=\"has-medium-font-size\">Vous avez une offre d&#8217;emploi que vous aimeriez voir publi\u00e9e ?<\/p>\n\n\n\n<p>Nous voulons vous aider \u00e0 trouver les meilleurs candidats pour vos opportunit\u00e9s d&#8217;emploi. Disponible pour tous les membres scientifiques de l&rsquo;ACCS, il est gratuit avec votre adh\u00e9sion annuelle.<\/p>\n\n\n\n<div class=\"wp-block-buttons is-layout-flex wp-block-buttons-is-layout-flex\">\n<div class=\"wp-block-button\"><a class=\"wp-block-button__link has-white-color has-primary-background-color has-text-color has-background has-link-color wp-element-button\" href=\"mailto:info@casc-accs.com\">Envoyez-nous votre offre d&#8217;emploi<\/a><\/div>\n<\/div>\n<\/div>\n<\/div>\n<\/div>\n\n\n\n<div style=\"height:100px\" aria-hidden=\"true\" class=\"wp-block-spacer\"><\/div>\n\n\n\n<div class=\"wp-block-group alignwide is-layout-flow wp-block-group-is-layout-flow\">\n<h2 class=\"wp-block-heading\">Nos membres recrutent<\/h2>\n\n\n\n<p>C&rsquo;est l&rsquo;occasion pour vous d&rsquo;avoir un impact sur la communaut\u00e9 de l&rsquo;engagement scientifique au Canada !<\/p>\n\n\n<div class=\"job-board align \">\n\n    <div class=\"job-board-row\">\n                    \n                \n                <div class=\"job-wrap\">\n\n                    <div class=\"logo-wrap\">\n\n                        \n                            <img decoding=\"async\" src=\"https:\/\/canadiansciencecentres.ca\/wp-content\/uploads\/2024\/03\/Logo_Canadian_Museum_of_Nature.png\" alt=\"\" \/>\n\n                        \n                    <\/div>\n\n                    <div class=\"text-wrap\">\n\n                        <div class=\"location\">\n\n                            \n                                <span>Location:<\/span> Ottawa, ON\n                            \n                        <\/div>\n\n                        <div class=\"position\">\n\n                            \n                                <span>Position:<\/span> Producteur ou Productrice de m\u00e9dias interactifs\n                            \n                        <\/div>\n\n                        <div class=\"link\">\n\n                            \n                                <div class=\"wp-block-button\">\n                                    <a class=\"wp-block-button__link wp-element-button\" href=\"https:\/\/canadiansciencecentres.ca\/wp-content\/uploads\/2025\/12\/2090-CMN-25-OC-037-Producteur-ou-Productrice-de-medias-interactifs.pdf\">More Info<\/a>\n                                <\/div>\n\n                            \n                        <\/div>\n\n                    <\/div>\n\n                <\/div>\n\n            \n                \n                <div class=\"job-wrap\">\n\n                    <div class=\"logo-wrap\">\n\n                        \n                            <img decoding=\"async\" src=\"https:\/\/canadiansciencecentres.ca\/wp-content\/uploads\/2024\/03\/Logo_Canadian_Museum_of_Nature.png\" alt=\"\" \/>\n\n                        \n                    <\/div>\n\n                    <div class=\"text-wrap\">\n\n                        <div class=\"location\">\n\n                            \n                                <span>Location:<\/span> Ottawa, ON\n                            \n                        <\/div>\n\n                        <div class=\"position\">\n\n                            \n                                <span>Position:<\/span> H\u00f4te\u00b7sse, Planification des visites\n                            \n                        <\/div>\n\n                        <div class=\"link\">\n\n                            \n                                <div class=\"wp-block-button\">\n                                    <a class=\"wp-block-button__link wp-element-button\" href=\"https:\/\/canadiansciencecentres.ca\/wp-content\/uploads\/2026\/02\/2090-CMN-26-OC-004-Hote\u00b7sse-Dotation-anticipee.pdf\">More Info<\/a>\n                                <\/div>\n\n                            \n                        <\/div>\n\n                    <\/div>\n\n                <\/div>\n\n            \n                \n                <div class=\"job-wrap\">\n\n                    <div class=\"logo-wrap\">\n\n                        \n                            <img decoding=\"async\" src=\"https:\/\/canadiansciencecentres.ca\/wp-content\/uploads\/2024\/03\/Logo_Canadian_Museum_of_Nature.png\" alt=\"\" \/>\n\n                        \n                    <\/div>\n\n                    <div class=\"text-wrap\">\n\n                        <div class=\"location\">\n\n                            \n                                <span>Location:<\/span> Ottawa, ON\n                            \n                        <\/div>\n\n                        <div class=\"position\">\n\n                            \n                                <span>Position:<\/span> Chef\u00b7fe de la planification des visites\n                            \n                        <\/div>\n\n                        <div class=\"link\">\n\n                            \n                                <div class=\"wp-block-button\">\n                                    <a class=\"wp-block-button__link wp-element-button\" href=\"https:\/\/canadiansciencecentres.ca\/wp-content\/uploads\/2026\/02\/2090-CMN-26-OC-009-Chef\u00b7fe-de-la-planification-des-visites.pdf\">More Info<\/a>\n                                <\/div>\n\n                            \n                        <\/div>\n\n                    <\/div>\n\n                <\/div>\n\n            \n                \n                <div class=\"job-wrap\">\n\n                    <div class=\"logo-wrap\">\n\n                        \n                            <img decoding=\"async\" src=\"https:\/\/canadiansciencecentres.ca\/wp-content\/uploads\/2024\/03\/Logo_Armand_Frappier.png\" alt=\"\" \/>\n\n                        \n                    <\/div>\n\n                    <div class=\"text-wrap\">\n\n                        <div class=\"location\">\n\n                            \n                                <span>Location:<\/span> Laval, QC\n                            \n                        <\/div>\n\n                        <div class=\"position\">\n\n                            \n                                <span>Position:<\/span> Guide animateur\u00b7trice &#8211; temps partiel\n                            \n                        <\/div>\n\n                        <div class=\"link\">\n\n                            \n                                <div class=\"wp-block-button\">\n                                    <a class=\"wp-block-button__link wp-element-button\" href=\"https:\/\/canadiansciencecentres.ca\/wp-content\/uploads\/2026\/03\/guide_2026-27_temps_partiel.pdf\">More Info<\/a>\n                                <\/div>\n\n                            \n                        <\/div>\n\n                    <\/div>\n\n                <\/div>\n\n            \n                \n                <div class=\"job-wrap\">\n\n                    <div class=\"logo-wrap\">\n\n                        \n                            <img decoding=\"async\" src=\"https:\/\/canadiansciencecentres.ca\/wp-content\/uploads\/2024\/03\/Logo_Armand_Frappier.png\" alt=\"\" \/>\n\n                        \n                    <\/div>\n\n                    <div class=\"text-wrap\">\n\n                        <div class=\"location\">\n\n                            \n                                <span>Location:<\/span> Laval, QC\n                            \n                        <\/div>\n\n                        <div class=\"position\">\n\n                            \n                                <span>Position:<\/span> Guide animateur\u00b7trice &#8211; \u00e9tudiant\n                            \n                        <\/div>\n\n                        <div class=\"link\">\n\n                            \n                                <div class=\"wp-block-button\">\n                                    <a class=\"wp-block-button__link wp-element-button\" href=\"https:\/\/canadiansciencecentres.ca\/wp-content\/uploads\/2026\/03\/guide_2026-27_etudiant.pdf\">More Info<\/a>\n                                <\/div>\n\n                            \n                        <\/div>\n\n                    <\/div>\n\n                <\/div>\n\n            \n                \n                <div class=\"job-wrap\">\n\n                    <div class=\"logo-wrap\">\n\n                        \n                            <img decoding=\"async\" src=\"https:\/\/canadiansciencecentres.ca\/wp-content\/uploads\/2024\/03\/Logo_Canadian_Museum_of_Nature.png\" alt=\"\" \/>\n\n                        \n                    <\/div>\n\n                    <div class=\"text-wrap\">\n\n                        <div class=\"location\">\n\n                            \n                                <span>Location:<\/span> Ottawa, ON\n                            \n                        <\/div>\n\n                        <div class=\"position\">\n\n                            \n                                <span>Position:<\/span> Technicien\u00b7ne de terrain aquatique, Zoologie\n                            \n                        <\/div>\n\n                        <div class=\"link\">\n\n                            \n                                <div class=\"wp-block-button\">\n                                    <a class=\"wp-block-button__link wp-element-button\" href=\"https:\/\/canadiansciencecentres.ca\/wp-content\/uploads\/2026\/03\/209-CMN-26-OC-013-Technicien\u00b7ne-de-terrain-aquatique-Zoologie.pdf\">More Info<\/a>\n                                <\/div>\n\n                            \n                        <\/div>\n\n                    <\/div>\n\n                <\/div>\n\n            \n                \n                <div class=\"job-wrap\">\n\n                    <div class=\"logo-wrap\">\n\n                        \n                            <img decoding=\"async\" src=\"https:\/\/canadiansciencecentres.ca\/wp-content\/uploads\/2024\/03\/Logo_Canadian_Museum_of_Nature.png\" alt=\"\" \/>\n\n                        \n                    <\/div>\n\n                    <div class=\"text-wrap\">\n\n                        <div class=\"location\">\n\n                            \n                                <span>Location:<\/span> Ottawa, ON\n                            \n                        <\/div>\n\n                        <div class=\"position\">\n\n                            \n                                <span>Position:<\/span> Agent\u00b7e des communications et des relations avec les m\u00e9dias\n                            \n                        <\/div>\n\n                        <div class=\"link\">\n\n                            \n                                <div class=\"wp-block-button\">\n                                    <a class=\"wp-block-button__link wp-element-button\" href=\"https:\/\/canadiansciencecentres.ca\/wp-content\/uploads\/2026\/04\/2090-CMN-26-OC-012-Agent\u00b7e-des-communications-et-des-relations-avec-les-medias.pdf\">More Info<\/a>\n                                <\/div>\n\n                            \n                        <\/div>\n\n                    <\/div>\n\n                <\/div>\n\n            \n            <\/div>\n\n<\/div><!-- .job-board -->\n<\/div>\n\n\n\n<div style=\"height:100px\" aria-hidden=\"true\" class=\"wp-block-spacer\"><\/div>\n","protected":false},"excerpt":{"rendered":"<p>Le tableau d&rsquo;affichage des emplois de l&rsquo;ACCS Bienvenue sur le site d&rsquo;offres d&#8217;emploi de l&rsquo;ACCS, o\u00f9 vous trouverez les derni\u00e8res offres d&#8217;emploi de l&rsquo;ACCS, de ses membres et de sa communaut\u00e9. Nous mettons \u00e0 jour notre banque d&#8217;emplois tous les mardis et la diffusons sur les m\u00e9dias sociaux toutes les deux semaines. Vous souhaitez travailler [&hellip;]<\/p>\n","protected":false},"author":1,"featured_media":0,"parent":0,"menu_order":0,"comment_status":"closed","ping_status":"closed","template":"","meta":{"footnotes":""},"class_list":["post-17878","page","type-page","status-publish","hentry"],"acf":[],"_links":{"self":[{"href":"https:\/\/canadiansciencecentres.ca\/fr\/wp-json\/wp\/v2\/pages\/17878","targetHints":{"allow":["GET"]}}],"collection":[{"href":"https:\/\/canadiansciencecentres.ca\/fr\/wp-json\/wp\/v2\/pages"}],"about":[{"href":"https:\/\/canadiansciencecentres.ca\/fr\/wp-json\/wp\/v2\/types\/page"}],"author":[{"embeddable":true,"href":"https:\/\/canadiansciencecentres.ca\/fr\/wp-json\/wp\/v2\/users\/1"}],"replies":[{"embeddable":true,"href":"https:\/\/canadiansciencecentres.ca\/fr\/wp-json\/wp\/v2\/comments?post=17878"}],"version-history":[{"count":44,"href":"https:\/\/canadiansciencecentres.ca\/fr\/wp-json\/wp\/v2\/pages\/17878\/revisions"}],"predecessor-version":[{"id":21037,"href":"https:\/\/canadiansciencecentres.ca\/fr\/wp-json\/wp\/v2\/pages\/17878\/revisions\/21037"}],"wp:attachment":[{"href":"https:\/\/canadiansciencecentres.ca\/fr\/wp-json\/wp\/v2\/media?parent=17878"}],"curies":[{"name":"wp","href":"https:\/\/api.w.org\/{rel}","templated":true}]}}