{"id":17880,"date":"2023-12-19T14:14:40","date_gmt":"2023-12-19T22:14:40","guid":{"rendered":"http:\/\/canadiansciencecentres.ca\/les-nomines-du-prix-cascade-2017\/"},"modified":"2024-01-25T10:43:19","modified_gmt":"2024-01-25T18:43:19","slug":"les-nomines-du-prix-cascade-2017","status":"publish","type":"page","link":"https:\/\/canadiansciencecentres.ca\/fr\/les-nomines-du-prix-cascade-2017\/","title":{"rendered":"LES NOMIN\u00c9S DU PRIX CASCADE 2017"},"content":{"rendered":"\n<div style=\"height:100px\" aria-hidden=\"true\" class=\"wp-block-spacer\"><\/div>\n\n<h1 class=\"wp-block-heading has-x-large-font-size\">LES NOMIN\u00c9S DU PRIX CASCADE 2017<\/h1>\n\n<div style=\"height:60px\" aria-hidden=\"true\" class=\"wp-block-spacer\"><\/div>\n\n<h3 class=\"wp-block-heading has-casc-red-color has-text-color has-link-color wp-elements-23303a5c328e4d469dfeb97b0e75bd6c\"><strong>Meilleur programme &#8211; Petite institution<\/strong><\/h3>\n\n<p><strong>Programme \u00e9ducatif du C.I.EAU &#8211; <\/strong><strong>C.I.EAU <\/strong> <\/p>\n\n<p>Au travers de diverses activit\u00e9s, les \u00e9l\u00e8ves d\u00e9couvrent comment les m\u00e9tiers de l&rsquo;eau sont essentiels \u00e0 la soci\u00e9t\u00e9. Les activit\u00e9s sont con\u00e7ues pour amener les jeunes \u00e0 r\u00e9fl\u00e9chir \u00e0 diverses questions li\u00e9es \u00e0 l&rsquo;eau.  <\/p>\n\n<p><strong>B\u00e2tons et \u00e9toiles &#8211; <\/strong><strong>HR MacMillan Space Centre \/ Surrey School District<\/strong><\/p>\n\n<p>Sticks &amp; Stars est un programme unique qui soutient les gar\u00e7ons \u00e0 risque, vuln\u00e9rables et mal desservis (de la 4e \u00e0 la 6e ann\u00e9e) dans certaines des \u00e9coles les plus d\u00e9favoris\u00e9es de Surrey. Le programme plonge les gar\u00e7ons dans les merveilles des sciences spatiales, de l&rsquo;ing\u00e9nierie et du hockey \u00e0 un moment o\u00f9 leurs opinions et leurs attitudes sont encore en train de se former.<\/p>\n\n<p><strong>De la mar\u00e9e \u00e0 la technologie <\/strong><strong>Centre de d\u00e9couverte<\/strong><\/p>\n\n<p>Le programme \u00ab\u00a0Tide to Technology\u00a0\u00bb r\u00e9pond au besoin de la Nouvelle-\u00c9cosse de sensibiliser la population aux oc\u00e9ans et aux carri\u00e8res li\u00e9es aux technologies oc\u00e9aniques. Gr\u00e2ce \u00e0 un partenariat avec le Conseil des technologies oc\u00e9aniques de Nouvelle-\u00c9cosse, le Discovery Centre propose gratuitement ce programme pratique bas\u00e9 sur la technologie aux \u00e9coles de toute la Nouvelle-\u00c9cosse.<\/p>\n\n<div style=\"height:60px\" aria-hidden=\"true\" class=\"wp-block-spacer\"><\/div>\n\n<h3 class=\"wp-block-heading has-casc-red-color has-text-color has-link-color wp-elements-f92026c1230ae36156ef592728a26a6a\"><strong>Meilleur programme &#8211; Grande institution<\/strong><\/h3>\n\n<p><strong>Clubs de la nature en famille &#8211; <\/strong><strong>Centre des sciences marines de l&rsquo;Aquarium de Vancouver<\/strong><\/p>\n\n<p>Les clubs nature familiaux ont pour mission d&rsquo;aider les gens \u00e0 r\u00e9inscrire le temps pass\u00e9 dans la nature au calendrier familial en leur offrant des occasions r\u00e9guli\u00e8res de participer \u00e0 des randonn\u00e9es et \u00e0 d&rsquo;autres activit\u00e9s familiales amusantes en plein air. Ces exp\u00e9riences donnent aux familles un sentiment d&rsquo;appartenance, leur permettent de jouer librement dans la nature et les familiarisent avec les nombreuses possibilit\u00e9s de loisirs en plein air dans leur quartier.  <\/p>\n\n<div style=\"height:60px\" aria-hidden=\"true\" class=\"wp-block-spacer\"><\/div>\n\n<h3 class=\"wp-block-heading has-casc-red-color has-text-color has-link-color wp-elements-269aa59f535ea80169fdd649caeeacb9\"><strong>Meilleure exposition ou spectacle &#8211; Petite institution<\/strong><\/h3>\n\n<p><strong>Le Chemin de l&rsquo;eau &#8211; <\/strong><strong>C.I.EAU <\/strong> <\/p>\n\n<p>L&rsquo;exposition Le chemin de l&rsquo;eau [The water path] rend les consommateurs plus respectueux de l&rsquo;environnement. La pr\u00e9sentation visuelle de l&rsquo;exposition est con\u00e7ue pour int\u00e9resser les enfants de 4 \u00e0 12 ans, tandis que son contenu ravit les plus grands. Les couleurs vives, le mobilier interactif et les dix colonnes \u00e0 bulles \u00e9merveillent nos jeunes.  <\/p>\n\n<p><strong>Projet de canotage &#8211; <\/strong><strong>Le lieu d&rsquo;exploration<\/strong><\/p>\n\n<p>L&rsquo;Exploration Place a demand\u00e9 aux a\u00een\u00e9s Lheidli T&rsquo;enneh Edie et Robert Frederick ainsi qu&rsquo;\u00e0 l&rsquo;artiste Lheidli T&rsquo;enneh Jennifer Pighin de fabriquer une pirogue traditionnelle en peuplier pour le mus\u00e9e. Ce projet a \u00e9t\u00e9 une excellente occasion pour l&rsquo;enseignement traditionnel des connaissances culturelles.<\/p>\n\n<p><strong>Le Centre d&rsquo;histoire de la mine KB3 &#8211; <\/strong><strong>Mus\u00e9e min\u00e9ralogique et minier de Thetford Mines<\/strong><\/p>\n\n<p>Le Centre d&rsquo;histoire de la mine King (KB3) est une source d&rsquo;information incontournable sur l&rsquo;exploitation de l&rsquo;amiante chrysotile et la conservation du patrimoine minier de Thetford Mines. Avec ses b\u00e2timents miniers restaur\u00e9s et sa tour d&rsquo;observation situ\u00e9e au sommet d&rsquo;un chevalement, offrant une vue imprenable sur un m\u00e9lange de paysages urbains et miniers, les visiteurs ont acc\u00e8s \u00e0 une exp\u00e9rience unique !<\/p>\n\n<p><strong>Les mondes de la nuit &#8211; <\/strong><strong>Mus\u00e9e de la nature et des sciences de Sherbrooke<\/strong><\/p>\n\n<p>La nuit, alors que de nombreux animaux dorment, d&rsquo;autres s&rsquo;activent. Qui sont ces personnes ? Pourquoi ne dorment-ils pas ? Comment peuvent-ils accomplir leurs activit\u00e9s dans l&rsquo;obscurit\u00e9 totale ? Certains habitants des r\u00e9gions polaires n&rsquo;ont pas le choix. Les Mondes de la Nuit mettent en lumi\u00e8re ces sujets le long d&rsquo;un parcours menant \u00e0 une zone centrale, entour\u00e9e de onze alc\u00f4ves immersives et interactives. \u00c9videmment, vous ne dormirez pas de la nuit !<\/p>\n\n<div style=\"height:60px\" aria-hidden=\"true\" class=\"wp-block-spacer\"><\/div>\n\n<h3 class=\"wp-block-heading has-casc-red-color has-text-color has-link-color wp-elements-d9ff69441908ab3f0d622d6fe3bfbbea\"><strong>Meilleure exposition ou spectacle &#8211; Grande institution<\/strong><\/h3>\n\n<p><strong>Canada 150 : Le chemin de la d\u00e9couverte &#8211; <\/strong><strong>Centre des sciences de l&rsquo;Ontario<\/strong><\/p>\n\n<p>Canada 150 : Discovery Way, est une nouvelle installation de 65 m\u00e8tres qui c\u00e9l\u00e8bre le sesqui-centenaire en pr\u00e9sentant des histoires d&rsquo;innovations, de d\u00e9couvertes et de r\u00e9alisations scientifiques canadiennes. Les histoires sont choisies pour mettre en valeur la diversit\u00e9 des scientifiques et de leurs d\u00e9couvertes, mais aussi pour souligner les aspects cl\u00e9s du processus scientifique : l&rsquo;observation, l&rsquo;exp\u00e9rimentation et la collaboration.<\/p>\n\n<p><strong>D\u00e9couvrez les raies &#8211; <\/strong><strong>Centre des sciences marines de l&rsquo;Aquarium de Vancouver<\/strong><\/p>\n\n<p>Une nouvelle exposition qui met en lumi\u00e8re le monde merveilleux des raies. Dot\u00e9 d&rsquo;un bassin tactile, Discover Rays donne \u00e0 nos visiteurs l&rsquo;occasion de s&rsquo;engager \u00e9motionnellement avec ces doux poissons alors qu&rsquo;ils glissent sous la surface de l&rsquo;eau. Cette exposition pratique a \u00e9t\u00e9 con\u00e7ue pour inciter les visiteurs \u00e0 s&rsquo;int\u00e9resser aux raies, tout en suscitant un sentiment de respect \u00e0 l&rsquo;\u00e9gard des poissons et en garantissant leur sant\u00e9 et leur s\u00e9curit\u00e9.<\/p>\n\n<p><strong>Le pouvoir des id\u00e9es &#8211; <\/strong><strong>Institut Perimeter pour la physique th\u00e9orique<\/strong><\/p>\n\n<p>Le th\u00e8me principal de cette exposition est le processus scientifique. Ce processus consiste notamment \u00e0 susciter la curiosit\u00e9 des participants, qui peuvent ainsi explorer, observer et poser des questions. Ils peuvent exp\u00e9rimenter et d\u00e9velopper leurs propres mod\u00e8les pour r\u00e9pondre \u00e0 la question \u00ab\u00a0que se passe-t-il ici ?\u00a0\u00bb et apprendre le pouvoir de l&rsquo;\u00e9chec dans la promotion de la pers\u00e9v\u00e9rance et du renouvellement des tests, de la pens\u00e9e critique et de la collaboration. Les expositions ont \u00e9t\u00e9 con\u00e7ues pour encourager et permettre les types de comportements qui refl\u00e8tent le travail des scientifiques de l&rsquo;Institut Perimeter et renforcent la curiosit\u00e9 naturelle pour la nature de l&rsquo;Univers.<\/p>\n\n<p><strong>M\u00e9t\u00e9o sauvage &#8211; <\/strong><strong>Science Nord<\/strong><\/p>\n\n<p>Wild Weather permet aux visiteurs de d\u00e9couvrir la technologie de pointe utilis\u00e9e pour pr\u00e9voir les \u00e9v\u00e9nements m\u00e9t\u00e9orologiques, ainsi que les histoires et l&rsquo;\u00e9quipement des m\u00e9t\u00e9orologues &#8211; les scientifiques, les pr\u00e9visionnistes, les radiodiffuseurs et les passionn\u00e9s. Gr\u00e2ce \u00e0 des exp\u00e9riences, des d\u00e9fis, des mod\u00e8les, des interactifs informatiques et des exp\u00e9riences multim\u00e9dias, les visiteurs de tous \u00e2ges se plongent dans la science actuelle des ph\u00e9nom\u00e8nes m\u00e9t\u00e9orologiques violents.<\/p>\n\n<div style=\"height:60px\" aria-hidden=\"true\" class=\"wp-block-spacer\"><\/div>\n","protected":false},"excerpt":{"rendered":"<p>LES NOMIN\u00c9S DU PRIX CASCADE 2017 Meilleur programme &#8211; Petite institution Programme \u00e9ducatif du C.I.EAU &#8211; C.I.EAU Au travers de diverses activit\u00e9s, les \u00e9l\u00e8ves d\u00e9couvrent comment les m\u00e9tiers de l&rsquo;eau sont essentiels \u00e0 la soci\u00e9t\u00e9. Les activit\u00e9s sont con\u00e7ues pour amener les jeunes \u00e0 r\u00e9fl\u00e9chir \u00e0 diverses questions li\u00e9es \u00e0 l&rsquo;eau. B\u00e2tons et \u00e9toiles &#8211; [&hellip;]<\/p>\n","protected":false},"author":1,"featured_media":0,"parent":0,"menu_order":0,"comment_status":"closed","ping_status":"closed","template":"","meta":{"footnotes":""},"class_list":["post-17880","page","type-page","status-publish","hentry"],"acf":[],"_links":{"self":[{"href":"https:\/\/canadiansciencecentres.ca\/fr\/wp-json\/wp\/v2\/pages\/17880","targetHints":{"allow":["GET"]}}],"collection":[{"href":"https:\/\/canadiansciencecentres.ca\/fr\/wp-json\/wp\/v2\/pages"}],"about":[{"href":"https:\/\/canadiansciencecentres.ca\/fr\/wp-json\/wp\/v2\/types\/page"}],"author":[{"embeddable":true,"href":"https:\/\/canadiansciencecentres.ca\/fr\/wp-json\/wp\/v2\/users\/1"}],"replies":[{"embeddable":true,"href":"https:\/\/canadiansciencecentres.ca\/fr\/wp-json\/wp\/v2\/comments?post=17880"}],"version-history":[{"count":0,"href":"https:\/\/canadiansciencecentres.ca\/fr\/wp-json\/wp\/v2\/pages\/17880\/revisions"}],"wp:attachment":[{"href":"https:\/\/canadiansciencecentres.ca\/fr\/wp-json\/wp\/v2\/media?parent=17880"}],"curies":[{"name":"wp","href":"https:\/\/api.w.org\/{rel}","templated":true}]}}