{"id":17883,"date":"2023-12-19T14:35:53","date_gmt":"2023-12-19T22:35:53","guid":{"rendered":"http:\/\/canadiansciencecentres.ca\/les-laureats-du-prix-cascade-2014\/"},"modified":"2024-01-25T10:43:19","modified_gmt":"2024-01-25T18:43:19","slug":"les-laureats-du-prix-cascade-2014","status":"publish","type":"page","link":"https:\/\/canadiansciencecentres.ca\/fr\/les-laureats-du-prix-cascade-2014\/","title":{"rendered":"LES LAUR\u00c9ATS DU PRIX CASCADE 2014"},"content":{"rendered":"\n<div class=\"wp-block-group alignwide is-layout-flow wp-block-group-is-layout-flow\">\n<div style=\"height:100px\" aria-hidden=\"true\" class=\"wp-block-spacer\"><\/div>\n\n\n\n<h1 class=\"wp-block-heading has-x-large-font-size\">LES LAUR\u00c9ATS DU PRIX CASCADE 2014<\/h1>\n\n\n\n<div style=\"height:40px\" aria-hidden=\"true\" class=\"wp-block-spacer\"><\/div>\n\n\n\n<div class=\"wp-block-group has-gainsboro-background-color has-background is-layout-flow wp-block-group-is-layout-flow\" style=\"border-radius:15px;margin-top:var(--wp--preset--spacing--large);margin-bottom:var(--wp--preset--spacing--large);padding-top:var(--wp--preset--spacing--medium);padding-right:var(--wp--preset--spacing--medium);padding-bottom:var(--wp--preset--spacing--medium);padding-left:var(--wp--preset--spacing--medium)\">\n<h3 class=\"wp-block-heading has-casc-red-color has-text-color has-link-color has-medium-font-size wp-elements-837c3f612ca09a5c9d3aa6627d21a055\">Meilleur programme<\/h3>\n\n\n\n<div class=\"wp-block-columns is-layout-flex wp-container-core-columns-is-layout-28f84493 wp-block-columns-is-layout-flex\">\n<div class=\"wp-block-column is-layout-flow wp-block-column-is-layout-flow\" style=\"flex-basis:33.33%\">\n<figure class=\"wp-block-image size-full\"><img loading=\"lazy\" decoding=\"async\" width=\"300\" height=\"300\" src=\"https:\/\/canadiansciencecentres.ca\/wp-content\/uploads\/2023\/12\/illuminate.jpg\" alt=\"\" class=\"wp-image-17175\" srcset=\"https:\/\/canadiansciencecentres.ca\/wp-content\/uploads\/2023\/12\/illuminate.jpg 300w, https:\/\/canadiansciencecentres.ca\/wp-content\/uploads\/2023\/12\/illuminate-160x160.jpg 160w\" sizes=\"auto, (max-width: 300px) 100vw, 300px\" \/><\/figure>\n<\/div>\n\n\n\n<div class=\"wp-block-column is-layout-flow wp-block-column-is-layout-flow\" style=\"flex-basis:66.66%\">\n<p><strong><strong><strong>Illuminez ! &#8211; Science Est  <\/strong><\/strong><\/strong><\/p>\n\n\n\n<p>Illuminate ! est un programme provincial destin\u00e9 aux \u00e9l\u00e8ves des \u00e9coles interm\u00e9diaires, qui encourage l&rsquo;apprentissage fond\u00e9 sur la recherche dans les \u00e9coles et sensibilise le public aux carri\u00e8res dans les domaines des sciences, de la technologie, de l&rsquo;ing\u00e9nierie et des math\u00e9matiques (STIM) dans l&rsquo;ensemble du Nouveau-Brunswick. Le programme repr\u00e9sente une occasion unique d&rsquo;impliquer non seulement les jeunes, mais aussi les familles et la communaut\u00e9 dans son ensemble.  <\/p>\n<\/div>\n<\/div>\n<\/div>\n\n\n\n<div class=\"wp-block-group has-gainsboro-background-color has-background is-layout-flow wp-block-group-is-layout-flow\" style=\"border-radius:15px;margin-top:var(--wp--preset--spacing--large);margin-bottom:var(--wp--preset--spacing--large);padding-top:var(--wp--preset--spacing--medium);padding-right:var(--wp--preset--spacing--medium);padding-bottom:var(--wp--preset--spacing--medium);padding-left:var(--wp--preset--spacing--medium)\">\n<h3 class=\"wp-block-heading has-casc-red-color has-text-color has-link-color has-medium-font-size wp-elements-0184eb547d80f018684070f511b43c3a\">Meilleure exposition ou spectacle &#8211; Grande institution<\/h3>\n\n\n\n<div class=\"wp-block-columns is-layout-flex wp-container-core-columns-is-layout-28f84493 wp-block-columns-is-layout-flex\">\n<div class=\"wp-block-column is-layout-flow wp-block-column-is-layout-flow\" style=\"flex-basis:33.33%\">\n<figure class=\"wp-block-image size-full\"><img loading=\"lazy\" decoding=\"async\" width=\"300\" height=\"300\" src=\"https:\/\/canadiansciencecentres.ca\/wp-content\/uploads\/2023\/12\/HUMAN-edge.jpg\" alt=\"\" class=\"wp-image-17176\" srcset=\"https:\/\/canadiansciencecentres.ca\/wp-content\/uploads\/2023\/12\/HUMAN-edge.jpg 300w, https:\/\/canadiansciencecentres.ca\/wp-content\/uploads\/2023\/12\/HUMAN-edge-160x160.jpg 160w\" sizes=\"auto, (max-width: 300px) 100vw, 300px\" \/><\/figure>\n<\/div>\n\n\n\n<div class=\"wp-block-column is-layout-flow wp-block-column-is-layout-flow\" style=\"flex-basis:66.66%\">\n<p><strong><strong><strong><strong>Astra Zeneca Human Edge &#8211; Centre des sciences de l&rsquo;Ontario<\/strong><\/strong><\/strong><\/strong><\/p>\n\n\n\n<p>L&rsquo;Astra Zeneca Human Edge est une nouvelle salle d&rsquo;exposition permanente du Centre des sciences de l&rsquo;Ontario qui explore ce qui est humainement possible. L&rsquo;exposition met en lumi\u00e8re des histoires inspirantes de personnes qui repoussent leurs limites et vont au-del\u00e0, et montre comment ces histoires sont \u00e0 l&rsquo;origine de nouvelles d\u00e9couvertes sur le fonctionnement du corps humain.<\/p>\n<\/div>\n<\/div>\n<\/div>\n\n\n\n<div class=\"wp-block-group has-gainsboro-background-color has-background is-layout-flow wp-block-group-is-layout-flow\" style=\"border-radius:15px;margin-top:var(--wp--preset--spacing--large);margin-bottom:var(--wp--preset--spacing--large);padding-top:var(--wp--preset--spacing--medium);padding-right:var(--wp--preset--spacing--medium);padding-bottom:var(--wp--preset--spacing--medium);padding-left:var(--wp--preset--spacing--medium)\">\n<h3 class=\"wp-block-heading has-casc-red-color has-text-color has-link-color has-medium-font-size wp-elements-3e93e1e324985657760349ea336273a1\">Meilleur projet de ma\u00eetrise de l&rsquo;\u00e9nergie &#8211; soutenu par Parlons \u00e9nergie<\/h3>\n\n\n\n<div class=\"wp-block-columns is-layout-flex wp-container-core-columns-is-layout-28f84493 wp-block-columns-is-layout-flex\">\n<div class=\"wp-block-column is-layout-flow wp-block-column-is-layout-flow\" style=\"flex-basis:33.33%\">\n<figure class=\"wp-block-image size-full\"><img loading=\"lazy\" decoding=\"async\" width=\"300\" height=\"300\" src=\"https:\/\/canadiansciencecentres.ca\/wp-content\/uploads\/2023\/12\/fortis.jpg\" alt=\"\" class=\"wp-image-17178\" srcset=\"https:\/\/canadiansciencecentres.ca\/wp-content\/uploads\/2023\/12\/fortis.jpg 300w, https:\/\/canadiansciencecentres.ca\/wp-content\/uploads\/2023\/12\/fortis-160x160.jpg 160w\" sizes=\"auto, (max-width: 300px) 100vw, 300px\" \/><\/figure>\n<\/div>\n\n\n\n<div class=\"wp-block-column is-layout-flow wp-block-column-is-layout-flow\" style=\"flex-basis:66.66%\">\n<p><strong><strong><strong><strong><strong>L&rsquo;Aquaguide Fortis BC &#8211; Centre des sciences marines de l&rsquo;Aquarium de Vancouver<\/strong><\/strong><\/strong><\/strong><\/strong><\/p>\n\n\n\n<p>L&rsquo;exp\u00e9rience Fortis BC Aquaguide permet aux \u00e9l\u00e8ves de la 7e \u00e0 la 12e ann\u00e9e d&rsquo;apprendre comment les animaux et les plantes utilisent l&rsquo;\u00e9nergie pour assurer l&rsquo;efficacit\u00e9 des processus vitaux de la vie. Les \u00e9l\u00e8ves r\u00e9alisent les activit\u00e9s \u00e0 l&rsquo;aide d&rsquo;un appareil mobile (smartphone) ou de cartes de jeu imprim\u00e9es. Pour chaque activit\u00e9, les \u00e9l\u00e8ves courent la chance de gagner une tablette mobile.<\/p>\n<\/div>\n<\/div>\n<\/div>\n<\/div>\n","protected":false},"excerpt":{"rendered":"<p>LES LAUR\u00c9ATS DU PRIX CASCADE 2014 Meilleur programme Illuminez ! &#8211; Science Est Illuminate ! est un programme provincial destin\u00e9 aux \u00e9l\u00e8ves des \u00e9coles interm\u00e9diaires, qui encourage l&rsquo;apprentissage fond\u00e9 sur la recherche dans les \u00e9coles et sensibilise le public aux carri\u00e8res dans les domaines des sciences, de la technologie, de l&rsquo;ing\u00e9nierie et des math\u00e9matiques (STIM) [&hellip;]<\/p>\n","protected":false},"author":1,"featured_media":0,"parent":0,"menu_order":0,"comment_status":"closed","ping_status":"closed","template":"","meta":{"footnotes":""},"class_list":["post-17883","page","type-page","status-publish","hentry"],"acf":[],"_links":{"self":[{"href":"https:\/\/canadiansciencecentres.ca\/fr\/wp-json\/wp\/v2\/pages\/17883","targetHints":{"allow":["GET"]}}],"collection":[{"href":"https:\/\/canadiansciencecentres.ca\/fr\/wp-json\/wp\/v2\/pages"}],"about":[{"href":"https:\/\/canadiansciencecentres.ca\/fr\/wp-json\/wp\/v2\/types\/page"}],"author":[{"embeddable":true,"href":"https:\/\/canadiansciencecentres.ca\/fr\/wp-json\/wp\/v2\/users\/1"}],"replies":[{"embeddable":true,"href":"https:\/\/canadiansciencecentres.ca\/fr\/wp-json\/wp\/v2\/comments?post=17883"}],"version-history":[{"count":0,"href":"https:\/\/canadiansciencecentres.ca\/fr\/wp-json\/wp\/v2\/pages\/17883\/revisions"}],"wp:attachment":[{"href":"https:\/\/canadiansciencecentres.ca\/fr\/wp-json\/wp\/v2\/media?parent=17883"}],"curies":[{"name":"wp","href":"https:\/\/api.w.org\/{rel}","templated":true}]}}