{"id":17886,"date":"2023-12-19T14:13:07","date_gmt":"2023-12-19T22:13:07","guid":{"rendered":"http:\/\/canadiansciencecentres.ca\/les-laureats-du-prix-cascade-2017\/"},"modified":"2024-01-25T10:43:19","modified_gmt":"2024-01-25T18:43:19","slug":"les-laureats-du-prix-cascade-2017","status":"publish","type":"page","link":"https:\/\/canadiansciencecentres.ca\/fr\/les-laureats-du-prix-cascade-2017\/","title":{"rendered":"LES LAUR\u00c9ATS DU PRIX CASCADE 2017"},"content":{"rendered":"\n<div class=\"wp-block-group alignwide is-layout-flow wp-block-group-is-layout-flow\">\n<div style=\"height:100px\" aria-hidden=\"true\" class=\"wp-block-spacer\"><\/div>\n\n\n\n<h1 class=\"wp-block-heading has-x-large-font-size\">LES LAUR\u00c9ATS DU PRIX CASCADE 2017<\/h1>\n\n\n\n<p class=\"has-normal-font-size\"><strong><a href=\"https:\/\/canadiansciencecentres.ca\/fr\/les-nomines-du-prix-cascade-2017\/\">Voir les nomin\u00e9s 2017  <\/a><\/strong><\/p>\n\n\n\n<div style=\"height:40px\" aria-hidden=\"true\" class=\"wp-block-spacer\"><\/div>\n\n\n\n<div class=\"wp-block-group has-gainsboro-background-color has-background is-layout-flow wp-block-group-is-layout-flow\" style=\"border-radius:15px;margin-top:var(--wp--preset--spacing--large);margin-bottom:var(--wp--preset--spacing--large);padding-top:var(--wp--preset--spacing--medium);padding-right:var(--wp--preset--spacing--medium);padding-bottom:var(--wp--preset--spacing--medium);padding-left:var(--wp--preset--spacing--medium)\">\n<h3 class=\"wp-block-heading has-casc-red-color has-text-color has-link-color has-medium-font-size wp-elements-af9c3bca86b41dc379f376770db996d8\">Meilleur programme &#8211; Petite institution<\/h3>\n\n\n\n<div class=\"wp-block-columns is-layout-flex wp-container-core-columns-is-layout-28f84493 wp-block-columns-is-layout-flex\">\n<div class=\"wp-block-column is-layout-flow wp-block-column-is-layout-flow\" style=\"flex-basis:33.33%\">\n<figure class=\"wp-block-image size-full\"><img loading=\"lazy\" decoding=\"async\" width=\"960\" height=\"720\" src=\"https:\/\/canadiansciencecentres.ca\/wp-content\/uploads\/2023\/12\/Slide11.jpg\" alt=\"\" class=\"wp-image-17146\" srcset=\"https:\/\/canadiansciencecentres.ca\/wp-content\/uploads\/2023\/12\/Slide11.jpg 960w, https:\/\/canadiansciencecentres.ca\/wp-content\/uploads\/2023\/12\/Slide11-640x480.jpg 640w, https:\/\/canadiansciencecentres.ca\/wp-content\/uploads\/2023\/12\/Slide11-768x576.jpg 768w\" sizes=\"auto, (max-width: 960px) 100vw, 960px\" \/><\/figure>\n<\/div>\n\n\n\n<div class=\"wp-block-column is-layout-flow wp-block-column-is-layout-flow\" style=\"flex-basis:66.66%\">\n<p><strong><strong>De la mar\u00e9e \u00e0 la technologie &#8211; Centre de d\u00e9couverte<\/strong><\/strong><\/p>\n\n\n\n<p>Le programme \u00ab\u00a0Tide to Technology\u00a0\u00bb r\u00e9pond au besoin de la Nouvelle-\u00c9cosse de sensibiliser la population aux oc\u00e9ans et aux carri\u00e8res li\u00e9es aux technologies oc\u00e9aniques. Gr\u00e2ce \u00e0 un partenariat avec le Conseil des technologies oc\u00e9aniques de Nouvelle-\u00c9cosse, le Discovery Centre propose gratuitement ce programme pratique bas\u00e9 sur la technologie aux \u00e9coles de toute la Nouvelle-\u00c9cosse.<\/p>\n<\/div>\n<\/div>\n<\/div>\n\n\n\n<div class=\"wp-block-group has-gainsboro-background-color has-background is-layout-flow wp-block-group-is-layout-flow\" style=\"border-radius:15px;margin-top:var(--wp--preset--spacing--large);margin-bottom:var(--wp--preset--spacing--large);padding-top:var(--wp--preset--spacing--medium);padding-right:var(--wp--preset--spacing--medium);padding-bottom:var(--wp--preset--spacing--medium);padding-left:var(--wp--preset--spacing--medium)\">\n<h3 class=\"wp-block-heading has-casc-red-color has-text-color has-link-color has-medium-font-size wp-elements-a5676836a6a1b73581d7fdffb3becf31\">Meilleur programme &#8211; Grande institution  <\/h3>\n\n\n\n<div class=\"wp-block-columns is-layout-flex wp-container-core-columns-is-layout-28f84493 wp-block-columns-is-layout-flex\">\n<div class=\"wp-block-column is-layout-flow wp-block-column-is-layout-flow\" style=\"flex-basis:33.33%\">\n<figure class=\"wp-block-image size-full\"><img loading=\"lazy\" decoding=\"async\" width=\"960\" height=\"720\" src=\"https:\/\/canadiansciencecentres.ca\/wp-content\/uploads\/2023\/12\/Slide9.jpg\" alt=\"\" class=\"wp-image-17147\" srcset=\"https:\/\/canadiansciencecentres.ca\/wp-content\/uploads\/2023\/12\/Slide9.jpg 960w, https:\/\/canadiansciencecentres.ca\/wp-content\/uploads\/2023\/12\/Slide9-640x480.jpg 640w, https:\/\/canadiansciencecentres.ca\/wp-content\/uploads\/2023\/12\/Slide9-768x576.jpg 768w\" sizes=\"auto, (max-width: 960px) 100vw, 960px\" \/><\/figure>\n<\/div>\n\n\n\n<div class=\"wp-block-column is-layout-flow wp-block-column-is-layout-flow\" style=\"flex-basis:66.66%\">\n<p><strong><strong><strong>Clubs nature en famille &#8211; Vancouver Aquarium Marine Science Centre<\/strong><\/strong><\/strong><\/p>\n\n\n\n<p>Les clubs nature familiaux ont pour mission d&rsquo;aider les gens \u00e0 r\u00e9inscrire le temps pass\u00e9 dans la nature au calendrier familial en leur offrant des occasions r\u00e9guli\u00e8res de participer \u00e0 des randonn\u00e9es et \u00e0 d&rsquo;autres activit\u00e9s familiales amusantes en plein air. Ces exp\u00e9riences donnent aux familles un sentiment d&rsquo;appartenance, leur permettent de jouer librement dans la nature et les familiarisent avec les nombreuses possibilit\u00e9s de loisirs en plein air dans leur quartier.  <\/p>\n<\/div>\n<\/div>\n<\/div>\n\n\n\n<div class=\"wp-block-group has-gainsboro-background-color has-background is-layout-flow wp-block-group-is-layout-flow\" style=\"border-radius:15px;margin-top:var(--wp--preset--spacing--large);margin-bottom:var(--wp--preset--spacing--large);padding-top:var(--wp--preset--spacing--medium);padding-right:var(--wp--preset--spacing--medium);padding-bottom:var(--wp--preset--spacing--medium);padding-left:var(--wp--preset--spacing--medium)\">\n<h3 class=\"wp-block-heading has-casc-red-color has-text-color has-link-color has-medium-font-size wp-elements-dc095f551035ac27a65421b52965a631\">Meilleure exposition ou spectacle &#8211; Petite institution<\/h3>\n\n\n\n<div class=\"wp-block-columns is-layout-flex wp-container-core-columns-is-layout-28f84493 wp-block-columns-is-layout-flex\">\n<div class=\"wp-block-column is-layout-flow wp-block-column-is-layout-flow\" style=\"flex-basis:33.33%\">\n<figure class=\"wp-block-image size-full\"><img loading=\"lazy\" decoding=\"async\" width=\"960\" height=\"720\" src=\"https:\/\/canadiansciencecentres.ca\/wp-content\/uploads\/2023\/12\/Slide7.jpg\" alt=\"\" class=\"wp-image-17148\" srcset=\"https:\/\/canadiansciencecentres.ca\/wp-content\/uploads\/2023\/12\/Slide7.jpg 960w, https:\/\/canadiansciencecentres.ca\/wp-content\/uploads\/2023\/12\/Slide7-640x480.jpg 640w, https:\/\/canadiansciencecentres.ca\/wp-content\/uploads\/2023\/12\/Slide7-768x576.jpg 768w\" sizes=\"auto, (max-width: 960px) 100vw, 960px\" \/><\/figure>\n<\/div>\n\n\n\n<div class=\"wp-block-column is-layout-flow wp-block-column-is-layout-flow\" style=\"flex-basis:66.66%\">\n<p><strong><strong><strong><strong>Le monde de la nuit &#8211; Mus\u00e9e de la nature et des sciences de Sherbrooke<\/strong><\/strong><\/strong><\/strong><\/p>\n\n\n\n<p>La nuit, alors que de nombreux animaux dorment, d&rsquo;autres s&rsquo;activent. Qui sont ces personnes ? Pourquoi ne dorment-ils pas ? Comment peuvent-ils accomplir leurs activit\u00e9s dans l&rsquo;obscurit\u00e9 totale ? Certains habitants des r\u00e9gions polaires n&rsquo;ont pas le choix. Les Mondes de la Nuit mettent en lumi\u00e8re ces sujets le long d&rsquo;un parcours menant \u00e0 une zone centrale, entour\u00e9e de onze alc\u00f4ves immersives et interactives. \u00c9videmment, vous ne dormirez pas de la nuit !<\/p>\n<\/div>\n<\/div>\n<\/div>\n\n\n\n<div class=\"wp-block-group has-gainsboro-background-color has-background is-layout-flow wp-block-group-is-layout-flow\" style=\"border-radius:15px;margin-top:var(--wp--preset--spacing--large);margin-bottom:var(--wp--preset--spacing--large);padding-top:var(--wp--preset--spacing--medium);padding-right:var(--wp--preset--spacing--medium);padding-bottom:var(--wp--preset--spacing--medium);padding-left:var(--wp--preset--spacing--medium)\">\n<h3 class=\"wp-block-heading has-casc-red-color has-text-color has-link-color has-medium-font-size wp-elements-0184eb547d80f018684070f511b43c3a\">Meilleure exposition ou spectacle &#8211; Grande institution<\/h3>\n\n\n\n<div class=\"wp-block-columns is-layout-flex wp-container-core-columns-is-layout-28f84493 wp-block-columns-is-layout-flex\">\n<div class=\"wp-block-column is-layout-flow wp-block-column-is-layout-flow\" style=\"flex-basis:33.33%\">\n<figure class=\"wp-block-image size-full\"><img loading=\"lazy\" decoding=\"async\" width=\"960\" height=\"720\" src=\"https:\/\/canadiansciencecentres.ca\/wp-content\/uploads\/2023\/12\/Slide3.jpg\" alt=\"\" class=\"wp-image-17149\" srcset=\"https:\/\/canadiansciencecentres.ca\/wp-content\/uploads\/2023\/12\/Slide3.jpg 960w, https:\/\/canadiansciencecentres.ca\/wp-content\/uploads\/2023\/12\/Slide3-640x480.jpg 640w, https:\/\/canadiansciencecentres.ca\/wp-content\/uploads\/2023\/12\/Slide3-768x576.jpg 768w\" sizes=\"auto, (max-width: 960px) 100vw, 960px\" \/><\/figure>\n<\/div>\n\n\n\n<div class=\"wp-block-column is-layout-flow wp-block-column-is-layout-flow\" style=\"flex-basis:66.66%\">\n<p><strong><strong><strong><strong><strong>Le temps sauvage &#8211; Science Nord<\/strong><\/strong><\/strong><\/strong><\/strong><\/p>\n\n\n\n<p>Wild Weather permet aux visiteurs de d\u00e9couvrir la technologie de pointe utilis\u00e9e pour pr\u00e9voir les \u00e9v\u00e9nements m\u00e9t\u00e9orologiques, ainsi que les histoires et l&rsquo;\u00e9quipement des m\u00e9t\u00e9orologues &#8211; les scientifiques, les pr\u00e9visionnistes, les radiodiffuseurs et les passionn\u00e9s. Gr\u00e2ce \u00e0 des exp\u00e9riences, des d\u00e9fis, des mod\u00e8les, des interactifs informatiques et des exp\u00e9riences multim\u00e9dias, les visiteurs de tous \u00e2ges se plongent dans la science actuelle des ph\u00e9nom\u00e8nes m\u00e9t\u00e9orologiques violents.<\/p>\n<\/div>\n<\/div>\n<\/div>\n<\/div>\n\n<p><\/p>\n","protected":false},"excerpt":{"rendered":"<p>LES LAUR\u00c9ATS DU PRIX CASCADE 2017 Voir les nomin\u00e9s 2017 Meilleur programme &#8211; Petite institution De la mar\u00e9e \u00e0 la technologie &#8211; Centre de d\u00e9couverte Le programme \u00ab\u00a0Tide to Technology\u00a0\u00bb r\u00e9pond au besoin de la Nouvelle-\u00c9cosse de sensibiliser la population aux oc\u00e9ans et aux carri\u00e8res li\u00e9es aux technologies oc\u00e9aniques. Gr\u00e2ce \u00e0 un partenariat avec le [&hellip;]<\/p>\n","protected":false},"author":1,"featured_media":0,"parent":0,"menu_order":0,"comment_status":"closed","ping_status":"closed","template":"","meta":{"footnotes":""},"class_list":["post-17886","page","type-page","status-publish","hentry"],"acf":[],"_links":{"self":[{"href":"https:\/\/canadiansciencecentres.ca\/fr\/wp-json\/wp\/v2\/pages\/17886","targetHints":{"allow":["GET"]}}],"collection":[{"href":"https:\/\/canadiansciencecentres.ca\/fr\/wp-json\/wp\/v2\/pages"}],"about":[{"href":"https:\/\/canadiansciencecentres.ca\/fr\/wp-json\/wp\/v2\/types\/page"}],"author":[{"embeddable":true,"href":"https:\/\/canadiansciencecentres.ca\/fr\/wp-json\/wp\/v2\/users\/1"}],"replies":[{"embeddable":true,"href":"https:\/\/canadiansciencecentres.ca\/fr\/wp-json\/wp\/v2\/comments?post=17886"}],"version-history":[{"count":0,"href":"https:\/\/canadiansciencecentres.ca\/fr\/wp-json\/wp\/v2\/pages\/17886\/revisions"}],"wp:attachment":[{"href":"https:\/\/canadiansciencecentres.ca\/fr\/wp-json\/wp\/v2\/media?parent=17886"}],"curies":[{"name":"wp","href":"https:\/\/api.w.org\/{rel}","templated":true}]}}