{"id":17887,"date":"2023-12-11T14:09:37","date_gmt":"2023-12-11T22:09:37","guid":{"rendered":"http:\/\/canadiansciencecentres.ca\/rejoindre-notre-equipe\/"},"modified":"2024-04-16T11:38:01","modified_gmt":"2024-04-16T18:38:01","slug":"rejoindre-notre-equipe","status":"publish","type":"page","link":"https:\/\/canadiansciencecentres.ca\/fr\/rejoindre-notre-equipe\/","title":{"rendered":"Rejoindre notre \u00e9quipe"},"content":{"rendered":"\n<div class=\"wp-block-group alignfull svg-background-2 has-primary-color has-casc-green-background-color has-text-color has-background has-link-color wp-elements-cb8a7a1af6f3634dc772dc5e844a27de has-global-padding is-layout-constrained wp-block-group-is-layout-constrained\">\n<div class=\"wp-block-columns alignwide is-layout-flex wp-container-core-columns-is-layout-28f84493 wp-block-columns-is-layout-flex\">\n<div class=\"wp-block-column is-layout-flow wp-block-column-is-layout-flow\" style=\"padding-top:var(--wp--preset--spacing--x-large);padding-right:var(--wp--preset--spacing--large)\">\n<h1 class=\"wp-block-heading has-large-font-size\">Quand la curiosit\u00e9 rencontre l&rsquo;opportunit\u00e9<\/h1>\n\n\n\n<p>Si vous \u00eates passionn\u00e9 par les sciences, l&rsquo;\u00e9ducation et le pouvoir de la d\u00e9couverte pratique, vous \u00eates au bon endroit. Au c\u0153ur de notre organisation se trouve un engagement commun : susciter l&rsquo;\u00e9merveillement, promouvoir la culture scientifique et inspirer la prochaine g\u00e9n\u00e9ration d&rsquo;innovateurs.  <\/p>\n<\/div>\n\n\n\n<div class=\"wp-block-column is-layout-flow wp-block-column-is-layout-flow\" style=\"padding-top:var(--wp--preset--spacing--x-large);padding-bottom:0px;padding-left:var(--wp--preset--spacing--x-large)\">\n<figure class=\"wp-block-image size-full has-custom-border\"><img loading=\"lazy\" decoding=\"async\" width=\"2560\" height=\"1847\" src=\"https:\/\/canadiansciencecentres.ca\/wp-content\/uploads\/2024\/04\/img_5049-1.jpg\" alt=\"\" class=\"wp-image-18632\" style=\"border-top-left-radius:15px;border-top-right-radius:15px;border-bottom-left-radius:0px;border-bottom-right-radius:0px\" srcset=\"https:\/\/canadiansciencecentres.ca\/wp-content\/uploads\/2024\/04\/img_5049-1.jpg 2560w, https:\/\/canadiansciencecentres.ca\/wp-content\/uploads\/2024\/04\/img_5049-1-640x462.jpg 640w, https:\/\/canadiansciencecentres.ca\/wp-content\/uploads\/2024\/04\/img_5049-1-1280x924.jpg 1280w, https:\/\/canadiansciencecentres.ca\/wp-content\/uploads\/2024\/04\/img_5049-1-768x554.jpg 768w, https:\/\/canadiansciencecentres.ca\/wp-content\/uploads\/2024\/04\/img_5049-1-1536x1108.jpg 1536w, https:\/\/canadiansciencecentres.ca\/wp-content\/uploads\/2024\/04\/img_5049-1-2048x1478.jpg 2048w\" sizes=\"auto, (max-width: 2560px) 100vw, 2560px\" \/><\/figure>\n<\/div>\n<\/div>\n<\/div>\n\n<div style=\"height:60px\" aria-hidden=\"true\" class=\"wp-block-spacer\"><\/div>\n\n<div class=\"wp-block-group alignwide is-layout-flow wp-block-group-is-layout-flow\">\n<h2 class=\"wp-block-heading\">Pourquoi travailler avec nous ?<\/h2>\n\n\n\n<div class=\"wp-block-group has-casc-yellow-background-color has-background is-layout-flow wp-block-group-is-layout-flow\" style=\"border-radius:15px;padding-top:var(--wp--preset--spacing--medium);padding-right:var(--wp--preset--spacing--medium);padding-bottom:var(--wp--preset--spacing--medium);padding-left:var(--wp--preset--spacing--medium)\">\n<h3 class=\"wp-block-heading\">\u00c9quipe dynamique<\/h3>\n\n\n\n<p>Rejoindre notre \u00e9quipe, c&rsquo;est faire partie d&rsquo;une communaut\u00e9 dynamique qui favorise la cr\u00e9ativit\u00e9, la croissance et la collaboration, tout en contribuant \u00e0 l&rsquo;avancement de l&rsquo;enseignement des sciences au Canada. Explorez nos offres d&#8217;emploi actuelles et imaginez les possibilit\u00e9s d&rsquo;une carri\u00e8re chez nous &#8211; l\u00e0 o\u00f9 la science prend vie.<\/p>\n<\/div>\n\n\n\n<div class=\"wp-block-group has-white-color has-casc-blue-background-color has-text-color has-background has-link-color wp-elements-bf6122cfcff9cd157dea8729567b59f5 is-layout-flow wp-block-group-is-layout-flow\" style=\"border-radius:15px;padding-top:var(--wp--preset--spacing--medium);padding-right:var(--wp--preset--spacing--medium);padding-bottom:var(--wp--preset--spacing--medium);padding-left:var(--wp--preset--spacing--medium)\">\n<h3 class=\"wp-block-heading\">Une approche responsabilisante<\/h3>\n\n\n\n<p>Nous envisageons une culture de la science et de l&rsquo;innovation florissante, compos\u00e9e de citoyens engag\u00e9s dans l&rsquo;ensemble du Canada. Notre mission est de renforcer un r\u00e9seau national d&rsquo;organisations qui d\u00e9fendent la science et l&rsquo;innovation en rendant la science abordable, pertinente et accessible.  <\/p>\n\n\n\n<p>Pour ce faire, nous partageons les meilleures pratiques en mati\u00e8re d&rsquo;engagement scientifique, nous cultivons une approche \u00e9cosyst\u00e9mique, nous aidons \u00e0 d\u00e9velopper des initiatives innovantes et nous contribuons \u00e0 faire \u00e9voluer les politiques afin de reconna\u00eetre et de valoriser le secteur informel de l&rsquo;apprentissage des sciences et de l&rsquo;engagement du public.  <\/p>\n\n\n\n<p>Nous sommes une \u00e9quipe diversifi\u00e9e et soud\u00e9e qui se consacre \u00e0 rendre la science accessible en soutenant les membres de nos centres et mus\u00e9es scientifiques et en menant des campagnes en ligne.  <\/p>\n\n\n\n<div class=\"wp-block-buttons is-layout-flex wp-block-buttons-is-layout-flex\">\n<div class=\"wp-block-button is-style-outline is-style-outline--2\"><a class=\"wp-block-button__link wp-element-button\" href=\"https:\/\/casc.bamboohr.com\/careers\"><strong>Voir nos postes \u00e0 pourvoir<\/strong><\/a><\/div>\n<\/div>\n<\/div>\n<\/div>\n\n<div style=\"height:60px\" aria-hidden=\"true\" class=\"wp-block-spacer\"><\/div>\n\n<div class=\"wp-block-group alignwide is-layout-flow wp-block-group-is-layout-flow\">\n<h2 class=\"wp-block-heading\">Nous croyons<\/h2>\n\n\n\n<div class=\"wp-block-columns is-layout-flex wp-container-core-columns-is-layout-28f84493 wp-block-columns-is-layout-flex\">\n<div class=\"wp-block-column is-layout-flow wp-block-column-is-layout-flow\">\n<ul class=\"wp-block-list\">\n<li>L&rsquo;apprentissage tout au long de la vie est essentiel pour une culture florissante de la science et de l&rsquo;innovation<\/li>\n\n\n\n<li>L&rsquo;engagement informel dans les sciences est essentiel pour am\u00e9liorer la culture scientifique et promouvoir la pens\u00e9e critique<\/li>\n<\/ul>\n<\/div>\n\n\n\n<div class=\"wp-block-column is-layout-flow wp-block-column-is-layout-flow\">\n<ul class=\"wp-block-list\">\n<li>La participation et la repr\u00e9sentation diversifi\u00e9es sont essentielles et encourag\u00e9es<\/li>\n\n\n\n<li>La pertinence sociale et la confiance sont des \u00e9l\u00e9ments fondamentaux d&rsquo;un engagement scientifique public efficace<\/li>\n\n\n\n<li>La collaboration est n\u00e9cessaire pour relever les d\u00e9fis mondiaux et locaux<\/li>\n<\/ul>\n<\/div>\n<\/div>\n<\/div>\n\n<div style=\"height:60px\" aria-hidden=\"true\" class=\"wp-block-spacer\"><\/div>\n\n<div class=\"wp-block-group alignfull has-gainsboro-background-color has-background has-global-padding is-layout-constrained wp-block-group-is-layout-constrained\" style=\"padding-top:var(--wp--preset--spacing--x-large);padding-bottom:var(--wp--preset--spacing--x-large)\">\n<div class=\"wp-block-group alignwide is-layout-flow wp-block-group-is-layout-flow\">\n<h2 class=\"wp-block-heading\">Nous accordons de l&rsquo;importance<\/h2>\n\n\n\n<div class=\"wp-block-columns is-layout-flex wp-container-core-columns-is-layout-205b556c wp-block-columns-is-layout-flex\" style=\"margin-top:var(--wp--preset--spacing--medium);margin-bottom:var(--wp--preset--spacing--medium)\">\n<div class=\"wp-block-column is-layout-flow wp-block-column-is-layout-flow\">\n<p><strong>Motivation<\/strong><\/p>\n\n\n\n<p>Nous trouvons notre inspiration dans les organisations avec lesquelles nous travaillons et les missions que nous soutenons<\/p>\n<\/div>\n\n\n\n<div class=\"wp-block-column is-layout-flow wp-block-column-is-layout-flow\">\n<p><strong>Collaboration<\/strong><\/p>\n\n\n\n<p>Nous nous \u00e9panouissons lorsque nous r\u00e9unissons des personnes ayant des perspectives, des id\u00e9es et des ant\u00e9c\u00e9dents diff\u00e9rents.<\/p>\n<\/div>\n\n\n\n<div class=\"wp-block-column is-layout-flow wp-block-column-is-layout-flow\">\n<p><strong>Am\u00e9lioration<\/strong><\/p>\n\n\n\n<p>Nous encourageons la recherche, l&rsquo;apprentissage et la pratique continus<\/p>\n<\/div>\n<\/div>\n\n\n\n<div class=\"wp-block-columns is-layout-flex wp-container-core-columns-is-layout-caa84f16 wp-block-columns-is-layout-flex\" style=\"margin-top:var(--wp--preset--spacing--medium);margin-bottom:var(--wp--preset--spacing--medium)\">\n<div class=\"wp-block-column is-layout-flow wp-block-column-is-layout-flow\">\n<p><strong>Inclusion<\/strong><\/p>\n\n\n\n<p>Nous nous \u00e9panouissons dans une culture inclusive o\u00f9 les gens se sentent respect\u00e9s et valoris\u00e9s pour ce qu&rsquo;ils sont en tant qu&rsquo;individu ou en tant que groupe.<\/p>\n<\/div>\n\n\n\n<div class=\"wp-block-column is-layout-flow wp-block-column-is-layout-flow\">\n<p><strong>L&rsquo;innovation<\/strong><\/p>\n\n\n\n<p>Nous am\u00e9liorons les choses de mani\u00e8re \u00e0 ce qu&rsquo;elles profitent \u00e0 tous gr\u00e2ce \u00e0 la consultation, \u00e0 l&rsquo;exp\u00e9rimentation et \u00e0 l&rsquo;it\u00e9ration.<\/p>\n<\/div>\n\n\n\n<div class=\"wp-block-column is-layout-flow wp-block-column-is-layout-flow\">\n<p><strong>Impact<\/strong><\/p>\n\n\n\n<p>Nous renfor\u00e7ons notre impact gr\u00e2ce \u00e0 des d\u00e9cisions fond\u00e9es sur des donn\u00e9es probantes<\/p>\n<\/div>\n<\/div>\n<\/div>\n<\/div>\n\n<div style=\"height:60px\" aria-hidden=\"true\" class=\"wp-block-spacer\"><\/div>\n\n<div class=\"wp-block-group alignwide is-layout-flow wp-block-group-is-layout-flow\">\n<h2 class=\"wp-block-heading\">Nous proposons<\/h2>\n\n\n\n<ul class=\"wp-block-list\">\n<li>Des horaires flexibles et le travail \u00e0 distance*<\/li>\n\n\n\n<li>Un environnement amusant et ouvert \u00e0 tous  <\/li>\n\n\n\n<li>R\u00e9mun\u00e9ration comp\u00e9titive comprenant des avantages en mati\u00e8re de sant\u00e9 et de bien-\u00eatre<\/li>\n\n\n\n<li>Possibilit\u00e9s d&rsquo;apprentissage et de d\u00e9veloppement professionnel<\/li>\n\n\n\n<li>La satisfaction de savoir que vous faites la diff\u00e9rence !<\/li>\n<\/ul>\n\n\n\n<p class=\"has-x-small-font-size\">*Nous fournissons la technologie n\u00e9cessaire<\/p>\n\n\n\n<div class=\"wp-block-buttons is-layout-flex wp-block-buttons-is-layout-flex\">\n<div class=\"wp-block-button is-style-fill\"><a class=\"wp-block-button__link has-white-color has-primary-background-color has-text-color has-background has-link-color wp-element-button\" href=\"https:\/\/casc.bamboohr.com\/careers\"><strong>Voir nos postes \u00e0 pourvoir<\/strong><\/a><\/div>\n<\/div>\n<\/div>\n\n<div style=\"height:60px\" aria-hidden=\"true\" class=\"wp-block-spacer\"><\/div>\n\n<div class=\"wp-block-group alignwide has-white-color has-secondary-background-color has-text-color has-background has-link-color wp-elements-9e7d144a3fdbb553406eed387264c517 is-layout-flow wp-block-group-is-layout-flow\" style=\"border-radius:15px;padding-top:var(--wp--preset--spacing--medium);padding-right:var(--wp--preset--spacing--medium);padding-bottom:var(--wp--preset--spacing--medium);padding-left:var(--wp--preset--spacing--medium)\">\n<h3 class=\"wp-block-heading\">La diversit\u00e9 et l&rsquo;inclusion sont au c\u0153ur de nos valeurs<\/h3>\n\n\n\n<p>Des \u00e9quipes diversifi\u00e9es apportent des perspectives diff\u00e9rentes et des id\u00e9es cr\u00e9atives qui profitent \u00e0 nos membres, aux communaut\u00e9s que nous servons collectivement et \u00e0 nous tous en tant que coll\u00e8gues.  <\/p>\n\n\n\n<p>Nous acceptons les candidatures de personnes ayant des capacit\u00e9s diverses et provenant de tous les milieux et de toutes les identit\u00e9s.<\/p>\n<\/div>\n\n<div style=\"height:60px\" aria-hidden=\"true\" class=\"wp-block-spacer\"><\/div>\n","protected":false},"excerpt":{"rendered":"<p>Quand la curiosit\u00e9 rencontre l&rsquo;opportunit\u00e9 Si vous \u00eates passionn\u00e9 par les sciences, l&rsquo;\u00e9ducation et le pouvoir de la d\u00e9couverte pratique, vous \u00eates au bon endroit. Au c\u0153ur de notre organisation se trouve un engagement commun : susciter l&rsquo;\u00e9merveillement, promouvoir la culture scientifique et inspirer la prochaine g\u00e9n\u00e9ration d&rsquo;innovateurs. Pourquoi travailler avec nous ? \u00c9quipe dynamique [&hellip;]<\/p>\n","protected":false},"author":1,"featured_media":0,"parent":0,"menu_order":0,"comment_status":"closed","ping_status":"closed","template":"","meta":{"footnotes":""},"class_list":["post-17887","page","type-page","status-publish","hentry"],"acf":[],"_links":{"self":[{"href":"https:\/\/canadiansciencecentres.ca\/fr\/wp-json\/wp\/v2\/pages\/17887","targetHints":{"allow":["GET"]}}],"collection":[{"href":"https:\/\/canadiansciencecentres.ca\/fr\/wp-json\/wp\/v2\/pages"}],"about":[{"href":"https:\/\/canadiansciencecentres.ca\/fr\/wp-json\/wp\/v2\/types\/page"}],"author":[{"embeddable":true,"href":"https:\/\/canadiansciencecentres.ca\/fr\/wp-json\/wp\/v2\/users\/1"}],"replies":[{"embeddable":true,"href":"https:\/\/canadiansciencecentres.ca\/fr\/wp-json\/wp\/v2\/comments?post=17887"}],"version-history":[{"count":0,"href":"https:\/\/canadiansciencecentres.ca\/fr\/wp-json\/wp\/v2\/pages\/17887\/revisions"}],"wp:attachment":[{"href":"https:\/\/canadiansciencecentres.ca\/fr\/wp-json\/wp\/v2\/media?parent=17887"}],"curies":[{"name":"wp","href":"https:\/\/api.w.org\/{rel}","templated":true}]}}