{"id":17888,"date":"2023-12-11T14:09:32","date_gmt":"2023-12-11T19:09:32","guid":{"rendered":"http:\/\/canadiansciencecentres.ca\/nos-soutiens\/"},"modified":"2024-08-09T15:27:31","modified_gmt":"2024-08-09T19:27:31","slug":"nos-partenaires","status":"publish","type":"page","link":"https:\/\/canadiansciencecentres.ca\/fr\/nos-partenaires\/","title":{"rendered":"Nos partenaires"},"content":{"rendered":"\n<div class=\"wp-block-group alignfull svg-background-4 has-white-color has-secondary-background-color has-text-color has-background has-link-color wp-elements-69ca2b8203f48c8c33406709149b4b39 has-global-padding is-layout-constrained wp-block-group-is-layout-constrained\" style=\"padding-top:var(--wp--preset--spacing--x-large);padding-bottom:var(--wp--preset--spacing--x-large)\">\n<div style=\"height:40px\" aria-hidden=\"true\" class=\"wp-block-spacer\"><\/div>\n\n\n\n<h1 class=\"wp-block-heading has-text-align-center has-x-large-font-size\">Nos partenaires<\/h1>\n\n\n\n<p class=\"has-text-align-center\">L&rsquo;ACCS est reconnaissante \u00e0 ses partenaires et \u00e0 ses sympathisants pour leur engagement continu \u00e0 d\u00e9velopper une culture de la science et de l&rsquo;innovation au Canada.<\/p>\n\n\n\n<div style=\"height:40px\" aria-hidden=\"true\" class=\"wp-block-spacer\"><\/div>\n<\/div>\n\n<div style=\"height:60px\" aria-hidden=\"true\" class=\"wp-block-spacer\"><\/div>\n\r\n\r\n<div class=\"logos-block alignwide logo-grid column-count-3\">\r\n    <div class=\"logo-slider-row swiper-container\">\r\n                    <div class=\"logos animation swiper-wrapper\">\r\n                                                <div class=\"swiper-slide logo\">\r\n                                        <a href=\"https:\/\/ised-isde.canada.ca\/site\/ised\/fr\"\r\n                        target=\"_blank\">\r\n                                                <img decoding=\"async\" src=\"https:\/\/canadiansciencecentres.ca\/wp-content\/uploads\/2023\/12\/ised_bilingual.jpeg\" alt=\"\">\r\n                                            <\/a>\r\n                                    <\/div>\r\n                                                <div class=\"swiper-slide logo\">\r\n                                        <a href=\"https:\/\/ressources-naturelles.canada.ca\/accueil\"\r\n                        target=\"_blank\">\r\n                                                <img decoding=\"async\" src=\"https:\/\/canadiansciencecentres.ca\/wp-content\/uploads\/2023\/12\/natural-resources-canada-logo-vector.png\" alt=\"\">\r\n                                            <\/a>\r\n                                    <\/div>\r\n                                                <div class=\"swiper-slide logo\">\r\n                                        <a href=\"https:\/\/www.canada.ca\/fr\/sante-publique.html\"\r\n                        target=\"_blank\">\r\n                                                <img decoding=\"async\" src=\"https:\/\/canadiansciencecentres.ca\/wp-content\/uploads\/2023\/12\/yjsjb0wbzlyfyl7upahu.png\" alt=\"\">\r\n                                            <\/a>\r\n                                    <\/div>\r\n                                                <div class=\"swiper-slide logo\">\r\n                                        <a href=\"https:\/\/www.canada.ca\/fr\/patrimoine-canadien.html\"\r\n                        target=\"_blank\">\r\n                                                <img decoding=\"async\" src=\"https:\/\/canadiansciencecentres.ca\/wp-content\/uploads\/2023\/12\/logo-canadian-heritage.png\" alt=\"\">\r\n                                            <\/a>\r\n                                    <\/div>\r\n                                                <div class=\"swiper-slide logo\">\r\n                                        <a href=\"https:\/\/rhf-frh.ca\/fr\/\"\r\n                        target=\"_blank\">\r\n                                                <img decoding=\"async\" src=\"https:\/\/canadiansciencecentres.ca\/wp-content\/uploads\/2023\/12\/RHF_logo_pos_red.png\" alt=\"\">\r\n                                            <\/a>\r\n                                    <\/div>\r\n                                                <div class=\"swiper-slide logo\">\r\n                                        <a href=\"https:\/\/www.gairdner.org\"\r\n                        target=\"_blank\">\r\n                                                <img decoding=\"async\" src=\"https:\/\/canadiansciencecentres.ca\/wp-content\/uploads\/2023\/12\/gairdner-e1704411737373.jpg\" alt=\"\">\r\n                                            <\/a>\r\n                                    <\/div>\r\n                                                <div class=\"swiper-slide logo\">\r\n                                        <a href=\"https:\/\/www.nserc-crsng.gc.ca\/index_fra.asp\"\r\n                        target=\"_blank\">\r\n                                                <img decoding=\"async\" src=\"https:\/\/canadiansciencecentres.ca\/wp-content\/uploads\/2023\/12\/Natural_Sciences_and_Engineering_Research_Council_Logo.png\" alt=\"\">\r\n                                            <\/a>\r\n                                    <\/div>\r\n                                                <div class=\"swiper-slide logo\">\r\n                                        <a href=\"https:\/\/cihr-irsc.gc.ca\/f\/193.html\"\r\n                        target=\"_blank\">\r\n                                                <img decoding=\"async\" src=\"https:\/\/canadiansciencecentres.ca\/wp-content\/uploads\/2023\/12\/leaf-cihr-colour-en.jpg\" alt=\"\">\r\n                                            <\/a>\r\n                                    <\/div>\r\n                                                <div class=\"swiper-slide logo\">\r\n                                        <a href=\"https:\/\/www.asc-csa.gc.ca\/fra\/\"\r\n                        target=\"_blank\">\r\n                                                <img decoding=\"async\" src=\"https:\/\/canadiansciencecentres.ca\/wp-content\/uploads\/2023\/12\/logo-canadian-space-agency.png\" alt=\"\">\r\n                                            <\/a>\r\n                                    <\/div>\r\n                                                <div class=\"swiper-slide logo\">\r\n                                        <a href=\"https:\/\/westonfoundation.ca\/\"\r\n                        target=\"_blank\">\r\n                                                <img decoding=\"async\" src=\"https:\/\/canadiansciencecentres.ca\/wp-content\/uploads\/2023\/12\/Garfield-weston-foundation-logo.png\" alt=\"\">\r\n                                            <\/a>\r\n                                    <\/div>\r\n                            <\/div>\r\n\r\n                        <\/div>\r\n<\/div>\r\n\r\n\n<div style=\"height:60px\" aria-hidden=\"true\" class=\"wp-block-spacer\"><\/div>\n","protected":false},"excerpt":{"rendered":"<p>Nos partenaires L&rsquo;ACCS est reconnaissante \u00e0 ses partenaires et \u00e0 ses sympathisants pour leur engagement continu \u00e0 d\u00e9velopper une culture de la science et de l&rsquo;innovation au Canada.<\/p>\n","protected":false},"author":1,"featured_media":0,"parent":0,"menu_order":0,"comment_status":"closed","ping_status":"closed","template":"","meta":{"footnotes":""},"class_list":["post-17888","page","type-page","status-publish","hentry"],"acf":[],"_links":{"self":[{"href":"https:\/\/canadiansciencecentres.ca\/fr\/wp-json\/wp\/v2\/pages\/17888","targetHints":{"allow":["GET"]}}],"collection":[{"href":"https:\/\/canadiansciencecentres.ca\/fr\/wp-json\/wp\/v2\/pages"}],"about":[{"href":"https:\/\/canadiansciencecentres.ca\/fr\/wp-json\/wp\/v2\/types\/page"}],"author":[{"embeddable":true,"href":"https:\/\/canadiansciencecentres.ca\/fr\/wp-json\/wp\/v2\/users\/1"}],"replies":[{"embeddable":true,"href":"https:\/\/canadiansciencecentres.ca\/fr\/wp-json\/wp\/v2\/comments?post=17888"}],"version-history":[{"count":11,"href":"https:\/\/canadiansciencecentres.ca\/fr\/wp-json\/wp\/v2\/pages\/17888\/revisions"}],"predecessor-version":[{"id":19146,"href":"https:\/\/canadiansciencecentres.ca\/fr\/wp-json\/wp\/v2\/pages\/17888\/revisions\/19146"}],"wp:attachment":[{"href":"https:\/\/canadiansciencecentres.ca\/fr\/wp-json\/wp\/v2\/media?parent=17888"}],"curies":[{"name":"wp","href":"https:\/\/api.w.org\/{rel}","templated":true}]}}