{"id":17892,"date":"2023-12-11T14:09:23","date_gmt":"2023-12-11T19:09:23","guid":{"rendered":"http:\/\/canadiansciencecentres.ca\/notre-approche\/"},"modified":"2025-10-08T10:10:32","modified_gmt":"2025-10-08T14:10:32","slug":"notre-approche","status":"publish","type":"page","link":"https:\/\/canadiansciencecentres.ca\/fr\/notre-approche\/","title":{"rendered":"Notre approche"},"content":{"rendered":"\n<div class=\"wp-block-group alignfull svg-background-2 has-casc-yellow-background-color has-background has-global-padding is-layout-constrained wp-block-group-is-layout-constrained\">\n<div class=\"wp-block-columns alignwide is-layout-flex wp-container-core-columns-is-layout-28f84493 wp-block-columns-is-layout-flex\">\n<div class=\"wp-block-column is-layout-flow wp-block-column-is-layout-flow\" style=\"padding-top:var(--wp--preset--spacing--x-large);padding-right:var(--wp--preset--spacing--large)\">\n<h1 class=\"wp-block-heading has-large-font-size\">Une feuille de route pour am\u00e9liorer l&rsquo;enseignement des sciences<\/h1>\n\n\n\n<p>En tant qu&rsquo;association nationale, nous fournissons \u00e0 nos membres des connaissances, une repr\u00e9sentation, un soutien, des connexions et des services. Nous am\u00e9liorons les normes professionnelles, d\u00e9fendons l&rsquo;engagement scientifique informel et informons les politiques au nom du secteur de l&rsquo;engagement scientifique au sens large.<\/p>\n<\/div>\n\n\n\n<div class=\"wp-block-column is-layout-flow wp-block-column-is-layout-flow\" style=\"padding-top:var(--wp--preset--spacing--x-large);padding-bottom:0px;padding-left:var(--wp--preset--spacing--x-large)\">\n<figure class=\"wp-block-image size-full has-custom-border\"><img loading=\"lazy\" decoding=\"async\" width=\"2560\" height=\"1707\" src=\"https:\/\/canadiansciencecentres.ca\/wp-content\/uploads\/2024\/04\/img_1559-scaled.jpg\" alt=\"\" class=\"wp-image-18618\" style=\"border-top-left-radius:15px;border-top-right-radius:15px;border-bottom-left-radius:0px;border-bottom-right-radius:0px\" srcset=\"https:\/\/canadiansciencecentres.ca\/wp-content\/uploads\/2024\/04\/img_1559-scaled.jpg 2560w, https:\/\/canadiansciencecentres.ca\/wp-content\/uploads\/2024\/04\/img_1559-640x427.jpg 640w, https:\/\/canadiansciencecentres.ca\/wp-content\/uploads\/2024\/04\/img_1559-1280x853.jpg 1280w, https:\/\/canadiansciencecentres.ca\/wp-content\/uploads\/2024\/04\/img_1559-768x512.jpg 768w, https:\/\/canadiansciencecentres.ca\/wp-content\/uploads\/2024\/04\/img_1559-1536x1024.jpg 1536w, https:\/\/canadiansciencecentres.ca\/wp-content\/uploads\/2024\/04\/img_1559-2048x1365.jpg 2048w\" sizes=\"auto, (max-width: 2560px) 100vw, 2560px\" \/><\/figure>\n<\/div>\n<\/div>\n<\/div>\n\n\n\n<div style=\"height:60px\" aria-hidden=\"true\" class=\"wp-block-spacer\"><\/div>\n\n\n\n<div class=\"wp-block-group alignwide is-layout-flow wp-block-group-is-layout-flow\">\n<h2 class=\"wp-block-heading has-x-large-font-size\">Nos approches strate\u0301giques<\/h2>\n\n\n\n<p>Le re\u0301seau de l\u2019ACCS fait progresser le changement social en jouant le ro\u0302le de soutien, de lien, et de champion pour ses membres, en augmentant la porte\u0301e de l\u2019impact de son travail et en le renforc\u0327ant.<\/p>\n\n\n\n<p>Notre plan strat\u00e9gique 2024-2026 r\u00e9affirme nos convictions, nos valeurs fondamentales et nos domaines d&rsquo;action strat\u00e9giques qui contribueront \u00e0 une culture scientifique et innovante florissante compos\u00e9e de citoyen(ne)s engag\u00e9(e)s \u00e0 travers tout le Canada.<\/p>\n\n\n\n<p>Notre approche est la suivante :<\/p>\n<\/div>\n\n\n\n<div class=\"wp-block-group alignwide has-gainsboro-background-color has-background is-layout-flow wp-block-group-is-layout-flow\" style=\"border-radius:15px;padding-top:var(--wp--preset--spacing--medium);padding-right:var(--wp--preset--spacing--medium);padding-bottom:var(--wp--preset--spacing--medium);padding-left:var(--wp--preset--spacing--medium)\">\n<div class=\"wp-block-columns alignwide are-vertically-aligned-top is-layout-flex wp-container-core-columns-is-layout-28f84493 wp-block-columns-is-layout-flex\">\n<div class=\"wp-block-column is-vertically-aligned-top is-layout-flow wp-block-column-is-layout-flow\" style=\"padding-right:var(--wp--preset--spacing--large);flex-basis:50%\">\n<p class=\"has-medium-font-size\"><strong>E\u0302tre un soutien<\/strong><\/p>\n\n\n\n<p>Renforcer les membres et leurs capacite\u0301s<\/p>\n\n\n\n<ul class=\"wp-block-list\">\n<li>Offrir des occasions de perfectionnement professionnel qui aident nos membres a\u0300 atteindre leur plein potentiel, et les aider a\u0300 avoir un plus grand impact.<\/li>\n\n\n\n<li>Soutenir la recherche qui be\u0301ne\u0301ficie aux membres.<\/li>\n\n\n\n<li>Soutenir les organismes de toutes les tailles et de tous les types qui se sont donne\u0301 pour mission de susciter l\u2019inte\u0301re\u0302t a\u0300 l\u2019e\u0301gard de la science.<\/li>\n\n\n\n<li>Respecter les perspectives des membres, et se de\u0301vouer aux priorite\u0301s qui comptent pour les membres.<\/li>\n<\/ul>\n<\/div>\n\n\n\n<div class=\"wp-block-column is-vertically-aligned-top fade-in is-layout-flow wp-block-column-is-layout-flow\" style=\"flex-basis:50%\">\n<p class=\"has-medium-font-size\"><strong>E\u0302tre un lien<\/strong><\/p>\n\n\n\n<p>Cre\u0301ation d\u2019un e\u0301cosyste\u0300me et partenariats strate\u0301giques pour e\u0301tablir un lien entre les STIM et la socie\u0301te\u0301<\/p>\n\n\n\n<ul class=\"wp-block-list\">\n<li>E\u0301tablir l\u2019ACCS comme le re\u0301seau de re\u0301fe\u0301rence pour la mobilisation des connaissances du public dans l\u2019e\u0301cosyste\u0300me national de la recherche.<\/li>\n\n\n\n<li>Offrir a\u0300 notre re\u0301seau, aux groupes communautaires et autres disciplines et secteurs des occasions agre\u0301ables de connecter les uns avec les autres, en ligne et hors ligne.<\/li>\n\n\n\n<li>Animer des communaute\u0301s de pratique pour permettre aux membres de partager les un.e.s avec les autres, de s\u2019inspirer les un.e.s les autres, et de coope\u0301rer sur des sujets a\u0300 fort impact.<\/li>\n<\/ul>\n<\/div>\n\n\n\n<div class=\"wp-block-column is-vertically-aligned-top fade-in is-layout-flow wp-block-column-is-layout-flow\" style=\"flex-basis:50%\">\n<p class=\"has-medium-font-size\"><strong>E\u0302tre un champion<\/strong><\/p>\n\n\n\n<p>Repre\u0301senter le secteur canadien ayant pour mission de susciter l\u2019inte\u0301re\u0302t a\u0300 l\u2019e\u0301gard des STIM<\/p>\n\n\n\n<ul class=\"wp-block-list\">\n<li>E\u0301laborer des initiatives nationales ayant pour but de changer les syste\u0300mes.<\/li>\n\n\n\n<li>E\u0302tre les plus fervents partisans et soutiens de nos membres, en donnant une plus grande porte\u0301e a\u0300 leur travail sur la sce\u0300ne nationale, et en montrant comment le re\u0301seau fait une grande diffe\u0301rence.<\/li>\n\n\n\n<li>Favoriser la solidarite\u0301 entre les membres de notre re\u0301seau et a\u0300 tous les niveaux du secteur ayant pour mission de susciter l\u2019inte\u0301re\u0302t du public.<\/li>\n<\/ul>\n<\/div>\n<\/div>\n\n\n\n<div style=\"height:20px\" aria-hidden=\"true\" class=\"wp-block-spacer\"><\/div>\n\n\n\n<p class=\"has-text-align-center\">L&rsquo;ACCS respectera ses convictions et ses valeurs fondamentales tout en poursuivant ses objectifs strat\u00e9giques. Pour en savoir plus, consultez notre <a href=\"\/wp-content\/uploads\/2024\/02\/CASC-ACCS_2024-2026_StratPlan_Web_FR.pdf\" target=\"_blank\" rel=\"noreferrer noopener\">plan strat\u00e9gique 2024-2026. <\/a><\/p>\n<\/div>\n\n\n\n<div style=\"height:60px\" aria-hidden=\"true\" class=\"wp-block-spacer\"><\/div>\n\n\n\n<div class=\"wp-block-group alignwide has-casc-green-background-color has-background is-layout-flow wp-block-group-is-layout-flow\" style=\"border-radius:15px;padding-top:var(--wp--preset--spacing--medium);padding-right:var(--wp--preset--spacing--medium);padding-bottom:var(--wp--preset--spacing--medium);padding-left:var(--wp--preset--spacing--medium)\">\n<h2 class=\"wp-block-heading\">Notre plan strat\u00e9gique<\/h2>\n\n\n\n<p>Cette strat\u00e9gie est l&rsquo;occasion de r\u00e9affirmer nos valeurs fondamentales et de faire confiance \u00e0 nos forces en tant que communaut\u00e9 canadienne d&rsquo;organisations d&rsquo;engagement scientifique. Nos membres jouent un r\u00f4le essentiel en cultivant la joie d&rsquo;apprendre et en enrichissant la vie des gens \u00e0 travers le Canada, et cette strat\u00e9gie d\u00e9finit la mani\u00e8re dont nous pouvons assumer au mieux ces responsabilit\u00e9s.<\/p>\n\n\n\n<div class=\"wp-block-buttons is-layout-flex wp-block-buttons-is-layout-flex\">\n<div class=\"wp-block-button\"><a class=\"wp-block-button__link has-white-color has-primary-background-color has-text-color has-background has-link-color wp-element-button\" href=\"\/wp-content\/uploads\/2024\/02\/CASC-ACCS_2024-2026_StratPlan_Web_FR.pdf\">T\u00e9l\u00e9charger le plan strat\u00e9gique complet<\/a><\/div>\n<\/div>\n\n\n\n<div style=\"height:30px\" aria-hidden=\"true\" class=\"wp-block-spacer\"><\/div>\n\n\n\n<h3 class=\"wp-block-heading has-medium-font-size\">Plans strat\u00e9giques pr\u00e9c\u00e9dents<\/h3>\n\n\n\n<p><a href=\"https:\/\/canadiansciencecentres.ca\/fr\/plan-strategique-2020-2022\/\">2020-2022<\/a><\/p>\n\n\n\n<p><a href=\"https:\/\/canadiansciencecentres.ca\/fr\/plan-strategique-2015-2018\/\">2015-2018<\/a><\/p>\n<\/div>\n\n\n\n<div style=\"height:60px\" aria-hidden=\"true\" class=\"wp-block-spacer\"><\/div>\n\n\n\n<div class=\"wp-block-group alignwide has-global-padding is-layout-constrained wp-container-core-group-is-layout-8217c53c wp-block-group-is-layout-constrained has-background\" style=\"border-radius:15px;padding-top:var(--wp--preset--spacing--medium);padding-right:var(--wp--preset--spacing--medium);padding-bottom:var(--wp--preset--spacing--medium);padding-left:var(--wp--preset--spacing--medium);background-image:url(&apos;https:\/\/canadiansciencecentres.ca\/wp-content\/uploads\/2023\/11\/Frame-3.png&apos;);background-size:cover;\">\n<h2 class=\"wp-block-heading alignwide has-white-color has-text-color has-link-color wp-elements-603e020d7ce85ef173786f1361079360\">Rapports annuels<\/h2>\n\n\n\n<div class=\"wp-block-group alignwide has-primary-background-color has-background has-global-padding is-layout-constrained wp-container-core-group-is-layout-173e2ddb wp-block-group-is-layout-constrained\" style=\"border-radius:15px;padding-top:var(--wp--preset--spacing--medium);padding-right:var(--wp--preset--spacing--medium);padding-bottom:var(--wp--preset--spacing--medium);padding-left:var(--wp--preset--spacing--medium)\">\n<div class=\"wp-block-buttons alignwide is-vertical is-layout-flex wp-container-core-buttons-is-layout-fe9cc265 wp-block-buttons-is-layout-flex\">\n<div class=\"wp-block-button\"><a class=\"wp-block-button__link wp-element-button\" href=\"https:\/\/canadiansciencecentres.ca\/wp-content\/uploads\/2025\/06\/ACCS_2024_2025_RapportAnnuel_FR.pdf\" target=\"_blank\" rel=\"noreferrer noopener\">D\u00e9couvrez notre rapport annuel 2024-2025<\/a><\/div>\n\n\n\n<div class=\"wp-block-button\"><a class=\"wp-block-button__link wp-element-button\" href=\"https:\/\/canadiansciencecentres.ca\/wp-content\/uploads\/2025\/09\/ACCS_Rapport_Annuel_FSS_2024_25.pdf\" target=\"_blank\" rel=\"noreferrer noopener\">D\u00e9couvrez notre rapport annuel FSS 2024-2025<\/a><\/div>\n<\/div>\n<\/div>\n<\/div>\n\n\n\n<div style=\"height:60px\" aria-hidden=\"true\" class=\"wp-block-spacer\"><\/div>\n\n\n\n<div class=\"wp-block-group alignwide is-layout-flow wp-block-group-is-layout-flow\">\n<h2 class=\"wp-block-heading\">Diversit\u00e9, inclusion, \u00e9quit\u00e9 et accessibilit\u00e9 (DIEA)<\/h2>\n\n\n\n<p>L&rsquo;Association canadienne des centres de sciences (ACCS) s&rsquo;engage \u00e0 \u00e9liminer les obstacles et \u00e0 renforcer les capacit\u00e9s en mati\u00e8re de diversit\u00e9, d&rsquo;inclusion, d&rsquo;\u00e9quit\u00e9 et d&rsquo;accessibilit\u00e9 (DIEA) dans le secteur de l&rsquo;apprentissage informel des sciences et de l&rsquo;engagement du public.<\/p>\n<\/div>\n\n\n\n<div class=\"wp-block-group alignwide has-gainsboro-background-color has-background is-layout-flow wp-block-group-is-layout-flow\" style=\"border-radius:15px;padding-top:var(--wp--preset--spacing--medium);padding-right:var(--wp--preset--spacing--medium);padding-bottom:var(--wp--preset--spacing--medium);padding-left:var(--wp--preset--spacing--medium)\">\n<h3 class=\"wp-block-heading\">DIEA d\u00e9fini<\/h3>\n\n\n\n<p>Les d\u00e9finitions que l&rsquo;ACCS utilise pour les mots diversit\u00e9, inclusion, \u00e9quit\u00e9 et accessibilit\u00e9 (DIEA).<\/p>\n\n\n\n<p><strong>Diversit\u00e9<\/strong><br>Spectre des dimensions, des qualit\u00e9s et des caract\u00e9ristiques uniques que chaque personne poss\u00e8de.<\/p>\n\n\n\n<p><strong>Inclusion<\/strong><br>Cr\u00e9ation d&rsquo;une culture qui vise l&rsquo;\u00e9quit\u00e9 et qui accepte, accueille, respecte et valorise les diff\u00e9rences d&rsquo;un groupe.<\/p>\n\n\n\n<p><strong>\u00c9quit\u00e9<\/strong><br>Traiter tout le monde de mani\u00e8re \u00e9quitable et veiller \u00e0 ce que chacun obtienne les m\u00eames chances de participer \u00e0 tous les aspects de la soci\u00e9t\u00e9 et de b\u00e9n\u00e9ficier de ses avantages.<\/p>\n\n\n\n<p><strong>Accessibilit\u00e9<\/strong><br>Mesure de la facilit\u00e9 avec laquelle une personne est en mesure de participer \u00e0 une activit\u00e9.<\/p>\n<\/div>\n\n\n\n<div style=\"height:40px\" aria-hidden=\"true\" class=\"wp-block-spacer\"><\/div>\n\n\n\n<div class=\"wp-block-group alignwide has-casc-yellow-background-color has-background is-layout-flow wp-block-group-is-layout-flow\" style=\"border-radius:15px;padding-top:var(--wp--preset--spacing--medium);padding-right:var(--wp--preset--spacing--medium);padding-bottom:var(--wp--preset--spacing--medium);padding-left:var(--wp--preset--spacing--medium)\">\n<h3 class=\"wp-block-heading\">Notre engagement envers la DIEA<\/h3>\n\n\n\n<p>Les principes de la DIEA sont int\u00e9gr\u00e9s dans toutes nos activit\u00e9s, comme le soulignent les valeurs fondamentales de l\u2019ACCS, des principes profond\u00e9ment ancr\u00e9s qui guident toutes nos actions en vue d\u2019atteindre nos objectifs. Ces valeurs sont visibles \u00e0 tous les niveaux de l&rsquo;organisation, des op\u00e9rations aux programmes, en passant par les communications, les politiques et les processus internes. Elles sont les fondements de notre culture et ne sont jamais compromises, ni pour des raisons de commodit\u00e9 ni pour des gains \u00e9conomiques \u00e0 court terme.&nbsp;<\/p>\n\n\n\n<h4 class=\"wp-block-heading\">Valeurs fondamentales de l&rsquo;ACCS<\/h4>\n\n\n\n<ul class=\"wp-block-list\">\n<li><strong>Impact collectif&nbsp;: <\/strong>Nous sommes un r\u00e9seau national rassemblant des personnes et des organisations diverses de mani\u00e8re structur\u00e9e et collaborative afin de favoriser le changement social\u2009;<\/li>\n\n\n\n<li><strong>Confiance&nbsp;: <\/strong>Nous \u0153uvrons activement \u00e0 instaurer et \u00e0 maintenir la confiance en faisant preuve d&rsquo;honn\u00eatet\u00e9, de cr\u00e9dibilit\u00e9, de transparence, d&rsquo;authenticit\u00e9, de fiabilit\u00e9 et de responsabilit\u00e9\u2009;<\/li>\n\n\n\n<li><strong>Compr\u00e9hension commune&nbsp;: <\/strong>Nous faisons preuve de curiosit\u00e9, d\u2019\u00e9coute, de compassion et d\u2019humilit\u00e9 afin de comprendre les besoins de nos membres, partenaires, publics et collaborateur.rices.s et d\u2019y r\u00e9pondre ad\u00e9quatement\u2009;<\/li>\n\n\n\n<li><strong>Diversit\u00e9 et inclusion&nbsp;: <\/strong>nous r\u00e9unissons des personnes issues de divers horizons avec des opinions, des id\u00e9es et des comp\u00e9tences vari\u00e9es issues de diff\u00e9rents types d&rsquo;organisations. Nous pr\u00e9conisons une culture d&rsquo;inclusion o\u00f9 les personnes se sentent respect\u00e9es et valoris\u00e9es pour ce qu&rsquo;elles sont en tant qu&rsquo;individus ou en tant que groupe, et pour leurs contributions\u2009;&nbsp;<\/li>\n\n\n\n<li><strong>Communication efficace&nbsp;: <\/strong>nous cherchons \u00e0 communiquer clairement et sommes en qu\u00eate perp\u00e9tuelle d\u2019apprentissage. Nous utilisons notamment des strat\u00e9gies accessibles, pertinentes et simples \u00e0 comprendre dans toutes nos communications, et nous soutenons le progr\u00e8s de la communication scientifique\u2009;<\/li>\n\n\n\n<li><strong>Durabilit\u00e9 environnementale&nbsp;: <\/strong>nous continuerons \u00e0 imaginer et \u00e0 mettre en \u0153uvre des pratiques environnementales durables dans toutes les op\u00e9rations de l&rsquo;ACCS et \u00e0 soutenir le cheminement de son r\u00e9seau vers un avenir plus vert.<\/li>\n<\/ul>\n\n\n\n<h4 class=\"wp-block-heading\">Structure organisationnelle<\/h4>\n\n\n\n<p>Au cours des 40&nbsp;derni\u00e8res ann\u00e9es, la direction de l&rsquo;ACCS est pass\u00e9e \u00e0 une pr\u00e9dominance f\u00e9minine, un reflet de l&rsquo;avancement des femmes au sein des postes de direction dans l&rsquo;ensemble du secteur.<\/p>\n\n\n\n<p>Au cours des dix derni\u00e8res ann\u00e9es, et en particulier dans le cadre du d\u00e9fi&nbsp;50-30, l&rsquo;ACCS s&rsquo;est davantage concentr\u00e9e sur l&rsquo;augmentation de la repr\u00e9sentation d&rsquo;autres groupes en qu\u00eate d&rsquo;\u00e9quit\u00e9 au sein de son conseil d&rsquo;administration. Actuellement, le conseil d&rsquo;administration est compos\u00e9 de 80&nbsp;% de femmes, 20&nbsp;% d&rsquo;hommes et 27&nbsp;% de personnes s&rsquo;identifiant comme appartenant \u00e0 un groupe en qu\u00eate d&rsquo;\u00e9quit\u00e9 (\u00e0 l&rsquo;exclusion des femmes), notamment les communaut\u00e9s&nbsp;2ELGBTQI+, autochtones, racis\u00e9es et\/ou immigrantes.<\/p>\n\n\n\n<p>Parmi les membres du personnel de l\u2019ACCS, 70&nbsp;% s&rsquo;identifient comme des femmes et 30&nbsp;% comme des hommes. Plus de 50&nbsp;% de ces personnes s&rsquo;identifient comme appartenant \u00e0 un groupe en qu\u00eate d&rsquo;\u00e9quit\u00e9 (\u00e0 l&rsquo;exclusion des femmes), notamment les communaut\u00e9s&nbsp;2ELGBTQI+, racis\u00e9es, neurodiversifi\u00e9es et\/ou immigrantes.<\/p>\n\n\n\n<h4 class=\"wp-block-heading\">Description g\u00e9n\u00e9rale des activit\u00e9s<\/h4>\n\n\n\n<p>Une partie de l&rsquo;approche strat\u00e9gique de DIEA (diversit\u00e9, inclusion, \u00e9quit\u00e9, accessibilit\u00e9) de l&rsquo;ACCS consiste \u00e0 mettre les communaut\u00e9s diverses au centre de notre action en cr\u00e9ant les conditions propices au renforcement de la confiance, des liens et de l&rsquo;\u00e9mergence afin d\u2019unir les efforts fragment\u00e9s et d\u2019assurer une collaboration \u00e0 grande \u00e9chelle. Nous appliquons les principes suivants dans notre travail&nbsp;:&nbsp;<\/p>\n\n\n\n<ul class=\"wp-block-list\">\n<li>\u00ab\u2009Rien sur nous sans nous\u2009\u00bb. La diversit\u00e9 dans la participation et la repr\u00e9sentation est non n\u00e9gociable. Nous veillons \u00e0 ce qu&rsquo;aucune politique, aucune initiative ou aucun programme ne soit mis en \u0153uvre sans la participation directe des membres du ou des groupes concern\u00e9s\u2009;&nbsp;<\/li>\n\n\n\n<li>La collaboration est essentielle pour relever les d\u00e9fis auxquels le monde entier fait face. Aucune organisation ne peut, \u00e0 elle seule, r\u00e9soudre les probl\u00e8mes li\u00e9s aux changements climatiques, \u00e0 la perte de biodiversit\u00e9 et \u00e0 la prolif\u00e9ration des fausses informations. La diversit\u00e9 des points de vue et des organisations est essentielle pour trouver des solutions efficaces et favoriser un impact collectif\u2009;&nbsp;<\/li>\n\n\n\n<li>Il existe de nombreuses fa\u00e7ons d&rsquo;acqu\u00e9rir des connaissances. Notre travail s&rsquo;appuie sur des approches inclusives qui valorisent les connaissances acquises gr\u00e2ce aux m\u00e9thodes de recherche autochtones et occidentales, ainsi que sur le besoin inh\u00e9rent d&rsquo;une recherche multidisciplinaire et interdisciplinaire, ax\u00e9e sur la mission, afin de contribuer \u00e0 relever les d\u00e9fis urgents en mati\u00e8re sociale, technologique, \u00e9conomie et sanitaire.<\/li>\n<\/ul>\n\n\n\n<p>L&rsquo;ACCS dispose d&rsquo;un comit\u00e9 interne de DIEA compos\u00e9 de repr\u00e9sentants de tous les postes dans les organisations et d&rsquo;identit\u00e9s diverses, dont la PDG de l&rsquo;ACCS. Ce comit\u00e9 a pour mandat de d\u00e9finir les domaines prioritaires d&rsquo;am\u00e9lioration li\u00e9s \u00e0 la DIEA \u00e0 l&rsquo;int\u00e9rieur de l&rsquo;ACCS et d&rsquo;\u00e9tablir les mesures que les membres du comit\u00e9 et\/ou le groupe collectif peuvent prendre pour r\u00e9aliser cette am\u00e9lioration. Le comit\u00e9 rend compte de ses activit\u00e9s par l\u2019entremise de rapports produits r\u00e9guli\u00e8rement portant sur notre plan et nos progr\u00e8s.<\/p>\n\n\n\n<p>De plus, l&rsquo;initiative LaSciencedAbord\/ScienceUpFirst dispose d&rsquo;un comit\u00e9 consultatif compos\u00e9 d&rsquo;un groupe diversifi\u00e9 de haut.e.s dirigeant.e.s qui examinent, conseillent et encadrent, et s&rsquo;appuient sur la coalition d&rsquo;experts de LaSciencedAbord\/ScienceUpFirst, un vaste r\u00e9seau de scientifiques, de chercheur.se.s et de communicateur.rice.s scientifiques de partout au Canada.<\/p>\n<\/div>\n","protected":false},"excerpt":{"rendered":"<p>Une feuille de route pour am\u00e9liorer l&rsquo;enseignement des sciences En tant qu&rsquo;association nationale, nous fournissons \u00e0 nos membres des connaissances, une repr\u00e9sentation, un soutien, des connexions et des services. Nous am\u00e9liorons les normes professionnelles, d\u00e9fendons l&rsquo;engagement scientifique informel et informons les politiques au nom du secteur de l&rsquo;engagement scientifique au sens large. Nos approches strate\u0301giques [&hellip;]<\/p>\n","protected":false},"author":1,"featured_media":0,"parent":0,"menu_order":0,"comment_status":"closed","ping_status":"closed","template":"","meta":{"footnotes":""},"class_list":["post-17892","page","type-page","status-publish","hentry"],"acf":[],"_links":{"self":[{"href":"https:\/\/canadiansciencecentres.ca\/fr\/wp-json\/wp\/v2\/pages\/17892","targetHints":{"allow":["GET"]}}],"collection":[{"href":"https:\/\/canadiansciencecentres.ca\/fr\/wp-json\/wp\/v2\/pages"}],"about":[{"href":"https:\/\/canadiansciencecentres.ca\/fr\/wp-json\/wp\/v2\/types\/page"}],"author":[{"embeddable":true,"href":"https:\/\/canadiansciencecentres.ca\/fr\/wp-json\/wp\/v2\/users\/1"}],"replies":[{"embeddable":true,"href":"https:\/\/canadiansciencecentres.ca\/fr\/wp-json\/wp\/v2\/comments?post=17892"}],"version-history":[{"count":13,"href":"https:\/\/canadiansciencecentres.ca\/fr\/wp-json\/wp\/v2\/pages\/17892\/revisions"}],"predecessor-version":[{"id":20759,"href":"https:\/\/canadiansciencecentres.ca\/fr\/wp-json\/wp\/v2\/pages\/17892\/revisions\/20759"}],"wp:attachment":[{"href":"https:\/\/canadiansciencecentres.ca\/fr\/wp-json\/wp\/v2\/media?parent=17892"}],"curies":[{"name":"wp","href":"https:\/\/api.w.org\/{rel}","templated":true}]}}