{"id":17894,"date":"2023-12-19T13:43:53","date_gmt":"2023-12-19T21:43:53","guid":{"rendered":"http:\/\/canadiansciencecentres.ca\/les-laureats-du-prix-cascade-2020\/"},"modified":"2024-01-25T10:54:13","modified_gmt":"2024-01-25T18:54:13","slug":"les-laureats-du-prix-cascade-2020","status":"publish","type":"page","link":"https:\/\/canadiansciencecentres.ca\/fr\/les-laureats-du-prix-cascade-2020\/","title":{"rendered":"LES LAUR\u00c9ATS DU PRIX CASCADE 2020"},"content":{"rendered":"\n<div class=\"wp-block-group alignwide is-layout-flow wp-block-group-is-layout-flow\">\n<div style=\"height:100px\" aria-hidden=\"true\" class=\"wp-block-spacer\"><\/div>\n\n\n\n<h1 class=\"wp-block-heading has-x-large-font-size\">LES LAUR\u00c9ATS DU PRIX CASCADE 2020<\/h1>\n\n\n\n<p class=\"has-normal-font-size\"><strong><a href=\"https:\/\/canadiansciencecentres.ca\/fr\/nominations-pour-le-prix-cascade-2020\/\">Voir les candidats pour 2020  <\/a><\/strong><\/p>\n\n\n\n<div style=\"height:40px\" aria-hidden=\"true\" class=\"wp-block-spacer\"><\/div>\n\n\n\n<div class=\"wp-block-columns is-layout-flex wp-container-core-columns-is-layout-28f84493 wp-block-columns-is-layout-flex\">\n<div class=\"wp-block-column is-layout-flow wp-block-column-is-layout-flow\">\n<h2 class=\"wp-block-heading has-medium-font-size\"><strong>LES PREMIERS PRIX VIRTUELS DE LA CASCADE<\/strong><\/h2>\n\n\n\n<p>En pleine pand\u00e9mie de COVID-19, l&rsquo;Association canadienne des centres de sciences (ACCS) a organis\u00e9 sa c\u00e9r\u00e9monie annuelle de remise des prix CASCADE dans le monde num\u00e9rique ! Le jeudi 28 mai 2020, \u00e0 une \u00e9poque de distanciation sociale, plus de 190 professionnels et sympathisants de l&rsquo;engagement scientifique informel se sont connect\u00e9s sur ZOOM pour c\u00e9l\u00e9brer leur secteur et se reconnecter avec leur communaut\u00e9.<\/p>\n<\/div>\n\n\n\n<div class=\"wp-block-column is-layout-flow wp-block-column-is-layout-flow\">\n<figure class=\"wp-block-embed is-type-video is-provider-youtube wp-block-embed-youtube wp-embed-aspect-16-9 wp-has-aspect-ratio\"><div class=\"wp-block-embed__wrapper\">\n<iframe loading=\"lazy\" title=\"CASCADE Awards\/CASCADE Prix 2020 CASC-ACCS\" width=\"500\" height=\"281\" src=\"https:\/\/www.youtube.com\/embed\/62JFCPgJEWU?feature=oembed\" frameborder=\"0\" allow=\"accelerometer; autoplay; clipboard-write; encrypted-media; gyroscope; picture-in-picture; web-share\" referrerpolicy=\"strict-origin-when-cross-origin\" allowfullscreen><\/iframe>\n<\/div><\/figure>\n<\/div>\n<\/div>\n\n\n\n<div class=\"wp-block-group has-gainsboro-background-color has-background is-layout-flow wp-block-group-is-layout-flow\" style=\"border-radius:15px;margin-top:var(--wp--preset--spacing--large);margin-bottom:var(--wp--preset--spacing--large);padding-top:var(--wp--preset--spacing--medium);padding-right:var(--wp--preset--spacing--medium);padding-bottom:var(--wp--preset--spacing--medium);padding-left:var(--wp--preset--spacing--medium)\">\n<h3 class=\"wp-block-heading has-casc-red-color has-text-color has-link-color has-medium-font-size wp-elements-af9c3bca86b41dc379f376770db996d8\">Meilleur programme &#8211; Petite institution<\/h3>\n\n\n\n<div class=\"wp-block-columns is-layout-flex wp-container-core-columns-is-layout-28f84493 wp-block-columns-is-layout-flex\">\n<div class=\"wp-block-column is-layout-flow wp-block-column-is-layout-flow\" style=\"flex-basis:33.33%\">\n<figure class=\"wp-block-image size-full\"><img loading=\"lazy\" decoding=\"async\" width=\"700\" height=\"700\" src=\"https:\/\/canadiansciencecentres.ca\/wp-content\/uploads\/2023\/12\/EXPLORATION-PLACE.jpg\" alt=\"\" class=\"wp-image-17116\" srcset=\"https:\/\/canadiansciencecentres.ca\/wp-content\/uploads\/2023\/12\/EXPLORATION-PLACE.jpg 700w, https:\/\/canadiansciencecentres.ca\/wp-content\/uploads\/2023\/12\/EXPLORATION-PLACE-640x640.jpg 640w, https:\/\/canadiansciencecentres.ca\/wp-content\/uploads\/2023\/12\/EXPLORATION-PLACE-160x160.jpg 160w\" sizes=\"auto, (max-width: 700px) 100vw, 700px\" \/><\/figure>\n<\/div>\n\n\n\n<div class=\"wp-block-column is-layout-flow wp-block-column-is-layout-flow\" style=\"flex-basis:66.66%\">\n<p><strong>Early Explorers Preschool &#8211; Mus\u00e9e et centre scientifique The Exploration Place<\/strong><\/p>\n\n\n\n<p>The <em>Early Explorers Preschool <\/em>est un programme pr\u00e9scolaire agr\u00e9\u00e9 situ\u00e9 au sein de l&rsquo;Exploration Place Museum + Science Centre \u00e0 Prince George, en Colombie-Britannique. Les enfants b\u00e9n\u00e9ficient du seul programme pr\u00e9scolaire bas\u00e9 sur STEAM \u00e0 Prince George, \u00e9quilibr\u00e9 avec des cercles de discussion, de l&rsquo;art, des chansons, de la motricit\u00e9 fine et globale, et de la pr\u00e9paration \u00e0 la maternelle, le tout dans un environnement d&rsquo;apprentissage stimulant comme aucun autre dans notre r\u00e9gion.<\/p>\n<\/div>\n<\/div>\n<\/div>\n\n\n\n<div class=\"wp-block-group has-gainsboro-background-color has-background is-layout-flow wp-block-group-is-layout-flow\" style=\"border-radius:15px;margin-top:var(--wp--preset--spacing--large);margin-bottom:var(--wp--preset--spacing--large);padding-top:var(--wp--preset--spacing--medium);padding-right:var(--wp--preset--spacing--medium);padding-bottom:var(--wp--preset--spacing--medium);padding-left:var(--wp--preset--spacing--medium)\">\n<h3 class=\"wp-block-heading has-casc-red-color has-text-color has-link-color has-medium-font-size wp-elements-a5676836a6a1b73581d7fdffb3becf31\">Meilleur programme &#8211; Grande institution  <\/h3>\n\n\n\n<div class=\"wp-block-columns is-layout-flex wp-container-core-columns-is-layout-28f84493 wp-block-columns-is-layout-flex\">\n<div class=\"wp-block-column is-layout-flow wp-block-column-is-layout-flow\" style=\"flex-basis:33.33%\">\n<figure class=\"wp-block-image size-full\"><img loading=\"lazy\" decoding=\"async\" width=\"1920\" height=\"1920\" src=\"https:\/\/canadiansciencecentres.ca\/wp-content\/uploads\/2023\/12\/SCIENCE-NORTH.jpg\" alt=\"\" class=\"wp-image-17117\" srcset=\"https:\/\/canadiansciencecentres.ca\/wp-content\/uploads\/2023\/12\/SCIENCE-NORTH.jpg 1920w, https:\/\/canadiansciencecentres.ca\/wp-content\/uploads\/2023\/12\/SCIENCE-NORTH-640x640.jpg 640w, https:\/\/canadiansciencecentres.ca\/wp-content\/uploads\/2023\/12\/SCIENCE-NORTH-1280x1280.jpg 1280w, https:\/\/canadiansciencecentres.ca\/wp-content\/uploads\/2023\/12\/SCIENCE-NORTH-160x160.jpg 160w, https:\/\/canadiansciencecentres.ca\/wp-content\/uploads\/2023\/12\/SCIENCE-NORTH-768x768.jpg 768w, https:\/\/canadiansciencecentres.ca\/wp-content\/uploads\/2023\/12\/SCIENCE-NORTH-1536x1536.jpg 1536w\" sizes=\"auto, (max-width: 1920px) 100vw, 1920px\" \/><\/figure>\n<\/div>\n\n\n\n<div class=\"wp-block-column is-layout-flow wp-block-column-is-layout-flow\" style=\"flex-basis:66.66%\">\n<p><strong><strong>Festivals scientifiques du Nord de l&rsquo;Ontario &#8211; Science North<\/strong><\/strong><\/p>\n\n\n\n<p>Le festival des sciences du Nord de l&rsquo;Ontario fait participer divers publics \u00e0 une c\u00e9l\u00e9bration d&rsquo;une semaine qui met en lumi\u00e8re et c\u00e9l\u00e8bre la science et la technologie locales et mondiales dans les lieux du festival, \u00e0 savoir Sault Ste. Marie, North Bay et Thunder Bay. Chaque festival est le fruit d&rsquo;une collaboration entre des partenaires locaux sous la direction de Science Nord.<\/p>\n<\/div>\n<\/div>\n<\/div>\n\n\n\n<div class=\"wp-block-group has-gainsboro-background-color has-background is-layout-flow wp-block-group-is-layout-flow\" style=\"border-radius:15px;margin-top:var(--wp--preset--spacing--large);margin-bottom:var(--wp--preset--spacing--large);padding-top:var(--wp--preset--spacing--medium);padding-right:var(--wp--preset--spacing--medium);padding-bottom:var(--wp--preset--spacing--medium);padding-left:var(--wp--preset--spacing--medium)\">\n<h3 class=\"wp-block-heading has-casc-red-color has-text-color has-link-color has-medium-font-size wp-elements-f3fa78bd388fc81fda4f00111ba47b14\">Meilleure exposition ou spectacle &#8211; Petite institution (2 laur\u00e9ats)<\/h3>\n\n\n\n<div class=\"wp-block-columns is-layout-flex wp-container-core-columns-is-layout-28f84493 wp-block-columns-is-layout-flex\">\n<div class=\"wp-block-column is-layout-flow wp-block-column-is-layout-flow\" style=\"flex-basis:33.33%\">\n<figure class=\"wp-block-image size-large\"><img loading=\"lazy\" decoding=\"async\" width=\"1280\" height=\"1280\" src=\"https:\/\/canadiansciencecentres.ca\/wp-content\/uploads\/2023\/12\/Maison-Leon-Provancher-1280x1280.png\" alt=\"\" class=\"wp-image-17118\" srcset=\"https:\/\/canadiansciencecentres.ca\/wp-content\/uploads\/2023\/12\/Maison-Leon-Provancher-1280x1280.png 1280w, https:\/\/canadiansciencecentres.ca\/wp-content\/uploads\/2023\/12\/Maison-Leon-Provancher-640x640.png 640w, https:\/\/canadiansciencecentres.ca\/wp-content\/uploads\/2023\/12\/Maison-Leon-Provancher-160x160.png 160w, https:\/\/canadiansciencecentres.ca\/wp-content\/uploads\/2023\/12\/Maison-Leon-Provancher-768x768.png 768w, https:\/\/canadiansciencecentres.ca\/wp-content\/uploads\/2023\/12\/Maison-Leon-Provancher-1536x1536.png 1536w, https:\/\/canadiansciencecentres.ca\/wp-content\/uploads\/2023\/12\/Maison-Leon-Provancher.png 1920w\" sizes=\"auto, (max-width: 1280px) 100vw, 1280px\" \/><\/figure>\n<\/div>\n\n\n\n<div class=\"wp-block-column is-layout-flow wp-block-column-is-layout-flow\" style=\"flex-basis:66.66%\">\n<p><strong><strong><strong>Naturoscope &#8211; La Maison L\u00e9on-Provancher<\/strong><\/strong><\/strong><\/p>\n\n\n\n<p>En entrant dans la Maison L\u00e9on-Provancher, le visiteur est mis en contact avec la nature. Ils d\u00e9couvrent les classifications du vivant et la m\u00e9thode scientifique. La visite se poursuit avec des dispositifs interactifs, des \u00e9l\u00e9ments illustratifs, des animaux naturalis\u00e9s et des artefacts qui sont combin\u00e9s dans un parcours stimulant pr\u00e9sentant la biodiversit\u00e9 locale.<\/p>\n<\/div>\n<\/div>\n\n\n\n<div class=\"wp-block-columns is-layout-flex wp-container-core-columns-is-layout-28f84493 wp-block-columns-is-layout-flex\">\n<div class=\"wp-block-column is-layout-flow wp-block-column-is-layout-flow\" style=\"flex-basis:33.33%\">\n<figure class=\"wp-block-image size-full\"><img loading=\"lazy\" decoding=\"async\" width=\"1200\" height=\"1200\" src=\"https:\/\/canadiansciencecentres.ca\/wp-content\/uploads\/2023\/12\/MUSEE-SHERBROOKE.jpg\" alt=\"\" class=\"wp-image-17119\" srcset=\"https:\/\/canadiansciencecentres.ca\/wp-content\/uploads\/2023\/12\/MUSEE-SHERBROOKE.jpg 1200w, https:\/\/canadiansciencecentres.ca\/wp-content\/uploads\/2023\/12\/MUSEE-SHERBROOKE-640x640.jpg 640w, https:\/\/canadiansciencecentres.ca\/wp-content\/uploads\/2023\/12\/MUSEE-SHERBROOKE-160x160.jpg 160w, https:\/\/canadiansciencecentres.ca\/wp-content\/uploads\/2023\/12\/MUSEE-SHERBROOKE-768x768.jpg 768w\" sizes=\"auto, (max-width: 1200px) 100vw, 1200px\" \/><\/figure>\n<\/div>\n\n\n\n<div class=\"wp-block-column is-layout-flow wp-block-column-is-layout-flow\" style=\"flex-basis:66.66%\">\n<p><strong><strong><strong><strong>Du son, rien que du son ! &#8211; Mus\u00e9e de la nature et des sciences de Sherbrooke<\/strong><\/strong><\/strong><\/strong><\/p>\n\n\n\n<p>Le <em>son, rien que le son ! <\/em>est une exposition itin\u00e9rante consacr\u00e9e au son ! Le son n&rsquo;est pas seulement per\u00e7u par les oreilles. Cette exposition le prouve en faisant vivre aux visiteurs l&rsquo;exp\u00e9rience du son \u00e0 travers leurs autres sens. Oui ! Par le toucher des mains et du corps (pour ressentir les vibrations), ainsi que par la vue.<\/p>\n<\/div>\n<\/div>\n<\/div>\n\n\n\n<div class=\"wp-block-group has-gainsboro-background-color has-background is-layout-flow wp-block-group-is-layout-flow\" style=\"border-radius:15px;margin-top:var(--wp--preset--spacing--large);margin-bottom:var(--wp--preset--spacing--large);padding-top:var(--wp--preset--spacing--medium);padding-right:var(--wp--preset--spacing--medium);padding-bottom:var(--wp--preset--spacing--medium);padding-left:var(--wp--preset--spacing--medium)\">\n<h3 class=\"wp-block-heading has-casc-red-color has-text-color has-link-color has-medium-font-size wp-elements-2b6552446dfb4129f7cd86d9dcb1ec29\">Meilleure exposition ou spectacle &#8211; Grande institution (2 laur\u00e9ats)<\/h3>\n\n\n\n<div class=\"wp-block-columns is-layout-flex wp-container-core-columns-is-layout-28f84493 wp-block-columns-is-layout-flex\">\n<div class=\"wp-block-column is-layout-flow wp-block-column-is-layout-flow\" style=\"flex-basis:33.33%\">\n<figure class=\"wp-block-image size-large\"><img loading=\"lazy\" decoding=\"async\" width=\"1280\" height=\"1280\" src=\"https:\/\/canadiansciencecentres.ca\/wp-content\/uploads\/2023\/12\/OSC-2-1280x1280.jpg\" alt=\"\" class=\"wp-image-17120\" srcset=\"https:\/\/canadiansciencecentres.ca\/wp-content\/uploads\/2023\/12\/OSC-2-1280x1280.jpg 1280w, https:\/\/canadiansciencecentres.ca\/wp-content\/uploads\/2023\/12\/OSC-2-640x640.jpg 640w, https:\/\/canadiansciencecentres.ca\/wp-content\/uploads\/2023\/12\/OSC-2-160x160.jpg 160w, https:\/\/canadiansciencecentres.ca\/wp-content\/uploads\/2023\/12\/OSC-2-768x768.jpg 768w, https:\/\/canadiansciencecentres.ca\/wp-content\/uploads\/2023\/12\/OSC-2-1536x1536.jpg 1536w, https:\/\/canadiansciencecentres.ca\/wp-content\/uploads\/2023\/12\/OSC-2.jpg 1920w\" sizes=\"auto, (max-width: 1280px) 100vw, 1280px\" \/><\/figure>\n<\/div>\n\n\n\n<div class=\"wp-block-column is-layout-flow wp-block-column-is-layout-flow\" style=\"flex-basis:66.66%\">\n<p><strong><strong><strong><strong>MindWorks &#8211; Centre des sciences de l&rsquo;Ontario<\/strong><\/strong><\/strong><\/strong><\/p>\n\n\n\n<p><em>MindWorks <\/em>est une exposition sur le corps et l&rsquo;esprit qui incite \u00e0 la r\u00e9flexion et encourage les visiteurs \u00e0 explorer et \u00e0 apprendre sur leur propre esprit et sur la mani\u00e8re dont ils pensent, ressentent et r\u00e9agissent. Par le biais d&rsquo;exp\u00e9riences intrigantes et stimulantes, cette exposition est con\u00e7ue pour susciter des moments de pleine conscience, en incitant les visiteurs \u00e0 se remettre en question et \u00e0 d\u00e9couvrir les r\u00e9ponses par l&rsquo;exp\u00e9rience.<\/p>\n<\/div>\n<\/div>\n\n\n\n<div class=\"wp-block-columns is-layout-flex wp-container-core-columns-is-layout-28f84493 wp-block-columns-is-layout-flex\">\n<div class=\"wp-block-column is-layout-flow wp-block-column-is-layout-flow\" style=\"flex-basis:33.33%\">\n<figure class=\"wp-block-image size-full\"><img loading=\"lazy\" decoding=\"async\" width=\"1920\" height=\"1920\" src=\"https:\/\/canadiansciencecentres.ca\/wp-content\/uploads\/2023\/12\/SCIENCE-NORTH-1.jpg\" alt=\"\" class=\"wp-image-17121\" srcset=\"https:\/\/canadiansciencecentres.ca\/wp-content\/uploads\/2023\/12\/SCIENCE-NORTH-1.jpg 1920w, https:\/\/canadiansciencecentres.ca\/wp-content\/uploads\/2023\/12\/SCIENCE-NORTH-1-640x640.jpg 640w, https:\/\/canadiansciencecentres.ca\/wp-content\/uploads\/2023\/12\/SCIENCE-NORTH-1-1280x1280.jpg 1280w, https:\/\/canadiansciencecentres.ca\/wp-content\/uploads\/2023\/12\/SCIENCE-NORTH-1-160x160.jpg 160w, https:\/\/canadiansciencecentres.ca\/wp-content\/uploads\/2023\/12\/SCIENCE-NORTH-1-768x768.jpg 768w, https:\/\/canadiansciencecentres.ca\/wp-content\/uploads\/2023\/12\/SCIENCE-NORTH-1-1536x1536.jpg 1536w\" sizes=\"auto, (max-width: 1920px) 100vw, 1920px\" \/><\/figure>\n<\/div>\n\n\n\n<div class=\"wp-block-column is-layout-flow wp-block-column-is-layout-flow\" style=\"flex-basis:66.66%\">\n<p><strong><strong><strong><strong><strong>THINK &#8211; Science Nord<\/strong><\/strong><\/strong><\/strong><\/strong><\/p>\n\n\n\n<p>Science North a achev\u00e9 une r\u00e9novation majeure du 4e niveau du centre scientifique en 2019 avec un nouvel espace permettant aux visiteurs de bricoler, de cr\u00e9er et d&rsquo;innover. Le nouvel espace THINK (Tinker, Hack, Innovate, Network, and Know) cr\u00e9e une zone interactive passionnante pour l&rsquo;exploration et l&rsquo;apprentissage pratiques.<\/p>\n<\/div>\n<\/div>\n<\/div>\n<\/div>\n\n<div style=\"height:100px\" aria-hidden=\"true\" class=\"wp-block-spacer\"><\/div>\n","protected":false},"excerpt":{"rendered":"<p>LES LAUR\u00c9ATS DU PRIX CASCADE 2020 Voir les candidats pour 2020 LES PREMIERS PRIX VIRTUELS DE LA CASCADE En pleine pand\u00e9mie de COVID-19, l&rsquo;Association canadienne des centres de sciences (ACCS) a organis\u00e9 sa c\u00e9r\u00e9monie annuelle de remise des prix CASCADE dans le monde num\u00e9rique ! Le jeudi 28 mai 2020, \u00e0 une \u00e9poque de distanciation [&hellip;]<\/p>\n","protected":false},"author":1,"featured_media":0,"parent":0,"menu_order":0,"comment_status":"closed","ping_status":"closed","template":"","meta":{"footnotes":""},"class_list":["post-17894","page","type-page","status-publish","hentry"],"acf":[],"_links":{"self":[{"href":"https:\/\/canadiansciencecentres.ca\/fr\/wp-json\/wp\/v2\/pages\/17894","targetHints":{"allow":["GET"]}}],"collection":[{"href":"https:\/\/canadiansciencecentres.ca\/fr\/wp-json\/wp\/v2\/pages"}],"about":[{"href":"https:\/\/canadiansciencecentres.ca\/fr\/wp-json\/wp\/v2\/types\/page"}],"author":[{"embeddable":true,"href":"https:\/\/canadiansciencecentres.ca\/fr\/wp-json\/wp\/v2\/users\/1"}],"replies":[{"embeddable":true,"href":"https:\/\/canadiansciencecentres.ca\/fr\/wp-json\/wp\/v2\/comments?post=17894"}],"version-history":[{"count":0,"href":"https:\/\/canadiansciencecentres.ca\/fr\/wp-json\/wp\/v2\/pages\/17894\/revisions"}],"wp:attachment":[{"href":"https:\/\/canadiansciencecentres.ca\/fr\/wp-json\/wp\/v2\/media?parent=17894"}],"curies":[{"name":"wp","href":"https:\/\/api.w.org\/{rel}","templated":true}]}}