{"id":17895,"date":"2023-12-18T17:39:32","date_gmt":"2023-12-19T01:39:32","guid":{"rendered":"http:\/\/canadiansciencecentres.ca\/la-conference-2020-de-laccs-sera-reprogrammee\/"},"modified":"2024-01-25T10:54:18","modified_gmt":"2024-01-25T18:54:18","slug":"la-conference-2020-de-laccs-sera-reprogrammee","status":"publish","type":"page","link":"https:\/\/canadiansciencecentres.ca\/fr\/la-conference-2020-de-laccs-sera-reprogrammee\/","title":{"rendered":"La Conf\u00e9rence 2020 de l&rsquo;ACCS sera reprogramm\u00e9e"},"content":{"rendered":"\n<div style=\"height:60px\" aria-hidden=\"true\" class=\"wp-block-spacer\"><\/div>\n\n<h1 class=\"wp-block-heading has-x-large-font-size\">La Conf\u00e9rence 2020 de l&rsquo;ACCS sera reprogramm\u00e9e<\/h1>\n\n<p><strong><em>Association canadienne des centres de sciences &#8211; Report de la conf\u00e9rence de 2020 \u00e0 Ottawa<\/em><\/strong><\/p>\n\n<p><strong>Sudbury, ON. 13 mars 2020 &#8211;<\/strong>  La conf\u00e9rence 2020 de l&rsquo;Association canadienne des centres de sciences (ACCS), organis\u00e9e par Ingenium : Canada&rsquo;s Museums of Science and Innovation \u00e0 Ottawa (Ontario) du 27 au 29 mai 2020 sera report\u00e9e.<\/p>\n\n<p>Ce report fait suite \u00e0 la pand\u00e9mie de COVID-19. Plusieurs autorit\u00e9s sanitaires provinciales recommandent de ne pas organiser de rassemblements de plus de 250 personnes et de nouvelles recommandations sont \u00e9mises chaque jour.  <\/p>\n\n<p>\u00ab\u00a0La s\u00e9curit\u00e9 de nos membres et de notre communaut\u00e9 est d&rsquo;une importance capitale. Nous ne prenons pas la d\u00e9cision de reporter notre conf\u00e9rence \u00e0 la l\u00e9g\u00e8re, mais nous croyons fermement qu&rsquo;il faut servir la communaut\u00e9 de mani\u00e8re responsable et que c&rsquo;est la meilleure fa\u00e7on de le faire\u00a0\u00bb, a d\u00e9clar\u00e9 Tracy Calogheros, pr\u00e9sidente du conseil d&rsquo;administration de l&rsquo;ACCS et directrice g\u00e9n\u00e9rale de l&rsquo;Exploration Place Museum + Science Centre.<\/p>\n\n<p>La CASC \u00e9labore actuellement un plan d&rsquo;urgence pour la reprogrammation des conf\u00e9rences, qui sera publi\u00e9 prochainement. Notre assembl\u00e9e g\u00e9n\u00e9rale annuelle et les prix CASCADE seront maintenus, mais probablement sous une forme virtuelle. Les dates n&rsquo;ont pas encore \u00e9t\u00e9 d\u00e9termin\u00e9es mais seront communiqu\u00e9es d\u00e8s qu&rsquo;elles seront confirm\u00e9es. Veuillez consulter notre site web et nos canaux de m\u00e9dias sociaux pour les mises \u00e0 jour.<\/p>\n\n<p>En tant que leader de la conversation scientifique, l&rsquo;ACCS doit servir de mani\u00e8re responsable notre r\u00e9seau national. Nous nous excusons pour les d\u00e9sagr\u00e9ments que cette mesure va causer \u00e0 certains, mais nous pensons qu&rsquo;elle contribuera \u00e0 pr\u00e9venir la propagation du COVID-19. Nous vous recommandons de vous tenir inform\u00e9 en consultant des sources fiables pour obtenir des informations suppl\u00e9mentaires, telles que l&rsquo;<a href=\"https:\/\/www.canada.ca\/en\/public-health\/services\/diseases\/2019-novel-coronavirus-infection.html\">Agence de sant\u00e9 publique du Canada<\/a>.<\/p>\n\n<p>-30-<\/p>\n\n<p><strong>\u00c0 propos de l&rsquo;Association canadienne des centres de sciences (ACCS)<\/strong><\/p>\n\n<p>L&rsquo;ACCS est une plateforme nationale pour les centres scientifiques, les mus\u00e9es, les aquariums, les plan\u00e9tariums et les makerspaces. Nous aidons \u00e0 trouver des solutions aux d\u00e9fis auxquels sont confront\u00e9es ces importantes institutions publiques, \u00e0 parler d&rsquo;une seule voix devant le gouvernement et \u00e0 promouvoir un Canada cr\u00e9atif et prosp\u00e8re par le biais de l&rsquo;engagement scientifique et technologique. Visitez le site <a href=\"https:\/\/canadiansciencecentres.ca\/fr\/\">\n  <u>centrescanadiensdescience.ca<\/u>\n<\/a> pour en savoir plus.  <\/p>\n\n<p>Pour plus d&rsquo;informations, veuillez contacter Tracy Calogheros, Pr\u00e9sidente du Conseil d&rsquo;administration de l&rsquo;ACCS, Tracy.Calogheros@theexplorationplace.com ou Marianne Mader, Directrice ex\u00e9cutive de l&rsquo;ACCS, mader@casc-accs.com<\/p>\n\n<div style=\"height:60px\" aria-hidden=\"true\" class=\"wp-block-spacer\"><\/div>\n","protected":false},"excerpt":{"rendered":"<p>La Conf\u00e9rence 2020 de l&rsquo;ACCS sera reprogramm\u00e9e Association canadienne des centres de sciences &#8211; Report de la conf\u00e9rence de 2020 \u00e0 Ottawa Sudbury, ON. 13 mars 2020 &#8211; La conf\u00e9rence 2020 de l&rsquo;Association canadienne des centres de sciences (ACCS), organis\u00e9e par Ingenium : Canada&rsquo;s Museums of Science and Innovation \u00e0 Ottawa (Ontario) du 27 au [&hellip;]<\/p>\n","protected":false},"author":1,"featured_media":0,"parent":0,"menu_order":0,"comment_status":"closed","ping_status":"closed","template":"","meta":{"footnotes":""},"class_list":["post-17895","page","type-page","status-publish","hentry"],"acf":[],"_links":{"self":[{"href":"https:\/\/canadiansciencecentres.ca\/fr\/wp-json\/wp\/v2\/pages\/17895","targetHints":{"allow":["GET"]}}],"collection":[{"href":"https:\/\/canadiansciencecentres.ca\/fr\/wp-json\/wp\/v2\/pages"}],"about":[{"href":"https:\/\/canadiansciencecentres.ca\/fr\/wp-json\/wp\/v2\/types\/page"}],"author":[{"embeddable":true,"href":"https:\/\/canadiansciencecentres.ca\/fr\/wp-json\/wp\/v2\/users\/1"}],"replies":[{"embeddable":true,"href":"https:\/\/canadiansciencecentres.ca\/fr\/wp-json\/wp\/v2\/comments?post=17895"}],"version-history":[{"count":0,"href":"https:\/\/canadiansciencecentres.ca\/fr\/wp-json\/wp\/v2\/pages\/17895\/revisions"}],"wp:attachment":[{"href":"https:\/\/canadiansciencecentres.ca\/fr\/wp-json\/wp\/v2\/media?parent=17895"}],"curies":[{"name":"wp","href":"https:\/\/api.w.org\/{rel}","templated":true}]}}