{"id":17899,"date":"2023-12-18T17:31:59","date_gmt":"2023-12-19T01:31:59","guid":{"rendered":"http:\/\/canadiansciencecentres.ca\/casc-2022-de-laction-a-limpact\/"},"modified":"2024-01-25T10:54:18","modified_gmt":"2024-01-25T18:54:18","slug":"casc-2022-de-laction-a-limpact","status":"publish","type":"page","link":"https:\/\/canadiansciencecentres.ca\/fr\/casc-2022-de-laction-a-limpact\/","title":{"rendered":"CASC 2022 &#8211; De l&rsquo;action \u00e0 l&rsquo;impact"},"content":{"rendered":"\n<div style=\"height:40px\" aria-hidden=\"true\" class=\"wp-block-spacer\"><\/div>\n\n<figure class=\"wp-block-image size-full\"><img loading=\"lazy\" decoding=\"async\" width=\"1280\" height=\"299\" src=\"https:\/\/canadiansciencecentres.ca\/wp-content\/uploads\/2023\/12\/CASC-2022-Conference-Logo-01.jpg\" alt=\"\" class=\"wp-image-16970\" srcset=\"https:\/\/canadiansciencecentres.ca\/wp-content\/uploads\/2023\/12\/CASC-2022-Conference-Logo-01.jpg 1280w, https:\/\/canadiansciencecentres.ca\/wp-content\/uploads\/2023\/12\/CASC-2022-Conference-Logo-01-640x150.jpg 640w, https:\/\/canadiansciencecentres.ca\/wp-content\/uploads\/2023\/12\/CASC-2022-Conference-Logo-01-768x179.jpg 768w\" sizes=\"auto, (max-width: 1280px) 100vw, 1280px\" \/><\/figure>\n\n<h2 class=\"wp-block-heading\">Rejoignez-nous du 24 au 27 mai 2022<\/h2>\n\n<p><strong>CASC 2022 : ACTION TO IMPACT<\/strong> est une conf\u00e9rence virtuelle de quatre jours, pr\u00e9sent\u00e9e par l&rsquo;Association canadienne des centres de sciences. En cette p\u00e9riode de perturbation, o\u00f9 les organisations sont confront\u00e9es \u00e0 des ressources limit\u00e9es, la conf\u00e9rence CASC 2022 examinera les mesures \u00e0 prendre pour conduire un changement courageux et cr\u00e9er un impact g\u00e9n\u00e9rationnel.<\/p>\n\n<p><strong>Le th\u00e8me de la conf\u00e9rence de cette ann\u00e9e est ACTION TO IMPACT (de l&rsquo;action \u00e0 l&rsquo;impact).<\/strong><\/p>\n\n<p>Les organisations d&rsquo;engagement scientifique sont depuis longtemps des catalyseurs d&rsquo;action pour faire progresser la communication et la culture scientifiques au Canada. C&rsquo;est dans ces centres scientifiques, ces mus\u00e9es et ces organisations de sensibilisation que la th\u00e9orie est mise en pratique.<\/p>\n\n<p>La n\u00e9cessit\u00e9 d&rsquo;un impact significatif n&rsquo;a jamais \u00e9t\u00e9 aussi grande face \u00e0 la crise climatique, \u00e0 la r\u00e9conciliation, \u00e0 l&rsquo;in\u00e9galit\u00e9 syst\u00e9mique et au racisme, \u00e0 la d\u00e9sinformation scientifique et, globalement, \u00e0 la r\u00e9alisation des objectifs de d\u00e9veloppement durable des Nations unies. Le travail n\u00e9cessite un effort soutenu. La conf\u00e9rence virtuelle CASC 2022 : ACTION TO IMPACT explorera les sous-th\u00e8mes suivants :<\/p>\n\n<ul class=\"wp-block-list\">\n<li><strong>D\u00e9raciner l&rsquo;in\u00e9galit\u00e9 :<\/strong> Mobiliser le changement pour un impact syst\u00e9mique  <\/li>\n\n\n\n<li><strong>La collaboration en action : <\/strong>Localement, r\u00e9gionalement, nationalement<\/li>\n\n\n\n<li><strong>\u00c9valuation de l&rsquo;impact : <\/strong>M\u00e9thodes et strat\u00e9gies  <\/li>\n\n\n\n<li><strong>Capacit\u00e9 organisationnelle :<\/strong> Evolution et r\u00e9volution<\/li>\n<\/ul>\n\n<p><strong><a href=\"https:\/\/canadiansciencecentres.ca\/CASC-NewsLetter\">\n  <u>S&rsquo;abonner \u00e0 la lettre d&rsquo;information de l&rsquo;ACCS<\/u>\n<\/a> pour l&rsquo;inscription et les mises \u00e0 jour de la conf\u00e9rence.<\/strong><\/p>\n\n<div style=\"height:60px\" aria-hidden=\"true\" class=\"wp-block-spacer\"><\/div>\n\n<h2 class=\"wp-block-heading\">Inscription<\/h2>\n\n<p><em>L&rsquo;inscription r\u00e9guli\u00e8re se poursuit jusqu&rsquo;au 27 mai 2022.<\/em><\/p>\n\n<figure class=\"wp-block-table is-style-stripes\"><table><tbody><tr><td><strong>Membres de l&rsquo;ACCS<\/strong><\/td><td><\/td><\/tr><tr><td><br\/><strong>Individuel<\/strong> <em>Avant de vous inscrire, assurez-vous que votre organisation<\/em> <em>n&rsquo;a pas achet\u00e9 une inscription de groupe <\/em>. Demandez le<em>code \u00e0 votre responsable<\/em>.<\/td><td><br\/>120,00 $ CAD<\/td><\/tr><tr><td><strong>\u00c9tudiant\/dipl\u00f4m\u00e9<\/strong> <em>Avant de vous inscrire, assurez-vous que votre organisation<\/em> <em>n&rsquo;a pas achet\u00e9 d&rsquo;inscription de groupe. Demandez le code \u00e0 votre responsable.<\/em><\/td><td>45,00 $ CAD<\/td><\/tr><tr><td><strong>Centre scientifique\/mus\u00e9e et affili\u00e9<\/strong> <em>(10 personnes ou moins)<\/em> <em>Un code vous sera envoy\u00e9 par courrier \u00e9lectronique (dans un d\u00e9lai de 48 heures).<\/em> <em>\u00c0 PARTAGER AVEC VOTRE PERSONNEL<\/em> <em><br\/><\/em><\/td><td><br\/>650,00 $ CAD<\/td><\/tr><tr><td><strong>Centre scientifique\/mus\u00e9e et affili\u00e9<\/strong> <em>(illimit\u00e9)<\/em>  <em>Un code vous sera envoy\u00e9 par courrier \u00e9lectronique (dans les 48 heures) pour que vous puissiez le communiquer \u00e0 votre personnel.<\/em> <em>\u00c0 PARTAGER AVEC VOTRE PERSONNEL<\/em><\/td><td>975,00 $ CAD<\/td><\/tr><\/tbody><\/table><\/figure>\n\n<p>*<strong>REMARQUE : <\/strong>Les frais d&rsquo;inscription comprennent le programme d&rsquo;une journ\u00e9e enti\u00e8re pour les 25, 26 et 27 mai 2022. Les ateliers des 24 et 27 mai 2022 font l&rsquo;objet d&rsquo;une inscription unique.<\/p>\n\n<figure class=\"wp-block-table is-style-stripes\"><table><tbody><tr><td><strong>G\u00e9n\u00e9ral (non-membres)<\/strong><\/td><td><\/td><\/tr><tr><td><br\/><strong>Individuel<\/strong><br\/><\/td><td><br\/>165,00 $ CAD<\/td><\/tr><tr><td><strong>\u00c9tudiant\/dipl\u00f4m\u00e9<\/strong><\/td><td>50,00 $ CAD<\/td><\/tr><\/tbody><\/table><\/figure>\n\n<p>*<strong>REMARQUE :<\/strong> Les frais d&rsquo;inscription comprennent le programme d&rsquo;une journ\u00e9e enti\u00e8re pour les 25 et 26 mai 2022. Les ateliers (\u00e0 d\u00e9terminer) des 24 et 27 mai 2022 auront des inscriptions uniques.<\/p>\n\n<p><strong>Bien que nous sachions que tout le monde fera sa part pour que cet \u00e9v\u00e9nement soit viable, n&rsquo;h\u00e9sitez pas \u00e0 nous contacter \u00e0 l&rsquo;adresse info@casc-accs.com pour obtenir un soutien en cas d&rsquo;obstacles financiers.<\/strong><\/p>\n\n<div style=\"height:60px\" aria-hidden=\"true\" class=\"wp-block-spacer\"><\/div>\n\n<h2 class=\"wp-block-heading\">Programme<\/h2>\n\n<p><em>Sous r\u00e9serve de modifications. Tous les d\u00e9tails sont \u00e0 venir. Revenez bient\u00f4t !<\/em><\/p>\n\n<p><strong><em>*UN INTERPR\u00c8TE FRAN\u00c7AIS EN DIRECT SERA DISPONIBLE.<\/em><\/strong><\/p>\n\n<div style=\"height:40px\" aria-hidden=\"true\" class=\"wp-block-spacer\"><\/div>\n\n<div class=\"wp-block-group has-gainsboro-background-color has-background has-global-padding is-layout-constrained wp-container-core-group-is-layout-173e2ddb wp-block-group-is-layout-constrained\" style=\"border-radius:15px;padding-top:var(--wp--preset--spacing--medium);padding-right:var(--wp--preset--spacing--medium);padding-bottom:var(--wp--preset--spacing--medium);padding-left:var(--wp--preset--spacing--medium)\">\n<h3 class=\"wp-block-heading has-primary-color has-text-color has-link-color has-medium-font-size wp-elements-82a58d58d618de306ea7e160c998ffa0\"><strong>Mardi 24 mai 2022, de 12h00 \u00e0 16h30 ET<\/strong><\/h3>\n\n\n\n<p><strong>12:00 ET <\/strong><strong>Atelier pr\u00e9-conf\u00e9rence<\/strong><\/p>\n\n\n\n<ul class=\"wp-block-list\">\n<li>Les autochtones dans la communication scientifique et les espaces STE(A)M<\/li>\n<\/ul>\n\n\n\n<p><strong>14:30 ET <\/strong><strong>Atelier pr\u00e9-conf\u00e9rence<\/strong><\/p>\n\n\n\n<ul class=\"wp-block-list\">\n<li>L&rsquo;antiracisme sur le lieu de travail*<\/li>\n<\/ul>\n<\/div>\n\n<div class=\"wp-block-group has-gainsboro-background-color has-background has-global-padding is-layout-constrained wp-container-core-group-is-layout-173e2ddb wp-block-group-is-layout-constrained\" style=\"border-radius:15px;padding-top:var(--wp--preset--spacing--medium);padding-right:var(--wp--preset--spacing--medium);padding-bottom:var(--wp--preset--spacing--medium);padding-left:var(--wp--preset--spacing--medium)\">\n<h3 class=\"wp-block-heading has-primary-color has-text-color has-link-color has-medium-font-size wp-elements-bda0dfca821281a94ba5809c6f3199f2\"><strong><strong>Mercredi 25 mai 2022, de 12h00 \u00e0 17h00 ET<\/strong><\/strong><\/h3>\n\n\n\n<p><strong>12:00 ET C\u00e9r\u00e9monie d&rsquo;ouverture de la fumigation par Lynn Lush<\/strong><\/p>\n\n\n\n<ul class=\"wp-block-list\">\n<li>Lynn Lush est la navigatrice terrestre et la gardienne du savoir au TELUS World of Science &#8211; Edmonton *.<\/li>\n<\/ul>\n\n\n\n<p><strong>12:20 PM ET <\/strong><strong>Discours d&rsquo;ouverture<\/strong><\/p>\n\n\n\n<ul class=\"wp-block-list\">\n<li>Communiquer sur la science du climat en p\u00e9riode de polarisation, de m\u00e9fiance et de d\u00e9sinformation*.<\/li>\n<\/ul>\n\n\n\n<p><strong>13:10 PM ET <\/strong><strong>Sessions simultan\u00e9es (2)<\/strong><\/p>\n\n\n\n<ul class=\"wp-block-list\">\n<li>Opportunit\u00e9s futures dans l&rsquo;espace : Exploration de la lune et \u00e9clipse solaire de 2024<\/li>\n\n\n\n<li>\u00c0 travers une lentille indig\u00e8ne : soutien et d\u00e9fense des centres et mus\u00e9es scientifiques par le biais de comit\u00e9s consultatifs indig\u00e8nes<\/li>\n<\/ul>\n\n\n\n<p><strong>2 : 40 PM ET <\/strong><strong>Sessions simultan\u00e9es (2)<\/strong><\/p>\n\n\n\n<ul class=\"wp-block-list\">\n<li>Construire un processus d&#8217;embauche inclusif : recrutement, embauche et maintien dans l&#8217;emploi*<\/li>\n\n\n\n<li>L&rsquo;apprentissage fond\u00e9 sur l&rsquo;investigation : Quelle est la prochaine \u00e9tape ?<\/li>\n<\/ul>\n<\/div>\n\n<div class=\"wp-block-group has-gainsboro-background-color has-background has-global-padding is-layout-constrained wp-container-core-group-is-layout-173e2ddb wp-block-group-is-layout-constrained\" style=\"border-radius:15px;padding-top:var(--wp--preset--spacing--medium);padding-right:var(--wp--preset--spacing--medium);padding-bottom:var(--wp--preset--spacing--medium);padding-left:var(--wp--preset--spacing--medium)\">\n<h3 class=\"wp-block-heading has-primary-color has-text-color has-link-color has-medium-font-size wp-elements-4c01029e0b6538487533d0ed6252115d\"><strong><strong><strong>Jeudi 26 mai 2022, de 12h00 \u00e0 17h00 ET<\/strong><\/strong><\/strong><\/h3>\n\n\n\n<p><strong>12 : 10 PM ET<\/strong><strong> Panel pl\u00e9nier<\/strong><\/p>\n\n\n\n<ul class=\"wp-block-list\">\n<li>L&rsquo;engagement \u00e9quitable dans les STIM \u00e0 l&rsquo;\u00e8re num\u00e9rique*<\/li>\n<\/ul>\n\n\n\n<p><strong>13:10 PM ET <\/strong><strong>Sessions simultan\u00e9es (2)<\/strong><\/p>\n\n\n\n<ul class=\"wp-block-list\">\n<li>Strat\u00e9gies pour d\u00e9velopper la capacit\u00e9 d&rsquo;\u00e9valuation de l&rsquo;impact des centres et mus\u00e9es de sciences dans le cadre de l&rsquo;enseignement postsecondaire<\/li>\n\n\n\n<li>Virus, vaccins et variantes : \u00c9duquer les communaut\u00e9s en toute confiance*<\/li>\n<\/ul>\n\n\n\n<p><strong>2 : 40 PM ET <\/strong><strong>Sessions simultan\u00e9es (2)<\/strong><\/p>\n\n\n\n<ul class=\"wp-block-list\">\n<li>Faire tomber les barri\u00e8res et engager les enfants handicap\u00e9s dans les STIM*.<\/li>\n\n\n\n<li>Lutte contre la d\u00e9sinformation : les enseignements de COVID<\/li>\n<\/ul>\n<\/div>\n\n<div class=\"wp-block-group has-gainsboro-background-color has-background has-global-padding is-layout-constrained wp-container-core-group-is-layout-173e2ddb wp-block-group-is-layout-constrained\" style=\"border-radius:15px;padding-top:var(--wp--preset--spacing--medium);padding-right:var(--wp--preset--spacing--medium);padding-bottom:var(--wp--preset--spacing--medium);padding-left:var(--wp--preset--spacing--medium)\">\n<h3 class=\"wp-block-heading has-primary-color has-text-color has-link-color has-medium-font-size wp-elements-89694f8783a04dfc9be0aa2c3a26f252\"><strong><strong><strong><strong>Vendredi 27 mai 2022, de 12h00 \u00e0 14h00 ET<\/strong><\/strong><\/strong><\/strong><\/h3>\n\n\n\n<p><strong>12:00 ET <\/strong><strong>Atelier r\u00e9serv\u00e9 aux membres de l&rsquo;ACCS<\/strong><\/p>\n\n\n\n<ul class=\"wp-block-list\">\n<li>Renforcer sa r\u00e9silience personnelle  <\/li>\n<\/ul>\n\n\n\n<p><\/p>\n<\/div>\n\n<div class=\"wp-block-group is-layout-flow wp-block-group-is-layout-flow\">\n<div class=\"wp-block-group has-primary-background-color has-background has-global-padding is-layout-constrained wp-container-core-group-is-layout-8217c53c wp-block-group-is-layout-constrained\" style=\"border-radius:15px;padding-top:var(--wp--preset--spacing--medium);padding-right:var(--wp--preset--spacing--medium);padding-bottom:var(--wp--preset--spacing--medium);padding-left:var(--wp--preset--spacing--medium)\">\n<h2 class=\"wp-block-heading has-casc-yellow-color has-text-color has-link-color wp-elements-ec2ad5a617e8d0da4c96f5fc7e4313d8\">Merci \u00e0 nos sponsors et \u00e0 nos sympathisants !<\/h2>\n\n\n\n<p class=\"has-white-color has-text-color has-link-color wp-elements-e5682391cbe16da379631edd7dea3894\">L&rsquo;ACCS est extr\u00eamement reconnaissante aux organisations qui ont choisi de soutenir l&rsquo;ACCS 2022, et tient \u00e0 les remercier pour leur g\u00e9n\u00e9reux soutien. Contact-mader@casc-accs.com pour obtenir des informations sur les possibilit\u00e9s de parrainage.<\/p>\n<\/div>\n\n\n\n<div style=\"height:60px\" aria-hidden=\"true\" class=\"wp-block-spacer\"><\/div>\n<\/div>\n","protected":false},"excerpt":{"rendered":"<p>Rejoignez-nous du 24 au 27 mai 2022 CASC 2022 : ACTION TO IMPACT est une conf\u00e9rence virtuelle de quatre jours, pr\u00e9sent\u00e9e par l&rsquo;Association canadienne des centres de sciences. En cette p\u00e9riode de perturbation, o\u00f9 les organisations sont confront\u00e9es \u00e0 des ressources limit\u00e9es, la conf\u00e9rence CASC 2022 examinera les mesures \u00e0 prendre pour conduire un changement [&hellip;]<\/p>\n","protected":false},"author":1,"featured_media":0,"parent":0,"menu_order":0,"comment_status":"closed","ping_status":"closed","template":"","meta":{"footnotes":""},"class_list":["post-17899","page","type-page","status-publish","hentry"],"acf":[],"_links":{"self":[{"href":"https:\/\/canadiansciencecentres.ca\/fr\/wp-json\/wp\/v2\/pages\/17899","targetHints":{"allow":["GET"]}}],"collection":[{"href":"https:\/\/canadiansciencecentres.ca\/fr\/wp-json\/wp\/v2\/pages"}],"about":[{"href":"https:\/\/canadiansciencecentres.ca\/fr\/wp-json\/wp\/v2\/types\/page"}],"author":[{"embeddable":true,"href":"https:\/\/canadiansciencecentres.ca\/fr\/wp-json\/wp\/v2\/users\/1"}],"replies":[{"embeddable":true,"href":"https:\/\/canadiansciencecentres.ca\/fr\/wp-json\/wp\/v2\/comments?post=17899"}],"version-history":[{"count":0,"href":"https:\/\/canadiansciencecentres.ca\/fr\/wp-json\/wp\/v2\/pages\/17899\/revisions"}],"wp:attachment":[{"href":"https:\/\/canadiansciencecentres.ca\/fr\/wp-json\/wp\/v2\/media?parent=17899"}],"curies":[{"name":"wp","href":"https:\/\/api.w.org\/{rel}","templated":true}]}}