{"id":17901,"date":"2023-12-19T12:25:36","date_gmt":"2023-12-19T17:25:36","guid":{"rendered":"http:\/\/canadiansciencecentres.ca\/membres-dhonneur-du-casc\/"},"modified":"2024-08-07T20:41:58","modified_gmt":"2024-08-08T00:41:58","slug":"membres-dhonneur-du-casc","status":"publish","type":"page","link":"https:\/\/canadiansciencecentres.ca\/fr\/membres-dhonneur-du-casc\/","title":{"rendered":"MEMBRES D&rsquo;HONNEUR DU CASC"},"content":{"rendered":"\n<div style=\"height:100px\" aria-hidden=\"true\" class=\"wp-block-spacer\"><\/div>\n\n<h1 class=\"wp-block-heading has-x-large-font-size\">MEMBRES D&rsquo;HONNEUR DU CASC  <\/h1>\n\n<div style=\"height:60px\" aria-hidden=\"true\" class=\"wp-block-spacer\"><\/div>\n\n<h2 class=\"wp-block-heading has-large-font-size\"><strong>Emerging Professional<\/strong><\/h2>\n\n<p><strong>Julia Aelick, <em>Science North<\/em> &#8211; 2023<\/strong><\/p>\n\n<p><strong>Derek Ware, <em>Telus World of Science \u2013 Edmonton<\/em> &#8211; 2022<\/strong><\/p>\n\n<div style=\"height:60px\" aria-hidden=\"true\" class=\"wp-block-spacer\"><\/div>\n\n<h2 class=\"wp-block-heading has-large-font-size\"><strong>\u00ab\u00a0Faire la diff\u00e9rence\u00a0\u00bb<\/strong><\/h2>\n\n<p><strong>David Gaucher 2020<\/strong><\/p>\n\n<p>David fait la diff\u00e9rence tous les jours : que ce soit avec les \u00e9tudiants qui participent \u00e0 ses ateliers, avec les adultes qui regardent ses \u00e9missions et qui appr\u00e9cient son franc-parler, ou avec son engagement en faveur du soutien et du d\u00e9veloppement de ses coll\u00e8gues. Son d\u00e9vouement \u00e0 l&rsquo;enseignement des sciences est in\u00e9branlable et il est tr\u00e8s respect\u00e9 et admir\u00e9 \u00e0 Science<br\/>Le monde.<\/p>\n\n<p><strong>Annika Trimble 2019<\/strong><\/p>\n\n<p>Annika (Aurora Research Institute) est passionn\u00e9e par l&rsquo;apprentissage et l&rsquo;aide apport\u00e9e aux autres. Son d\u00e9vouement et son enthousiasme pour la science sont contagieux. Lorsqu&rsquo;elle est dans les \u00e9coles, elle se pr\u00e9sente comme une professionnelle accomplie et son enthousiasme pour le sujet fait que les \u00e9l\u00e8ves et les enseignants sont captiv\u00e9s par ce qu&rsquo;elle a \u00e0 pr\u00e9senter. Elle se surpasse toujours dans son r\u00f4le de soutien.<\/p>\n\n<p><strong>Cathy Stadder Sage 2019<\/strong><\/p>\n\n<p>Cathy a consacr\u00e9 pr\u00e8s de 30 ans \u00e0 l&rsquo;\u00e9laboration et \u00e0 la mise en \u0153uvre de programmes scientifiques \u00e0 Science Nord. Dans ses diff\u00e9rentes fonctions de scientifique en chef &#8211; Camps, de scientifique en chef \u00e0 Terre dynamique et, plus r\u00e9cemment, de scientifique en chef &#8211; Programmes d&rsquo;apprentissage informel, elle a d\u00e9velopp\u00e9 et propos\u00e9 des exp\u00e9riences de qualit\u00e9 qui ont captiv\u00e9 l&rsquo;imagination des jeunes.<\/p>\n\n<p><strong>Michael Edwards 2017<\/strong><\/p>\n\n<p>Gr\u00e2ce \u00e0 son enthousiasme et \u00e0 ses conseils, Science East est un lieu tr\u00e8s appr\u00e9ci\u00e9 pour bricoler, faire des exp\u00e9riences et tester des hypoth\u00e8ses. L&rsquo;implication de Michael dans la planification de programmes scolaires et de camps d&rsquo;\u00e9t\u00e9, la conception d&rsquo;expositions et la r\u00e9alisation de spectacles scientifiques font de lui un \u00e9l\u00e9ment central du style, de la qualit\u00e9 et de la cr\u00e9ativit\u00e9 uniques qui d\u00e9finissent aujourd&rsquo;hui l&rsquo;organisation.<\/p>\n\n<p><strong>John Dedes 2016<\/strong><\/p>\n\n<p>John travaille en \u00e9troite collaboration avec les b\u00e9n\u00e9voles et le conseil d&rsquo;administration pour d\u00e9velopper de nouveaux programmes pratiques sur les insectes pour des publics de tous \u00e2ges. Il insiste sur l&rsquo;engagement pratique obligatoire du personnel b\u00e9n\u00e9vole d&rsquo;Entomica, qu&rsquo;il recrute et forme lui-m\u00eame les week-ends et les jours f\u00e9ri\u00e9s.<\/p>\n\n<p><strong>John Chu 2015<\/strong><\/p>\n\n<p>John Chu est b\u00e9n\u00e9vole depuis 20 ans et a consacr\u00e9 plus de 2 900 heures au TELUS World of Science &#8211; Edmonton. Salons professionnels, conventions, programmes publics et scolaires, rien ne lui \u00e9chappe pour tisser des liens avec la communaut\u00e9.<\/p>\n\n<p><strong>Eric Chisholm 2013<\/strong><\/p>\n\n<p>Eric a dirig\u00e9 l&rsquo;\u00e9quipe du Centre de l&rsquo;Univers (CU) du Conseil national de la recherche pour la r\u00e9alisation de leur premi\u00e8re exposition mus\u00e9ale. Chaque ann\u00e9e, il inspire les \u00e9tudiants des coop\u00e9ratives par son amour de l&rsquo;astronomie et du ciel nocturne.  <\/p>\n\n<p><strong>Linda Bissett 2012<\/strong><\/p>\n\n<p>Qu&rsquo;il s&rsquo;agisse d&rsquo;animer des sessions de formation sur la terminologie bioscientifique lors de la \u00ab\u00a0Bluecoat Conference\u00a0\u00bb de Science Nord ou de cr\u00e9er des expositions interactives et \u00e9ducatives sur table dans les \u00e9tages, Linda est toujours \u00e0 la recherche de moyens cr\u00e9atifs et novateurs pour partager ses connaissances et ses id\u00e9es.<\/p>\n\n<p><strong>Dr. David Pantalony 2010<\/strong><\/p>\n\n<p>En lan\u00e7ant le tout premier institut d&rsquo;\u00e9t\u00e9 du mus\u00e9e sur la lecture des artefacts, David a r\u00e9uni des \u00e9tudiants, des conservateurs et d&rsquo;autres experts pour leur apprendre \u00e0 d\u00e9couvrir les histoires qui se cachent derri\u00e8re les instruments scientifiques. Le r\u00e9sultat a ouvert une nouvelle voie d&rsquo;enseignement collaboratif au Mus\u00e9e des sciences et de la technologie du Canada.<\/p>\n\n<p><strong>Sally Camus 2007<\/strong><\/p>\n\n<p>Sally a commenc\u00e9 \u00e0 travailler comme responsable des expositions au Discovery Centre en 2002. \u00c0 l&rsquo;automne 2006, le Discovery Centre s&rsquo;est retrouv\u00e9 sans chef. \u00c0 la demande du conseil d&rsquo;administration, Sally a assum\u00e9 le r\u00f4le de \u00ab\u00a0directrice ex\u00e9cutive par int\u00e9rim\u00a0\u00bb pour les six mois \u00e0 venir.  <a><\/a>Nicola Focht 2006<\/p>\n\n<p>Nicole s&rsquo;est efforc\u00e9e de veiller \u00e0 ce que tous les programmes scolaires soient examin\u00e9s et modifi\u00e9s, ou supprim\u00e9s et cr\u00e9\u00e9s \u00e0 nouveau, afin de s&rsquo;assurer qu&rsquo;ils r\u00e9pondent aux besoins des enseignants. En 2004, les programmes scolaires d&rsquo;Exploration Place ont connu une croissance \u00e9tonnante.  <\/p>\n\n<div style=\"height:60px\" aria-hidden=\"true\" class=\"wp-block-spacer\"><\/div>\n\n<h2 class=\"wp-block-heading has-large-font-size\"><strong>Une carri\u00e8re exceptionnelle<\/strong><\/h2>\n\n<p><strong>Carey Roy, <em>Science North<\/em> &#8211; 2023<\/strong><\/p>\n\n<p><strong>Carol Pauz\u00e9, <em>Mus\u00e9e de l\u2019ing\u00e9niosit\u00e9 J. Armand Bombardie<\/em>r &#8211; 2022<\/strong><\/p>\n\n<p><strong>Alan Nursall, <em>Telus World of Science &#8211; Edmonton<\/em> &#8211; 2022<\/strong><\/p>\n\n<p><strong>Cathie Spencer 2021<\/strong><\/p>\n\n<p>Au cours de ses 40 ann\u00e9es pass\u00e9es au Centre des sciences de l&rsquo;Ontario (CSO), Cathie a occup\u00e9 plusieurs fonctions, notamment celle d&rsquo;h\u00f4te, de directrice de l&rsquo;\u00e9cole des sciences du CSO et de consultante en projets pour les ventes internationales. Cathie est une v\u00e9ritable communicatrice scientifique, une leader et une championne qui s&rsquo;est efforc\u00e9e de cr\u00e9er des liens et de repousser les limites pour innover.<\/p>\n\n<p><strong>Tracy Calogheros 2021<\/strong><\/p>\n\n<p>Tracy travaille au mus\u00e9e The Exploration Place Museum and Science Centre depuis 1994 et en est devenue la directrice g\u00e9n\u00e9rale en 2003. Tracy a re\u00e7u le prix \u00ab\u00a0Employees First\u00a0\u00bb de Tourism BC en 2008 et le prix \u00ab\u00a0Leadership in the Field : Experienced Leadership de l&rsquo;ASTC en 2006. En 2019, The Exploration Place a remport\u00e9 le prix de la Chambre de commerce pour la meilleure culture d&rsquo;entreprise. Elle a si\u00e9g\u00e9 dans de nombreuses associations et comit\u00e9s locaux, r\u00e9gionaux, provinciaux, nationaux et internationaux, notamment au conseil d&rsquo;administration de l&rsquo;ACCS, dont elle a \u00e9t\u00e9 la pr\u00e9sidente de 2018 \u00e0 2020. Tracy est un leader dans les domaines de la r\u00e9conciliation, du rapatriement et de l&rsquo;\u00e9tablissement de relations avec les peuples indig\u00e8nes. Elle a construit avec soin et respect une solide relation de confiance et d&rsquo;amiti\u00e9 avec la nation Lheidli T&rsquo;enneh, un exemple de la mani\u00e8re dont une institution r\u00e9gionale peut penser, travailler et repr\u00e9senter la Premi\u00e8re nation sur le territoire de laquelle elle est situ\u00e9e.<\/p>\n\n<p><strong>Ardith Edwards 2020<\/strong><\/p>\n\n<p>Ardith a jou\u00e9 un r\u00f4le d\u00e9terminant dans la mise en place du programme de b\u00e9n\u00e9volat TELUS World of Science Edmonton. Au cours de ses 27 ann\u00e9es de mandat, Ardith a recrut\u00e9, form\u00e9 et cultiv\u00e9 des milliers de b\u00e9n\u00e9voles qui sont devenus de solides ambassadeurs de la valeur des centres scientifiques au sein de leur communaut\u00e9.<\/p>\n\n<p><strong>Nicole Chiasson 2020<\/strong><\/p>\n\n<p>Au cours de ses 32 ann\u00e9es pass\u00e9es \u00e0 Science Nord, ses comp\u00e9tences et ses capacit\u00e9s de chef d&rsquo;\u00e9quipe visionnaire ont permis \u00e0 Science Nord d&rsquo;\u00e9tendre ses activit\u00e9s \u00e0 l&rsquo;ensemble des 800 000 km2 du Nord de l&rsquo;Ontario, avec une port\u00e9e et un impact plus importants que jamais au cours de ses 35 ann\u00e9es d&rsquo;existence.<\/p>\n\n<p><strong>Amanda Smedley 2019<\/strong><\/p>\n\n<p>Amanda (Exploration Place Museum &amp; Science Centre) se propose de prendre la direction d&rsquo;initiatives \u00e9ducatives STEM passionnantes mais complexes et non \u00e9prouv\u00e9es pour les enfants et les jeunes. Elle engage avec enthousiasme et comp\u00e9tence les parties prenantes de la communaut\u00e9 en tant que partenaires dans la recherche d&rsquo;une meilleure culture scientifique pour tous les \u00e2ges.<\/p>\n\n<p><strong>Brenda Koziol 2018<\/strong><\/p>\n\n<p>Brenda est une scientifique, une conceptrice d&rsquo;expositions, une chef de projet et une mentor qui a dirig\u00e9 la cr\u00e9ation de certains des projets et expositions prim\u00e9s de Science Nord.<\/p>\n\n<p><strong>Rob Lunde 2018<\/strong><\/p>\n\n<p>Depuis 1986, Rob a particip\u00e9 \u00e0 certaines des exp\u00e9riences les plus r\u00e9ussies de Science World, ravissant les visiteurs de tous \u00e2ges.<\/p>\n\n<p><strong>Jennifer Pink 2017<\/strong><\/p>\n\n<p>Jennifer a jou\u00e9 un r\u00f4le d\u00e9terminant dans le d\u00e9veloppement de la r\u00e9putation mondiale de Science North en tant que centre d&rsquo;exploration scientifique innovant et attrayant. Souvent impliqu\u00e9e dans la collaboration avec d&rsquo;autres centres scientifiques et scientifiques, elle a contribu\u00e9 \u00e0 l&rsquo;\u00e9laboration et \u00e0 la mise en \u0153uvre du programme de communication scientifique \u00e0 l&rsquo;Universit\u00e9 Laurentienne.<\/p>\n\n<p><strong>Bryan Tisdall 2016<\/strong><\/p>\n\n<p>Pendant pr\u00e8s de 20 ans, l&rsquo;ancien directeur g\u00e9n\u00e9ral de TELUS World of Science British Columbia s&rsquo;est attach\u00e9 \u00e0 promouvoir l&rsquo;innovation et la culture scientifique en mettant l&rsquo;accent sur l&rsquo;\u00e9laboration de programmes en dehors du centre de Vancouver, en travaillant avec des agriculteurs locaux, des \u00e9coles r\u00e9gionales et d&rsquo;autres organisations pour faire conna\u00eetre la science \u00e0 un public plus large.<\/p>\n\n<p><strong>Dr. David Desjardins 2015<\/strong><\/p>\n\n<p>David Desjardins a rejoint le comit\u00e9 ex\u00e9cutif du conseil d&rsquo;administration de Science Est en 1997 et, en 2001, il est devenu le PDG du seul centre scientifique du Nouveau-Brunswick. Gr\u00e2ce \u00e0 la coop\u00e9ration, \u00e0 la collaboration et \u00e0 des encouragements constants, il a men\u00e9 Science East \u00e0 de nombreuses r\u00e9alisations notables.<\/p>\n\n<p><strong>Dr. Marie MacBeath 2014<\/strong><\/p>\n\n<p>Marie est l&rsquo;un des fondateurs et des premiers membres du conseil d&rsquo;administration de Science Est et a \u00e9galement \u00e9t\u00e9 l&rsquo;un des premiers directeurs de l&rsquo;ACCS.  <a href=\"https:\/\/www.youtube.com\/watch?v=DBAgdlDCmBw&amp;feature=youtu.be\" target=\"_blank\" rel=\"noreferrer noopener\">En m\u00e9moire du Dr Marie MacBeath 1925-2015<\/a><\/p>\n\n<p><strong>Lesley Lewis 2012<\/strong><\/p>\n\n<p>Lesley a continuellement fait progresser le profil du Centre des sciences de l&rsquo;Ontario et des centres scientifiques dans le monde entier en tant qu&rsquo;\u00e9l\u00e9ments importants de l&rsquo;apprentissage fond\u00e9 sur le libre choix et l&rsquo;investigation. Qu&rsquo;il s&rsquo;agisse de si\u00e9ger dans un certain nombre de conseils et de comit\u00e9s, de faire des pr\u00e9sentations lors de conf\u00e9rences internationales ou d&rsquo;accueillir le premier congr\u00e8s mondial des centres de sciences en Am\u00e9rique du Nord.<\/p>\n\n<p><strong>Phil Aldrich &amp; Ron Pears 2011<\/strong><\/p>\n\n<p>En 1979, Ron Pears et Phil Aldrich ont combin\u00e9 leurs exp\u00e9riences dans les domaines de l&rsquo;\u00e9ducation, de la planification et de l&rsquo;architecture pour cr\u00e9er AldrichPears Associates. Ron et Phil ont fait preuve de leadership dans le domaine des affaires, de l&rsquo;apprentissage informel et d&rsquo;un engagement en faveur de la croissance de leur secteur, laissant une marque ind\u00e9l\u00e9bile sur les centres scientifiques au Canada et \u00e0 l&rsquo;\u00e9tranger.<\/p>\n\n<p><strong><a href=\"http:\/\/www.ianmclennan.com\">Ian McLennan<\/a> 2009<\/strong><\/p>\n\n<p>Pr\u00e9sent dans le domaine de la communication scientifique depuis pr\u00e8s de 50 ans, Ian a commenc\u00e9 sa carri\u00e8re en tant que responsable d&rsquo;un centre scientifique. Il s&rsquo;est aujourd&rsquo;hui forg\u00e9 une r\u00e9putation internationale de \u00ab\u00a0consultant extraordinairement bien inform\u00e9 et efficace\u00a0\u00bb en mati\u00e8re de d\u00e9veloppement et d&rsquo;exploitation de centres scientifiques, de mus\u00e9es et de plan\u00e9tariums.  <\/p>\n\n<p><strong>Bill Peters 2009<\/strong><\/p>\n\n<p>Bill a travaill\u00e9 dans le domaine des plan\u00e9tariums et des centres scientifiques pendant plus de trente ans, sa derni\u00e8re fonction \u00e9tant celle de directeur du TELUS World of Science-Calgary, de 1987 jusqu&rsquo;\u00e0 sa retraite fin 2008. Tout au long de cette p\u00e9riode, Bill a dirig\u00e9 la transformation d&rsquo;un plan\u00e9tarium naissant en un centre scientifique dynamique et en pleine expansion.  <\/p>\n\n<p><strong>Jim Marchbank 2007<\/strong><\/p>\n\n<p>Pendant plus de 25 ans, Jim a apport\u00e9 de nombreuses contributions exceptionnelles \u00e0 la communaut\u00e9 du Centre scientifique canadien, notamment en occupant des postes de direction \u00e0 Science Nord depuis 1982 et de directeur g\u00e9n\u00e9ral depuis 1987. Jim a \u00e9t\u00e9 le premier pr\u00e9sident de la CASC, il a \u00e9galement \u00e9t\u00e9 membre du conseil d&rsquo;administration de l&rsquo;ASTC et pr\u00e9sident de la GSTA (aujourd&rsquo;hui GSCA).<\/p>\n\n<div style=\"height:60px\" aria-hidden=\"true\" class=\"wp-block-spacer\"><\/div>\n\n<h2 class=\"wp-block-heading has-large-font-size\"><strong>Exceptional Program\/Project Leadership<\/strong><\/h2>\n\n<p><strong>Jennifer Bawden, <em>TELUS World of Science Edmonton<\/em> &#8211; 2023<\/strong><\/p>\n\n<p><strong>Pascal Simard, <em>Le Maison L\u00e9on-Provancher<\/em> &#8211; 2022<\/strong><\/p>\n\n<p><strong>Gillian Davidge 2019<\/strong><\/p>\n\n<p>En tant que responsable de l&rsquo;\u00e9ducation, Gillian est une visionnaire, comme en t\u00e9moigne l&rsquo;\u00e9tendue des programmes qui ont \u00e9t\u00e9 d\u00e9velopp\u00e9s et mis en \u0153uvre depuis qu&rsquo;elle a rejoint Manuels River. Elle comprend l&rsquo;importance et la mani\u00e8re de s&rsquo;entourer de talents exceptionnels et donne \u00e0 son \u00e9quipe les moyens d&rsquo;\u00eatre cr\u00e9ative et de donner vie \u00e0 ses id\u00e9es.<\/p>\n\n<p><strong>Dov Bercovici 2018<\/strong><\/p>\n\n<p>Dov a fait preuve de vision et de passion lors de la construction du nouveau Discovery Centre \u00e0 Halifax. Son leadership a permis de lever plus de 24 millions de dollars et de forger des partenariats substantiels avec l&rsquo;industrie locale.  <\/p>\n\n<p><strong>Rich Vieira 2017<\/strong><\/p>\n\n<p>Il a \u00e9t\u00e9 chef de projet pour Circus, une exposition itin\u00e9rante tr\u00e8s r\u00e9ussie qui tourne depuis 15 ans, et a contribu\u00e9 \u00e0 la plupart des expositions du Centre des sciences de l&rsquo;Ontario. Rich est une force positive sur un projet, qui avance avec optimisme et enthousiasme.<\/p>\n\n<p><strong>George B. Jacob 2016<\/strong><\/p>\n\n<p>En septembre 2015, George a offert une exp\u00e9rience d&rsquo;exposition \u00e9tonnante au Philip J. Currie Dinosaur Museum en tant que pr\u00e9sident fondateur et chef de la direction, achevant les phases de contenu d&rsquo;interpr\u00e9tation &#8211; conception &#8211; construction &#8211; installation en moins de 8 mois et en respectant le budget, ce qui en fait la mise en \u0153uvre de projet la plus rapide de l&rsquo;histoire du Canada.<\/p>\n\n<p><strong>Anya Moodie-Foster 2015<\/strong><\/p>\n\n<p>Lorsque des lacunes ont \u00e9t\u00e9 identifi\u00e9es dans la programmation du Mus\u00e9e du Manitoba pour les \u00e9l\u00e8ves de 8e ann\u00e9e, Anya a \u00e9labor\u00e9 des programmes sp\u00e9cifiques d&rsquo;une journ\u00e9e enti\u00e8re pour compl\u00e9ter les programmes temporaires.  <em>ENVELOPP\u00c9 ! La momie de Pesed<\/em>  Les enseignants peuvent ainsi vendre plus facilement l&rsquo;excursion \u00e0 leur administration.  <\/p>\n\n<p><strong>Katherine Ziff 2013<\/strong><\/p>\n\n<p>Katherine a dirig\u00e9 son \u00e9quipe dans le d\u00e9veloppement de nouveaux week-ends d&rsquo;\u00e9v\u00e9nements sp\u00e9ciaux et a lanc\u00e9 l&rsquo;id\u00e9e de l&rsquo;\u00e9v\u00e9nement toujours populaire \u00a0\u00bb Adults Only \u00a0\u00bb \u00e0 TELUS Spark. Reconnu comme l&rsquo;un des concepteurs d&rsquo;expositions les plus r\u00e9fl\u00e9chis et les plus stimulants de l&rsquo;industrie des sciences et des mus\u00e9es en Am\u00e9rique du Nord.  <\/p>\n\n<p><strong>Carol Pauz\u00e9 2008<\/strong><\/p>\n\n<p>Peu de mus\u00e9es renouvellent simultan\u00e9ment toutes leurs expositions permanentes. Pourtant, Carol Pauz\u00e9, directrice des expositions du Centre des sciences de Montr\u00e9al, a relev\u00e9 sans h\u00e9siter ce d\u00e9fi complexe avec un projet qui a vu le remplacement de trois expositions existantes par six expositions permanentes originales, occupant une surface de plus de 2 300 m\u00e8tres carr\u00e9s.  <\/p>\n\n<p><strong>Chantal Barriault 2006<\/strong><\/p>\n\n<p>Chantal a travaill\u00e9 en \u00e9troite collaboration avec David Pearson pour cr\u00e9er un <a href=\"http:\/\/sciencenorth.ca\/sciencecommunication\/program.aspx\">programme de communication scientifique<\/a>, un partenariat entre l&rsquo;Universit\u00e9 Laurentienne et Science Nord. En outre, elle a fait appel \u00e0 d&rsquo;autres partenaires, depuis les minist\u00e8res et d\u00e9partements gouvernementaux jusqu&rsquo;\u00e0 Discovery Channel, Canadian Geographic, d&rsquo;autres centres scientifiques, etc.<\/p>\n\n<div style=\"height:60px\" aria-hidden=\"true\" class=\"wp-block-spacer\"><\/div>\n\n<h2 class=\"wp-block-heading has-large-font-size\"><strong>Prix sp\u00e9cial du m\u00e9rite<\/strong><\/h2>\n\n<p><strong>Anne Charpentier 2004<\/strong><\/p>\n\n<p>Ann a \u00e9t\u00e9 approch\u00e9e par la Biosph\u00e8re d&rsquo;Environnement Canada pour orchestrer une transformation compl\u00e8te \u00e0 l&rsquo;occasion du 10e anniversaire de l&rsquo;ouverture de la Biosph\u00e8re, le 5 juin 2005. Il s&rsquo;agissait d&rsquo;une t\u00e2che colossale : revoir compl\u00e8tement la programmation et les expositions d&rsquo;une institution scientifique.<\/p>\n\n<div style=\"height:100px\" aria-hidden=\"true\" class=\"wp-block-spacer\"><\/div>\n","protected":false},"excerpt":{"rendered":"<p>MEMBRES D&rsquo;HONNEUR DU CASC Emerging Professional Julia Aelick, Science North &#8211; 2023 Derek Ware, Telus World of Science \u2013 Edmonton &#8211; 2022 \u00ab\u00a0Faire la diff\u00e9rence\u00a0\u00bb David Gaucher 2020 David fait la diff\u00e9rence tous les jours : que ce soit avec les \u00e9tudiants qui participent \u00e0 ses ateliers, avec les adultes qui regardent ses \u00e9missions et [&hellip;]<\/p>\n","protected":false},"author":1,"featured_media":0,"parent":0,"menu_order":0,"comment_status":"closed","ping_status":"closed","template":"","meta":{"footnotes":""},"class_list":["post-17901","page","type-page","status-publish","hentry"],"acf":[],"_links":{"self":[{"href":"https:\/\/canadiansciencecentres.ca\/fr\/wp-json\/wp\/v2\/pages\/17901","targetHints":{"allow":["GET"]}}],"collection":[{"href":"https:\/\/canadiansciencecentres.ca\/fr\/wp-json\/wp\/v2\/pages"}],"about":[{"href":"https:\/\/canadiansciencecentres.ca\/fr\/wp-json\/wp\/v2\/types\/page"}],"author":[{"embeddable":true,"href":"https:\/\/canadiansciencecentres.ca\/fr\/wp-json\/wp\/v2\/users\/1"}],"replies":[{"embeddable":true,"href":"https:\/\/canadiansciencecentres.ca\/fr\/wp-json\/wp\/v2\/comments?post=17901"}],"version-history":[{"count":1,"href":"https:\/\/canadiansciencecentres.ca\/fr\/wp-json\/wp\/v2\/pages\/17901\/revisions"}],"predecessor-version":[{"id":18914,"href":"https:\/\/canadiansciencecentres.ca\/fr\/wp-json\/wp\/v2\/pages\/17901\/revisions\/18914"}],"wp:attachment":[{"href":"https:\/\/canadiansciencecentres.ca\/fr\/wp-json\/wp\/v2\/media?parent=17901"}],"curies":[{"name":"wp","href":"https:\/\/api.w.org\/{rel}","templated":true}]}}