{"id":17902,"date":"2023-12-11T14:09:20","date_gmt":"2023-12-11T19:09:20","guid":{"rendered":"http:\/\/canadiansciencecentres.ca\/notre-histoire\/"},"modified":"2025-04-22T10:22:39","modified_gmt":"2025-04-22T14:22:39","slug":"notre-histoire","status":"publish","type":"page","link":"https:\/\/canadiansciencecentres.ca\/fr\/notre-histoire\/","title":{"rendered":"Notre histoire"},"content":{"rendered":"\n<div class=\"wp-block-group alignfull svg-background-grey has-white-background-color has-background has-global-padding is-layout-constrained wp-block-group-is-layout-constrained\" style=\"padding-top:var(--wp--preset--spacing--xx-large);padding-bottom:var(--wp--preset--spacing--xx-large)\">\n<div class=\"wp-block-group alignwide is-layout-flow wp-block-group-is-layout-flow\" style=\"padding-right:var(--wp--preset--spacing--medium);padding-left:var(--wp--preset--spacing--medium)\">\n<figure class=\"wp-block-image aligncenter size-full\"><img loading=\"lazy\" decoding=\"async\" width=\"800\" height=\"400\" src=\"https:\/\/canadiansciencecentres.ca\/wp-content\/uploads\/2024\/08\/CASC_Banner.png\" alt=\"\" class=\"wp-image-19133\" srcset=\"https:\/\/canadiansciencecentres.ca\/wp-content\/uploads\/2024\/08\/CASC_Banner.png 800w, https:\/\/canadiansciencecentres.ca\/wp-content\/uploads\/2024\/08\/CASC_Banner-640x320.png 640w, https:\/\/canadiansciencecentres.ca\/wp-content\/uploads\/2024\/08\/CASC_Banner-768x384.png 768w\" sizes=\"auto, (max-width: 800px) 100vw, 800px\" \/><\/figure>\n\n\n\n<h1 class=\"wp-block-heading has-text-align-center has-large-font-size\">Renforcer la science et l&rsquo;innovation au Canada<\/h1>\n\n\n\n<p class=\"has-text-align-center\">L&rsquo;Association canadienne des centres de sciences (ACCS) est un r\u00e9seau d&rsquo;organisations de confiance qui repr\u00e9sentent un \u00e9l\u00e9ment essentiel du paysage de la science, de la technologie et de l&rsquo;innovation au Canada.<br><br>Avec une audience annuelle de plus de 10 millions de personnes, l&rsquo;ACCS est le plus grand r\u00e9seau d&rsquo;organisations d&rsquo;engagement scientifique bas\u00e9 sur l&rsquo;adh\u00e9sion au Canada. Plus de 70 membres se consacrent \u00e0 l&rsquo;\u00e9panouissement de la culture de la science et de l&rsquo;innovation au Canada, et ils se r\u00e9unissent tous sous notre \u00e9gide.<\/p>\n\n\n\n<div style=\"height:60px\" aria-hidden=\"true\" class=\"wp-block-spacer\"><\/div>\n<\/div>\n<\/div>\n\n\n\n<div class=\"wp-block-group alignfull has-white-color has-casc-blue-background-color has-text-color has-background has-link-color wp-elements-288aeeac5d39a033f44ebaae600eb387 has-global-padding is-layout-constrained wp-block-group-is-layout-constrained\">\n<div class=\"wp-block-group alignwide is-layout-flow wp-block-group-is-layout-flow\" style=\"padding-top:var(--wp--preset--spacing--x-large);padding-bottom:var(--wp--preset--spacing--x-large)\">\n<h2 class=\"wp-block-heading has-text-align-center has-x-large-font-size\">Une voix unique devant le gouvernement<\/h2>\n\n\n\n<p class=\"has-text-align-center\">L&rsquo;ACCS a \u00e9t\u00e9 fond\u00e9e en 1985 dans le but de cr\u00e9er une synergie entre les organisations d&rsquo;engagement scientifique du Canada, d&rsquo;aider \u00e0 trouver des solutions aux d\u00e9fis auxquels sont confront\u00e9es ces importantes institutions publiques, et d&rsquo;offrir une voix unique aux gouvernements.  <\/p>\n\n\n\n<div style=\"height:40px\" aria-hidden=\"true\" class=\"wp-block-spacer\"><\/div>\n\n\n\n<div class=\"wp-block-columns is-layout-flex wp-container-core-columns-is-layout-28f84493 wp-block-columns-is-layout-flex\">\n<div class=\"wp-block-column is-layout-flow wp-block-column-is-layout-flow\">\n<div class=\"wp-block-group fade-up has-primary-background-color has-background has-global-padding is-layout-constrained wp-container-core-group-is-layout-8217c53c wp-block-group-is-layout-constrained\" style=\"border-radius:15px;min-height:280px;padding-top:var(--wp--preset--spacing--medium);padding-right:var(--wp--preset--spacing--medium);padding-bottom:var(--wp--preset--spacing--medium);padding-left:var(--wp--preset--spacing--medium)\">\n<p class=\"has-casc-yellow-color has-text-color has-link-color has-large-font-size wp-elements-541365563a56bd4bb7023985b16d0007\">Notre mission<\/p>\n\n\n\n<p>Nous connectons une communaut\u00e9 nationale d&rsquo;engagement scientifique qui cultive la joie d&rsquo;apprendre en rendant les STEM (sciences, technologies, ing\u00e9nierie, math\u00e9matiques) abordables, accessibles et pertinents.<\/p>\n<\/div>\n<\/div>\n\n\n\n<div class=\"wp-block-column is-layout-flow wp-block-column-is-layout-flow\">\n<div class=\"wp-block-group fade-up has-primary-background-color has-background has-global-padding is-layout-constrained wp-container-core-group-is-layout-8217c53c wp-block-group-is-layout-constrained\" style=\"border-radius:15px;min-height:280px;padding-top:var(--wp--preset--spacing--medium);padding-right:var(--wp--preset--spacing--medium);padding-bottom:var(--wp--preset--spacing--medium);padding-left:var(--wp--preset--spacing--medium)\">\n<p class=\"has-casc-yellow-color has-text-color has-link-color has-large-font-size wp-elements-301327e35c4bba0642359f68365a8ed8\">Notre vision<\/p>\n\n\n\n<p>Le Canada poss\u00e8de une culture de la science et de l&rsquo;innovation florissante, compos\u00e9e de citoyens engag\u00e9s.<\/p>\n<\/div>\n<\/div>\n<\/div>\n<\/div>\n<\/div>\n\n\n\n<div class=\"wp-block-group alignfull is-layout-flow wp-block-group-is-layout-flow\" style=\"padding-top:var(--wp--preset--spacing--xx-large);padding-right:var(--wp--preset--spacing--large);padding-bottom:var(--wp--preset--spacing--xx-large);padding-left:var(--wp--preset--spacing--large)\">\n<div class=\"wp-block-group has-global-padding is-layout-constrained wp-container-core-group-is-layout-dca8f464 wp-block-group-is-layout-constrained\">\n<h2 class=\"wp-block-heading has-casc-red-color has-text-color has-link-color wp-elements-6ce2ea15c62e5987fdc1a39d54e2f245\">Nos convictions<\/h2>\n\n\n\n<div class=\"wp-block-columns is-layout-flex wp-container-core-columns-is-layout-a0922b1f wp-block-columns-is-layout-flex\" style=\"padding-top:var(--wp--preset--spacing--medium);padding-right:var(--wp--preset--spacing--small);padding-bottom:var(--wp--preset--spacing--medium);padding-left:var(--wp--preset--spacing--small)\">\n<div class=\"wp-block-column is-layout-flow wp-block-column-is-layout-flow\">\n<p><strong>Il est essentiel que le public s&rsquo;engage \u00e0 long terme dans les STEM.  <\/strong>Le travail de la communaut\u00e9 CASC est essentiel pour am\u00e9liorer l&rsquo;\u00e9quit\u00e9 en mati\u00e8re de STIM, promouvoir la pens\u00e9e critique et aider les gens \u00e0 agir sur des questions qui ont un impact sur leur vie quotidienne.<\/p>\n<\/div>\n\n\n\n<div class=\"wp-block-column is-layout-flow wp-block-column-is-layout-flow\">\n<p><strong>\u00ab\u00a0Rien sur nous sans nous\u00a0\u00bb.<\/strong>  La participation et la repr\u00e9sentation de la diversit\u00e9 ne sont pas n\u00e9gociables. Nous veillons \u00e0 ce qu&rsquo;aucune politique, initiative ou programme ne soit mis en \u0153uvre sans la participation directe des membres du ou des groupes concern\u00e9s.<\/p>\n<\/div>\n\n\n\n<div class=\"wp-block-column is-layout-flow wp-block-column-is-layout-flow\">\n<p><strong>L&rsquo;engagement dans les STIM est amusant !<\/strong>  S&rsquo;il est bien fait, l&rsquo;engagement dans les STIM se manifeste par la joie d&rsquo;apprendre et constitue un processus \u00e0 double sens. Elle peut \u00eatre vari\u00e9e dans des approches cr\u00e9atives, y compris l&rsquo;\u00e9ducation informelle, la participation du public, l&rsquo;engagement de la communaut\u00e9 et les communications.<\/p>\n<\/div>\n<\/div>\n\n\n\n<div class=\"wp-block-columns is-layout-flex wp-container-core-columns-is-layout-a0922b1f wp-block-columns-is-layout-flex\" style=\"padding-top:var(--wp--preset--spacing--medium);padding-right:var(--wp--preset--spacing--small);padding-bottom:var(--wp--preset--spacing--medium);padding-left:var(--wp--preset--spacing--small)\">\n<div class=\"wp-block-column is-layout-flow wp-block-column-is-layout-flow\">\n<p><strong>La collaboration est essentielle pour relever les d\u00e9fis mondiaux.  <\/strong>Aucune organisation ne peut \u00e0 elle seule r\u00e9soudre les probl\u00e8mes li\u00e9s au changement climatique, \u00e0 la perte de biodiversit\u00e9 et \u00e0 la prolif\u00e9ration de la d\u00e9sinformation. Des perspectives et des organisations diverses sont n\u00e9cessaires pour trouver des solutions efficaces et favoriser l&rsquo;impact collectif.<\/p>\n<\/div>\n\n\n\n<div class=\"wp-block-column is-layout-flow wp-block-column-is-layout-flow\">\n<p><strong>Il existe de nombreuses fa\u00e7ons de savoir.<\/strong>  Nos travaux s&rsquo;appuient sur des approches inclusives qui valorisent les connaissances issues des m\u00e9thodes de recherche autochtones et occidentales, ainsi que sur la n\u00e9cessit\u00e9 inh\u00e9rente d&rsquo;une recherche pluridisciplinaire et interdisciplinaire, ax\u00e9e sur une mission, afin de contribuer \u00e0 relever les d\u00e9fis sociaux, technologiques, \u00e9conomiques et sanitaires les plus urgents.<\/p>\n<\/div>\n\n\n\n<div class=\"wp-block-column is-layout-flow wp-block-column-is-layout-flow\">\n<p><strong>Les approches fond\u00e9es sur les donn\u00e9es soutiennent l&rsquo;innovation et l&rsquo;apprentissage.<\/strong>  Obtenir intentionnellement de nouvelles perspectives et des id\u00e9es diff\u00e9rentes gr\u00e2ce \u00e0 l&rsquo;utilisation de donn\u00e9es et d&rsquo;analyses. Nous maximisons notre impact en utilisant les donn\u00e9es pour aider \u00e0 \u00e9tablir des priorit\u00e9s, \u00e0 s&rsquo;adapter et \u00e0 faire preuve d&rsquo;agilit\u00e9.<\/p>\n<\/div>\n<\/div>\n<\/div>\n<\/div>\n\n\n\n<div class=\"wp-block-group alignfull has-casc-green-background-color has-background is-layout-flow wp-block-group-is-layout-flow\" style=\"padding-top:var(--wp--preset--spacing--xx-large);padding-right:var(--wp--preset--spacing--large);padding-bottom:var(--wp--preset--spacing--xx-large);padding-left:var(--wp--preset--spacing--large)\">\n<div class=\"wp-block-group has-global-padding is-layout-constrained wp-container-core-group-is-layout-dca8f464 wp-block-group-is-layout-constrained\">\n<h2 class=\"wp-block-heading has-primary-color has-text-color has-link-color wp-elements-04cbcf594ee2c1142550e87aba938aae\">Nos valeurs fondamentales<\/h2>\n\n\n\n<p>Les valeurs fondamentales sont les principes profond\u00e9ment ancr\u00e9s qui guident toutes les actions de l&rsquo;ACCS pour atteindre son objectif principal, \u00e0 savoir que le Canada dispose d&rsquo;une culture de la science et de l&rsquo;innovation florissante, compos\u00e9e de citoyens engag\u00e9s. Nos valeurs fondamentales sont visibles dans tous les aspects de l&rsquo;organisation, qu&rsquo;il s&rsquo;agisse des op\u00e9rations, des programmes, de la communication ou des politiques et processus internes. Les valeurs de l&rsquo;ACCS sont les pierres angulaires de notre culture. Ils ne sont jamais compromis, que ce soit pour des raisons de commodit\u00e9 ou de gain \u00e9conomique \u00e0 court terme.<\/p>\n\n\n\n<div class=\"wp-block-columns is-layout-flex wp-container-core-columns-is-layout-a0922b1f wp-block-columns-is-layout-flex\" style=\"padding-top:var(--wp--preset--spacing--medium);padding-right:var(--wp--preset--spacing--small);padding-bottom:var(--wp--preset--spacing--medium);padding-left:var(--wp--preset--spacing--small)\">\n<div class=\"wp-block-column is-layout-flow wp-block-column-is-layout-flow\">\n<p><strong>Impact collectif<\/strong><br>Nous sommes un r\u00e9seau national qui rassemble des personnes et des organisations diverses de mani\u00e8re structur\u00e9e et collaborative afin de parvenir \u00e0 un changement social.<\/p>\n<\/div>\n\n\n\n<div class=\"wp-block-column is-layout-flow wp-block-column-is-layout-flow\">\n<p><strong>Confiance <\/strong><br>Nous nous effor\u00e7ons activement d\u2019instaurer et de maintenir la confiance en \u00e9tant honn\u00eates, cr\u00e9dibles, transparents, authentiques, fiables et responsables.<\/p>\n<\/div>\n\n\n\n<div class=\"wp-block-column is-layout-flow wp-block-column-is-layout-flow\">\n<p><strong>Une compr\u00e9hension partag\u00e9e<\/strong><br>Nous sommes curieux et \u00e9coutons profond\u00e9ment, avec compassion et humilit\u00e9, pour comprendre et r\u00e9pondre aux besoins de nos membres, de nos partenaires, de nos publics et de notre personnel.<\/p>\n<\/div>\n<\/div>\n\n\n\n<div class=\"wp-block-columns is-layout-flex wp-container-core-columns-is-layout-a0922b1f wp-block-columns-is-layout-flex\" style=\"padding-top:var(--wp--preset--spacing--medium);padding-right:var(--wp--preset--spacing--small);padding-bottom:var(--wp--preset--spacing--medium);padding-left:var(--wp--preset--spacing--small)\">\n<div class=\"wp-block-column is-layout-flow wp-block-column-is-layout-flow\">\n<p><strong>Diversit\u00e9 et inclusion<\/strong><br>Nous rassemblons des personnes ayant des ant\u00e9c\u00e9dents, des opinions, des id\u00e9es et des comp\u00e9tences tr\u00e8s divers, issues de diff\u00e9rents types d\u2019organisations. Nous cultivons une culture d\u2019inclusion o\u00f9 les gens se sentent respect\u00e9s et valoris\u00e9s pour ce qu\u2019ils sont en tant qu\u2019individu ou groupe et pour leurs contributions.<\/p>\n<\/div>\n\n\n\n<div class=\"wp-block-column is-layout-flow wp-block-column-is-layout-flow\">\n<p><strong>Une communication efficace<\/strong><br>Nous nous effor\u00e7ons de communiquer clairement et d\u2019apprendre en permanence, en utilisant des strat\u00e9gies abordables, pertinentes et accessibles dans toutes nos communications, et nous soutenons l\u2019avancement de la communication scientifique.<\/p>\n<\/div>\n\n\n\n<div class=\"wp-block-column is-layout-flow wp-block-column-is-layout-flow\">\n<p><strong>Durabilit\u00e9 environnementale<\/strong><br>Nous continuerons \u00e0 envisager et \u00e0 mettre en \u0153uvre des pratiques environnementales durables dans l\u2019ensemble des activit\u00e9s de l\u2019ACCS et \u00e0 soutenir le r\u00e9seau de l\u2019ACCS dans sa qu\u00eate d\u2019un avenir plus vert.<\/p>\n<\/div>\n<\/div>\n<\/div>\n<\/div>\n\n\n\n<div class=\"wp-block-group alignwide has-global-padding is-layout-constrained wp-block-group-is-layout-constrained\">\n<div class=\"wp-block-group alignwide has-global-padding is-layout-constrained wp-block-group-is-layout-constrained\" style=\"border-radius:15px\">\n<div class=\"wp-block-columns alignwide are-vertically-aligned-center is-layout-flex wp-container-core-columns-is-layout-28f84493 wp-block-columns-is-layout-flex\">\n<div class=\"wp-block-column is-vertically-aligned-center fade-right is-layout-flow wp-block-column-is-layout-flow\" style=\"padding-right:var(--wp--preset--spacing--large);flex-basis:37%\">\n<figure class=\"wp-block-image size-full has-custom-border overlap-img\"><img loading=\"lazy\" decoding=\"async\" width=\"2000\" height=\"1333\" src=\"https:\/\/canadiansciencecentres.ca\/wp-content\/uploads\/2025\/04\/CASC_Team.jpg\" alt=\"\" class=\"wp-image-20376\" style=\"border-radius:15px;object-fit:cover\" srcset=\"https:\/\/canadiansciencecentres.ca\/wp-content\/uploads\/2025\/04\/CASC_Team.jpg 2000w, https:\/\/canadiansciencecentres.ca\/wp-content\/uploads\/2025\/04\/CASC_Team-640x427.jpg 640w, https:\/\/canadiansciencecentres.ca\/wp-content\/uploads\/2025\/04\/CASC_Team-1280x853.jpg 1280w, https:\/\/canadiansciencecentres.ca\/wp-content\/uploads\/2025\/04\/CASC_Team-768x512.jpg 768w, https:\/\/canadiansciencecentres.ca\/wp-content\/uploads\/2025\/04\/CASC_Team-1536x1024.jpg 1536w\" sizes=\"auto, (max-width: 2000px) 100vw, 2000px\" \/><\/figure>\n<\/div>\n\n\n\n<div class=\"wp-block-column is-vertically-aligned-center fade-in is-layout-flow wp-block-column-is-layout-flow\">\n<h2 class=\"wp-block-heading has-text-align-left has-casc-red-color has-text-color has-link-color wp-elements-e559b673283bb7752df831a54e133e63\">Nos collaborateurs<\/h2>\n\n\n\n<p>Rencontrez les personnes qui travaillent dans les coulisses de l&rsquo;ACCS pour renforcer et \u00e9lever l&rsquo;engagement scientifique \u00e0 travers le Canada.<\/p>\n\n\n\n<div class=\"wp-block-buttons is-layout-flex wp-block-buttons-is-layout-flex\">\n<div class=\"wp-block-button\"><a class=\"wp-block-button__link has-white-color has-primary-background-color has-text-color has-background has-link-color wp-element-button\" href=\"https:\/\/canadiansciencecentres.ca\/fr\/nos-collaborateurs\/\">Voir l&rsquo;\u00e9quipe<\/a><\/div>\n<\/div>\n<\/div>\n<\/div>\n<\/div>\n<\/div>\n\n\n\n<div style=\"height:100px\" aria-hidden=\"true\" class=\"wp-block-spacer\"><\/div>\n\n\n\n<div class=\"wp-block-columns alignwide is-layout-flex wp-container-core-columns-is-layout-28f84493 wp-block-columns-is-layout-flex\">\n<div class=\"wp-block-column is-layout-flow wp-block-column-is-layout-flow\">\n<div class=\"wp-block-group fade-right has-casc-yellow-background-color has-background has-global-padding is-layout-constrained wp-container-core-group-is-layout-1c476759 wp-block-group-is-layout-constrained\" style=\"border-radius:15px;min-height:450px;padding-top:var(--wp--preset--spacing--medium);padding-right:var(--wp--preset--spacing--large);padding-bottom:var(--wp--preset--spacing--medium);padding-left:var(--wp--preset--spacing--large)\">\n<h2 class=\"wp-block-heading has-x-large-font-size\"><strong>Plus de 1 500 communicateur\u00b7ice\u00b7s scientifiques au Canada<\/strong><\/h2>\n\n\n\n<p><strong>L&rsquo;ensemble de nos membres repr\u00e9sente plus de 1 500 communicateur\u00b7ice\u00b7s scientifiques et personnel de soutien, auxquels s&rsquo;ajoutent plus de 10 000 b\u00e9n\u00e9voles.<\/strong><\/p>\n<\/div>\n<\/div>\n\n\n\n<div class=\"wp-block-column is-layout-flow wp-block-column-is-layout-flow\">\n<div class=\"wp-block-group fade-left has-casc-purple-background-color has-background has-global-padding is-layout-constrained wp-container-core-group-is-layout-1c476759 wp-block-group-is-layout-constrained\" style=\"border-radius:15px;min-height:450px;padding-top:var(--wp--preset--spacing--medium);padding-right:var(--wp--preset--spacing--large);padding-bottom:var(--wp--preset--spacing--medium);padding-left:var(--wp--preset--spacing--large)\">\n<h2 class=\"wp-block-heading has-x-large-font-size\"><strong>Plus de 10 millions de visiteurs chaque ann\u00e9e<\/strong><\/h2>\n\n\n\n<p><strong>Nous sommes une plateforme nationale pour les centres et mus\u00e9es scientifiques du Canada et l&rsquo;engagement scientifique informel. Nous repr\u00e9sentons plus de 50 institutions \u00e0 travers le Canada qui attirent des millions de visiteurs chaque ann\u00e9e.<\/strong><\/p>\n<\/div>\n<\/div>\n<\/div>\n\n\n\n<div style=\"height:100px\" aria-hidden=\"true\" class=\"wp-block-spacer\"><\/div>\n\n\n\n<div class=\"wp-block-group alignwide has-global-padding is-layout-constrained wp-block-group-is-layout-constrained\">\n<div class=\"wp-block-group alignwide has-casc-green-background-color has-background has-global-padding is-layout-constrained wp-block-group-is-layout-constrained\" style=\"border-radius:15px\">\n<div class=\"wp-block-columns alignwide are-vertically-aligned-center is-layout-flex wp-container-core-columns-is-layout-28f84493 wp-block-columns-is-layout-flex\">\n<div class=\"wp-block-column is-vertically-aligned-center fade-in is-layout-flow wp-block-column-is-layout-flow\" style=\"padding-left:var(--wp--preset--spacing--large)\">\n<h2 class=\"wp-block-heading has-text-align-left\" style=\"margin-top:var(--wp--preset--spacing--medium)\">Notre approche<\/h2>\n\n\n\n<p>Notre travail de soutien et d&rsquo;autonomisation de notre r\u00e9seau contribuera \u00e0 construire la culture de la science et de l&rsquo;innovation au Canada dans les ann\u00e9es \u00e0 venir.<\/p>\n\n\n\n<div class=\"wp-block-buttons is-layout-flex wp-block-buttons-is-layout-flex\" style=\"margin-bottom:var(--wp--preset--spacing--medium)\">\n<div class=\"wp-block-button\"><a class=\"wp-block-button__link has-white-color has-primary-background-color has-text-color has-background has-link-color wp-element-button\" href=\"https:\/\/canadiansciencecentres.ca\/fr\/notre-approche\/\">Comment nous proc\u00e9dons<\/a><\/div>\n<\/div>\n<\/div>\n\n\n\n<div class=\"wp-block-column is-vertically-aligned-center fade-right is-layout-flow wp-block-column-is-layout-flow\" style=\"padding-right:0;flex-basis:37%\">\n<figure class=\"wp-block-image alignright size-full has-custom-border overlap-img is-style-default\"><img loading=\"lazy\" decoding=\"async\" width=\"2560\" height=\"1707\" src=\"https:\/\/canadiansciencecentres.ca\/wp-content\/uploads\/2024\/04\/img_1559-scaled.jpg\" alt=\"\" class=\"wp-image-18618\" style=\"border-radius:15px;object-fit:cover\" srcset=\"https:\/\/canadiansciencecentres.ca\/wp-content\/uploads\/2024\/04\/img_1559-scaled.jpg 2560w, https:\/\/canadiansciencecentres.ca\/wp-content\/uploads\/2024\/04\/img_1559-640x427.jpg 640w, https:\/\/canadiansciencecentres.ca\/wp-content\/uploads\/2024\/04\/img_1559-1280x853.jpg 1280w, https:\/\/canadiansciencecentres.ca\/wp-content\/uploads\/2024\/04\/img_1559-768x512.jpg 768w, https:\/\/canadiansciencecentres.ca\/wp-content\/uploads\/2024\/04\/img_1559-1536x1024.jpg 1536w, https:\/\/canadiansciencecentres.ca\/wp-content\/uploads\/2024\/04\/img_1559-2048x1365.jpg 2048w\" sizes=\"auto, (max-width: 2560px) 100vw, 2560px\" \/><\/figure>\n<\/div>\n<\/div>\n<\/div>\n<\/div>\n\n\n\n<div style=\"height:100px\" aria-hidden=\"true\" class=\"wp-block-spacer\"><\/div>\n","protected":false},"excerpt":{"rendered":"<p>Renforcer la science et l&rsquo;innovation au Canada L&rsquo;Association canadienne des centres de sciences (ACCS) est un r\u00e9seau d&rsquo;organisations de confiance qui repr\u00e9sentent un \u00e9l\u00e9ment essentiel du paysage de la science, de la technologie et de l&rsquo;innovation au Canada. Avec une audience annuelle de plus de 10 millions de personnes, l&rsquo;ACCS est le plus grand r\u00e9seau [&hellip;]<\/p>\n","protected":false},"author":1,"featured_media":0,"parent":0,"menu_order":0,"comment_status":"closed","ping_status":"closed","template":"","meta":{"footnotes":""},"class_list":["post-17902","page","type-page","status-publish","hentry"],"acf":[],"_links":{"self":[{"href":"https:\/\/canadiansciencecentres.ca\/fr\/wp-json\/wp\/v2\/pages\/17902","targetHints":{"allow":["GET"]}}],"collection":[{"href":"https:\/\/canadiansciencecentres.ca\/fr\/wp-json\/wp\/v2\/pages"}],"about":[{"href":"https:\/\/canadiansciencecentres.ca\/fr\/wp-json\/wp\/v2\/types\/page"}],"author":[{"embeddable":true,"href":"https:\/\/canadiansciencecentres.ca\/fr\/wp-json\/wp\/v2\/users\/1"}],"replies":[{"embeddable":true,"href":"https:\/\/canadiansciencecentres.ca\/fr\/wp-json\/wp\/v2\/comments?post=17902"}],"version-history":[{"count":8,"href":"https:\/\/canadiansciencecentres.ca\/fr\/wp-json\/wp\/v2\/pages\/17902\/revisions"}],"predecessor-version":[{"id":20380,"href":"https:\/\/canadiansciencecentres.ca\/fr\/wp-json\/wp\/v2\/pages\/17902\/revisions\/20380"}],"wp:attachment":[{"href":"https:\/\/canadiansciencecentres.ca\/fr\/wp-json\/wp\/v2\/media?parent=17902"}],"curies":[{"name":"wp","href":"https:\/\/api.w.org\/{rel}","templated":true}]}}