{"id":17904,"date":"2023-12-18T21:41:45","date_gmt":"2023-12-19T05:41:45","guid":{"rendered":"http:\/\/canadiansciencecentres.ca\/casc-2016-lintersection-de-la-science-et-de-la-nature\/"},"modified":"2024-01-25T10:54:18","modified_gmt":"2024-01-25T18:54:18","slug":"casc-2016-lintersection-de-la-science-et-de-la-nature","status":"publish","type":"page","link":"https:\/\/canadiansciencecentres.ca\/fr\/casc-2016-lintersection-de-la-science-et-de-la-nature\/","title":{"rendered":"CASC 2016 L&rsquo;intersection de la science et de la nature"},"content":{"rendered":"\n<div style=\"height:60px\" aria-hidden=\"true\" class=\"wp-block-spacer\"><\/div>\n\n<h1 class=\"wp-block-heading has-x-large-font-size\">CASC 2016 L&rsquo;intersection de la science et de la nature<\/h1>\n\n<h4 class=\"wp-block-heading\">Organis\u00e9 par le <a href=\"http:\/\/www.spacecentre.ca\/\" target=\"_blank\" rel=\"noreferrer noopener\">HR MacMillan Space Centre<\/a>, <a href=\"https:\/\/www.scienceworld.ca\/\" target=\"_blank\" rel=\"noreferrer noopener\">Science World British Columbia<\/a> et le <a href=\"http:\/\/www.vanaqua.org\/\" target=\"_blank\" rel=\"noreferrer noopener\">Vancouver Aquarium Marine Science Centre<\/a> \u00e0 Vancouver, C.-B. Du 5 au 7 mai 2016<\/h4>\n\n<div class=\"wp-block-buttons is-layout-flex wp-block-buttons-is-layout-flex\">\n<div class=\"wp-block-button\"><a class=\"wp-block-button__link wp-element-button\" href=\"\/wp-content\/uploads\/2023\/12\/CASC-program-2.pdf\">T\u00e9l\u00e9charger le programme de la conf\u00e9rence<\/a><\/div>\n<\/div>\n\n<div style=\"height:60px\" aria-hidden=\"true\" class=\"wp-block-spacer\"><\/div>\n","protected":false},"excerpt":{"rendered":"<p>CASC 2016 L&rsquo;intersection de la science et de la nature Organis\u00e9 par le HR MacMillan Space Centre, Science World British Columbia et le Vancouver Aquarium Marine Science Centre \u00e0 Vancouver, C.-B. Du 5 au 7 mai 2016<\/p>\n","protected":false},"author":1,"featured_media":0,"parent":0,"menu_order":0,"comment_status":"closed","ping_status":"closed","template":"","meta":{"footnotes":""},"class_list":["post-17904","page","type-page","status-publish","hentry"],"acf":[],"_links":{"self":[{"href":"https:\/\/canadiansciencecentres.ca\/fr\/wp-json\/wp\/v2\/pages\/17904","targetHints":{"allow":["GET"]}}],"collection":[{"href":"https:\/\/canadiansciencecentres.ca\/fr\/wp-json\/wp\/v2\/pages"}],"about":[{"href":"https:\/\/canadiansciencecentres.ca\/fr\/wp-json\/wp\/v2\/types\/page"}],"author":[{"embeddable":true,"href":"https:\/\/canadiansciencecentres.ca\/fr\/wp-json\/wp\/v2\/users\/1"}],"replies":[{"embeddable":true,"href":"https:\/\/canadiansciencecentres.ca\/fr\/wp-json\/wp\/v2\/comments?post=17904"}],"version-history":[{"count":0,"href":"https:\/\/canadiansciencecentres.ca\/fr\/wp-json\/wp\/v2\/pages\/17904\/revisions"}],"wp:attachment":[{"href":"https:\/\/canadiansciencecentres.ca\/fr\/wp-json\/wp\/v2\/media?parent=17904"}],"curies":[{"name":"wp","href":"https:\/\/api.w.org\/{rel}","templated":true}]}}