{"id":17908,"date":"2023-12-11T14:09:16","date_gmt":"2023-12-11T19:09:16","guid":{"rendered":"http:\/\/canadiansciencecentres.ca\/calendrier-des-evenements\/"},"modified":"2024-09-20T10:11:27","modified_gmt":"2024-09-20T14:11:27","slug":"calendrier-des-evenements","status":"publish","type":"page","link":"https:\/\/canadiansciencecentres.ca\/fr\/calendrier-des-evenements\/","title":{"rendered":"Calendrier des \u00e9v\u00e9nements"},"content":{"rendered":"\n<div class=\"wp-block-group alignfull svg-background-2 has-white-color has-casc-blue-background-color has-text-color has-background has-link-color wp-elements-dcb02e0e99a61b2a437dd5ca766ab7f4 has-global-padding is-layout-constrained wp-block-group-is-layout-constrained\">\n<div class=\"wp-block-columns alignwide is-layout-flex wp-container-core-columns-is-layout-28f84493 wp-block-columns-is-layout-flex\">\n<div class=\"wp-block-column is-layout-flow wp-block-column-is-layout-flow\" style=\"padding-top:var(--wp--preset--spacing--x-large);padding-right:var(--wp--preset--spacing--large)\">\n<h1 class=\"wp-block-heading has-large-font-size\">Rejoignez-nous lors de notre prochain \u00e9v\u00e9nement de l&rsquo;ACCS<\/h1>\n\n\n\n<p>Nous vous invitons \u00e0 nous rejoindre lors de notre prochain \u00e9v\u00e9nement, qu&rsquo;il soit virtuel ou en personne.<\/p>\n<\/div>\n\n\n\n<div class=\"wp-block-column is-layout-flow wp-block-column-is-layout-flow\" style=\"padding-top:var(--wp--preset--spacing--x-large);padding-bottom:0px;padding-left:var(--wp--preset--spacing--x-large)\">\n<figure class=\"wp-block-image size-full has-custom-border\"><img loading=\"lazy\" decoding=\"async\" width=\"1280\" height=\"853\" src=\"https:\/\/canadiansciencecentres.ca\/wp-content\/uploads\/2024\/09\/Events_Calendar.jpg\" alt=\"\" class=\"wp-image-19602\" style=\"border-top-left-radius:15px;border-top-right-radius:15px;border-bottom-left-radius:0px;border-bottom-right-radius:0px\" srcset=\"https:\/\/canadiansciencecentres.ca\/wp-content\/uploads\/2024\/09\/Events_Calendar.jpg 1280w, https:\/\/canadiansciencecentres.ca\/wp-content\/uploads\/2024\/09\/Events_Calendar-640x427.jpg 640w, https:\/\/canadiansciencecentres.ca\/wp-content\/uploads\/2024\/09\/Events_Calendar-768x512.jpg 768w\" sizes=\"auto, (max-width: 1280px) 100vw, 1280px\" \/><\/figure>\n<\/div>\n<\/div>\n<\/div>\n\n\n\n<div style=\"height:60px\" aria-hidden=\"true\" class=\"wp-block-spacer\"><\/div>\n\n\n\n<div class=\"wp-block-group alignwide is-layout-flow wp-block-group-is-layout-flow\">\n<!-- GlueUp WIDGET START -->\n<iframe class=\"eb-widget\" id=\"eb-widget-event-list\" name=\"eb-widget-event-list\" data-auto-adjust-height=\"true\" data-auto-adjust-width=\"false\" style=\"display:block; margin: 0; padding: 0; border: 0; outline: 0; font-size: 100%; vertical-align: baseline; background:transparent; width: 100%; height: 1080px\" src=\"https:\/\/casc-accs.glueup.com\/organization\/6280\/widget\/event-list\/calendar-view?startWeekDay=7&#038;lang=fr\"><\/iframe><!-- GlueUp WIDGET END -->\n<\/div>\n\n\n\n<p><\/p>\n","protected":false},"excerpt":{"rendered":"<p>Rejoignez-nous lors de notre prochain \u00e9v\u00e9nement de l&rsquo;ACCS Nous vous invitons \u00e0 nous rejoindre lors de notre prochain \u00e9v\u00e9nement, qu&rsquo;il soit virtuel ou en personne.<\/p>\n","protected":false},"author":1,"featured_media":0,"parent":0,"menu_order":0,"comment_status":"closed","ping_status":"closed","template":"","meta":{"footnotes":""},"class_list":["post-17908","page","type-page","status-publish","hentry"],"acf":[],"_links":{"self":[{"href":"https:\/\/canadiansciencecentres.ca\/fr\/wp-json\/wp\/v2\/pages\/17908","targetHints":{"allow":["GET"]}}],"collection":[{"href":"https:\/\/canadiansciencecentres.ca\/fr\/wp-json\/wp\/v2\/pages"}],"about":[{"href":"https:\/\/canadiansciencecentres.ca\/fr\/wp-json\/wp\/v2\/types\/page"}],"author":[{"embeddable":true,"href":"https:\/\/canadiansciencecentres.ca\/fr\/wp-json\/wp\/v2\/users\/1"}],"replies":[{"embeddable":true,"href":"https:\/\/canadiansciencecentres.ca\/fr\/wp-json\/wp\/v2\/comments?post=17908"}],"version-history":[{"count":3,"href":"https:\/\/canadiansciencecentres.ca\/fr\/wp-json\/wp\/v2\/pages\/17908\/revisions"}],"predecessor-version":[{"id":19607,"href":"https:\/\/canadiansciencecentres.ca\/fr\/wp-json\/wp\/v2\/pages\/17908\/revisions\/19607"}],"wp:attachment":[{"href":"https:\/\/canadiansciencecentres.ca\/fr\/wp-json\/wp\/v2\/media?parent=17908"}],"curies":[{"name":"wp","href":"https:\/\/api.w.org\/{rel}","templated":true}]}}