{"id":17909,"date":"2023-12-18T16:28:09","date_gmt":"2023-12-19T00:28:09","guid":{"rendered":"http:\/\/canadiansciencecentres.ca\/vitrine-des-fournisseurs\/"},"modified":"2024-01-25T10:54:18","modified_gmt":"2024-01-25T18:54:18","slug":"vitrine-des-fournisseurs","status":"publish","type":"page","link":"https:\/\/canadiansciencecentres.ca\/fr\/vitrine-des-fournisseurs\/","title":{"rendered":"Vitrine des fournisseurs"},"content":{"rendered":"\n<div style=\"height:100px\" aria-hidden=\"true\" class=\"wp-block-spacer\"><\/div>\n\n<h1 class=\"wp-block-heading has-x-large-font-size\">Vitrine des fournisseurs<\/h1>\n\n<p>De nombreux membres de l&rsquo;ACCS proposent des produits et des services commerciaux pour soutenir le secteur de l&rsquo;apprentissage informel. Pour plus de facilit\u00e9, consultez cette page lorsque vous cherchez de l&rsquo;aide pour vos projets !<\/p>\n\n<h2 class=\"wp-block-heading\"><strong>Conception de l&rsquo;accessibilit\u00e9<\/strong><\/h2>\n\n<p>Blue Rhino Design Inc.<\/p>\n\n<p>Mus\u00e9e canadien de l&rsquo;\u00e9nergie : La maison de Leduc No.1<\/p>\n\n<p>Cosmodome<\/p>\n\n<p>Centre des sciences de Montr\u00e9al<\/p>\n\n<p>Explorateur<\/p>\n\n<p>Centre scientifique de l&rsquo;Ontario<\/p>\n\n<p>Plan\u00e9tarium Rio TInto Alcan<\/p>\n\n<p>Mus\u00e9e et centre de d\u00e9couverte de Rossland<\/p>\n\n<h2 class=\"wp-block-heading\"><strong>Camps de jour<\/strong><\/h2>\n\n<p>BIG Little Science Centre<\/p>\n\n<p>Mus\u00e9e canadien de l&rsquo;\u00e9nergie : La maison de Leduc No.1<\/p>\n\n<p>Centre d&rsquo;interpr\u00e9tation de l&rsquo;eau de Laval<\/p>\n\n<p>Cosmodome<\/p>\n\n<p>Explorateur<\/p>\n\n<p>Centre de d\u00e9couverte du fleuve Fraser<\/p>\n\n<p>Espace Indus<\/p>\n\n<p>La Maison L\u00e9on-Provancher<\/p>\n\n<p>Mus\u00e9e des enfants de Londres<\/p>\n\n<p>Mus\u00e9e des enfants du Manitoba<\/p>\n\n<p>Mus\u00e9e du Manitoba<\/p>\n\n<p>Rivi\u00e8re Manuels<\/p>\n\n<p>Mus\u00e9e Armand-Frappier<\/p>\n\n<p>Mus\u00e9e min\u00e9ralogique et minier de Thetford Mines<\/p>\n\n<p>Centre de d\u00e9couverte de Muskoka (MDC)  <\/p>\n\n<p>Centre scientifique de l&rsquo;Okanagan<\/p>\n\n<p>Centre scientifique de l&rsquo;Ontario<\/p>\n\n<p>Mus\u00e9e des dinosaures Philip J Currie<\/p>\n\n<p>Plan\u00e9tarium Rio TInto Alcan<\/p>\n\n<p>Aquarium Ripley&rsquo;s du Canada<\/p>\n\n<p>Institut du fleuve<\/p>\n\n<p>Mus\u00e9e et centre de d\u00e9couverte de Rossland<\/p>\n\n<p>Science Est<\/p>\n\n<p>Science Nord<\/p>\n\n<p>Science Timmins<\/p>\n\n<p>TELUS World of Science &#8211; Edmonton<\/p>\n\n<p>Le centre de d\u00e9couverte<\/p>\n\n<p>Mus\u00e9e et centre scientifique The Exploration Place<\/p>\n\n<p>Visions de la science<\/p>\n\n<h2 class=\"wp-block-heading\"><strong>Mat\u00e9riel d&rsquo;affichage<\/strong><\/h2>\n\n<p>ASTROLab du Mont-M\u00e9gantic<\/p>\n\n<p>Blue Rhino Design Inc.<\/p>\n\n<p>Mus\u00e9e canadien de l&rsquo;\u00e9nergie : La maison de Leduc No.1<\/p>\n\n<p>Centre des sciences de Montr\u00e9al<\/p>\n\n<p>Explorateur<\/p>\n\n<p>Espace Indus<\/p>\n\n<p>Mus\u00e9e de l&rsquo;ing\u00e9niosit\u00e9 J. Armand Bombardier<\/p>\n\n<p>Mus\u00e9e min\u00e9ralogique et minier de Thetford Mines<\/p>\n\n<p>Centre scientifique de l&rsquo;Ontario<\/p>\n\n<p>Centre scientifique de Prince Albert<\/p>\n\n<p>Seiler Instrument &amp; Mfg. Co.<\/p>\n\n<p>Le magasin des gorilles<\/p>\n\n<h2 class=\"wp-block-heading\"><strong>Mat\u00e9riels\/programmes d&rsquo;\u00e9ducation<\/strong><\/h2>\n\n<p>ASTROLab du Mont-M\u00e9gantic<\/p>\n\n<p>Institut de recherche Aurora<\/p>\n\n<p>Espace Indus<\/p>\n\n<p>BIG Little Science Centre<\/p>\n\n<p>Blue Rhino Design Inc.<\/p>\n\n<p>Mus\u00e9e canadien de l&rsquo;\u00e9nergie : La maison de Leduc No.1<\/p>\n\n<p>Centre des sciences de Montr\u00e9al<\/p>\n\n<p>Centre d&rsquo;interpr\u00e9tation de l&rsquo;eau de Laval<\/p>\n\n<p>Cosmodome<\/p>\n\n<p>Explorateur<\/p>\n\n<p>Explorer \u00e0 l&rsquo;aveuglette<\/p>\n\n<p>Centre de d\u00e9couverte du fleuve Fraser<\/p>\n\n<p>Soci\u00e9t\u00e9 du Centre spatial H.R. MacMillan<\/p>\n\n<p>La Maison L\u00e9on-Provancher<\/p>\n\n<p>LANCEMENT<\/p>\n\n<p>Mus\u00e9e des enfants de Londres<\/p>\n\n<p>Mus\u00e9e des enfants du Manitoba<\/p>\n\n<p>Mus\u00e9e du Manitoba<\/p>\n\n<p>Rivi\u00e8re Manuels<\/p>\n\n<p>\u00c9tude sur les c\u00e9tac\u00e9s de l&rsquo;\u00eele de Mingan<\/p>\n\n<p>Mus\u00e9e min\u00e9ralogique et minier de Thetford Mines<\/p>\n\n<p>Mus\u00e9e Armand-Frappier<\/p>\n\n<p>Mus\u00e9e de la nature et des sciences de Sherbrooke<\/p>\n\n<p>Mus\u00e9e de l&rsquo;ing\u00e9niosit\u00e9 J. Armand Bombardier<\/p>\n\n<p>Mus\u00e9e des sciences naturelles, Universit\u00e9 de la Saskatchewan<\/p>\n\n<p>Ocean School | \u00c9cole de l&rsquo;Oc\u00e9an<\/p>\n\n<p>Centre scientifique de l&rsquo;Okanagan<\/p>\n\n<p>Centre scientifique de l&rsquo;Ontario<\/p>\n\n<p>Mus\u00e9e de la Terre du Pacifique<\/p>\n\n<p>Mini aquarium de Petty Harbour<\/p>\n\n<p>Centre scientifique de Prince Albert<\/p>\n\n<p>Aquarium Ripley&rsquo;s du Canada<\/p>\n\n<p>Institut du fleuve<\/p>\n\n<p>Royal City Science<\/p>\n\n<p>Mus\u00e9e et centre de d\u00e9couverte de Rossland<\/p>\n\n<p>Science Est<\/p>\n\n<p>Science Nord<\/p>\n\n<p>Science Timmins<\/p>\n\n<p>Le monde de la science<\/p>\n\n<p>Steamlabs<\/p>\n\n<p>TELUS World of Science &#8211; Edmonton<\/p>\n\n<p>Le centre de d\u00e9couverte<\/p>\n\n<p>Mus\u00e9e et centre scientifique The Exploration Place<\/p>\n\n<p>Le magasin des gorilles<\/p>\n\n<p>Visions de la science<\/p>\n\n<p>Science Jeunesse Canada<\/p>\n\n<h2 class=\"wp-block-heading\"><strong>Fabrication d&rsquo;expositions<\/strong><\/h2>\n\n<p>Blue Rhino Design Inc.<\/p>\n\n<p>Mus\u00e9e canadien de l&rsquo;\u00e9nergie : La maison de Leduc No.1<\/p>\n\n<p>Explorateur<\/p>\n\n<p>Mus\u00e9e du Manitoba<\/p>\n\n<p>Centre scientifique de l&rsquo;Ontario<\/p>\n\n<p>Science Est<\/p>\n\n<p>Le centre de d\u00e9couverte<\/p>\n\n<h2 class=\"wp-block-heading\"><strong>Conception et int\u00e9gration de l&rsquo;\u00e9clairage des expositions<\/strong><\/h2>\n\n<p>Blue Rhino Design Inc.<\/p>\n\n<p>Eos Lightmedia<\/p>\n\n<p>Plan\u00e9tarium Rio TInto Alcan<\/p>\n\n<p>Science Est<\/p>\n\n<p>Le centre de d\u00e9couverte<\/p>\n\n<h2 class=\"wp-block-heading\"><strong>Exposition, planification\/conception de th\u00e9\u00e2tre<\/strong><\/h2>\n\n<p>Blue Rhino Design Inc.<\/p>\n\n<p>Centre des sciences de Montr\u00e9al<\/p>\n\n<p>Mus\u00e9e du Manitoba<\/p>\n\n<p>Plan\u00e9tarium Rio TInto Alcan<\/p>\n\n<p>Aquarium Ripley&rsquo;s du Canada<\/p>\n\n<p>Le centre de d\u00e9couverte<\/p>\n\n<h2 class=\"wp-block-heading\"><strong>Location d&rsquo;expositions, Expositions itin\u00e9rantes<\/strong><\/h2>\n\n<p>Centre des sciences de Montr\u00e9al<\/p>\n\n<p>Dinosauriosmexico<\/p>\n\n<p>Explorateur<\/p>\n\n<p>Imagine Exhibitions, Inc.<\/p>\n\n<p>Ingenium &#8211; Mus\u00e9es canadiens de la science et de l&rsquo;innovation<\/p>\n\n<p>Mus\u00e9e du Manitoba<\/p>\n\n<p>Labyrinthe du Minotaure<\/p>\n\n<p>Mus\u00e9e Armand-Frappier<\/p>\n\n<p>Mus\u00e9e de la nature et des sciences de Sherbrooke<\/p>\n\n<p>Mus\u00e9e de l&rsquo;ing\u00e9niosit\u00e9 J. Armand Bombardier<\/p>\n\n<p>Centre scientifique de l&rsquo;Ontario<\/p>\n\n<p>Plan\u00e9tarium Rio TInto Alcan<\/p>\n\n<p>Centre scientifique de Prince Albert<\/p>\n\n<p>Aquarium Ripley&rsquo;s du Canada<\/p>\n\n<p>Ripley&rsquo;s Entertainment Inc.<\/p>\n\n<p>Science Est<\/p>\n\n<p>Science Nord<\/p>\n\n<p>TELUS World of Science &#8211; Edmonton<\/p>\n\n<h2 class=\"wp-block-heading\"><strong>Collecte de fonds, marketing, conseil<\/strong><\/h2>\n\n<p>Centre scientifique de l&rsquo;Ontario<\/p>\n\n<p>Centre scientifique de Prince Albert<\/p>\n\n<p>Aquarium Ripley&rsquo;s du Canada<\/p>\n\n<p>Science Est<\/p>\n\n<p>Le centre de d\u00e9couverte<\/p>\n\n<h2 class=\"wp-block-heading\"><strong>D\u00e9veloppement du contenu indig\u00e8ne \/ recherche<\/strong><\/h2>\n\n<p>Blue Rhino Design Inc.<\/p>\n\n<p>Institut de recherche Aurora<\/p>\n\n<p>Mus\u00e9e du Manitoba<\/p>\n\n<p>Ocean School | \u00c9cole de l&rsquo;Oc\u00e9an<\/p>\n\n<p>Plan\u00e9tarium Rio TInto Alcan<\/p>\n\n<p>Science Est<\/p>\n\n<p>TELUS World of Science &#8211; Edmonton<\/p>\n\n<h2 class=\"wp-block-heading\"><strong>Large Format Films (production)<\/strong><\/h2>\n\n<p>ASTROLab du Mont-M\u00e9gantic<\/p>\n\n<p>Soci\u00e9t\u00e9 du Centre spatial H.R. MacMillan<\/p>\n\n<p>Centre scientifique de l&rsquo;Ontario<\/p>\n\n<p>Plan\u00e9tarium Rio TInto Alcan<\/p>\n\n<p>Science Nord<\/p>\n\n<h2 class=\"wp-block-heading\"><strong>Mentorat pour les communaut\u00e9s marginalis\u00e9es<\/strong><\/h2>\n\n<p>Espace Indus<\/p>\n\n<p>Mus\u00e9e du Manitoba<\/p>\n\n<p>Plan\u00e9tarium Rio TInto Alcan<\/p>\n\n<p>Science Est<\/p>\n\n<p>Le centre de d\u00e9couverte<\/p>\n\n<h2 class=\"wp-block-heading\"><strong>Production multim\u00e9dia\/audiovisuelle<\/strong><\/h2>\n\n<p>Blue Rhino Design Inc.<\/p>\n\n<p>Centre d&rsquo;interpr\u00e9tation de l&rsquo;eau de Laval<\/p>\n\n<p>Eos Lightmedia<\/p>\n\n<p>Explorer \u00e0 l&rsquo;aveuglette<\/p>\n\n<p>Soci\u00e9t\u00e9 du Centre spatial H.R. MacMillan<\/p>\n\n<p>Mus\u00e9e Armand-Frappier<\/p>\n\n<p>Ocean School | \u00c9cole de l&rsquo;Oc\u00e9an<\/p>\n\n<p>Centre scientifique de l&rsquo;Ontario<\/p>\n\n<p>Plan\u00e9tarium Rio TInto Alcan<\/p>\n\n<p>Aquarium Ripley&rsquo;s du Canada<\/p>\n\n<p>Science Nord<\/p>\n\n<p>Le centre de d\u00e9couverte<\/p>\n\n<h2 class=\"wp-block-heading\"><strong>\u00c9tudes de planification et\/ou de faisabilit\u00e9<\/strong><\/h2>\n\n<p>Blue Rhino Design Inc.<\/p>\n\n<p>Soci\u00e9t\u00e9 du Centre spatial H.R. MacMillan<\/p>\n\n<p>Centre scientifique de l&rsquo;Ontario<\/p>\n\n<p>Science Est<\/p>\n\n<p>Le centre de d\u00e9couverte<\/p>\n\n<p>Le magasin des gorilles<\/p>\n\n<h2 class=\"wp-block-heading\"><strong>Magasins de mus\u00e9es (commerce de gros)<\/strong><\/h2>\n\n<p>Muskoka Discovery Centre (MDC) Plan\u00e9tarium Rio TInto Alcan<\/p>\n\n<p>Science Est<\/p>\n\n<p>Le centre de d\u00e9couverte<\/p>\n\n<h2 class=\"wp-block-heading\"><strong>Programmes de sensibilisation de la communaut\u00e9<\/strong><\/h2>\n\n<p>Institut de recherche Aurora  <\/p>\n\n<p>Espace Indus<\/p>\n\n<p>BIG Little Science Centre<\/p>\n\n<p>Blue Rhino Design Inc.<\/p>\n\n<p>Mus\u00e9e canadien de l&rsquo;\u00e9nergie : La maison de Leduc No.1<\/p>\n\n<p>Centre d&rsquo;interpr\u00e9tation de l&rsquo;eau de Laval<\/p>\n\n<p>Soci\u00e9t\u00e9 du Centre spatial H.R. MacMillan<\/p>\n\n<p>LANCEMENT<\/p>\n\n<p>Mus\u00e9e des enfants de Londres<\/p>\n\n<p>Mus\u00e9e des enfants du Manitoba<\/p>\n\n<p>Mus\u00e9e du Manitoba<\/p>\n\n<p>Rivi\u00e8re Manuels<\/p>\n\n<p>Mus\u00e9e des sciences naturelles, Universit\u00e9 de la Saskatchewan<\/p>\n\n<p>Centre de d\u00e9couverte de Muskoka (MDC)  <\/p>\n\n<p>Ocean School | \u00c9cole de l&rsquo;Oc\u00e9an<\/p>\n\n<p>Centre scientifique de l&rsquo;Okanagan<\/p>\n\n<p>Centre des sciences de l&rsquo;Ontario\/Ontario Science Centre<\/p>\n\n<p>Mini aquarium de Petty Harbour<\/p>\n\n<p>Mus\u00e9e des dinosaures Philip J Currie<\/p>\n\n<p>Plan\u00e9tarium Rio TInto Alcan<\/p>\n\n<p>Centre scientifique de Prince Albert<\/p>\n\n<p>Institut du fleuve<\/p>\n\n<p>Mus\u00e9e et centre de d\u00e9couverte de Rossland<\/p>\n\n<p>Royal City Science<\/p>\n\n<p>Science Est<\/p>\n\n<p>Science Nord<\/p>\n\n<p>Science Timmins<\/p>\n\n<p>Le monde de la science<\/p>\n\n<p>Steamlabs<\/p>\n\n<p>TELUS World of Science &#8211; Edmonton<\/p>\n\n<p>Le centre de d\u00e9couverte<\/p>\n\n<p>Mus\u00e9e et centre scientifique The Exploration Place<\/p>\n\n<p>Visions de la science<\/p>\n\n<p>Science Jeunesse Canada<\/p>\n\n<h2 class=\"wp-block-heading\"><strong>Podcast<\/strong><\/h2>\n\n<p>Soci\u00e9t\u00e9 du Centre spatial H.R. MacMillan<\/p>\n\n<p>Mus\u00e9e de l&rsquo;ing\u00e9niosit\u00e9 J. Armand Bombardier<\/p>\n\n<p>Plan\u00e9tarium Rio TInto Alcan<\/p>\n\n<p>Science Est<\/p>\n\n<p>Science Jeunesse Canada<\/p>\n\n<h2 class=\"wp-block-heading\"><strong>Recherche et \u00e9valuation<\/strong><\/h2>\n\n<p>Institut de recherche Aurora  <\/p>\n\n<p>Blue Rhino Design Inc.<\/p>\n\n<p>\u00c9tude sur les c\u00e9tac\u00e9s de l&rsquo;\u00eele de Mingan<\/p>\n\n<p>Centre de d\u00e9couverte de Muskoka (MDC)  <\/p>\n\n<p>Plan\u00e9tarium Rio TInto Alcan<\/p>\n\n<p>Institut du fleuve<\/p>\n\n<p>Visions de la science<\/p>\n\n<h2 class=\"wp-block-heading\"><strong>Robotique<\/strong><\/h2>\n\n<p>Institut de recherche Aurora  <\/p>\n\n<p>BIG Little Science Centre<\/p>\n\n<p>Blue Rhino Design Inc.<\/p>\n\n<p>Soci\u00e9t\u00e9 du Centre spatial H.R. MacMillan<\/p>\n\n<p>Plan\u00e9tarium Rio TInto Alcan<\/p>\n\n<p>Centre scientifique de Prince Albert<\/p>\n\n<p>Science Est<\/p>\n\n<p>Le monde de la science<\/p>\n\n<p>Steamlabs<\/p>\n\n<p>TELUS World of Science &#8211; Edmonton<\/p>\n\n<p>Le magasin des gorilles<\/p>\n\n<h2 class=\"wp-block-heading\"><strong>Logiciel<\/strong><\/h2>\n\n<p>ASTROLab du Mont-M\u00e9gantic<\/p>\n\n<p>Blue Rhino Design Inc.<\/p>\n\n<p>Plan\u00e9tarium Rio TInto Alcan<\/p>\n\n<p>Seiler Instrument &amp; Mfg. Co.<\/p>\n\n<p>Steamlabs<\/p>\n\n<h2 class=\"wp-block-heading\"><strong>Programmation scolaire<\/strong><\/h2>\n\n<p>BIG Little Science Centre<\/p>\n\n<p>Blue Rhino Design Inc.<\/p>\n\n<p>Mus\u00e9e canadien de l&rsquo;\u00e9nergie : La maison de Leduc No.1<\/p>\n\n<p>Centre des sciences de Montr\u00e9al<\/p>\n\n<p>Cosmodome<\/p>\n\n<p>Explorateur<\/p>\n\n<p>Centre de d\u00e9couverte du fleuve Fraser<\/p>\n\n<p>Soci\u00e9t\u00e9 du Centre spatial H.R. MacMillan<\/p>\n\n<p>Espace Indus<\/p>\n\n<p>La Maison L\u00e9on-Provancher<\/p>\n\n<p>Mus\u00e9e des enfants du Manitoba<\/p>\n\n<p>Mus\u00e9e du Manitoba<\/p>\n\n<p>\u00c9tude sur les c\u00e9tac\u00e9s de l&rsquo;\u00eele de Mingan<\/p>\n\n<p>Mus\u00e9e min\u00e9ralogique et minier de Thetford Mines<\/p>\n\n<p>Mus\u00e9e Armand-Frappier<\/p>\n\n<p>Mus\u00e9e de la nature et des sciences de Sherbrooke<\/p>\n\n<p>Mus\u00e9e de l&rsquo;ing\u00e9niosit\u00e9 J. Armand Bombardier<\/p>\n\n<p>Mus\u00e9e des sciences naturelles, Universit\u00e9 de la Saskatchewan<\/p>\n\n<p>Centre de d\u00e9couverte de Muskoka (MDC)  <\/p>\n\n<p>Centre des sciences de l&rsquo;OkanaganCentre des sciences de l&rsquo;Ontario<\/p>\n\n<p>Mini aquarium de Petty Harbour<\/p>\n\n<p>Mus\u00e9e des dinosaures Philip J Currie<\/p>\n\n<p>Plan\u00e9tarium Rio TInto Alcan<\/p>\n\n<p>Centre scientifique de Prince Albert<\/p>\n\n<p>Aquarium Ripley&rsquo;s du Canada<\/p>\n\n<p>Institut du fleuve<\/p>\n\n<p>Mus\u00e9e et centre de d\u00e9couverte de Rossland<\/p>\n\n<p>Science Est<\/p>\n\n<p>Science Nord<\/p>\n\n<p>Science Timmins<\/p>\n\n<p>Le monde de la science<\/p>\n\n<p>TELUS World of Science &#8211; Edmonton<\/p>\n\n<p>Le centre de d\u00e9couverte<\/p>\n\n<p>Mus\u00e9e et centre scientifique The Exploration Place<\/p>\n\n<p>Le magasin des gorilles<\/p>\n\n<p>Visions de la science<\/p>\n\n<h2 class=\"wp-block-heading\"><strong>Programmes de formation des enseignants<\/strong><\/h2>\n\n<p>BIG Little Science Centre<\/p>\n\n<p>Centre des sciences de Montr\u00e9al<\/p>\n\n<p>Soci\u00e9t\u00e9 du Centre spatial H.R. MacMillan<\/p>\n\n<p>Espace Indus<\/p>\n\n<p>La Maison L\u00e9on-Provancher<\/p>\n\n<p>Mus\u00e9e du Manitoba<\/p>\n\n<p>Mus\u00e9e de l&rsquo;ing\u00e9niosit\u00e9 J. Armand Bombardier<\/p>\n\n<p>Ocean School | \u00c9cole de l&rsquo;Oc\u00e9an<\/p>\n\n<p>Centre scientifique de l&rsquo;Ontario<\/p>\n\n<p>Plan\u00e9tarium Rio TInto Alcan<\/p>\n\n<p>Centre scientifique de Prince Albert<\/p>\n\n<p>Institut du fleuve<\/p>\n\n<p>Science Est<\/p>\n\n<p>Science Nord<\/p>\n\n<p>Science Timmins<\/p>\n\n<p>Le monde de la science<\/p>\n\n<p>Steamlabs<\/p>\n\n<p>Le centre de d\u00e9couverte<\/p>\n\n<p>Le magasin des gorilles<\/p>\n\n<p>Visions de la science<\/p>\n\n<p>Science Jeunesse Canada<\/p>\n\n<h2 class=\"wp-block-heading\"><strong>Programmation publique virtuelle<\/strong><\/h2>\n\n<p>Institut de recherche Aurora  <\/p>\n\n<p>Centre d&rsquo;interpr\u00e9tation de l&rsquo;eau de Laval<\/p>\n\n<p>Explorateur<\/p>\n\n<p>Explorer \u00e0 l&rsquo;aveuglette<\/p>\n\n<p>Centre de d\u00e9couverte du fleuve Fraser<\/p>\n\n<p>Soci\u00e9t\u00e9 du Centre spatial H.R. MacMillan<\/p>\n\n<p>Espace Indus<\/p>\n\n<p>La Maison L\u00e9on-Provancher<\/p>\n\n<p>LANCEMENT<\/p>\n\n<p>Mus\u00e9e du Manitoba<\/p>\n\n<p>Rivi\u00e8re Manuels<\/p>\n\n<p>Mus\u00e9e Armand-Frappier<\/p>\n\n<p>Mus\u00e9e de l&rsquo;ing\u00e9niosit\u00e9 J. Armand Bombardier<\/p>\n\n<p>Mus\u00e9e des sciences naturelles, Universit\u00e9 de la Saskatchewan<\/p>\n\n<p>Centre de d\u00e9couverte de Muskoka (MDC)  <\/p>\n\n<p>Ocean School | \u00c9cole de l&rsquo;Oc\u00e9an<br\/>Centre scientifique de l&rsquo;Ontario<\/p>\n\n<p>Mini aquarium de Petty Harbour<\/p>\n\n<p>Plan\u00e9tarium Rio TInto Alcan<\/p>\n\n<p>Centre scientifique de Prince Albert<\/p>\n\n<p>Aquarium Ripley&rsquo;s du Canada<\/p>\n\n<p>Royal City Science<\/p>\n\n<p>Mus\u00e9e et centre de d\u00e9couverte de Rossland<\/p>\n\n<p>Science Est<\/p>\n\n<p>Science Nord<\/p>\n\n<p>Science Timmins<\/p>\n\n<p>Steamlabs<\/p>\n\n<p>TELUS World of Science &#8211; Edmonton<\/p>\n\n<p>Le centre de d\u00e9couverte<\/p>\n\n<p>Mus\u00e9e et centre scientifique The Exploration Place<\/p>\n","protected":false},"excerpt":{"rendered":"<p>Vitrine des fournisseurs De nombreux membres de l&rsquo;ACCS proposent des produits et des services commerciaux pour soutenir le secteur de l&rsquo;apprentissage informel. Pour plus de facilit\u00e9, consultez cette page lorsque vous cherchez de l&rsquo;aide pour vos projets ! Conception de l&rsquo;accessibilit\u00e9 Blue Rhino Design Inc. Mus\u00e9e canadien de l&rsquo;\u00e9nergie : La maison de Leduc No.1 [&hellip;]<\/p>\n","protected":false},"author":1,"featured_media":0,"parent":0,"menu_order":0,"comment_status":"closed","ping_status":"closed","template":"","meta":{"footnotes":""},"class_list":["post-17909","page","type-page","status-publish","hentry"],"acf":[],"_links":{"self":[{"href":"https:\/\/canadiansciencecentres.ca\/fr\/wp-json\/wp\/v2\/pages\/17909","targetHints":{"allow":["GET"]}}],"collection":[{"href":"https:\/\/canadiansciencecentres.ca\/fr\/wp-json\/wp\/v2\/pages"}],"about":[{"href":"https:\/\/canadiansciencecentres.ca\/fr\/wp-json\/wp\/v2\/types\/page"}],"author":[{"embeddable":true,"href":"https:\/\/canadiansciencecentres.ca\/fr\/wp-json\/wp\/v2\/users\/1"}],"replies":[{"embeddable":true,"href":"https:\/\/canadiansciencecentres.ca\/fr\/wp-json\/wp\/v2\/comments?post=17909"}],"version-history":[{"count":0,"href":"https:\/\/canadiansciencecentres.ca\/fr\/wp-json\/wp\/v2\/pages\/17909\/revisions"}],"wp:attachment":[{"href":"https:\/\/canadiansciencecentres.ca\/fr\/wp-json\/wp\/v2\/media?parent=17909"}],"curies":[{"name":"wp","href":"https:\/\/api.w.org\/{rel}","templated":true}]}}