{"id":17912,"date":"2023-12-18T21:41:02","date_gmt":"2023-12-19T05:41:02","guid":{"rendered":"http:\/\/canadiansciencecentres.ca\/casc-2017-quest-ce-que-lavenir\/"},"modified":"2024-01-25T10:54:18","modified_gmt":"2024-01-25T18:54:18","slug":"casc-2017-quest-ce-que-lavenir","status":"publish","type":"page","link":"https:\/\/canadiansciencecentres.ca\/fr\/casc-2017-quest-ce-que-lavenir\/","title":{"rendered":"CASC 2017 Qu&rsquo;est-ce que l&rsquo;avenir ?"},"content":{"rendered":"\n<div style=\"height:60px\" aria-hidden=\"true\" class=\"wp-block-spacer\"><\/div>\n\n<h1 class=\"wp-block-heading has-x-large-font-size\">CASC 2017 Qu&rsquo;est-ce que l&rsquo;avenir ?<\/h1>\n\n<h4 class=\"wp-block-heading\">Organis\u00e9 par le <a href=\"http:\/\/www.ontariosciencecentre.ca\/\" target=\"_blank\" rel=\"noreferrer noopener\">Centre des sciences de l&rsquo;Ontario<\/a> \u00e0 Toronto, ON Du 4 au 6 mai 2017<\/h4>\n\n<div class=\"wp-block-buttons is-layout-flex wp-block-buttons-is-layout-flex\">\n<div class=\"wp-block-button\"><a class=\"wp-block-button__link wp-element-button\" href=\"\/wp-content\/uploads\/2023\/12\/CASC-2017-Final-Program.pdf\">T\u00e9l\u00e9charger le programme de la conf\u00e9rence<\/a><\/div>\n<\/div>\n\n<div style=\"height:60px\" aria-hidden=\"true\" class=\"wp-block-spacer\"><\/div>\n","protected":false},"excerpt":{"rendered":"<p>CASC 2017 Qu&rsquo;est-ce que l&rsquo;avenir ? Organis\u00e9 par le Centre des sciences de l&rsquo;Ontario \u00e0 Toronto, ON Du 4 au 6 mai 2017<\/p>\n","protected":false},"author":1,"featured_media":0,"parent":0,"menu_order":0,"comment_status":"closed","ping_status":"closed","template":"","meta":{"footnotes":""},"class_list":["post-17912","page","type-page","status-publish","hentry"],"acf":[],"_links":{"self":[{"href":"https:\/\/canadiansciencecentres.ca\/fr\/wp-json\/wp\/v2\/pages\/17912","targetHints":{"allow":["GET"]}}],"collection":[{"href":"https:\/\/canadiansciencecentres.ca\/fr\/wp-json\/wp\/v2\/pages"}],"about":[{"href":"https:\/\/canadiansciencecentres.ca\/fr\/wp-json\/wp\/v2\/types\/page"}],"author":[{"embeddable":true,"href":"https:\/\/canadiansciencecentres.ca\/fr\/wp-json\/wp\/v2\/users\/1"}],"replies":[{"embeddable":true,"href":"https:\/\/canadiansciencecentres.ca\/fr\/wp-json\/wp\/v2\/comments?post=17912"}],"version-history":[{"count":0,"href":"https:\/\/canadiansciencecentres.ca\/fr\/wp-json\/wp\/v2\/pages\/17912\/revisions"}],"wp:attachment":[{"href":"https:\/\/canadiansciencecentres.ca\/fr\/wp-json\/wp\/v2\/media?parent=17912"}],"curies":[{"name":"wp","href":"https:\/\/api.w.org\/{rel}","templated":true}]}}