{"id":17913,"date":"2023-12-11T14:09:11","date_gmt":"2023-12-11T19:09:11","guid":{"rendered":"http:\/\/canadiansciencecentres.ca\/conference-annuelle-de-laccs\/"},"modified":"2025-11-19T16:27:26","modified_gmt":"2025-11-19T21:27:26","slug":"conference-annuelle-de-laccs","status":"publish","type":"page","link":"https:\/\/canadiansciencecentres.ca\/fr\/conference-annuelle-de-laccs\/","title":{"rendered":"Conf\u00e9rence annuelle de l&rsquo;ACCS"},"content":{"rendered":"\n<div class=\"wp-block-group alignfull svg-background-2 has-casc-green-background-color has-background has-global-padding is-layout-constrained wp-block-group-is-layout-constrained\">\n<div class=\"wp-block-columns alignwide is-layout-flex wp-container-core-columns-is-layout-28f84493 wp-block-columns-is-layout-flex\">\n<div class=\"wp-block-column is-layout-flow wp-block-column-is-layout-flow\" style=\"padding-top:var(--wp--preset--spacing--x-large);padding-right:var(--wp--preset--spacing--large)\">\n<h1 class=\"wp-block-heading has-large-font-size\">Conf\u00e9rence annuelle de l&rsquo;ACCS<\/h1>\n\n\n\n<p>Chaque ann\u00e9e, l&rsquo;Association canadienne des centres de sciences et son conseil d&rsquo;administration organisent une conf\u00e9rence de trois jours qui propose des orateurs principaux, une vari\u00e9t\u00e9 de sessions et des occasions de nouer des contacts avec des coll\u00e8gues lors d&rsquo;\u00e9v\u00e9nements tels qu&rsquo;une r\u00e9ception de bienvenue, un salon professionnel et la c\u00e9r\u00e9monie nationale de remise des prix CASCADE.  <\/p>\n<\/div>\n\n\n\n<div class=\"wp-block-column is-layout-flow wp-block-column-is-layout-flow\" style=\"padding-top:var(--wp--preset--spacing--x-large);padding-bottom:0px;padding-left:var(--wp--preset--spacing--x-large)\">\n<figure class=\"wp-block-image size-full has-custom-border\"><img loading=\"lazy\" decoding=\"async\" width=\"1920\" height=\"1279\" src=\"https:\/\/canadiansciencecentres.ca\/wp-content\/uploads\/2024\/04\/Cocktail20Reception-3.jpg\" alt=\"\" class=\"wp-image-18606\" style=\"border-top-left-radius:15px;border-top-right-radius:15px;border-bottom-left-radius:0px;border-bottom-right-radius:0px\" srcset=\"https:\/\/canadiansciencecentres.ca\/wp-content\/uploads\/2024\/04\/Cocktail20Reception-3.jpg 1920w, https:\/\/canadiansciencecentres.ca\/wp-content\/uploads\/2024\/04\/Cocktail20Reception-3-640x426.jpg 640w, https:\/\/canadiansciencecentres.ca\/wp-content\/uploads\/2024\/04\/Cocktail20Reception-3-1280x853.jpg 1280w, https:\/\/canadiansciencecentres.ca\/wp-content\/uploads\/2024\/04\/Cocktail20Reception-3-768x512.jpg 768w, https:\/\/canadiansciencecentres.ca\/wp-content\/uploads\/2024\/04\/Cocktail20Reception-3-1536x1023.jpg 1536w\" sizes=\"auto, (max-width: 1920px) 100vw, 1920px\" \/><\/figure>\n<\/div>\n<\/div>\n<\/div>\n\n\n\n<div style=\"height:60px\" aria-hidden=\"true\" class=\"wp-block-spacer\"><\/div>\n\n\n\n<div class=\"wp-block-group alignwide has-white-color has-text-color has-background has-link-color wp-elements-29db51f164e319711211ed6f7c6e9cef is-layout-flow wp-block-group-is-layout-flow\" style=\"border-radius:15px;background-color:#c7dfee;padding-top:var(--wp--preset--spacing--medium);padding-right:var(--wp--preset--spacing--medium);padding-bottom:var(--wp--preset--spacing--medium);padding-left:var(--wp--preset--spacing--medium)\">\n<h2 class=\"wp-block-heading has-text-align-center has-primary-color has-text-color has-link-color has-normal-font-size wp-elements-3605d77ef0c4fd71f5008eaa07810f4d\" style=\"margin-bottom:0;padding-bottom:0\">Notre prochaine conf\u00e9rence<\/h2>\n\n\n\n<p class=\"has-text-align-center has-primary-color has-text-color has-link-color has-x-large-font-size wp-elements-2b72d72136305232e38b5dc980d99b68\" style=\"margin-top:0\"><a href=\"https:\/\/site.pheedloop.com\/event\/EVEHTQRZSMGVL\/home\/\" data-type=\"link\" data-id=\"https:\/\/site.pheedloop.com\/event\/EVEHTQRZSMGVL\/home\/\">ACCS 2026 : La curiosit\u00e9 en \u00e9veil<\/a><\/p>\n\n\n\n<p class=\"has-text-align-center has-primary-color has-text-color has-link-color wp-elements-ec7a1fb958e3908f42a800e382c9bbd0\">28 avril 2026 &#8211; 30 avril 2026<\/p>\n\n\n\n<p class=\"has-text-align-center has-primary-color has-text-color has-link-color wp-elements-8494df3b748b3cc1342b1ef720a297e2\">Sudbury, Ontario, Canada<\/p>\n\n\n\n<p class=\"has-text-align-center has-primary-color has-text-color has-link-color wp-elements-a3ee02135b8fbbd9ebd794816df6822d\"><em>Vous rencontrez des probl\u00e8mes afficher le site ci-dessous ? <a href=\"https:\/\/site.pheedloop.com\/event\/EVEXDJMDCDDCL\/home\" data-type=\"link\" data-id=\"https:\/\/site.pheedloop.com\/event\/EVEXDJMDCDDCL\/home\" target=\"_blank\" rel=\"noreferrer noopener\">Suivez ce lien pour acc\u00e9der directement au site Pheedloop.<\/a><\/em><\/p>\n\n\n\n<iframe loading=\"lazy\" width=\"100%\" height=\"800px\" src=\"https:\/\/site.pheedloop.com\/event\/EVEXDJMDCDDCL\/home?lang=fr\"><\/iframe>\n<\/div>\n\n\n\n<div style=\"height:80px\" aria-hidden=\"true\" class=\"wp-block-spacer\"><\/div>\n\n\n\r\n\r\n<div style=\"background-image: url('https:\/\/canadiansciencecentres.ca\/wp-content\/uploads\/2023\/11\/Frame-3.png');\" class=\"cta-block  alignfull \">\r\n    <div class=\"cta-block-inner\">\r\n\r\n        <div class=\"cta-block__content\">\r\n                            <h2 class=\"cta-block__title\">Int\u00e9ress\u00e9 par l&rsquo;organisation d&rsquo;une conf\u00e9rence de l&rsquo;ACCS ? <\/h2>\r\n            \r\n                            <h3 class=\"cta-block__subtitle\">L&rsquo;ACCS invite ses organisations membres \u00e0 lui soumettre des propositions de partenariat en vue de l&rsquo;organisation de futures conf\u00e9rences annuelles.<\/h3>\r\n            \r\n                            <div class=\"cta-block__text\">Nous organisons notre conf\u00e9rence annuelle une fois par an en mai ou d\u00e9but juin. Accueillir la conf\u00e9rence annuelle de l&rsquo;ACCS est une opportunit\u00e9 passionnante de pr\u00e9senter vos r\u00e9ussites et de d\u00e9velopper vos relations avec vos coll\u00e8gues et les parties prenantes. L&rsquo;accueil de la conf\u00e9rence est un engagement important, mais c&rsquo;est aussi une occasion exceptionnelle pour votre centre scientifique, votre mus\u00e9e, etc. de d\u00e9montrer localement l&rsquo;engagement national en faveur de l&rsquo;am\u00e9lioration de la culture de la science et de l&rsquo;innovation au Canada. Veuillez nous contacter pour nous faire part de votre int\u00e9r\u00eat et nous indiquer l&rsquo;ann\u00e9e ou les ann\u00e9es qui vous int\u00e9ressent. <\/div>\r\n            \r\n                            <div class=\"cta-block__button wp-block-button is-style-outline\">\r\n                    <a href=\"mailto:info@casc-accs.com\" class=\"wp-block-button__link wp-element-button\">Contactez-nous<\/a>\r\n                <\/div>\r\n                    <\/div>\r\n\r\n        \r\n    <\/div>\r\n<\/div>\n\n\n<div style=\"height:70px\" aria-hidden=\"true\" class=\"wp-block-spacer\"><\/div>\n\n\n\n<div class=\"wp-block-group alignwide is-layout-flow wp-block-group-is-layout-flow\">\n<h2 class=\"wp-block-heading has-large-font-size\">D\u00e9couvrez les conf\u00e9rences pass\u00e9es de l&rsquo;ACCS<\/h2>\n\n\n\n<div class=\"wp-block-columns is-layout-flex wp-container-core-columns-is-layout-28f84493 wp-block-columns-is-layout-flex\">\n<div class=\"wp-block-column is-layout-flow wp-block-column-is-layout-flow\">\n<ul class=\"wp-block-list\">\n<li><a href=\"https:\/\/site.pheedloop.com\/event\/EVEHTQRZSMGVL\/home\/\" data-type=\"link\" data-id=\"https:\/\/site.pheedloop.com\/event\/EVEHTQRZSMGVL\/home\/\" target=\"_blank\" rel=\"noreferrer noopener\">CASC 2025<\/a><\/li>\n\n\n\n<li><a href=\"https:\/\/site.pheedloop.com\/event\/EVEACBHTVFVJS\/home\/\" data-type=\"link\" data-id=\"https:\/\/site.pheedloop.com\/event\/EVEACBHTVFVJS\/home\/\" target=\"_blank\" rel=\"noreferrer noopener\">CASC 2024<\/a><\/li>\n\n\n\n<li><a href=\"https:\/\/casc2023accs.sched.com\/\" data-type=\"link\" data-id=\"https:\/\/casc2023accs.sched.com\/\" target=\"_blank\" rel=\"noreferrer noopener\">CASC 2023<\/a><\/li>\n\n\n\n<li><a href=\"https:\/\/canadiansciencecentres.ca\/fr\/casc-2022-de-laction-a-limpact\/\">CASC 2022<\/a><\/li>\n\n\n\n<li><a href=\"\/wp-content\/uploads\/2023\/12\/Program-at-a-Glance-2021.pdf\">CASC 2021<\/a><\/li>\n\n\n\n<li><a href=\"https:\/\/canadiansciencecentres.ca\/fr\/la-conference-2020-de-laccs-sera-reprogrammee\/\" data-type=\"page\" data-id=\"16975\">CASC 2020<\/a><\/li>\n\n\n\n<li><a href=\"https:\/\/canadiansciencecentres.ca\/fr\/la-casc-2019-fait-des-vagues\/\" data-type=\"page\" data-id=\"16979\">CASC 2019<\/a><\/li>\n\n\n\n<li><a href=\"https:\/\/canadiansciencecentres.ca\/fr\/casc-2018-lhulhutsuten-travailler-ensemble\/\" data-type=\"page\" data-id=\"16984\">CASC 2018<\/a><\/li>\n<\/ul>\n<\/div>\n\n\n\n<div class=\"wp-block-column is-layout-flow wp-block-column-is-layout-flow\">\n<ul class=\"wp-block-list\">\n<li><a href=\"https:\/\/canadiansciencecentres.ca\/fr\/casc-2017-quest-ce-que-lavenir\/\" data-type=\"page\" data-id=\"16985\">CASC 2017<\/a><\/li>\n\n\n\n<li><a href=\"https:\/\/canadiansciencecentres.ca\/fr\/casc-2016-lintersection-de-la-science-et-de-la-nature\/\" data-type=\"page\" data-id=\"16986\">CASC 2016<\/a><\/li>\n\n\n\n<li><a href=\"https:\/\/canadiansciencecentres.ca\/fr\/casc-2015-true-north\/\" data-type=\"page\" data-id=\"16987\">CASC 2015<\/a><\/li>\n\n\n\n<li><a href=\"https:\/\/canadiansciencecentres.ca\/fr\/casc-2014-partagez-votre-passion\/\" data-type=\"page\" data-id=\"16988\">CASC 2014<\/a><\/li>\n\n\n\n<li><a href=\"https:\/\/canadiansciencecentres.ca\/fr\/casc-2013-jusquou-irez-vous\/\" data-type=\"page\" data-id=\"16989\">CASC 2013<\/a><\/li>\n\n\n\n<li><a href=\"https:\/\/canadiansciencecentres.ca\/fr\/casc-2012-lenergie-au-centre\/\" data-type=\"page\" data-id=\"16990\">CASC 2012<\/a><\/li>\n\n\n\n<li><a href=\"https:\/\/canadiansciencecentres.ca\/fr\/casc-2011-change\/\" data-type=\"page\" data-id=\"16991\">CASC 2011<\/a><\/li>\n\n\n\n<li><a href=\"https:\/\/canadiansciencecentres.ca\/fr\/casc-2010-audacity\/\" data-type=\"page\" data-id=\"16992\">CASC 2010<\/a><\/li>\n<\/ul>\n<\/div>\n\n\n\n<div class=\"wp-block-column is-layout-flow wp-block-column-is-layout-flow\">\n<ul class=\"wp-block-list\">\n<li><a href=\"https:\/\/canadiansciencecentres.ca\/fr\/casc-2009-des-esprits-inspires\/\" data-type=\"page\" data-id=\"16993\">CASC 2009<\/a><\/li>\n\n\n\n<li><a href=\"https:\/\/canadiansciencecentres.ca\/fr\/casc-2008-apprendre-a-jouer-jouer-pour-apprendre\/\" data-type=\"page\" data-id=\"17016\">CASC 2008<\/a><\/li>\n\n\n\n<li><a href=\"https:\/\/canadiansciencecentres.ca\/fr\/casc-2007-tisser-lavenir\/\" data-type=\"page\" data-id=\"17017\">CASC 2007<\/a><\/li>\n\n\n\n<li><a href=\"https:\/\/canadiansciencecentres.ca\/fr\/casc-2006-breaking-through-charting-new-territory-for-science-centres-en-anglais\/\" data-type=\"page\" data-id=\"17018\">CASC 2006<\/a><\/li>\n\n\n\n<li><a href=\"https:\/\/canadiansciencecentres.ca\/fr\/casc-2005-la-science-sous-un-angle-different\/\" data-type=\"page\" data-id=\"17019\">CASC 2005<\/a><\/li>\n\n\n\n<li><a href=\"https:\/\/canadiansciencecentres.ca\/fr\/casc-2004-se-connecter-a-sa-communaute\/\" data-type=\"page\" data-id=\"17020\">CASC 2004<\/a><\/li>\n\n\n\n<li><a href=\"https:\/\/canadiansciencecentres.ca\/fr\/casc-2003-innovation\/\" data-type=\"page\" data-id=\"17021\">CASC 2003<\/a><\/li>\n<\/ul>\n<\/div>\n<\/div>\n<\/div>\n\n\n\n<div style=\"height:100px\" aria-hidden=\"true\" class=\"wp-block-spacer\"><\/div>\n","protected":false},"excerpt":{"rendered":"<p>Conf\u00e9rence annuelle de l&rsquo;ACCS Chaque ann\u00e9e, l&rsquo;Association canadienne des centres de sciences et son conseil d&rsquo;administration organisent une conf\u00e9rence de trois jours qui propose des orateurs principaux, une vari\u00e9t\u00e9 de sessions et des occasions de nouer des contacts avec des coll\u00e8gues lors d&rsquo;\u00e9v\u00e9nements tels qu&rsquo;une r\u00e9ception de bienvenue, un salon professionnel et la c\u00e9r\u00e9monie nationale [&hellip;]<\/p>\n","protected":false},"author":1,"featured_media":0,"parent":0,"menu_order":0,"comment_status":"closed","ping_status":"closed","template":"","meta":{"footnotes":""},"class_list":["post-17913","page","type-page","status-publish","hentry"],"acf":[],"_links":{"self":[{"href":"https:\/\/canadiansciencecentres.ca\/fr\/wp-json\/wp\/v2\/pages\/17913","targetHints":{"allow":["GET"]}}],"collection":[{"href":"https:\/\/canadiansciencecentres.ca\/fr\/wp-json\/wp\/v2\/pages"}],"about":[{"href":"https:\/\/canadiansciencecentres.ca\/fr\/wp-json\/wp\/v2\/types\/page"}],"author":[{"embeddable":true,"href":"https:\/\/canadiansciencecentres.ca\/fr\/wp-json\/wp\/v2\/users\/1"}],"replies":[{"embeddable":true,"href":"https:\/\/canadiansciencecentres.ca\/fr\/wp-json\/wp\/v2\/comments?post=17913"}],"version-history":[{"count":13,"href":"https:\/\/canadiansciencecentres.ca\/fr\/wp-json\/wp\/v2\/pages\/17913\/revisions"}],"predecessor-version":[{"id":20872,"href":"https:\/\/canadiansciencecentres.ca\/fr\/wp-json\/wp\/v2\/pages\/17913\/revisions\/20872"}],"wp:attachment":[{"href":"https:\/\/canadiansciencecentres.ca\/fr\/wp-json\/wp\/v2\/media?parent=17913"}],"curies":[{"name":"wp","href":"https:\/\/api.w.org\/{rel}","templated":true}]}}