{"id":17916,"date":"2023-12-18T21:50:36","date_gmt":"2023-12-19T05:50:36","guid":{"rendered":"http:\/\/canadiansciencecentres.ca\/casc-2003-innovation\/"},"modified":"2024-01-25T10:54:14","modified_gmt":"2024-01-25T18:54:14","slug":"casc-2003-innovation","status":"publish","type":"page","link":"https:\/\/canadiansciencecentres.ca\/fr\/casc-2003-innovation\/","title":{"rendered":"CASC 2003 Innovation"},"content":{"rendered":"\n<div style=\"height:60px\" aria-hidden=\"true\" class=\"wp-block-spacer\"><\/div>\n\n<h1 class=\"wp-block-heading has-x-large-font-size\">CASC 2003 Innovation<\/h1>\n\n<h4 class=\"wp-block-heading\">Organis\u00e9 par <a href=\"http:\/\/sciencenorth.ca\/\" target=\"_blank\" rel=\"noreferrer noopener\">Science Nord<\/a> \u00e0 Sudbury (Ontario), du 5 au 7 juin 2003<\/h4>\n\n<div class=\"wp-block-buttons is-layout-flex wp-block-buttons-is-layout-flex\">\n<div class=\"wp-block-button\"><a class=\"wp-block-button__link wp-element-button\" href=\"\/wp-content\/uploads\/2023\/12\/2003Prelim_program.pdf\">T\u00e9l\u00e9charger le programme de la conf\u00e9rence<\/a><\/div>\n<\/div>\n\n<div style=\"height:60px\" aria-hidden=\"true\" class=\"wp-block-spacer\"><\/div>\n","protected":false},"excerpt":{"rendered":"<p>CASC 2003 Innovation Organis\u00e9 par Science Nord \u00e0 Sudbury (Ontario), du 5 au 7 juin 2003<\/p>\n","protected":false},"author":1,"featured_media":0,"parent":0,"menu_order":0,"comment_status":"closed","ping_status":"closed","template":"","meta":{"footnotes":""},"class_list":["post-17916","page","type-page","status-publish","hentry"],"acf":[],"_links":{"self":[{"href":"https:\/\/canadiansciencecentres.ca\/fr\/wp-json\/wp\/v2\/pages\/17916","targetHints":{"allow":["GET"]}}],"collection":[{"href":"https:\/\/canadiansciencecentres.ca\/fr\/wp-json\/wp\/v2\/pages"}],"about":[{"href":"https:\/\/canadiansciencecentres.ca\/fr\/wp-json\/wp\/v2\/types\/page"}],"author":[{"embeddable":true,"href":"https:\/\/canadiansciencecentres.ca\/fr\/wp-json\/wp\/v2\/users\/1"}],"replies":[{"embeddable":true,"href":"https:\/\/canadiansciencecentres.ca\/fr\/wp-json\/wp\/v2\/comments?post=17916"}],"version-history":[{"count":0,"href":"https:\/\/canadiansciencecentres.ca\/fr\/wp-json\/wp\/v2\/pages\/17916\/revisions"}],"wp:attachment":[{"href":"https:\/\/canadiansciencecentres.ca\/fr\/wp-json\/wp\/v2\/media?parent=17916"}],"curies":[{"name":"wp","href":"https:\/\/api.w.org\/{rel}","templated":true}]}}