{"id":17930,"date":"2023-12-19T14:11:30","date_gmt":"2023-12-19T22:11:30","guid":{"rendered":"http:\/\/canadiansciencecentres.ca\/nominations-pour-le-prix-cascade-2018\/"},"modified":"2024-01-25T11:05:14","modified_gmt":"2024-01-25T19:05:14","slug":"nominations-pour-le-prix-cascade-2018","status":"publish","type":"page","link":"https:\/\/canadiansciencecentres.ca\/fr\/nominations-pour-le-prix-cascade-2018\/","title":{"rendered":"NOMINATIONS POUR LE PRIX CASCADE 2018"},"content":{"rendered":"\n<div style=\"height:100px\" aria-hidden=\"true\" class=\"wp-block-spacer\"><\/div>\n\n<h1 class=\"wp-block-heading has-x-large-font-size\">NOMINATIONS POUR LE PRIX CASCADE 2018  <\/h1>\n\n<div style=\"height:60px\" aria-hidden=\"true\" class=\"wp-block-spacer\"><\/div>\n\n<h3 class=\"wp-block-heading has-casc-red-color has-text-color has-link-color wp-elements-d9ff69441908ab3f0d622d6fe3bfbbea\"><strong>Meilleure exposition ou spectacle &#8211; Grande institution<\/strong><\/h3>\n\n<p><strong>Cr\u00e9atures curieuses : Les voyages de Robert Ripley &#8211; Ripley&rsquo;s Aquarium of Canada<\/strong><\/p>\n\n<p>Robert Ripley a entrepris de d\u00e9couvrir les cr\u00e9atures et les objets les plus insolites et les plus impressionnants du monde entier. Les visiteurs marchent sur les traces de ce Marco Polo des temps modernes dans la nouvelle exposition Cr\u00e9atures curieuses de l&rsquo;Aquarium Ripley du Canada : Les voyages de Robert Ripley.<\/p>\n\n<p><strong>L&rsquo;ing\u00e9niosit\u00e9 autochtone : Inventions intemporelles &#8211; Centre des sciences de Montr\u00e9al<\/strong><\/p>\n\n<p>L&rsquo;ing\u00e9niosit\u00e9 indig\u00e8ne : Inventions intemporelles est une qu\u00eate interactive qui explore les innovations indig\u00e8nes de tout le Canada. \u00c0 travers une s\u00e9rie d&rsquo;activit\u00e9s interactives et ludiques, cette exposition de 500 m2 met en lumi\u00e8re l&rsquo;ing\u00e9niosit\u00e9 des Premiers Peuples et leur influence sur la soci\u00e9t\u00e9.<\/p>\n\n<p><strong>Medavie Health Gallery &#8211; Centre de d\u00e9couverte<\/strong><\/p>\n\n<p>L&rsquo;exposition de la Medavie Health Gallery incite les visiteurs de tous \u00e2ges \u00e0 am\u00e9liorer leur sant\u00e9 mentale et physique et \u00e0 acqu\u00e9rir une compr\u00e9hension globale du fonctionnement de leur cerveau et de leur corps. L&rsquo;autodiagnostic, les expositions interactives et la technologie de pointe r\u00e9v\u00e8lent comment nous pouvons prosp\u00e9rer dans le monde d&rsquo;aujourd&rsquo;hui.<\/p>\n\n<p><strong>Laboratoire d&rsquo;innovation de la Fondation d&rsquo;entreprise Michelin &#8211; Centre de d\u00e9couverte<\/strong><\/p>\n\n<p>Le laboratoire d&rsquo;innovation de la Fondation d&rsquo;entreprise Michelin offre un environnement cr\u00e9atif o\u00f9 les jeunes adultes peuvent imaginer, construire et tester leurs id\u00e9es en utilisant l&rsquo;\u00e9quipement et le mat\u00e9riel du laboratoire. L&rsquo;espace \u00e9voque un laboratoire d&rsquo;inventeur \u00ab\u00a0funky\u00a0\u00bb ou un atelier de r\u00e9paration de v\u00e9los, o\u00f9 les id\u00e9es deviennent de v\u00e9ritables prototypes. Le cadre favorise la responsabilisation personnelle, en renfor\u00e7ant le th\u00e8me du \u00ab\u00a0tu peux le faire\u00a0\u00bb.<\/p>\n\n<p><strong>Galerie des expositions permanentes &#8211; Mus\u00e9e des sciences et de la technologie du Canada<\/strong><\/p>\n\n<p>La nouvelle salle d&rsquo;exposition du Mus\u00e9e des sciences et de la technologie du Canada, d&rsquo;une superficie de 80 000 pieds carr\u00e9s, explore les histoires de la science, de la technologie et de l&rsquo;innovation au Canada, hier et aujourd&rsquo;hui, tout en gardant un \u0153il sur l&rsquo;avenir. La salle d&rsquo;exposition permanente comprend 11 expositions.<\/p>\n\n<p><strong>Planet MTL &#8211; La Biosph\u00e8re, Mus\u00e9e de l&rsquo;Environnement<\/strong><\/p>\n\n<p>Planet MTL est une exposition innovante et \u00e9ducative con\u00e7ue pour plonger les visiteurs dans l&rsquo;apprentissage des \u00e9cosyst\u00e8mes urbains. L&rsquo;exposition invite les visiteurs \u00e0 r\u00e9fl\u00e9chir \u00e0 ce qu&rsquo;ils aiment dans leur ville dans le contexte de ce qui la rend vivable, aimable et durable, malgr\u00e9 les probl\u00e8mes modernes tels que la pollution et le changement climatique.<\/p>\n\n<p><strong>Tout est pr\u00eat, tout est pr\u00eat, tout est pr\u00eat ! &#8211; Science Nord<\/strong><\/p>\n\n<p>Ce th\u00e9\u00e2tre totalement immersif, actif et interactif vous fera voyager dans le monde des modes de vie sains. La technologie de d\u00e9tection des mouvements permet \u00e0 votre propre activit\u00e9 de contribuer \u00e0 l&rsquo;histoire. Vous sauterez, esquiverez, tournerez et jouerez tout au long du spectacle, vos actions aidant notre h\u00e9ro\u00efne, Anna, dans sa qu\u00eate pour sauver sa famille d&rsquo;un brouillard sombre et inqui\u00e9tant.<\/p>\n\n<p><strong>Projet de r\u00e9novation et d&rsquo;agrandissement &#8211; Mus\u00e9e de l&rsquo;ing\u00e9niosit\u00e9 J. Armand Bombardier<\/strong><\/p>\n\n<p>En mai 2016, apr\u00e8s 45 ans d&rsquo;existence, le Mus\u00e9e J. Armand Bombardier subit une transformation majeure au niveau de son infrastructure et de son contenu. Inspir\u00e9 par le travail de J-A Bombardier et de ses successeurs, le Mus\u00e9e de l&rsquo;ing\u00e9niosit\u00e9 J. Armand Bombardier c\u00e9l\u00e8bre d\u00e9sormais la cr\u00e9ativit\u00e9 de l&rsquo;esprit humain.<\/p>\n\n<p><strong>Le salon de l&rsquo;\u00e9nergie &#8211; Centre des sciences de l&rsquo;Ontario<\/strong><\/p>\n\n<p>Le spectacle de l&rsquo;\u00e9nergie est une pr\u00e9sentation th\u00e9\u00e2trale interactive \u00e0 haute \u00e9nergie qui explore les r\u00f4les que les sources d&rsquo;\u00e9nergie potentielles peuvent jouer dans notre vie quotidienne. Il tourne autour de la tante fictive Tess, qui m\u00e8ne d&rsquo;importantes exp\u00e9riences dans le domaine de l&rsquo;\u00e9nergie. Les visiteurs r\u00e9alisent des exp\u00e9riences et t\u00e9l\u00e9chargent des donn\u00e9es pour aider Tante Tess \u00e0 explorer diff\u00e9rentes sources d&rsquo;\u00e9nergie. De l&rsquo;\u00e9nergie solaire \u00e0 l&rsquo;\u00e9nergie \u00e9olienne, de la transformation au stockage, ce spectacle amusant en direct utilise la m\u00e9thode scientifique et des exp\u00e9riences captivantes pour d\u00e9couvrir la source ultime d&rsquo;\u00e9nergie dans le monde.<\/p>\n\n<p><strong>Wonder &#8211; Science World British Columbia<\/strong><\/p>\n\n<p>Wonderis est la galerie de Science World destin\u00e9e aux enfants en bas \u00e2ge. Cette galerie hautement interactive s&rsquo;\u00e9tend sur 3 300 m\u00e8tres carr\u00e9s o\u00f9 les enfants de 0 \u00e0 5 ans peuvent ramper, s&rsquo;\u00e9clabousser, construire, grimper et exp\u00e9rimenter. Des experts en d\u00e9veloppement de l&rsquo;enfant ont collabor\u00e9 avec l&rsquo;\u00e9quipe de Science World pour cr\u00e9er cet espace con\u00e7u pour que les enfants apprennent en jouant.<\/p>\n\n<div style=\"height:60px\" aria-hidden=\"true\" class=\"wp-block-spacer\"><\/div>\n\n<h3 class=\"wp-block-heading has-casc-red-color has-text-color has-link-color wp-elements-269aa59f535ea80169fdd649caeeacb9\"><strong>Meilleure exposition ou spectacle &#8211; Petite institution<\/strong><\/h3>\n\n<p><strong>Circuit d&rsquo;interpr\u00e9tation de la MRC des Appalaches : Terre-i- stoire &#8211; Mus\u00e9e min\u00e9ralogique et minier de Thetford Mines<\/strong><\/p>\n\n<p>Le projet Terre-i-stoire est un circuit d&rsquo;interpr\u00e9tation multim\u00e9dia du patrimoine minier de la MRC des Appalaches. Le projet comprend un inventaire num\u00e9rique des 58 sites miniers de la MRC des Appalaches, l&rsquo;installation de trois kiosques d&rsquo;information \u00e0 proximit\u00e9 d&rsquo;anciens sites miniers et la cr\u00e9ation d&rsquo;un module de visite exclusive et de vid\u00e9o \u00e0 360 degr\u00e9s en ligne.  <\/p>\n\n<p><strong>L&rsquo;\u00e9bouriffement ! Une exposition qui d\u00e9coiffe &#8211; Mus\u00e9e de la nature et des sciences de Sherbrooke<\/strong><\/p>\n\n<p>Voyageur et p\u00e8re de famille, d\u00e9coiff\u00e9 ! A Hair-raising Exhibition traite d&rsquo;un sujet surprenant : les poils ! Efficace pour d\u00e9coiffer les plus prudes et gu\u00e9rir la trichophobie, il montre aux visiteurs la vraie nature de leurs cheveux humains, mais aussi ceux des animaux, des insectes et des plantes.<\/p>\n\n<div style=\"height:60px\" aria-hidden=\"true\" class=\"wp-block-spacer\"><\/div>\n\n<h3 class=\"wp-block-heading has-casc-red-color has-text-color has-link-color wp-elements-5dd8516e7695ad95804ff16afd78ed3c\"><strong>Meilleur programme<\/strong><\/h3>\n\n<p><strong>Soir\u00e9e entre filles &#8211; Centre des sciences de la Saskatchewan<\/strong><\/p>\n\n<p>Girls Night Outconnecte des jeunes femmes \u00e2g\u00e9es de 11 \u00e0 18 ans avec des ing\u00e9nieurs professionnels pour une nuit d&rsquo;inspiration et d&rsquo;exploration du monde qui les entoure. Cet \u00e9v\u00e9nement a permis aux jeunes de s&rsquo;inspirer de l&rsquo;ing\u00e9nierie tout en utilisant leur cr\u00e9ativit\u00e9 et leur sens de l&rsquo;innovation pour d\u00e9velopper des comp\u00e9tences en mati\u00e8re de r\u00e9solution de probl\u00e8mes, de collaboration, de communication et de cr\u00e9ativit\u00e9.<\/p>\n\n<p><strong>Laboratoire vivant &#8211; Science World British Columbia<\/strong><\/p>\n\n<p>Les universit\u00e9s g\u00e9n\u00e8rent des connaissances scientifiques par le biais de la recherche. Les centres scientifiques mettent ces connaissances \u00e0 la disposition du public. Le laboratoire vivant de Science World repr\u00e9sente le premier partenariat au Canada entre un centre scientifique et une universit\u00e9 locale qui fait le lien entre ces activit\u00e9s essentielles, en offrant au public la possibilit\u00e9 d&rsquo;observer des exp\u00e9riences de pointe, d&rsquo;y participer et d&rsquo;en tirer directement des enseignements.<\/p>\n\n<p><strong>Sant\u00e9 mentale : La science de l&rsquo;anxi\u00e9t\u00e9 &#8211; Centre des sciences de l&rsquo;Ontario<\/strong><\/p>\n\n<p>Sant\u00e9 mentale : La science de l&rsquo;anxi\u00e9t\u00e9 est une collection de pr\u00e9sentations interactives de 45 minutes destin\u00e9es aux \u00e9l\u00e8ves de l&rsquo;enseignement moyen ou secondaire, pr\u00e9sent\u00e9es sur place ou par vid\u00e9oconf\u00e9rence. Les r\u00e9sultats \u00e9ducatifs pour les \u00e9tudiants comprennent une compr\u00e9hension de la distinction entre la sant\u00e9 mentale et la maladie mentale, les processus neurophysiologiques impliqu\u00e9s dans l&rsquo;anxi\u00e9t\u00e9 et les strat\u00e9gies d&rsquo;adaptation fond\u00e9es sur des donn\u00e9es probantes.<\/p>\n\n<div style=\"height:60px\" aria-hidden=\"true\" class=\"wp-block-spacer\"><\/div>\n","protected":false},"excerpt":{"rendered":"<p>NOMINATIONS POUR LE PRIX CASCADE 2018 Meilleure exposition ou spectacle &#8211; Grande institution Cr\u00e9atures curieuses : Les voyages de Robert Ripley &#8211; Ripley&rsquo;s Aquarium of Canada Robert Ripley a entrepris de d\u00e9couvrir les cr\u00e9atures et les objets les plus insolites et les plus impressionnants du monde entier. Les visiteurs marchent sur les traces de ce [&hellip;]<\/p>\n","protected":false},"author":1,"featured_media":0,"parent":0,"menu_order":0,"comment_status":"closed","ping_status":"closed","template":"","meta":{"footnotes":""},"class_list":["post-17930","page","type-page","status-publish","hentry"],"acf":[],"_links":{"self":[{"href":"https:\/\/canadiansciencecentres.ca\/fr\/wp-json\/wp\/v2\/pages\/17930","targetHints":{"allow":["GET"]}}],"collection":[{"href":"https:\/\/canadiansciencecentres.ca\/fr\/wp-json\/wp\/v2\/pages"}],"about":[{"href":"https:\/\/canadiansciencecentres.ca\/fr\/wp-json\/wp\/v2\/types\/page"}],"author":[{"embeddable":true,"href":"https:\/\/canadiansciencecentres.ca\/fr\/wp-json\/wp\/v2\/users\/1"}],"replies":[{"embeddable":true,"href":"https:\/\/canadiansciencecentres.ca\/fr\/wp-json\/wp\/v2\/comments?post=17930"}],"version-history":[{"count":0,"href":"https:\/\/canadiansciencecentres.ca\/fr\/wp-json\/wp\/v2\/pages\/17930\/revisions"}],"wp:attachment":[{"href":"https:\/\/canadiansciencecentres.ca\/fr\/wp-json\/wp\/v2\/media?parent=17930"}],"curies":[{"name":"wp","href":"https:\/\/api.w.org\/{rel}","templated":true}]}}