{"id":17938,"date":"2023-12-18T21:44:03","date_gmt":"2023-12-19T05:44:03","guid":{"rendered":"http:\/\/canadiansciencecentres.ca\/casc-2012-lenergie-au-centre\/"},"modified":"2024-01-25T11:03:02","modified_gmt":"2024-01-25T19:03:02","slug":"casc-2012-lenergie-au-centre","status":"publish","type":"page","link":"https:\/\/canadiansciencecentres.ca\/fr\/casc-2012-lenergie-au-centre\/","title":{"rendered":"CASC 2012 L&rsquo;\u00e9nergie au centre"},"content":{"rendered":"\n<div style=\"height:60px\" aria-hidden=\"true\" class=\"wp-block-spacer\"><\/div>\n\n<h1 class=\"wp-block-heading has-x-large-font-size\">CASC 2012 L&rsquo;\u00e9nergie au centre<\/h1>\n\n<h4 class=\"wp-block-heading\">Organis\u00e9e par la <a href=\"http:\/\/www.techno-science.ca\/\" target=\"_blank\" rel=\"noreferrer noopener\">Soci\u00e9t\u00e9 du Mus\u00e9e des sciences et de la technologie du Canada <\/a>\u00e0 Ottawa (Ontario), du 3 au 5 mai 2012.<\/h4>\n\n<div class=\"wp-block-buttons is-layout-flex wp-block-buttons-is-layout-flex\">\n<div class=\"wp-block-button\"><a class=\"wp-block-button__link wp-element-button\" href=\"\/wp-content\/uploads\/2023\/12\/2012_CASCProgram_EN_24avril.pdf\">T\u00e9l\u00e9charger le programme de la conf\u00e9rence<\/a><\/div>\n<\/div>\n\n<div style=\"height:60px\" aria-hidden=\"true\" class=\"wp-block-spacer\"><\/div>\n","protected":false},"excerpt":{"rendered":"<p>CASC 2012 L&rsquo;\u00e9nergie au centre Organis\u00e9e par la Soci\u00e9t\u00e9 du Mus\u00e9e des sciences et de la technologie du Canada \u00e0 Ottawa (Ontario), du 3 au 5 mai 2012.<\/p>\n","protected":false},"author":1,"featured_media":0,"parent":0,"menu_order":0,"comment_status":"closed","ping_status":"closed","template":"","meta":{"footnotes":""},"class_list":["post-17938","page","type-page","status-publish","hentry"],"acf":[],"_links":{"self":[{"href":"https:\/\/canadiansciencecentres.ca\/fr\/wp-json\/wp\/v2\/pages\/17938","targetHints":{"allow":["GET"]}}],"collection":[{"href":"https:\/\/canadiansciencecentres.ca\/fr\/wp-json\/wp\/v2\/pages"}],"about":[{"href":"https:\/\/canadiansciencecentres.ca\/fr\/wp-json\/wp\/v2\/types\/page"}],"author":[{"embeddable":true,"href":"https:\/\/canadiansciencecentres.ca\/fr\/wp-json\/wp\/v2\/users\/1"}],"replies":[{"embeddable":true,"href":"https:\/\/canadiansciencecentres.ca\/fr\/wp-json\/wp\/v2\/comments?post=17938"}],"version-history":[{"count":0,"href":"https:\/\/canadiansciencecentres.ca\/fr\/wp-json\/wp\/v2\/pages\/17938\/revisions"}],"wp:attachment":[{"href":"https:\/\/canadiansciencecentres.ca\/fr\/wp-json\/wp\/v2\/media?parent=17938"}],"curies":[{"name":"wp","href":"https:\/\/api.w.org\/{rel}","templated":true}]}}