{"id":17940,"date":"2023-12-19T14:10:21","date_gmt":"2023-12-19T22:10:21","guid":{"rendered":"http:\/\/canadiansciencecentres.ca\/les-laureats-du-prix-cascade-2018\/"},"modified":"2024-01-25T11:05:14","modified_gmt":"2024-01-25T19:05:14","slug":"les-laureats-du-prix-cascade-2018","status":"publish","type":"page","link":"https:\/\/canadiansciencecentres.ca\/fr\/les-laureats-du-prix-cascade-2018\/","title":{"rendered":"LES LAUR\u00c9ATS DU PRIX CASCADE 2018"},"content":{"rendered":"\n<div class=\"wp-block-group alignwide is-layout-flow wp-block-group-is-layout-flow\">\n<div style=\"height:100px\" aria-hidden=\"true\" class=\"wp-block-spacer\"><\/div>\n\n\n\n<h1 class=\"wp-block-heading has-x-large-font-size\">LES LAUR\u00c9ATS DU PRIX CASCADE 2018  <\/h1>\n\n\n\n<p class=\"has-normal-font-size\"><strong><a href=\"https:\/\/canadiansciencecentres.ca\/fr\/nominations-pour-le-prix-cascade-2018\/\">Voir les nomin\u00e9s 2018  <\/a><\/strong><\/p>\n\n\n\n<div style=\"height:40px\" aria-hidden=\"true\" class=\"wp-block-spacer\"><\/div>\n\n\n\n<div class=\"wp-block-group has-gainsboro-background-color has-background is-layout-flow wp-block-group-is-layout-flow\" style=\"border-radius:15px;margin-top:var(--wp--preset--spacing--large);margin-bottom:var(--wp--preset--spacing--large);padding-top:var(--wp--preset--spacing--medium);padding-right:var(--wp--preset--spacing--medium);padding-bottom:var(--wp--preset--spacing--medium);padding-left:var(--wp--preset--spacing--medium)\">\n<h3 class=\"wp-block-heading has-casc-red-color has-text-color has-link-color has-medium-font-size wp-elements-5a98212547e20dad6a12755c98407a13\">Meilleur programme <\/h3>\n\n\n\n<div class=\"wp-block-columns is-layout-flex wp-container-core-columns-is-layout-28f84493 wp-block-columns-is-layout-flex\">\n<div class=\"wp-block-column is-layout-flow wp-block-column-is-layout-flow\" style=\"flex-basis:33.33%\">\n<figure class=\"wp-block-image size-full\"><img loading=\"lazy\" decoding=\"async\" width=\"2560\" height=\"1714\" src=\"https:\/\/canadiansciencecentres.ca\/wp-content\/uploads\/2023\/12\/Ontario-Science-Centre-Mental-Health-The-Science-of-Anxiety-scaled.jpg\" alt=\"\" class=\"wp-image-17138\" srcset=\"https:\/\/canadiansciencecentres.ca\/wp-content\/uploads\/2023\/12\/Ontario-Science-Centre-Mental-Health-The-Science-of-Anxiety-scaled.jpg 2560w, https:\/\/canadiansciencecentres.ca\/wp-content\/uploads\/2023\/12\/Ontario-Science-Centre-Mental-Health-The-Science-of-Anxiety-640x428.jpg 640w, https:\/\/canadiansciencecentres.ca\/wp-content\/uploads\/2023\/12\/Ontario-Science-Centre-Mental-Health-The-Science-of-Anxiety-1280x857.jpg 1280w, https:\/\/canadiansciencecentres.ca\/wp-content\/uploads\/2023\/12\/Ontario-Science-Centre-Mental-Health-The-Science-of-Anxiety-768x514.jpg 768w, https:\/\/canadiansciencecentres.ca\/wp-content\/uploads\/2023\/12\/Ontario-Science-Centre-Mental-Health-The-Science-of-Anxiety-1536x1028.jpg 1536w, https:\/\/canadiansciencecentres.ca\/wp-content\/uploads\/2023\/12\/Ontario-Science-Centre-Mental-Health-The-Science-of-Anxiety-2048x1371.jpg 2048w\" sizes=\"auto, (max-width: 2560px) 100vw, 2560px\" \/><\/figure>\n<\/div>\n\n\n\n<div class=\"wp-block-column is-layout-flow wp-block-column-is-layout-flow\" style=\"flex-basis:66.66%\">\n<p><strong><strong>Sant\u00e9 mentale : La science de l&rsquo;anxi\u00e9t\u00e9 &#8211; Centre des sciences de l&rsquo;Ontario<\/strong><\/strong><\/p>\n\n\n\n<p>Sant\u00e9 mentale : La science de l&rsquo;anxi\u00e9t\u00e9 est une collection de pr\u00e9sentations interactives de 45 minutes destin\u00e9es aux \u00e9l\u00e8ves de l&rsquo;enseignement moyen ou secondaire, pr\u00e9sent\u00e9es sur place ou par vid\u00e9oconf\u00e9rence. Les r\u00e9sultats \u00e9ducatifs pour les \u00e9tudiants comprennent une compr\u00e9hension de la distinction entre la sant\u00e9 mentale et la maladie mentale, les processus neurophysiologiques impliqu\u00e9s dans l&rsquo;anxi\u00e9t\u00e9 et les strat\u00e9gies d&rsquo;adaptation fond\u00e9es sur des donn\u00e9es probantes.<\/p>\n<\/div>\n<\/div>\n<\/div>\n\n\n\n<div class=\"wp-block-group has-gainsboro-background-color has-background is-layout-flow wp-block-group-is-layout-flow\" style=\"border-radius:15px;margin-top:var(--wp--preset--spacing--large);margin-bottom:var(--wp--preset--spacing--large);padding-top:var(--wp--preset--spacing--medium);padding-right:var(--wp--preset--spacing--medium);padding-bottom:var(--wp--preset--spacing--medium);padding-left:var(--wp--preset--spacing--medium)\">\n<h3 class=\"wp-block-heading has-casc-red-color has-text-color has-link-color has-medium-font-size wp-elements-dc095f551035ac27a65421b52965a631\">Meilleure exposition ou spectacle &#8211; Petite institution<\/h3>\n\n\n\n<div class=\"wp-block-columns is-layout-flex wp-container-core-columns-is-layout-28f84493 wp-block-columns-is-layout-flex\">\n<div class=\"wp-block-column is-layout-flow wp-block-column-is-layout-flow\" style=\"flex-basis:33.33%\">\n<figure class=\"wp-block-image size-full\"><img loading=\"lazy\" decoding=\"async\" width=\"2560\" height=\"1920\" src=\"https:\/\/canadiansciencecentres.ca\/wp-content\/uploads\/2023\/12\/Musee-de-la-nature-et-des-sciences-de-Sherbrooke-Au-Poil-scaled.jpg\" alt=\"\" class=\"wp-image-17139\" srcset=\"https:\/\/canadiansciencecentres.ca\/wp-content\/uploads\/2023\/12\/Musee-de-la-nature-et-des-sciences-de-Sherbrooke-Au-Poil-scaled.jpg 2560w, https:\/\/canadiansciencecentres.ca\/wp-content\/uploads\/2023\/12\/Musee-de-la-nature-et-des-sciences-de-Sherbrooke-Au-Poil-640x480.jpg 640w\" sizes=\"auto, (max-width: 2560px) 100vw, 2560px\" \/><\/figure>\n<\/div>\n\n\n\n<div class=\"wp-block-column is-layout-flow wp-block-column-is-layout-flow\" style=\"flex-basis:66.66%\">\n<p><strong><strong><strong>L&rsquo;\u00e9bouriffement ! Une exposition qui d\u00e9coiffe &#8211; Mus\u00e9e de la nature et des sciences de Sherbrooke<\/strong><\/strong><\/strong><\/p>\n\n\n\n<p>Voyageur et p\u00e8re de famille, d\u00e9coiff\u00e9 ! Une exposition d\u00e9coiffante sur un sujet surprenant : les poils ! Efficace pour d\u00e9coiffer les plus prudes et gu\u00e9rir la trichophobie, il montre aux visiteurs la vraie nature de leurs cheveux humains, mais aussi ceux des animaux, des insectes et des plantes.<\/p>\n<\/div>\n<\/div>\n<\/div>\n\n\n\n<div class=\"wp-block-group has-gainsboro-background-color has-background is-layout-flow wp-block-group-is-layout-flow\" style=\"border-radius:15px;margin-top:var(--wp--preset--spacing--large);margin-bottom:var(--wp--preset--spacing--large);padding-top:var(--wp--preset--spacing--medium);padding-right:var(--wp--preset--spacing--medium);padding-bottom:var(--wp--preset--spacing--medium);padding-left:var(--wp--preset--spacing--medium)\">\n<h3 class=\"wp-block-heading has-casc-red-color has-text-color has-link-color has-medium-font-size wp-elements-0184eb547d80f018684070f511b43c3a\">Meilleure exposition ou spectacle &#8211; Grande institution<\/h3>\n\n\n\n<div class=\"wp-block-columns is-layout-flex wp-container-core-columns-is-layout-28f84493 wp-block-columns-is-layout-flex\">\n<div class=\"wp-block-column is-layout-flow wp-block-column-is-layout-flow\" style=\"flex-basis:33.33%\">\n<figure class=\"wp-block-image size-full\"><img loading=\"lazy\" decoding=\"async\" width=\"2560\" height=\"1707\" src=\"https:\/\/canadiansciencecentres.ca\/wp-content\/uploads\/2023\/12\/Planete-Montreal_-Montreal-Science-Centre-scaled.jpg\" alt=\"\" class=\"wp-image-17141\" srcset=\"https:\/\/canadiansciencecentres.ca\/wp-content\/uploads\/2023\/12\/Planete-Montreal_-Montreal-Science-Centre-scaled.jpg 2560w, https:\/\/canadiansciencecentres.ca\/wp-content\/uploads\/2023\/12\/Planete-Montreal_-Montreal-Science-Centre-640x427.jpg 640w\" sizes=\"auto, (max-width: 2560px) 100vw, 2560px\" \/><\/figure>\n<\/div>\n\n\n\n<div class=\"wp-block-column is-layout-flow wp-block-column-is-layout-flow\" style=\"flex-basis:66.66%\">\n<p><strong><strong><strong><strong>Planet MTL &#8211; La Biosph\u00e8re, Mus\u00e9e de l&rsquo;Environnement<\/strong><\/strong><\/strong><\/strong><\/p>\n\n\n\n<p>Planet MTL est une exposition innovante et \u00e9ducative con\u00e7ue pour plonger les visiteurs dans l&rsquo;apprentissage des \u00e9cosyst\u00e8mes urbains. L&rsquo;exposition invite les visiteurs \u00e0 r\u00e9fl\u00e9chir \u00e0 ce qu&rsquo;ils aiment dans leur ville dans le contexte de ce qui la rend vivable, aimable et durable, malgr\u00e9 les probl\u00e8mes modernes tels que la pollution et le changement climatique.<\/p>\n<\/div>\n<\/div>\n\n\n\n<div class=\"wp-block-columns is-layout-flex wp-container-core-columns-is-layout-28f84493 wp-block-columns-is-layout-flex\">\n<div class=\"wp-block-column is-layout-flow wp-block-column-is-layout-flow\" style=\"flex-basis:33.33%\">\n<figure class=\"wp-block-image size-full\"><img loading=\"lazy\" decoding=\"async\" width=\"2400\" height=\"1489\" src=\"https:\/\/canadiansciencecentres.ca\/wp-content\/uploads\/2023\/12\/Science-World-British-Columbia-Wonder.jpg\" alt=\"\" class=\"wp-image-17142\" srcset=\"https:\/\/canadiansciencecentres.ca\/wp-content\/uploads\/2023\/12\/Science-World-British-Columbia-Wonder.jpg 2400w, https:\/\/canadiansciencecentres.ca\/wp-content\/uploads\/2023\/12\/Science-World-British-Columbia-Wonder-640x397.jpg 640w, https:\/\/canadiansciencecentres.ca\/wp-content\/uploads\/2023\/12\/Science-World-British-Columbia-Wonder-1280x794.jpg 1280w, https:\/\/canadiansciencecentres.ca\/wp-content\/uploads\/2023\/12\/Science-World-British-Columbia-Wonder-768x476.jpg 768w, https:\/\/canadiansciencecentres.ca\/wp-content\/uploads\/2023\/12\/Science-World-British-Columbia-Wonder-1536x953.jpg 1536w, https:\/\/canadiansciencecentres.ca\/wp-content\/uploads\/2023\/12\/Science-World-British-Columbia-Wonder-2048x1271.jpg 2048w\" sizes=\"auto, (max-width: 2400px) 100vw, 2400px\" \/><\/figure>\n<\/div>\n\n\n\n<div class=\"wp-block-column is-layout-flow wp-block-column-is-layout-flow\" style=\"flex-basis:66.66%\">\n<p><strong><strong><strong><strong><strong>Wonder &#8211; Science World British Columbia<\/strong><\/strong><\/strong><\/strong><\/strong><\/p>\n\n\n\n<p>Wonderis est la galerie de Science World destin\u00e9e aux enfants en bas \u00e2ge. Cette galerie hautement interactive s&rsquo;\u00e9tend sur 3 300 m\u00e8tres carr\u00e9s o\u00f9 les enfants de 0 \u00e0 5 ans peuvent ramper, s&rsquo;\u00e9clabousser, construire, grimper et exp\u00e9rimenter. Des experts en d\u00e9veloppement de l&rsquo;enfant ont collabor\u00e9 avec l&rsquo;\u00e9quipe de Science World pour cr\u00e9er cet espace con\u00e7u pour que les enfants apprennent en jouant.<\/p>\n<\/div>\n<\/div>\n<\/div>\n\n\n\n<div style=\"height:100px\" aria-hidden=\"true\" class=\"wp-block-spacer\"><\/div>\n\n\n\n<h2 class=\"wp-block-heading has-casc-red-color has-text-color has-link-color wp-elements-4cc766d0ca72405b6054992d9b77104b\">C\u00c9L\u00c9BRER LA DIVERSIT\u00c9 ET L&rsquo;INCLUSION  <\/h2>\n\n\n\n<p><strong>Le comit\u00e9 de diversit\u00e9 et d&rsquo;inclusion de l&rsquo;ACCS s&rsquo;est pench\u00e9 sur les moyens d&rsquo;aider les centres scientifiques du Canada \u00e0 repr\u00e9senter la diversit\u00e9 de la population canadienne au sein de leur personnel et de leur public de visiteurs.  <\/strong><\/p>\n\n\n\n<p>Voici quelques exemples des efforts d\u00e9ploy\u00e9s au cours de l&rsquo;ann\u00e9e \u00e9coul\u00e9e. Nous sommes ravis de voir le travail accompli \u00e0 travers le Canada et nous avons h\u00e2te de partager plus de choses l&rsquo;ann\u00e9e prochaine.  <\/p>\n\n\n\n<ul class=\"wp-block-list\">\n<li>L&rsquo;<strong>Exploration Place Museum and Science Centre<\/strong> inaugure une exposition permanente pr\u00e9sentant une collection de documents provenant \u00e0 la fois des Lheidli T&rsquo;enneh et, plus largement, du groupe culturel Dakelh.<\/li>\n\n\n\n<li><strong>Science Nord<\/strong> a lanc\u00e9 son spectacle de plan\u00e9tarium, Under the Same Stars : Minwaadiziwin. Pr\u00e9sentation des visions du monde autochtones et des r\u00e9cits anishinaabe qui les d\u00e9finissent.<\/li>\n\n\n\n<li>Une installation au <strong>Centre des sciences de l&rsquo;Ontario<\/strong>, Portraits de la r\u00e9silience : Teens Take on Climate Change a pr\u00e9sent\u00e9 les effets du changement climatique du point de vue de jeunes \u00e2g\u00e9s de 8 \u00e0 16 ans de l&rsquo;Arctique et des petits \u00c9tats insulaires en d\u00e9veloppement (PEID).<\/li>\n\n\n\n<li><strong>South Science City<\/strong> pr\u00e9sente une exposition et un atelier consacr\u00e9s \u00e0 l&rsquo;inventeur local Elijah McCoy, n\u00e9 de parents libres venus au Canada par le chemin de fer clandestin.<\/li>\n\n\n\n<li><strong>Espace pour la vie Montr\u00e9al<\/strong> ajoute un troisi\u00e8me jardin culturel au Jardin botanique &#8211; le Jardin des Premi\u00e8res Nations offre une exp\u00e9rience multim\u00e9dia rythm\u00e9e par les battements de c\u0153ur intenses du cycle de la vie.<\/li>\n\n\n\n<li>Le <strong>Mus\u00e9e du Manitoba<\/strong> a re\u00e7u le prix History Alive ! pour son d\u00e9veloppement de Spirit Lines, un kit d&rsquo;outils \u00e9ducatifs qui associe le patrimoine indig\u00e8ne \u00e0 l&rsquo;expertise mus\u00e9ale.<\/li>\n\n\n\n<li>L&rsquo;<strong>Okanagan Science Centre<\/strong> a collect\u00e9 des fonds pour acheter 28 abonnements \u00e0 distribuer aux familles \u00e0 faible revenu et aux familles de r\u00e9fugi\u00e9s de Vernon.<\/li>\n\n\n\n<li>Le <strong>Centre des sciences de Montr\u00e9al <\/strong>pr\u00e9sente sa nouvelle exposition Indigenous Ingenuity : Inventions intemporelles, une qu\u00eate interactive qui vous emm\u00e8ne au c\u0153ur de l&rsquo;innovation autochtone \u00e0 travers le Canada.<\/li>\n\n\n\n<li><strong>Science Timmins<\/strong> collabore avec des personnes \u00e2g\u00e9es de la r\u00e9gion pour concevoir et construire une exposition sur les trains.<\/li>\n\n\n\n<li>Pour c\u00e9l\u00e9brer le mois national de l&rsquo;ing\u00e9nierie, le Centre des sciences de la Saskatchewan a organis\u00e9 une soir\u00e9e pour les filles, pr\u00e9sent\u00e9e comme un \u00e9v\u00e9nement ouvert \u00e0 TOUTES les filles, y compris les trans, les femmes, les homosexuelles et les non-binaires.<\/li>\n\n\n\n<li>\u00c0 l&rsquo;occasion de la Journ\u00e9e internationale de la femme, le <strong>Perimeter Institute<\/strong> a accueilli plus de 200 jeunes filles dans son centre pour leur pr\u00e9senter des femmes travaillant dans le domaine des STIM.<\/li>\n\n\n\n<li>L&rsquo;<strong>Exploration Place Museum and Science Centre<\/strong> a pour objectif de num\u00e9riser pr\u00e8s de 150 enregistrements d&rsquo;histoires orales en dialecte Lheidli de Dakelh afin de pr\u00e9server la langue.<\/li>\n\n\n\n<li>En l&rsquo;honneur de la Journ\u00e9e mondiale de sensibilisation \u00e0 l&rsquo;autisme, le <strong>Centre des sciences de l&rsquo;Ontario<\/strong> c\u00e9l\u00e8bre la neurodiversit\u00e9 en proposant des \u00e9v\u00e9nements et des programmes adapt\u00e9s aux sens.<\/li>\n\n\n\n<li>Le <strong>Mus\u00e9e des sciences et de la technologie du Canada<\/strong> a re\u00e7u la certification d&rsquo;accessibilit\u00e9 Or pour son souci de rendre l&rsquo;exp\u00e9rience globale de ses visiteurs aussi exempte d&rsquo;obstacles que possible, pour le plus grand nombre de besoins possible.<\/li>\n<\/ul>\n\n\n\n<div style=\"height:100px\" aria-hidden=\"true\" class=\"wp-block-spacer\"><\/div>\n<\/div>\n","protected":false},"excerpt":{"rendered":"<p>LES LAUR\u00c9ATS DU PRIX CASCADE 2018 Voir les nomin\u00e9s 2018 Meilleur programme Sant\u00e9 mentale : La science de l&rsquo;anxi\u00e9t\u00e9 &#8211; Centre des sciences de l&rsquo;Ontario Sant\u00e9 mentale : La science de l&rsquo;anxi\u00e9t\u00e9 est une collection de pr\u00e9sentations interactives de 45 minutes destin\u00e9es aux \u00e9l\u00e8ves de l&rsquo;enseignement moyen ou secondaire, pr\u00e9sent\u00e9es sur place ou par vid\u00e9oconf\u00e9rence. [&hellip;]<\/p>\n","protected":false},"author":1,"featured_media":0,"parent":0,"menu_order":0,"comment_status":"closed","ping_status":"closed","template":"","meta":{"footnotes":""},"class_list":["post-17940","page","type-page","status-publish","hentry"],"acf":[],"_links":{"self":[{"href":"https:\/\/canadiansciencecentres.ca\/fr\/wp-json\/wp\/v2\/pages\/17940","targetHints":{"allow":["GET"]}}],"collection":[{"href":"https:\/\/canadiansciencecentres.ca\/fr\/wp-json\/wp\/v2\/pages"}],"about":[{"href":"https:\/\/canadiansciencecentres.ca\/fr\/wp-json\/wp\/v2\/types\/page"}],"author":[{"embeddable":true,"href":"https:\/\/canadiansciencecentres.ca\/fr\/wp-json\/wp\/v2\/users\/1"}],"replies":[{"embeddable":true,"href":"https:\/\/canadiansciencecentres.ca\/fr\/wp-json\/wp\/v2\/comments?post=17940"}],"version-history":[{"count":0,"href":"https:\/\/canadiansciencecentres.ca\/fr\/wp-json\/wp\/v2\/pages\/17940\/revisions"}],"wp:attachment":[{"href":"https:\/\/canadiansciencecentres.ca\/fr\/wp-json\/wp\/v2\/media?parent=17940"}],"curies":[{"name":"wp","href":"https:\/\/api.w.org\/{rel}","templated":true}]}}