{"id":17946,"date":"2023-12-11T14:08:28","date_gmt":"2023-12-11T19:08:28","guid":{"rendered":"http:\/\/canadiansciencecentres.ca\/genaction\/"},"modified":"2025-04-21T15:36:26","modified_gmt":"2025-04-21T19:36:26","slug":"generationaction","status":"publish","type":"page","link":"https:\/\/canadiansciencecentres.ca\/fr\/generationaction\/","title":{"rendered":"G\u00e9n\u00e9rationAction"},"content":{"rendered":"\n<div class=\"wp-block-group alignfull svg-background-2 has-white-color has-casc-blue-background-color has-text-color has-background has-link-color wp-elements-79ffb7375be01eb8ff6bf7e4a8775646 has-global-padding is-layout-constrained wp-block-group-is-layout-constrained\">\n<div class=\"wp-block-columns alignwide is-layout-flex wp-container-core-columns-is-layout-28f84493 wp-block-columns-is-layout-flex\">\n<div class=\"wp-block-column is-layout-flow wp-block-column-is-layout-flow\" style=\"padding-top:var(--wp--preset--spacing--x-large);padding-right:var(--wp--preset--spacing--large)\">\n<h1 class=\"wp-block-heading has-large-font-size\">G\u00e9n\u00e9rationAction : Appel aux jeunes h\u00e9ros et h\u00e9ro\u00efnes du climat !<\/h1>\n\n\n\n<p><strong>Ensemble, les membres de l&rsquo;ACCS informeront et inciteront les jeunes Canadiens \u00e0 agir pour lutter contre le changement climatique.<\/strong><\/p>\n\n\n\n<p>En 2021, Environnement et Changement climatique Canada a approuv\u00e9 une demande de financement du Fonds pour dommages \u00e0 l&rsquo;environnement (FDE) pr\u00e9sent\u00e9e par le Discovery Centre, en partenariat avec l&rsquo;Association canadienne des centres de sciences (ACCS), Science Nord et The Exploration Place, en vue d&rsquo;inspirer les jeunes \u00e0 agir pour le climat.  <\/p>\n\n\n\n<div class=\"wp-block-buttons is-layout-flex wp-block-buttons-is-layout-flex\">\n<div class=\"wp-block-button\"><a class=\"wp-block-button__link wp-element-button\" href=\"https:\/\/genaction.ca\/fr\/node\/13\" target=\"_blank\" rel=\"noreferrer noopener\">Site web de G\u00e9n\u00e9rationAction<\/a><\/div>\n<\/div>\n<\/div>\n\n\n\n<div class=\"wp-block-column is-layout-flow wp-block-column-is-layout-flow\" style=\"padding-top:var(--wp--preset--spacing--x-large);padding-bottom:0px;padding-left:var(--wp--preset--spacing--x-large)\">\n<figure class=\"wp-block-image size-full has-custom-border\"><img loading=\"lazy\" decoding=\"async\" width=\"1248\" height=\"1628\" src=\"https:\/\/canadiansciencecentres.ca\/wp-content\/uploads\/2024\/04\/A_AncientForest2010-1.jpg\" alt=\"\" class=\"wp-image-18645\" style=\"border-top-left-radius:15px;border-top-right-radius:15px;border-bottom-left-radius:0px;border-bottom-right-radius:0px\" srcset=\"https:\/\/canadiansciencecentres.ca\/wp-content\/uploads\/2024\/04\/A_AncientForest2010-1.jpg 1248w, https:\/\/canadiansciencecentres.ca\/wp-content\/uploads\/2024\/04\/A_AncientForest2010-1-640x835.jpg 640w, https:\/\/canadiansciencecentres.ca\/wp-content\/uploads\/2024\/04\/A_AncientForest2010-1-768x1002.jpg 768w, https:\/\/canadiansciencecentres.ca\/wp-content\/uploads\/2024\/04\/A_AncientForest2010-1-1177x1536.jpg 1177w\" sizes=\"auto, (max-width: 1248px) 100vw, 1248px\" \/><\/figure>\n<\/div>\n<\/div>\n<\/div>\n\n\n\n<div style=\"height:100px\" aria-hidden=\"true\" class=\"wp-block-spacer\"><\/div>\n\n\n\n<div class=\"wp-block-group alignwide is-layout-flow wp-block-group-is-layout-flow\">\n<div class=\"wp-block-columns is-layout-flex wp-container-core-columns-is-layout-28f84493 wp-block-columns-is-layout-flex\">\n<div class=\"wp-block-column is-layout-flow wp-block-column-is-layout-flow\">\n<p class=\"has-normal-font-size\">Le programme <strong>G\u00e9n\u00e9ration Action<\/strong> est maintenant termin\u00e9 et nous sommes ravis d&rsquo;annoncer que nous avons d\u00e9pass\u00e9 notre objectif! Ensemble, nous avons mobilis\u00e9 plus de 288 740 jeunes \u00e0 travers le Canada en mati\u00e8re d\u2019action climatique!<\/p>\n\n\n\n<ul class=\"wp-block-list\">\n<li>Plus de 45 000 jeunes ont particip\u00e9 aux camps <strong>G\u00e9n\u00e9ration Action<\/strong><\/li>\n\n\n\n<li>Plus de 140 000 jeunes ont \u00e9t\u00e9 mobilis\u00e9s gr\u00e2ce \u00e0 des programmes scolaires sur l&rsquo;environnement<\/li>\n\n\n\n<li>45 000 jeunes ont particip\u00e9 \u00e0 des activit\u00e9s d&rsquo;apprentissage gamifi\u00e9es<\/li>\n\n\n\n<li>46 ressources \u00e9ducatives bilingues ont \u00e9t\u00e9 d\u00e9velopp\u00e9es pour les \u00e9ducateur.ice.s<\/li>\n<\/ul>\n<\/div>\n\n\n\n<div class=\"wp-block-column is-layout-flow wp-block-column-is-layout-flow\">\n<figure class=\"wp-block-image size-large\"><img decoding=\"async\" src=\"https:\/\/canadiansciencecentres.ca\/wp-content\/uploads\/2024\/08\/GenAction_LOGO_Primary_FR-1280x640.png\" alt=\"\" class=\"wp-image-16609\" \/><\/figure>\n<\/div>\n<\/div>\n<\/div>\n\n\n\n<p>Pour plus d&rsquo;informations, consultez notre<a href=\"https:\/\/canadiansciencecentres.ca\/fr\/actualites\/plus-de-200-000-jeunes-canadiens-et-canadiennes-sengagent-a-agir-pour-le-climat\/\"> communiqu\u00e9 de presse<\/a> et notre<a href=\"https:\/\/www.genactioneducation.ca\/impact-eng\"> rapport final sur l&rsquo;impact du programme.<\/a><\/p>\n\n\n\n<div style=\"height:100px\" aria-hidden=\"true\" class=\"wp-block-spacer\"><\/div>\n\n\n\n<div class=\"wp-block-group alignwide is-layout-flow wp-block-group-is-layout-flow\">\n<p class=\"has-medium-font-size\">Membres participants de l&rsquo;ACCS :<\/p>\n\n\n\n<div class=\"wp-block-columns is-layout-flex wp-container-core-columns-is-layout-28f84493 wp-block-columns-is-layout-flex\">\n<div class=\"wp-block-column is-layout-flow wp-block-column-is-layout-flow\">\n<ul class=\"wp-block-list\">\n<li><a href=\"http:\/\/www.cieau.qc.ca\/\">Centre d&rsquo;interpr\u00e9tation de l&rsquo;eau de Laval<\/a><\/li>\n\n\n\n<li><a href=\"http:\/\/www.montrealsciencecentre.com\/\">Centre des sciences de Montr\u00e9al<\/a><\/li>\n\n\n\n<li><a href=\"\/\/\/Volumes\/GoogleDrive\/My%20Drive\/2CASC%20C-E\/Climate%20Action%20EDF%20Program%20Implementation%20GENACTION\/Communications%20Plan\/Media%20Releases\/Fraser%20River%20Discovery%20Centre\">Centre de d\u00e9couverte du fleuve Fraser<\/a><\/li>\n\n\n\n<li><a href=\"https:\/\/indusspace.ca\/\">Indus Space<\/a><\/li>\n\n\n\n<li><a href=\"https:\/\/ingeniumcanada.org\/\">Ingenium &#8211; Mus\u00e9es canadiens de la science et de l&rsquo;innovation<\/a><\/li>\n\n\n\n<li><a href=\"https:\/\/www.geocentre.ca\/\">Johnson GEO CENTRE<\/a><\/li>\n\n\n\n<li><a href=\"https:\/\/kidscodejeunesse.org\/\">Code enfants Jeunesse<\/a><\/li>\n\n\n\n<li><a href=\"https:\/\/www.launchwaterloo.ca\/\">LANCEMENT<\/a><\/li>\n\n\n\n<li><a href=\"http:\/\/www.londonchildrensmuseum.ca\/'\">Mus\u00e9e r\u00e9gional des enfants de Londres<\/a><\/li>\n\n\n\n<li><a href=\"http:\/\/childrensmuseum.com\/\">Mus\u00e9e des enfants du Manitoba<\/a><\/li>\n\n\n\n<li><a href=\"http:\/\/www.manitobamuseum.ca\/\">Mus\u00e9e du Manitoba<\/a><\/li>\n\n\n\n<li><a href=\"http:\/\/manuelsriver.com\/\">Rivi\u00e8re Manuels<\/a><\/li>\n\n\n\n<li><a href=\"https:\/\/oceanschool.nfb.ca\/\">\u00c9cole de l&rsquo;oc\u00e9an<\/a><\/li>\n\n\n\n<li><a href=\"http:\/\/www.okscience.ca\/\">Centre scientifique de l&rsquo;Okanagan<\/a><\/li>\n<\/ul>\n<\/div>\n\n\n\n<div class=\"wp-block-column is-layout-flow wp-block-column-is-layout-flow\">\n<ul class=\"wp-block-list\">\n<li><a href=\"http:\/\/pme.ubc.ca\/\">Pacific Museum of Earth<\/a><\/li>\n\n\n\n<li><a href=\"https:\/\/www.ripleyaquariums.com\/canada\/\">Aquarium Ripley&rsquo;s du Canada<\/a><\/li>\n\n\n\n<li><a href=\"https:\/\/riverinstitute.ca\/\">Institut du fleuve<\/a><\/li>\n\n\n\n<li><a href=\"https:\/\/www.sasksciencecentre.com\/\">Centre des sciences de la Saskatchewan<\/a><\/li>\n\n\n\n<li><a href=\"http:\/\/scienceeast.nb.ca\/\">Science Est<\/a><\/li>\n\n\n\n<li><a href=\"https:\/\/www.sciencenorth.ca\/home\">Science Nord<\/a><\/li>\n\n\n\n<li><a href=\"http:\/\/www.sciencetimmins.com\/\">Science Timmins<\/a><\/li>\n\n\n\n<li><a href=\"http:\/\/www.scienceworld.ca\/\">Le monde de la science<\/a><\/li>\n\n\n\n<li><a href=\"http:\/\/steamlabs.ca\/\">Steamlabs<\/a><\/li>\n\n\n\n<li><a href=\"http:\/\/www.sparkscience.ca\/\">TELUS Spark<\/a><\/li>\n\n\n\n<li><a href=\"http:\/\/telusworldofscienceedmonton.ca\/\">TELUS World of Science-Edmonton<\/a><\/li>\n\n\n\n<li><a href=\"http:\/\/thediscoverycentre.ca\/\">Le centre de d\u00e9couverte<\/a><\/li>\n\n\n\n<li><a href=\"http:\/\/www.theexplorationplace.com\/\">Mus\u00e9e et centre scientifique The Exploration Place<\/a><\/li>\n\n\n\n<li><a href=\"http:\/\/www.themuseum.ca\/\">LE MUS\u00c9E<\/a><\/li>\n<\/ul>\n<\/div>\n<\/div>\n<\/div>\n\n\n\n<div style=\"height:100px\" aria-hidden=\"true\" class=\"wp-block-spacer\"><\/div>\n","protected":false},"excerpt":{"rendered":"<p>G\u00e9n\u00e9rationAction : Appel aux jeunes h\u00e9ros et h\u00e9ro\u00efnes du climat ! Ensemble, les membres de l&rsquo;ACCS informeront et inciteront les jeunes Canadiens \u00e0 agir pour lutter contre le changement climatique. En 2021, Environnement et Changement climatique Canada a approuv\u00e9 une demande de financement du Fonds pour dommages \u00e0 l&rsquo;environnement (FDE) pr\u00e9sent\u00e9e par le Discovery Centre, [&hellip;]<\/p>\n","protected":false},"author":1,"featured_media":0,"parent":0,"menu_order":0,"comment_status":"closed","ping_status":"closed","template":"","meta":{"footnotes":""},"class_list":["post-17946","page","type-page","status-publish","hentry"],"acf":[],"_links":{"self":[{"href":"https:\/\/canadiansciencecentres.ca\/fr\/wp-json\/wp\/v2\/pages\/17946","targetHints":{"allow":["GET"]}}],"collection":[{"href":"https:\/\/canadiansciencecentres.ca\/fr\/wp-json\/wp\/v2\/pages"}],"about":[{"href":"https:\/\/canadiansciencecentres.ca\/fr\/wp-json\/wp\/v2\/types\/page"}],"author":[{"embeddable":true,"href":"https:\/\/canadiansciencecentres.ca\/fr\/wp-json\/wp\/v2\/users\/1"}],"replies":[{"embeddable":true,"href":"https:\/\/canadiansciencecentres.ca\/fr\/wp-json\/wp\/v2\/comments?post=17946"}],"version-history":[{"count":12,"href":"https:\/\/canadiansciencecentres.ca\/fr\/wp-json\/wp\/v2\/pages\/17946\/revisions"}],"predecessor-version":[{"id":20371,"href":"https:\/\/canadiansciencecentres.ca\/fr\/wp-json\/wp\/v2\/pages\/17946\/revisions\/20371"}],"wp:attachment":[{"href":"https:\/\/canadiansciencecentres.ca\/fr\/wp-json\/wp\/v2\/media?parent=17946"}],"curies":[{"name":"wp","href":"https:\/\/api.w.org\/{rel}","templated":true}]}}