{"id":17948,"date":"2023-12-18T21:43:27","date_gmt":"2023-12-19T05:43:27","guid":{"rendered":"http:\/\/canadiansciencecentres.ca\/casc-2013-jusquou-irez-vous\/"},"modified":"2024-01-25T11:03:02","modified_gmt":"2024-01-25T19:03:02","slug":"casc-2013-jusquou-irez-vous","status":"publish","type":"page","link":"https:\/\/canadiansciencecentres.ca\/fr\/casc-2013-jusquou-irez-vous\/","title":{"rendered":"CASC 2013 Jusqu&rsquo;o\u00f9 irez-vous ?"},"content":{"rendered":"\n<div style=\"height:60px\" aria-hidden=\"true\" class=\"wp-block-spacer\"><\/div>\n\n<h1 class=\"wp-block-heading has-x-large-font-size\">CASC 2013 Jusqu&rsquo;o\u00f9 irez-vous ?<\/h1>\n\n<h4 class=\"wp-block-heading\">Organis\u00e9 par <a href=\"http:\/\/www.sparkscience.ca\/\" target=\"_blank\" rel=\"noreferrer noopener\">TELUS Spark<\/a> \u00e0 Calgary AB, du 13 au 15 juin 2013<\/h4>\n\n<div class=\"wp-block-buttons is-layout-flex wp-block-buttons-is-layout-flex\">\n<div class=\"wp-block-button\"><a class=\"wp-block-button__link wp-element-button\" href=\"\/wp-content\/uploads\/2023\/12\/CASC2013Programfinal_cropped.pdf\">T\u00e9l\u00e9charger le programme de la conf\u00e9rence<\/a><\/div>\n<\/div>\n\n<div style=\"height:60px\" aria-hidden=\"true\" class=\"wp-block-spacer\"><\/div>\n","protected":false},"excerpt":{"rendered":"<p>CASC 2013 Jusqu&rsquo;o\u00f9 irez-vous ? Organis\u00e9 par TELUS Spark \u00e0 Calgary AB, du 13 au 15 juin 2013<\/p>\n","protected":false},"author":1,"featured_media":0,"parent":0,"menu_order":0,"comment_status":"closed","ping_status":"closed","template":"","meta":{"footnotes":""},"class_list":["post-17948","page","type-page","status-publish","hentry"],"acf":[],"_links":{"self":[{"href":"https:\/\/canadiansciencecentres.ca\/fr\/wp-json\/wp\/v2\/pages\/17948","targetHints":{"allow":["GET"]}}],"collection":[{"href":"https:\/\/canadiansciencecentres.ca\/fr\/wp-json\/wp\/v2\/pages"}],"about":[{"href":"https:\/\/canadiansciencecentres.ca\/fr\/wp-json\/wp\/v2\/types\/page"}],"author":[{"embeddable":true,"href":"https:\/\/canadiansciencecentres.ca\/fr\/wp-json\/wp\/v2\/users\/1"}],"replies":[{"embeddable":true,"href":"https:\/\/canadiansciencecentres.ca\/fr\/wp-json\/wp\/v2\/comments?post=17948"}],"version-history":[{"count":0,"href":"https:\/\/canadiansciencecentres.ca\/fr\/wp-json\/wp\/v2\/pages\/17948\/revisions"}],"wp:attachment":[{"href":"https:\/\/canadiansciencecentres.ca\/fr\/wp-json\/wp\/v2\/media?parent=17948"}],"curies":[{"name":"wp","href":"https:\/\/api.w.org\/{rel}","templated":true}]}}