{"id":17950,"date":"2023-12-19T14:04:12","date_gmt":"2023-12-19T22:04:12","guid":{"rendered":"http:\/\/canadiansciencecentres.ca\/nominations-pour-le-prix-cascade-2019\/"},"modified":"2024-01-25T11:05:14","modified_gmt":"2024-01-25T19:05:14","slug":"nominations-pour-le-prix-cascade-2019","status":"publish","type":"page","link":"https:\/\/canadiansciencecentres.ca\/fr\/nominations-pour-le-prix-cascade-2019\/","title":{"rendered":"NOMINATIONS POUR LE PRIX CASCADE 2019"},"content":{"rendered":"\n<div style=\"height:100px\" aria-hidden=\"true\" class=\"wp-block-spacer\"><\/div>\n\n<h1 class=\"wp-block-heading has-x-large-font-size\">NOMINATIONS POUR LE PRIX CASCADE 2019  <\/h1>\n\n<div style=\"height:60px\" aria-hidden=\"true\" class=\"wp-block-spacer\"><\/div>\n\n<p class=\"has-casc-red-color has-text-color has-link-color has-large-font-size wp-elements-8ab962ac3bb0a1916d69570dedaee9ad\"><strong>Meilleur programme &#8211; Grande institution<\/strong><\/p>\n\n<p><strong>FIRST Tech Challenge &#8211; TELUS World of Science &#8211; Edmonton<\/strong><\/p>\n\n<p>TELUS World of Science &#8211; L&rsquo;\u00e9quipe de robotique d&rsquo;Edmonton donne aux jeunes l&rsquo;occasion de concevoir, de construire et de programmer un robot pour participer au <em>FIRST Tech Challenge<\/em>. Gr\u00e2ce \u00e0 ce programme, les participants ont acquis des comp\u00e9tences en mati\u00e8re de vie et de carri\u00e8re, et les ont utilis\u00e9es pour cr\u00e9er un impact social positif au sein de la communaut\u00e9 au sens large.<\/p>\n\n<p><strong>Terrain de jeux Junkyard &#8211; TELUS Spark<\/strong><\/p>\n\n<p>Junkyard Playground est une aire de jeux en plein air o\u00f9 les adultes ne sont pas admis. Bas\u00e9e sur la philosophie du \u00ab\u00a0jeu risqu\u00e9\u00a0\u00bb, la casse abrite des mat\u00e9riaux de construction s\u00e9lectionn\u00e9s et de vrais outils (scies, marteaux, etc.) qui permettent aux enfants de construire et de jouer de mani\u00e8re d\u00e9sordonn\u00e9e, cr\u00e9ative et libre.<\/p>\n\n<p><strong>Projet STEAM Effect &#8211; Ingenium <\/strong><strong>&#8211; <\/strong><strong>Mus\u00e9e des sciences et de la technologie du Canada<\/strong><\/p>\n\n<p>Le <em>projet STEAM<\/em> Effect est un programme immersif de 12 semaines con\u00e7u pour int\u00e9resser les jeunes de 12 \u00e0 17 ans traditionnellement mal desservis aux domaines des sciences, de la technologie, de l&rsquo;ing\u00e9nierie, des arts et des math\u00e9matiques (STEAM) et pour les encourager \u00e0 poursuivre des \u00e9tudes sup\u00e9rieures et des carri\u00e8res dans ces domaines.<\/p>\n\n<p><strong>Tech Up &#8211; Science World British Columbia &amp;<\/strong> <strong>Mus\u00e9e et centre des sciences Exploration Place<\/strong><\/p>\n\n<p>Gr\u00e2ce \u00e0 <em>Tech-Up<\/em>, nous am\u00e9liorons les programmes provinciaux actuels pour les \u00e9l\u00e8ves et les enseignants afin d&rsquo;y inclure le codage et la pens\u00e9e computationnelle. Science World et Exploration Place ont am\u00e9lior\u00e9 leurs programmes en collaborant avec les districts scolaires, les biblioth\u00e8ques, les enseignants et les \u00e9l\u00e8ves pour soutenir les comp\u00e9tences appliqu\u00e9es et le programme d&rsquo;\u00e9tudes technologiques, ainsi que d&rsquo;autres comp\u00e9tences li\u00e9es \u00e0 la pens\u00e9e computationnelle et \u00e0 la culture num\u00e9rique.<\/p>\n\n<div style=\"height:60px\" aria-hidden=\"true\" class=\"wp-block-spacer\"><\/div>\n\n<p class=\"has-casc-red-color has-text-color has-link-color has-large-font-size wp-elements-5a692a10f878f55f877d037035da2170\"><strong>Meilleur programme &#8211; Petite institution<\/strong><\/p>\n\n<p><strong><\/strong><strong>S\u00e9rie de conf\u00e9rences pour adultes &#8211; The Exploration Place Museum and Science Centre<\/strong><\/p>\n\n<p>Le deuxi\u00e8me lundi du mois, de septembre \u00e0 juin, une petite foule se r\u00e9unit en soir\u00e9e \u00e0 Exploration Place pour \u00e9couter un chercheur de l&rsquo;UNBC d\u00e9crire son travail de mani\u00e8re ouverte et accessible au grand public.<\/p>\n\n<div style=\"height:60px\" aria-hidden=\"true\" class=\"wp-block-spacer\"><\/div>\n\n<p class=\"has-casc-red-color has-text-color has-link-color has-large-font-size wp-elements-b49f4dea4560924f7083298d1c719a11\"><strong>Meilleure exposition ou spectacle &#8211; Grande institution<\/strong><\/p>\n\n<p><strong><\/strong><strong>La galerie Bill &amp; Janet Murphy Ocean &#8211; Le centre de d\u00e9couverte<\/strong><\/p>\n\n<p><em>La galerie Bill et Janet Murphy sur les o<\/em> c\u00e9ans incite les visiteurs de tous \u00e2ges \u00e0 s&rsquo;int\u00e9resser \u00e0 la science des oc\u00e9ans \u00e0 diff\u00e9rentes \u00e9chelles, de la simple goutte d&rsquo;eau aux syst\u00e8mes complexes. Les expositions bas\u00e9es sur la recherche locale de pointe encouragent la curiosit\u00e9, la sensibilisation \u00e0 l&rsquo;industrie et le sens des responsabilit\u00e9s pour l&rsquo;avenir de nos oc\u00e9ans.<\/p>\n\n<p><strong>Curieuses cr\u00e9atures : Les voyages de Robert Ripley<\/strong><em> &#8211; <\/em><strong>Aquarium Ripley&rsquo;s du Canada<\/strong><\/p>\n\n<p>Robert Ripley a entrepris de d\u00e9couvrir les cr\u00e9atures et les objets les plus insolites et les plus impressionnants du monde entier. Les visiteurs marchent sur les traces de ce Marco Polo des temps modernes dans la nouvelle exposition <em>Curious Creatures :<\/em> Les <em>voyages de Robert Ripley<\/em>.<\/p>\n\n<p><strong>Imaginarium &#8211; TELUS World of Science &#8211; Edmonton<\/strong><\/p>\n\n<p>En ao\u00fbt 2018, le TELUS World of Science Edmonton (TWOSE) a ouvert la galerie S.P.A.C.E. r\u00e9am\u00e9nag\u00e9e et le th\u00e9\u00e2tre Zeidler Dome \u00e0 la pointe de la technologie. Ensemble, ces espaces offrent une exp\u00e9rience renouvel\u00e9e de l&rsquo;astronomie et des sciences spatiales qui encourage nos visiteurs \u00e0 consid\u00e9rer les merveilles du ciel nocturne et l&rsquo;innovation humaine qui rend l&rsquo;exploration possible.<\/p>\n\n<p><strong>L&rsquo;ing\u00e9niosit\u00e9 autochtone &#8211; Centre des sciences de Montr\u00e9al<\/strong><\/p>\n\n<p><em>Indigenous Ingenuity<\/em> est une qu\u00eate interactive qui explore les innovations indig\u00e8nes de tout le Canada. \u00c0 travers une s\u00e9rie d&rsquo;activit\u00e9s interactives et ludiques, cette exposition de 500<sup>m2<\/sup> met en lumi\u00e8re l&rsquo;ing\u00e9niosit\u00e9 des Premiers Peuples et leur influence sur la soci\u00e9t\u00e9.<\/p>\n\n<p><strong>NATURE inspirante, TECHNO inspir\u00e9e &#8211; Mus\u00e9e de l&rsquo;ing\u00e9niosit\u00e9 J. Armand Bombardier<\/strong><\/p>\n\n<p>L&rsquo;exposition interactive met en lumi\u00e8re les technologies innovantes utilis\u00e9es dans les transports, inspir\u00e9es par la nature. Cette th\u00e9matique s&rsquo;adresse aussi bien aux novices qu&rsquo;aux experts, aux amoureux de la nature qu&rsquo;aux passionn\u00e9s de technologie. Pr\u00e9sent\u00e9e \u00e0 Valcourt, au Qu\u00e9bec, l&rsquo;exposition fera l&rsquo;objet d&rsquo;une tourn\u00e9e canadienne en mai 2019.<\/p>\n\n<p><strong>INVENTORIUM &#8211; Centre des sciences de l&rsquo;Ontario<\/strong><\/p>\n\n<p><em>INVENTORIUM<\/em> est un espace dynamique et collaboratif con\u00e7u pour susciter des questions, inspirer la cr\u00e9ativit\u00e9 et favoriser les comp\u00e9tences du 21e si\u00e8cle en mettant les participants en contact avec des start-ups, des cr\u00e9ateurs, des chercheurs et des artistes par le biais de combinaisons inattendues et toujours diff\u00e9rentes d&rsquo;exp\u00e9riences scientifiques, technologiques, artistiques et de design.<\/p>\n\n<p><strong>Sous les m\u00eames \u00e9toiles : Minwaadiziwin<em> &#8211; <\/em>Science Nord<\/strong><\/p>\n\n<p><em>Sous les m\u00eames \u00e9toiles : Minwaadiziwin<\/em>, est une exp\u00e9rience de plan\u00e9tarium qui explore le ciel nocturne. Le spectacle est un h\u00e9ritage d&rsquo;histoires qui c\u00e9l\u00e8bre les peuples autochtones et explore les changements saisonniers du ciel nocturne en racontant des histoires anishinaabe, cree et oji-cree sur les constellations visibles.<\/p>\n\n<p><strong>L&rsquo;exp\u00e9rience des salles de bain bor\u00e9ales &#8211; Centre des sciences de la Saskatchewan<\/strong><\/p>\n\n<p>Imaginez que vous \u00eates entour\u00e9 par la for\u00eat bor\u00e9ale. La lumi\u00e8re qui se d\u00e9place entre les arbres, le chant des oiseaux et le sentiment de faire partie de la for\u00eat. Imaginez maintenant que vous vivez cette exp\u00e9rience \u00e0 l&rsquo;int\u00e9rieur d&rsquo;une salle de bains ! Il s&rsquo;agit d&rsquo;une nouvelle exp\u00e9rience pour les visiteurs du Saskatchewan Science Centre.<\/p>\n\n<div style=\"height:60px\" aria-hidden=\"true\" class=\"wp-block-spacer\"><\/div>\n\n<p class=\"has-casc-red-color has-text-color has-link-color has-large-font-size wp-elements-e2cfe6c5d80a65e728ba21fd846ad516\"><strong>Meilleure exposition ou spectacle &#8211; Petite institution<\/strong><\/p>\n\n<p><strong><\/strong><strong>Les allergies font parler d&rsquo;elles ! &#8211; Mus\u00e9e Armand Frappier<\/strong><\/p>\n\n<p>L&rsquo;exposition \u00a0\u00bb <em>Les allergies, \u00e7a fait parler !\u00a0\u00bb <\/em>aborde un th\u00e8me qui concerne plus de 25 % des Canadiens, ce qui explique l&rsquo;engouement qu&rsquo;elle a suscit\u00e9 aupr\u00e8s de ses visiteurs. Le contenu de l&rsquo;exposition est \u00e0 la fois rigoureux et accessible, notamment gr\u00e2ce aux experts, enseignants et \u00e9tudiants qui ont largement contribu\u00e9 \u00e0 sa r\u00e9alisation.<\/p>\n\n<div style=\"height:100px\" aria-hidden=\"true\" class=\"wp-block-spacer\"><\/div>\n","protected":false},"excerpt":{"rendered":"<p>NOMINATIONS POUR LE PRIX CASCADE 2019 Meilleur programme &#8211; Grande institution FIRST Tech Challenge &#8211; TELUS World of Science &#8211; Edmonton TELUS World of Science &#8211; L&rsquo;\u00e9quipe de robotique d&rsquo;Edmonton donne aux jeunes l&rsquo;occasion de concevoir, de construire et de programmer un robot pour participer au FIRST Tech Challenge. Gr\u00e2ce \u00e0 ce programme, les participants [&hellip;]<\/p>\n","protected":false},"author":1,"featured_media":0,"parent":0,"menu_order":0,"comment_status":"closed","ping_status":"closed","template":"","meta":{"footnotes":""},"class_list":["post-17950","page","type-page","status-publish","hentry"],"acf":[],"_links":{"self":[{"href":"https:\/\/canadiansciencecentres.ca\/fr\/wp-json\/wp\/v2\/pages\/17950","targetHints":{"allow":["GET"]}}],"collection":[{"href":"https:\/\/canadiansciencecentres.ca\/fr\/wp-json\/wp\/v2\/pages"}],"about":[{"href":"https:\/\/canadiansciencecentres.ca\/fr\/wp-json\/wp\/v2\/types\/page"}],"author":[{"embeddable":true,"href":"https:\/\/canadiansciencecentres.ca\/fr\/wp-json\/wp\/v2\/users\/1"}],"replies":[{"embeddable":true,"href":"https:\/\/canadiansciencecentres.ca\/fr\/wp-json\/wp\/v2\/comments?post=17950"}],"version-history":[{"count":0,"href":"https:\/\/canadiansciencecentres.ca\/fr\/wp-json\/wp\/v2\/pages\/17950\/revisions"}],"wp:attachment":[{"href":"https:\/\/canadiansciencecentres.ca\/fr\/wp-json\/wp\/v2\/media?parent=17950"}],"curies":[{"name":"wp","href":"https:\/\/api.w.org\/{rel}","templated":true}]}}