{"id":17952,"date":"2019-10-30T14:25:17","date_gmt":"2019-10-30T18:25:17","guid":{"rendered":"http:\/\/canadiansciencecentres.ca\/conditions-dutilisation\/"},"modified":"2024-08-28T14:52:11","modified_gmt":"2024-08-28T18:52:11","slug":"conditions-dutilisation","status":"publish","type":"page","link":"https:\/\/canadiansciencecentres.ca\/fr\/conditions-dutilisation\/","title":{"rendered":"Conditions d&rsquo;utilisation"},"content":{"rendered":"\n<div class=\"wp-block-group alignwide mdpadding is-layout-flow wp-block-group-is-layout-flow\">\n<div id=\"policy\" width=\"640\" height=\"480\" data-policy-key=\"T0RkVEswcGtlVWwwVldoUlVuYzlQUT09\" data-extra=\"h-align=left&amp;table-style=accordion\"><link href=\"https:\/\/app.termageddon.com\/css\/policy.css?v=20210506\" rel=\"stylesheet\"><article><h2>Conditions d\u2019utilisation<\/h2><p class=\"tg-last-updated-date\">Derni\u00e8re mise \u00e0 jour : 28 ao\u00fbt 2024 13:46 PM<\/p><p>Veuillez lire attentivement les pr\u00e9sentes conditions d&rsquo;utilisation (\u00ab\u00a0conditions\u00a0\u00bb, \u00ab\u00a0conditions d&rsquo;utilisation\u00a0\u00bb) avant d&rsquo;utiliser le site Web canadiansciencecentres.ca (et le sous-site scienceupfirst.com) (le \u00ab\u00a0site Web\u00a0\u00bb) exploit\u00e9 par l&rsquo;Association canadienne des centres de sciences, une (n) soci\u00e9t\u00e9 constitu\u00e9e en Ontario, Canada (\u00ab\u00a0nous\u00a0\u00bb, \u00ab\u00a0nous\u00a0\u00bb, \u00ab\u00a0notre\u00a0\u00bb), car les pr\u00e9sentes conditions d&rsquo;utilisation contiennent des informations importantes concernant les limitations de notre responsabilit\u00e9. L&rsquo;acc\u00e8s \u00e0 ce site Web et son utilisation sont subordonn\u00e9s \u00e0 l&rsquo;acceptation et au respect des pr\u00e9sentes conditions. Ces conditions s&rsquo;appliquent \u00e0 tous, y compris, mais sans s&rsquo;y limiter, aux visiteurs, aux utilisateurs et aux autres personnes qui souhaitent acc\u00e9der au site Web et l&rsquo;utiliser.\n\n<En acc\u00e9dant au site web ou en l'utilisant, vous acceptez d'\u00eatre li\u00e9 par les pr\u00e9sentes conditions. Si vous n'\u00eates pas d'accord avec une quelconque partie des conditions, vous n'avez pas l'autorisation d'acc\u00e9der au site web ou de l'utiliser.\n\n<h2 class=\"\">Utilisations interdites<\/h2>\n\n<Vous vous engagez \u00e0 utiliser ce site web conform\u00e9ment \u00e0 l'ensemble des lois, r\u00e8gles et r\u00e9glementations applicables et aux pr\u00e9sentes conditions \u00e0 tout moment. Vous trouverez ci-apr\u00e8s une liste non exhaustive des utilisations interdites de ce site web. Vous vous engagez \u00e0 n'effectuer aucune des utilisations interdites suivantes:<\/p> <p>Les utilisateurs du site Web doivent s&rsquo;abstenir d&rsquo;utiliser le site Web \u00e0 des fins ill\u00e9gales.\n\n<ol><li>Imprimer ou tenter d&rsquo;imiter l&rsquo;Association canadienne des centres de sciences ou ses employ\u00e9s, repr\u00e9sentants, filiales ou divisions;<\/li><li>Faire une fausse repr\u00e9sentation de votre identit\u00e9 ou de votre affiliation avec une personne ou une entit\u00e9 ;<\/li><li>Envoyer ou tenter d&rsquo;envoyer du mat\u00e9riel publicitaire ou promotionnel, y compris, mais sans s&rsquo;y limiter, des pourriels, du courrier ind\u00e9sirable, des cha\u00eenes de courrier ou tout autre mat\u00e9riel semblable;<\/li><li>Adopter une conduite qui restreint ou emp\u00eache l&rsquo;utilisation ou la jouissance du site Web par une autre personne ou qui, selon notre seule appr\u00e9ciation, peut nous nuire ou nuire aux utilisateurs de ce site Web ou nous exposer ou exposer d&rsquo;autres utilisateurs \u00e0 des responsabilit\u00e9s;<\/li><li>L&rsquo;utilisation du site Web d&rsquo;une mani\u00e8re qui pourrait d\u00e9sactiver, surcharger, endommager ou d\u00e9t\u00e9riorer le site Web ou interf\u00e9rer avec l&rsquo;utilisation du site Web par une autre partie;<\/li><li>L&rsquo;utilisation d&rsquo;un robot, d&rsquo;une araign\u00e9e ou d&rsquo;une autre technologie automatique similaire, d&rsquo;un processus ou d&rsquo;un moyen pour acc\u00e9der au site Web ou l&rsquo;utiliser \u00e0 quelque fin que ce soit, y compris la surveillance ou la copie de tout mat\u00e9riel sur ce site Web ;<\/L'utilisation d'un dispositif, d'un logiciel, d'un moyen ou d'une routine qui interf\u00e8re avec le bon fonctionnement du site Web, y compris, mais sans s'y limiter, les virus, les chevaux de Troie, les vers, les bombes logiques ou d'autres \u00e9l\u00e9ments de ce genre.Tenter d'obtenir un acc\u00e8s non autoris\u00e9, interf\u00e9rer avec, endommager ou perturber toute partie du site Web, le(s) serveur(s) sur lequel le site Web est stock\u00e9, ou tout serveur, ordinateur ou base de donn\u00e9es connect\u00e9 au site Web;<\/li><li>Tenter d&rsquo;attaquer ou attaquer le site Web par le biais d&rsquo;une attaque par d\u00e9ni de service ou d&rsquo;une attaque par d\u00e9ni de service distribu\u00e9;<\/li><li>Tenter autrement de nuire au bon fonctionnement du site Web;<\/li><li>Utiliser le site Web d&rsquo;une mani\u00e8re qui contrevient aux lois, r\u00e8gles ou r\u00e8glements applicables d&rsquo;une province, d&rsquo;un territoire, d&rsquo;un \u00c9tat ou d&rsquo;un pays.<\/li><\/ol>\n\n<h2 class=\"\"><span class=\"text-uppercase\">Aucune garantie sur le site web<\/span><\/h2>\n\n<\/p> <p class=\"text-uppercase\">Ce site Web est fourni \u00ab\u00a0tel quel\u00a0\u00bb. Aucune garantie, expresse ou implicite (y compris toute garantie implicite de qualit\u00e9 marchande, de qualit\u00e9 satisfaisante ou d&rsquo;ad\u00e9quation \u00e0 un usage particulier) ne s&rsquo;applique \u00e0 ce site Web, qu&rsquo;elle d\u00e9coule de la loi, d&rsquo;une pratique commerciale, d&rsquo;un mode d&rsquo;ex\u00e9cution, d&rsquo;un usage commercial ou autre.<\/p> <p class=\"text-uppercase\">Ce site Web est fourni \u00ab\u00a0tel quel\u00a0\u00bb.\n\n<h2 class=\"\">Disponibilit\u00e9, erreurs et inexactitudes<\/h2>\n\n<Nous n'assumons aucune responsabilit\u00e9 quant \u00e0 la disponibilit\u00e9, aux erreurs ou aux inexactitudes des informations, des produits ou des services fournis sur ce site web. Nous pouvons subir des retards dans la mise \u00e0 jour des informations sur ce site web et dans notre publicit\u00e9 sur d'autres sites web. Les informations, produits et services figurant sur le site web peuvent contenir des erreurs ou des inexactitudes ou peuvent ne pas \u00eatre complets ou actuels. Les produits ou services peuvent \u00eatre incorrectement tarif\u00e9s ou indisponibles. Nous nous r\u00e9servons express\u00e9ment le droit de corriger toute erreur de prix sur notre site web. L'inclusion ou l'offre d'un produit ou d'un service sur ce site Web ne constitue pas une approbation ou une recommandation de ce produit ou de ce service de notre part.\n\n<h2 class=\"\"><span class=\"text-uppercase\">Dommages et limitation de responsabilit\u00e9<\/span><\/h2>\n\n<p class=\"text-uppercase\">En aucun cas l&rsquo;Association canadienne des centres de sciences ne sera responsable des dommages directs, indirects, punitifs, accessoires, sp\u00e9ciaux ou cons\u00e9cutifs d\u00e9coulant de votre acc\u00e8s, affichage ou utilisation de ce site Web ou du retard ou de l&rsquo;incapacit\u00e9 d&rsquo;acc\u00e9der, d&rsquo;afficher ou d&rsquo;utiliser ce site Web, y compris, mais sans s&rsquo;y limiter, la confiance que vous accordez aux opinions ou \u00e0 l&rsquo;information figurant sur ce site Web, ou s&rsquo;y rapportant de quelque fa\u00e7on que ce soit ; tout virus informatique, information, logiciel, site Web li\u00e9 exploit\u00e9 par des tiers, produit ou service obtenu par l&rsquo;entremise de ce site Web, que ce soit sur la base d&rsquo;une th\u00e9orie de n\u00e9gligence, de contrat, de d\u00e9lit, de responsabilit\u00e9 stricte, de lois sur la protection des consommateurs ou autre, m\u00eame si l&rsquo;Association canadienne des centres de sciences a \u00e9t\u00e9 inform\u00e9e de la possibilit\u00e9 de tels dommages. <\/p><h2 class=\"\">Liens vers des sites Web de tierces parties<\/h2>\n\n<Ce site web peut contenir des hyperliens vers des sites web exploit\u00e9s par des tiers et non par nous. Nous fournissons ces hyperliens \u00e0 titre de r\u00e9f\u00e9rence uniquement. Nous ne contr\u00f4lons pas ces sites web et ne sommes pas responsables de leur contenu ou des pratiques de confidentialit\u00e9 ou autres de ces sites web. En outre, il vous incombe de prendre les pr\u00e9cautions n\u00e9cessaires pour vous assurer que les liens sur lesquels vous cliquez ou les logiciels que vous t\u00e9l\u00e9chargez, que ce soit \u00e0 partir de ce site web ou d'autres sites web ou applications, sont exempts de virus, de vers, de chevaux de Troie, de d\u00e9fauts et d'autres \u00e9l\u00e9ments de nature destructrice. L'inclusion d'hyperliens vers de tels sites web n'implique aucunement l'approbation du contenu de ces sites web ni aucune association avec leurs exploitants.\n\n<h2 class=\"\">Propri\u00e9t\u00e9 intellectuelle et notification DMCA et proc\u00e9dure pour les plaintes en mati\u00e8re d&rsquo;atteinte \u00e0 la propri\u00e9t\u00e9 intellectuelle<\/h2>\n\n<p>Tout le contenu de ce site Web est \u00a92021 &#8211; 2024 Association canadienne des centres de sciences ou des tiers. Tous les droits sont r\u00e9serv\u00e9s. Sauf indication contraire, ce site Web et l&rsquo;ensemble de son contenu et des autres \u00e9l\u00e9ments qu&rsquo;il contient, y compris, mais sans s&rsquo;y limiter, tous les logos, dessins, textes, graphiques, images, informations, donn\u00e9es, logiciels, fichiers sonores et leur disposition (collectivement, le \u00a0\u00bb contenu \u00ab\u00a0) sont la propri\u00e9t\u00e9 exclusive de l&rsquo;Association canadienne des centres de sciences et sont soit des marques d\u00e9pos\u00e9es, soit des marques de commerce, soit des propri\u00e9t\u00e9s intellectuelles autrement prot\u00e9g\u00e9es de l&rsquo;Association canadienne des centres de sciences ou de tiers au Canada et\/ou dans d&rsquo;autres pays.<\/p> <p>Le contenu de ce site Web est la propri\u00e9t\u00e9 exclusive de l&rsquo;Association canadienne des centres de sciences ou de tiers.\n\n<Si vous avez connaissance d'une violation potentielle de notre propri\u00e9t\u00e9 intellectuelle, veuillez contacter Bensun Fong \u00e0 l'adresse bensun@scienceupfirst.com.\n\n<Nous respectons les droits de propri\u00e9t\u00e9 intellectuelle d'autrui. Notre politique consiste \u00e0 r\u00e9pondre \u00e0 toute all\u00e9gation selon laquelle le contenu affich\u00e9 sur le site Web porte atteinte aux droits d'auteur, aux marques ou \u00e0 d'autres droits de propri\u00e9t\u00e9 intellectuelle d'une personne ou d'une entit\u00e9.\n\n<Si vous estimez de bonne foi que le contenu porte atteinte \u00e0 vos droits de propri\u00e9t\u00e9 intellectuelle, vous ou votre agent pouvez nous envoyer une notification \u00e9crite de cette infraction intitul\u00e9e \"Infringement of Intellectual Property Rights - DMCA\" (violation des droits de propri\u00e9t\u00e9 intellectuelle - DMCA). L'avis que vous nous adressez doit comprendre les informations suivantes:<\/p> <p>Les droits de propri\u00e9t\u00e9 intellectuelle sont prot\u00e9g\u00e9s par la loi sur les droits d&rsquo;auteur.\n\n<ol><li>Une signature \u00e9lectronique ou physique de la personne autoris\u00e9e \u00e0 agir au nom du titulaire du droit de propri\u00e9t\u00e9 intellectuelle;<\/li><li>Une description de l&rsquo;\u0153uvre dont vous pr\u00e9tendez qu&rsquo;elle a \u00e9t\u00e9 contrefaite, y compris l&rsquo;URL (c&rsquo;est-\u00e0-dire, l&rsquo;adresse de la page web) de l&rsquo;endroit o\u00f9 l&rsquo;\u0153uvre existe ou une copie de l&rsquo;\u0153uvre;<\/li><li>votre nom, votre adresse \u00e9lectronique, votre adresse et votre num\u00e9ro de t\u00e9l\u00e9phone ; et<\/li><li>une d\u00e9claration de votre part indiquant que vous pensez de bonne foi que l&rsquo;utilisation contest\u00e9e n&rsquo;est pas autoris\u00e9e par le propri\u00e9taire de l&rsquo;\u0153uvre, son agent ou la loi.<\/li><\/ol>\n\n<Veuillez noter que nous ne traiterons pas votre plainte si elle n'est pas correctement remplie ou si elle est incompl\u00e8te. Vous pouvez \u00eatre tenu responsable des dommages, y compris, mais sans s'y limiter, des co\u00fbts et des frais d'avocat pour toute d\u00e9claration erron\u00e9e ou r\u00e9clamation de mauvaise foi concernant la violation de vos droits de propri\u00e9t\u00e9 intellectuelle par le contenu de ce site Web.<\/p> <p>La plainte doit \u00eatre d\u00e9pos\u00e9e aupr\u00e8s de la Commission europ\u00e9enne.\n\n<p>Vous pouvez nous soumettre votre r\u00e9clamation en nous contactant \u00e0 :<\/p><p>Association canadienne des centres de sciences<br>Bensun Fong<br>bensun@scienceupfirst.com<br>(705) 522-6825<br>Association canadienne des centres de sciences<br>\n#1203-130 Albert St.\nOttawa, ON. K1P 5G4<br>\ninfo@casc-accs.com<br><span class=\"text-uppercase\">Canada<\/span><\/p>\n\n<h2 class=\"\">La loi applicable, la divisibilit\u00e9, le r\u00e8glement des litiges et le lieu de l&rsquo;audience<\/h2>\n\n<Les pr\u00e9sentes conditions sont r\u00e9gies et interpr\u00e9t\u00e9es conform\u00e9ment aux lois de l'Ontario, Canada, sans \u00e9gard aux dispositions relatives aux conflits de lois. <span class=\"text-uppercase\">Les pr\u00e9sentes conditions ne sont pas r\u00e9gies par la Convention des Nations Unies sur les contrats de vente internationale de marchandises, le Code de commerce uniforme ou les Incoterms<\/span>.\n\n<Le fait que nous n'appliquions pas un droit ou une disposition des pr\u00e9sentes conditions ne sera pas consid\u00e9r\u00e9 comme une renonciation \u00e0 ce droit ou \u00e0 cette disposition. Si une disposition des pr\u00e9sentes conditions est jug\u00e9e invalide ou inapplicable par un tribunal, les autres dispositions des pr\u00e9sentes conditions resteront en vigueur. Les pr\u00e9sentes conditions constituent l'int\u00e9gralit\u00e9 de l'accord entre vous et nous concernant notre site web, et elles annulent et remplacent tout accord ant\u00e9rieur que nous aurions pu avoir avec vous concernant le site web.\n\n<Toute controverse ou r\u00e9clamation d\u00e9coulant des pr\u00e9sentes conditions ou s'y rapportant, y compris, mais sans s'y limiter, l'interpr\u00e9tation ou la violation de celles-ci, sera r\u00e9solue par un tribunal comp\u00e9tent de l'Ontario, au Canada.\n\n<h2 class=\"\">Modifications des conditions de service<\/h2>\n\n<Nous nous r\u00e9servons le droit de modifier les pr\u00e9sentes conditions de service \u00e0 tout moment. Nous ne vous fournirons aucun avis lorsque nous apporterons des modifications \u00e0 ces conditions de service. <\/p> <p>Les conditions d&rsquo;utilisation du site Web de l&rsquo;Union europ\u00e9enne ne sont pas modifi\u00e9es.\n\n<h2 class=\"\">Langue<\/h2><p>Les parties ont express\u00e9ment exig\u00e9 que les pr\u00e9sentes conditions d&rsquo;utilisation et toute communication en vertu des pr\u00e9sentes soient r\u00e9dig\u00e9es en langue anglaise. Les parties ont express\u00e9ment exig\u00e9 que les pr\u00e9sentes Conditions d&rsquo;Utilisation et toute communication en vertu des pr\u00e9sentes soient r\u00e9dig\u00e9es en langue anglaise.<\/p> <p>Les parties ont express\u00e9ment exig\u00e9 que les pr\u00e9sentes Conditions d&rsquo;Utilisation et toute communication en vertu des pr\u00e9sentes soient r\u00e9dig\u00e9es en langue anglaise.\n\n<h2 class=\"\">Questions<\/h2><p>Si vous avez des questions concernant nos conditions d&rsquo;utilisation, veuillez nous contacter \u00e0 l&rsquo;adresse suivante : info@casc-accs.com.<\/p>\n\n<\/article>\n<\/div>\n<\/div>\n","protected":false},"excerpt":{"rendered":"<p>Conditions d\u2019utilisation Derni\u00e8re mise \u00e0 jour : 28 ao\u00fbt 2024 13:46 PM Veuillez lire attentivement les pr\u00e9sentes conditions d&rsquo;utilisation (\u00ab\u00a0conditions\u00a0\u00bb, \u00ab\u00a0conditions d&rsquo;utilisation\u00a0\u00bb) avant d&rsquo;utiliser le site Web canadiansciencecentres.ca (et le sous-site scienceupfirst.com) (le \u00ab\u00a0site Web\u00a0\u00bb) exploit\u00e9 par l&rsquo;Association canadienne des centres de sciences, une (n) soci\u00e9t\u00e9 constitu\u00e9e en Ontario, Canada (\u00ab\u00a0nous\u00a0\u00bb, \u00ab\u00a0nous\u00a0\u00bb, \u00ab\u00a0notre\u00a0\u00bb), car les [&hellip;]<\/p>\n","protected":false},"author":1,"featured_media":0,"parent":0,"menu_order":0,"comment_status":"closed","ping_status":"closed","template":"","meta":{"footnotes":""},"class_list":["post-17952","page","type-page","status-publish","hentry"],"acf":[],"_links":{"self":[{"href":"https:\/\/canadiansciencecentres.ca\/fr\/wp-json\/wp\/v2\/pages\/17952","targetHints":{"allow":["GET"]}}],"collection":[{"href":"https:\/\/canadiansciencecentres.ca\/fr\/wp-json\/wp\/v2\/pages"}],"about":[{"href":"https:\/\/canadiansciencecentres.ca\/fr\/wp-json\/wp\/v2\/types\/page"}],"author":[{"embeddable":true,"href":"https:\/\/canadiansciencecentres.ca\/fr\/wp-json\/wp\/v2\/users\/1"}],"replies":[{"embeddable":true,"href":"https:\/\/canadiansciencecentres.ca\/fr\/wp-json\/wp\/v2\/comments?post=17952"}],"version-history":[{"count":5,"href":"https:\/\/canadiansciencecentres.ca\/fr\/wp-json\/wp\/v2\/pages\/17952\/revisions"}],"predecessor-version":[{"id":19305,"href":"https:\/\/canadiansciencecentres.ca\/fr\/wp-json\/wp\/v2\/pages\/17952\/revisions\/19305"}],"wp:attachment":[{"href":"https:\/\/canadiansciencecentres.ca\/fr\/wp-json\/wp\/v2\/media?parent=17952"}],"curies":[{"name":"wp","href":"https:\/\/api.w.org\/{rel}","templated":true}]}}