{"id":17956,"date":"2023-12-18T21:42:54","date_gmt":"2023-12-19T05:42:54","guid":{"rendered":"http:\/\/canadiansciencecentres.ca\/casc-2014-partagez-votre-passion\/"},"modified":"2024-01-25T11:03:02","modified_gmt":"2024-01-25T19:03:02","slug":"casc-2014-partagez-votre-passion","status":"publish","type":"page","link":"https:\/\/canadiansciencecentres.ca\/fr\/casc-2014-partagez-votre-passion\/","title":{"rendered":"CASC 2014 Partagez votre passion"},"content":{"rendered":"\n<div style=\"height:60px\" aria-hidden=\"true\" class=\"wp-block-spacer\"><\/div>\n\n<h1 class=\"wp-block-heading has-x-large-font-size\">CASC 2014 Partagez votre passion<\/h1>\n\n<h4 class=\"wp-block-heading\">Organis\u00e9 par le <a href=\"http:\/\/espacepourlavie.ca\/\" target=\"_blank\" rel=\"noreferrer noopener\">Plan\u00e9tarium Rio Tinto Alcan \u00e0 Montr\u00e9al<\/a> QC, du 1er au 3 mai 2014<\/h4>\n\n<div class=\"wp-block-buttons is-layout-flex wp-block-buttons-is-layout-flex\">\n<div class=\"wp-block-button\"><a class=\"wp-block-button__link wp-element-button\" href=\"\/wp-content\/uploads\/2023\/12\/CASC2014_program_ENG_FINAL.pdf\">T\u00e9l\u00e9charger le programme de la conf\u00e9rence<\/a><\/div>\n<\/div>\n\n<div style=\"height:60px\" aria-hidden=\"true\" class=\"wp-block-spacer\"><\/div>\n","protected":false},"excerpt":{"rendered":"<p>CASC 2014 Partagez votre passion Organis\u00e9 par le Plan\u00e9tarium Rio Tinto Alcan \u00e0 Montr\u00e9al QC, du 1er au 3 mai 2014<\/p>\n","protected":false},"author":1,"featured_media":0,"parent":0,"menu_order":0,"comment_status":"closed","ping_status":"closed","template":"","meta":{"footnotes":""},"class_list":["post-17956","page","type-page","status-publish","hentry"],"acf":[],"_links":{"self":[{"href":"https:\/\/canadiansciencecentres.ca\/fr\/wp-json\/wp\/v2\/pages\/17956","targetHints":{"allow":["GET"]}}],"collection":[{"href":"https:\/\/canadiansciencecentres.ca\/fr\/wp-json\/wp\/v2\/pages"}],"about":[{"href":"https:\/\/canadiansciencecentres.ca\/fr\/wp-json\/wp\/v2\/types\/page"}],"author":[{"embeddable":true,"href":"https:\/\/canadiansciencecentres.ca\/fr\/wp-json\/wp\/v2\/users\/1"}],"replies":[{"embeddable":true,"href":"https:\/\/canadiansciencecentres.ca\/fr\/wp-json\/wp\/v2\/comments?post=17956"}],"version-history":[{"count":0,"href":"https:\/\/canadiansciencecentres.ca\/fr\/wp-json\/wp\/v2\/pages\/17956\/revisions"}],"wp:attachment":[{"href":"https:\/\/canadiansciencecentres.ca\/fr\/wp-json\/wp\/v2\/media?parent=17956"}],"curies":[{"name":"wp","href":"https:\/\/api.w.org\/{rel}","templated":true}]}}