{"id":17958,"date":"2023-12-19T14:02:13","date_gmt":"2023-12-19T22:02:13","guid":{"rendered":"http:\/\/canadiansciencecentres.ca\/les-laureats-du-prix-cascade-2019\/"},"modified":"2024-01-25T11:05:14","modified_gmt":"2024-01-25T19:05:14","slug":"les-laureats-du-prix-cascade-2019","status":"publish","type":"page","link":"https:\/\/canadiansciencecentres.ca\/fr\/les-laureats-du-prix-cascade-2019\/","title":{"rendered":"LES LAUR\u00c9ATS DU PRIX CASCADE 2019"},"content":{"rendered":"\n<div class=\"wp-block-group alignwide is-layout-flow wp-block-group-is-layout-flow\">\n<div style=\"height:100px\" aria-hidden=\"true\" class=\"wp-block-spacer\"><\/div>\n\n\n\n<h1 class=\"wp-block-heading has-x-large-font-size\">LES LAUR\u00c9ATS DU PRIX CASCADE 2019  <\/h1>\n\n\n\n<p class=\"has-normal-font-size\"><strong><a href=\"https:\/\/canadiansciencecentres.ca\/fr\/nominations-pour-le-prix-cascade-2019\/\">Voir les nomin\u00e9s 2019  <\/a><\/strong><\/p>\n\n\n\n<div style=\"height:40px\" aria-hidden=\"true\" class=\"wp-block-spacer\"><\/div>\n\n\n\n<div class=\"wp-block-group has-gainsboro-background-color has-background is-layout-flow wp-block-group-is-layout-flow\" style=\"border-radius:15px;margin-top:var(--wp--preset--spacing--large);margin-bottom:var(--wp--preset--spacing--large);padding-top:var(--wp--preset--spacing--medium);padding-right:var(--wp--preset--spacing--medium);padding-bottom:var(--wp--preset--spacing--medium);padding-left:var(--wp--preset--spacing--medium)\">\n<h3 class=\"wp-block-heading has-casc-red-color has-text-color has-link-color has-medium-font-size wp-elements-2b6552446dfb4129f7cd86d9dcb1ec29\">Meilleure exposition ou spectacle &#8211; Grande institution (2 laur\u00e9ats)<\/h3>\n\n\n\n<div class=\"wp-block-columns is-layout-flex wp-container-core-columns-is-layout-28f84493 wp-block-columns-is-layout-flex\">\n<div class=\"wp-block-column is-layout-flow wp-block-column-is-layout-flow\" style=\"flex-basis:33.33%\">\n<figure class=\"wp-block-image size-full\"><img loading=\"lazy\" decoding=\"async\" width=\"300\" height=\"300\" src=\"https:\/\/canadiansciencecentres.ca\/wp-content\/uploads\/2023\/12\/Montreal-Science-Centre.jpg\" alt=\"\" class=\"wp-image-17129\" srcset=\"https:\/\/canadiansciencecentres.ca\/wp-content\/uploads\/2023\/12\/Montreal-Science-Centre.jpg 300w, https:\/\/canadiansciencecentres.ca\/wp-content\/uploads\/2023\/12\/Montreal-Science-Centre-160x160.jpg 160w\" sizes=\"auto, (max-width: 300px) 100vw, 300px\" \/><\/figure>\n<\/div>\n\n\n\n<div class=\"wp-block-column is-layout-flow wp-block-column-is-layout-flow\" style=\"flex-basis:66.66%\">\n<p><strong><strong>L&rsquo;ing\u00e9niosit\u00e9 autochtone &#8211; Centre des sciences de Montr\u00e9al<\/strong><\/strong><\/p>\n\n\n\n<p>Indigenous Ingenuity est une qu\u00eate interactive qui explore les innovations indig\u00e8nes de tout le Canada. \u00c0 travers une s\u00e9rie d&rsquo;activit\u00e9s interactives et ludiques, cette exposition de 500 m2 met en lumi\u00e8re l&rsquo;ing\u00e9niosit\u00e9 des Premiers Peuples et leur influence sur la soci\u00e9t\u00e9.<\/p>\n<\/div>\n<\/div>\n\n\n\n<div class=\"wp-block-columns is-layout-flex wp-container-core-columns-is-layout-28f84493 wp-block-columns-is-layout-flex\">\n<div class=\"wp-block-column is-layout-flow wp-block-column-is-layout-flow\" style=\"flex-basis:33.33%\">\n<figure class=\"wp-block-image size-full\"><img loading=\"lazy\" decoding=\"async\" width=\"297\" height=\"298\" src=\"https:\/\/canadiansciencecentres.ca\/wp-content\/uploads\/2023\/12\/Screen-Shot-2019-05-10-at-3.20.14-PM.png\" alt=\"\" class=\"wp-image-17130\" srcset=\"https:\/\/canadiansciencecentres.ca\/wp-content\/uploads\/2023\/12\/Screen-Shot-2019-05-10-at-3.20.14-PM.png 297w, https:\/\/canadiansciencecentres.ca\/wp-content\/uploads\/2023\/12\/Screen-Shot-2019-05-10-at-3.20.14-PM-160x160.png 160w\" sizes=\"auto, (max-width: 297px) 100vw, 297px\" \/><\/figure>\n<\/div>\n\n\n\n<div class=\"wp-block-column is-layout-flow wp-block-column-is-layout-flow\" style=\"flex-basis:66.66%\">\n<p><strong><strong><strong>Sous les m\u00eames \u00e9toiles : Minwaadiziwin &#8211; Science Nord<\/strong><\/strong><\/strong><\/p>\n\n\n\n<p>Sous les m\u00eames \u00e9toiles : Minwaadiziwin, est une exp\u00e9rience de plan\u00e9tarium qui explore le ciel nocturne. Le spectacle est un h\u00e9ritage d&rsquo;histoires qui c\u00e9l\u00e8bre les peuples autochtones et explore les changements saisonniers du ciel nocturne en racontant des histoires anishinaabe, cree et oji-cree sur les constellations visibles.<\/p>\n<\/div>\n<\/div>\n<\/div>\n\n\n\n<div class=\"wp-block-group has-gainsboro-background-color has-background is-layout-flow wp-block-group-is-layout-flow\" style=\"border-radius:15px;margin-top:var(--wp--preset--spacing--large);margin-bottom:var(--wp--preset--spacing--large);padding-top:var(--wp--preset--spacing--medium);padding-right:var(--wp--preset--spacing--medium);padding-bottom:var(--wp--preset--spacing--medium);padding-left:var(--wp--preset--spacing--medium)\">\n<h3 class=\"wp-block-heading has-casc-red-color has-text-color has-link-color has-medium-font-size wp-elements-a33ff579e59eec6cc29c2711188946c6\">Meilleur programme &#8211; Petite institution  <\/h3>\n\n\n\n<div class=\"wp-block-columns is-layout-flex wp-container-core-columns-is-layout-28f84493 wp-block-columns-is-layout-flex\">\n<div class=\"wp-block-column is-layout-flow wp-block-column-is-layout-flow\" style=\"flex-basis:33.33%\">\n<figure class=\"wp-block-image size-full\"><img loading=\"lazy\" decoding=\"async\" width=\"300\" height=\"300\" src=\"https:\/\/canadiansciencecentres.ca\/wp-content\/uploads\/2023\/12\/Exploration.jpg\" alt=\"\" class=\"wp-image-17131\" srcset=\"https:\/\/canadiansciencecentres.ca\/wp-content\/uploads\/2023\/12\/Exploration.jpg 300w, https:\/\/canadiansciencecentres.ca\/wp-content\/uploads\/2023\/12\/Exploration-160x160.jpg 160w\" sizes=\"auto, (max-width: 300px) 100vw, 300px\" \/><\/figure>\n<\/div>\n\n\n\n<div class=\"wp-block-column is-layout-flow wp-block-column-is-layout-flow\" style=\"flex-basis:66.66%\">\n<p><strong><strong><strong>S\u00e9rie de conf\u00e9rences pour adultes &#8211; The Exploration Place Museum and Science Centre<\/strong><\/strong><\/strong><\/p>\n\n\n\n<p>Le deuxi\u00e8me lundi du mois, de septembre \u00e0 juin, une foule engag\u00e9e se r\u00e9unit en soir\u00e9e \u00e0 Exploration Place pour \u00e9couter un chercheur de l&rsquo;UNBC d\u00e9crire son travail de mani\u00e8re ouverte et accessible au grand public.<\/p>\n<\/div>\n<\/div>\n<\/div>\n\n\n\n<div class=\"wp-block-group has-gainsboro-background-color has-background is-layout-flow wp-block-group-is-layout-flow\" style=\"border-radius:15px;margin-top:var(--wp--preset--spacing--large);margin-bottom:var(--wp--preset--spacing--large);padding-top:var(--wp--preset--spacing--medium);padding-right:var(--wp--preset--spacing--medium);padding-bottom:var(--wp--preset--spacing--medium);padding-left:var(--wp--preset--spacing--medium)\">\n<h3 class=\"wp-block-heading has-casc-red-color has-text-color has-link-color has-medium-font-size wp-elements-a5676836a6a1b73581d7fdffb3becf31\">Meilleur programme &#8211; Grande institution  <\/h3>\n\n\n\n<div class=\"wp-block-columns is-layout-flex wp-container-core-columns-is-layout-28f84493 wp-block-columns-is-layout-flex\">\n<div class=\"wp-block-column is-layout-flow wp-block-column-is-layout-flow\" style=\"flex-basis:33.33%\">\n<figure class=\"wp-block-image size-full\"><img loading=\"lazy\" decoding=\"async\" width=\"300\" height=\"300\" src=\"https:\/\/canadiansciencecentres.ca\/wp-content\/uploads\/2023\/12\/TELUS-Spark.jpg\" alt=\"\" class=\"wp-image-17132\" srcset=\"https:\/\/canadiansciencecentres.ca\/wp-content\/uploads\/2023\/12\/TELUS-Spark.jpg 300w, https:\/\/canadiansciencecentres.ca\/wp-content\/uploads\/2023\/12\/TELUS-Spark-160x160.jpg 160w\" sizes=\"auto, (max-width: 300px) 100vw, 300px\" \/><\/figure>\n<\/div>\n\n\n\n<div class=\"wp-block-column is-layout-flow wp-block-column-is-layout-flow\" style=\"flex-basis:66.66%\">\n<p><strong><strong><strong><strong>Terrain de jeux Junkyard &#8211; TELUS Spark<\/strong><\/strong><\/strong><\/strong><\/p>\n\n\n\n<p>Junkyard Playground est une aire de jeux en plein air o\u00f9 les adultes ne sont pas admis. Bas\u00e9e sur la philosophie du \u00ab\u00a0jeu risqu\u00e9\u00a0\u00bb, la casse abrite des mat\u00e9riaux de construction s\u00e9lectionn\u00e9s et de vrais outils (scies, marteaux, etc.) qui permettent aux enfants de construire et de jouer de mani\u00e8re d\u00e9sordonn\u00e9e, cr\u00e9ative et libre.<\/p>\n<\/div>\n<\/div>\n<\/div>\n\n\n\n<div class=\"wp-block-group has-gainsboro-background-color has-background is-layout-flow wp-block-group-is-layout-flow\" style=\"border-radius:15px;margin-top:var(--wp--preset--spacing--large);margin-bottom:var(--wp--preset--spacing--large);padding-top:var(--wp--preset--spacing--medium);padding-right:var(--wp--preset--spacing--medium);padding-bottom:var(--wp--preset--spacing--medium);padding-left:var(--wp--preset--spacing--medium)\">\n<h3 class=\"wp-block-heading has-casc-red-color has-text-color has-link-color has-medium-font-size wp-elements-dc095f551035ac27a65421b52965a631\">Meilleure exposition ou spectacle &#8211; Petite institution<\/h3>\n\n\n\n<div class=\"wp-block-columns is-layout-flex wp-container-core-columns-is-layout-28f84493 wp-block-columns-is-layout-flex\">\n<div class=\"wp-block-column is-layout-flow wp-block-column-is-layout-flow\" style=\"flex-basis:33.33%\">\n<figure class=\"wp-block-image size-full\"><img loading=\"lazy\" decoding=\"async\" width=\"300\" height=\"300\" src=\"https:\/\/canadiansciencecentres.ca\/wp-content\/uploads\/2023\/12\/Armand-Frappier.jpg\" alt=\"\" class=\"wp-image-17133\" srcset=\"https:\/\/canadiansciencecentres.ca\/wp-content\/uploads\/2023\/12\/Armand-Frappier.jpg 300w, https:\/\/canadiansciencecentres.ca\/wp-content\/uploads\/2023\/12\/Armand-Frappier-160x160.jpg 160w\" sizes=\"auto, (max-width: 300px) 100vw, 300px\" \/><\/figure>\n<\/div>\n\n\n\n<div class=\"wp-block-column is-layout-flow wp-block-column-is-layout-flow\" style=\"flex-basis:66.66%\">\n<p><strong><strong><strong><strong><strong>Les allergies font parler d&rsquo;elles ! &#8211; Mus\u00e9e Armand Frappier<\/strong><\/strong><\/strong><\/strong><\/strong><\/p>\n\n\n\n<p>L&rsquo;exposition \u00ab\u00a0Les allergies, \u00e7a fait parler !\u00a0\u00bb aborde un th\u00e8me qui concerne plus de 25 % des Canadiens, ce qui explique l&rsquo;engouement qu&rsquo;elle a suscit\u00e9 aupr\u00e8s de ses visiteurs. Le contenu de l&rsquo;exposition est \u00e0 la fois rigoureux et accessible, notamment gr\u00e2ce aux experts, enseignants et \u00e9tudiants qui ont largement contribu\u00e9 \u00e0 son \u00e9laboration.<\/p>\n<\/div>\n<\/div>\n<\/div>\n\n\n\n<div style=\"height:100px\" aria-hidden=\"true\" class=\"wp-block-spacer\"><\/div>\n\n\n\n<h2 class=\"wp-block-heading has-casc-red-color has-text-color has-link-color wp-elements-dacbb626e3302a27047ef6f57842f876\">C\u00c9L\u00c9BRER L&rsquo;\u00c9QUIT\u00c9, LA DIVERSIT\u00c9 ET L&rsquo;INCLUSION  <\/h2>\n\n\n\n<p>Lors du banquet de remise des prix CACADE, l&rsquo;ACCS a pr\u00e9sent\u00e9 les nombreuses fa\u00e7ons dont les centres de sciences et les mus\u00e9es du Canada repr\u00e9sentent la diversit\u00e9 de la population canadienne au sein de leur personnel et de leur public.  <\/p>\n\n\n\n<p>Ce ne sont l\u00e0 que quelques exemples des efforts d\u00e9ploy\u00e9s au cours de l&rsquo;ann\u00e9e \u00e9coul\u00e9e.<\/p>\n\n\n\n<p><strong>Mus\u00e9e Armand Frappier : <\/strong>Nous et eux : L&rsquo;exposition \u00ab\u00a0Des pr\u00e9jug\u00e9s au racisme\u00a0\u00bb explique scientifiquement ce qu&rsquo;est le racisme et pourquoi ce ph\u00e9nom\u00e8ne est pr\u00e9sent dans nos soci\u00e9t\u00e9s.<\/p>\n\n\n\n<p><strong>Okanagan Science Centre :<\/strong> C\u00e9l\u00e9bration de la Journ\u00e9e internationale de la femme avec la journ\u00e9e \u00ab\u00a0Emmenez votre fille au travail\u00a0\u00bb et lancement de son programme \u00ab\u00a0\u00c9crire l&rsquo;avenir\u00a0\u00bb en invitant l&rsquo;auteur autochtone Drew Hayden Taylor.<\/p>\n\n\n\n<p><strong>Centre des sciences de l&rsquo;Ontario :<\/strong> La programmation des samedis sensoriels et la science de l&rsquo;anxi\u00e9t\u00e9 sont quelques-unes des initiatives de l&rsquo;IDE du Centre des sciences de l&rsquo;Ontario.<\/p>\n\n\n\n<p><strong>Plan\u00e9tarium Rio Tinto Alcan : <\/strong>L&rsquo;une des missions du Plan\u00e9tarium Rio Tinto Alcan est d&rsquo;accro\u00eetre la pr\u00e9sence des femmes et la diversit\u00e9 dans les STIM.<\/p>\n\n\n\n<p><strong>Aquarium Ripley&rsquo;s du Canada :<\/strong> Journ\u00e9es adapt\u00e9es aux sens : elles offrent un \u00e9clairage plus intense, un environnement sans musique et une salle tranquille pour les visiteurs qui ont besoin d&rsquo;une pause. Ces journ\u00e9es ont \u00e9t\u00e9 mises au point en collaboration avec Autisme Ontario.<\/p>\n\n\n\n<p><strong>Science World :<\/strong> Plusieurs initiatives d&rsquo;IDE ont \u00e9t\u00e9 lanc\u00e9es, notamment : Sensory Friendly Mornings, leur programme Community Pass et la participation \u00e0 la journ\u00e9e #LGBTSTEM, 2018.<\/p>\n\n\n\n<p><strong>TELUS Spark :<\/strong> La science de la sant\u00e9 mentale vise \u00e0 d\u00e9stigmatiser la sant\u00e9 mentale.<\/p>\n\n\n\n<div style=\"height:100px\" aria-hidden=\"true\" class=\"wp-block-spacer\"><\/div>\n<\/div>\n","protected":false},"excerpt":{"rendered":"<p>LES LAUR\u00c9ATS DU PRIX CASCADE 2019 Voir les nomin\u00e9s 2019 Meilleure exposition ou spectacle &#8211; Grande institution (2 laur\u00e9ats) L&rsquo;ing\u00e9niosit\u00e9 autochtone &#8211; Centre des sciences de Montr\u00e9al Indigenous Ingenuity est une qu\u00eate interactive qui explore les innovations indig\u00e8nes de tout le Canada. \u00c0 travers une s\u00e9rie d&rsquo;activit\u00e9s interactives et ludiques, cette exposition de 500 m2 [&hellip;]<\/p>\n","protected":false},"author":1,"featured_media":0,"parent":0,"menu_order":0,"comment_status":"closed","ping_status":"closed","template":"","meta":{"footnotes":""},"class_list":["post-17958","page","type-page","status-publish","hentry"],"acf":[],"_links":{"self":[{"href":"https:\/\/canadiansciencecentres.ca\/fr\/wp-json\/wp\/v2\/pages\/17958","targetHints":{"allow":["GET"]}}],"collection":[{"href":"https:\/\/canadiansciencecentres.ca\/fr\/wp-json\/wp\/v2\/pages"}],"about":[{"href":"https:\/\/canadiansciencecentres.ca\/fr\/wp-json\/wp\/v2\/types\/page"}],"author":[{"embeddable":true,"href":"https:\/\/canadiansciencecentres.ca\/fr\/wp-json\/wp\/v2\/users\/1"}],"replies":[{"embeddable":true,"href":"https:\/\/canadiansciencecentres.ca\/fr\/wp-json\/wp\/v2\/comments?post=17958"}],"version-history":[{"count":0,"href":"https:\/\/canadiansciencecentres.ca\/fr\/wp-json\/wp\/v2\/pages\/17958\/revisions"}],"wp:attachment":[{"href":"https:\/\/canadiansciencecentres.ca\/fr\/wp-json\/wp\/v2\/media?parent=17958"}],"curies":[{"name":"wp","href":"https:\/\/api.w.org\/{rel}","templated":true}]}}