{"id":17961,"date":"2023-12-11T14:08:18","date_gmt":"2023-12-11T19:08:18","guid":{"rendered":"http:\/\/canadiansciencecentres.ca\/notre-portee\/"},"modified":"2024-08-08T20:51:27","modified_gmt":"2024-08-09T00:51:27","slug":"notre-portee","status":"publish","type":"page","link":"https:\/\/canadiansciencecentres.ca\/fr\/notre-portee\/","title":{"rendered":"Notre port\u00e9e"},"content":{"rendered":"\n<div class=\"wp-block-group alignfull svg-background-4 has-casc-purple-background-color has-background has-global-padding is-layout-constrained wp-block-group-is-layout-constrained\" style=\"padding-top:var(--wp--preset--spacing--xx-large);padding-bottom:var(--wp--preset--spacing--xx-large)\">\n<div style=\"height:60px\" aria-hidden=\"true\" class=\"wp-block-spacer\"><\/div>\n\n\n\n<h1 class=\"wp-block-heading has-text-align-center has-large-font-size\">Notre impact collectif<\/h1>\n\n\n\n<p class=\"has-text-align-center\">L&rsquo;objectif ultime de l&rsquo;ACCS est d&rsquo;\u00eatre un leader dans la culture florissante de la science et de l&rsquo;innovation au Canada. Cela n\u00e9cessite une participation diversifi\u00e9e, des citoyen\u00b7ne\u00b7s engag\u00e9\u00b7e\u00b7s, une prise de d\u00e9cision fond\u00e9e sur des donn\u00e9es probantes et une r\u00e9flexion critique, une main-d&rsquo;\u0153uvre qualifi\u00e9e et des mesures pour relever les d\u00e9fis mondiaux.<\/p>\n\n\n\n<div style=\"height:60px\" aria-hidden=\"true\" class=\"wp-block-spacer\"><\/div>\n<\/div>\n\n\n\n<div style=\"height:60px\" aria-hidden=\"true\" class=\"wp-block-spacer\"><\/div>\n\n\n\n<div class=\"wp-block-group alignwide is-layout-flow wp-block-group-is-layout-flow\">\n<h2 class=\"wp-block-heading has-large-font-size\">Notre port\u00e9e<\/h2>\n\n\n<div class=\"info-slider align \">\n\n\n    <div class=\"info-slider-row swiper-container\">\n                    <div class=\"swiper-wrapper\">\n                \n                    \n                    <div class=\"info-slider__slide swiper-slide jaune\">\n                        <div class=\"info-slider__slide__content\">\n                            <h2 class=\"info-slider__slide__heading\">70<\/h2>\n                            <div class=\"info-slider__slide__content__text\">centres scientifiques, mus\u00e9es, aquariums, plan\u00e9tariums, zoos et organisations informelles d&rsquo;engagement scientifique<\/div>\n                        <\/div>\n                    <\/div>\n\n\n                \n                    \n                    <div class=\"info-slider__slide swiper-slide rouge\">\n                        <div class=\"info-slider__slide__content\">\n                            <h2 class=\"info-slider__slide__heading\">1,500+<\/h2>\n                            <div class=\"info-slider__slide__content__text\">communicateur\u00b7ice\u00b7s scientifiques et personnel de soutien<\/div>\n                        <\/div>\n                    <\/div>\n\n\n                \n                    \n                    <div class=\"info-slider__slide swiper-slide bleu\">\n                        <div class=\"info-slider__slide__content\">\n                            <h2 class=\"info-slider__slide__heading\">10,000+<\/h2>\n                            <div class=\"info-slider__slide__content__text\">volontaires<\/div>\n                        <\/div>\n                    <\/div>\n\n\n                \n                    \n                    <div class=\"info-slider__slide swiper-slide pourpre\">\n                        <div class=\"info-slider__slide__content\">\n                            <h2 class=\"info-slider__slide__heading\">10 millions<\/h2>\n                            <div class=\"info-slider__slide__content__text\">de visiteurs par an<\/div>\n                        <\/div>\n                    <\/div>\n\n\n                \n                    \n                    <div class=\"info-slider__slide swiper-slide noir\">\n                        <div class=\"info-slider__slide__content\">\n                            <h2 class=\"info-slider__slide__heading\">Plus de 1 million<\/h2>\n                            <div class=\"info-slider__slide__content__text\">d&rsquo;\u00e9tudiant\u00b7e\u00b7s de la maternelle \u00e0 la 12e ann\u00e9e par an<\/div>\n                        <\/div>\n                    <\/div>\n\n\n                \n                    \n                    <div class=\"info-slider__slide swiper-slide jaune\">\n                        <div class=\"info-slider__slide__content\">\n                            <h2 class=\"info-slider__slide__heading\">Plus de 80<\/h2>\n                            <div class=\"info-slider__slide__content__text\">des membres de l&rsquo;ACCS organisent des activit\u00e9s STIM \u00e0 l&rsquo;intention des jeunes et des familles<\/div>\n                        <\/div>\n                    <\/div>\n\n\n                \n                    \n                    <div class=\"info-slider__slide swiper-slide vert\">\n                        <div class=\"info-slider__slide__content\">\n                            <h2 class=\"info-slider__slide__heading\">76%<\/h2>\n                            <div class=\"info-slider__slide__content__text\">des membres de l&rsquo;ACCS cherchent activement \u00e0 reconna\u00eetre et \u00e0 c\u00e9l\u00e9brer les perspectives d&rsquo;\u00e9quit\u00e9<\/div>\n                        <\/div>\n                    <\/div>\n\n\n                            <\/div>\n\n            <!-- If we need navigation buttons -->\n            <div class=\"info-button-prev swiper-button-prev\"><\/div>\n            <div class=\"info-button-next swiper-button-next\"><\/div>\n            <\/div>\n\n<\/div><!-- .info-slider -->\n<\/div>\n\n\n\n<div style=\"height:100px\" aria-hidden=\"true\" class=\"wp-block-spacer\"><\/div>\n\n\n\n<div class=\"wp-block-group alignwide container svg-background-1 has-casc-green-background-color has-background has-global-padding is-layout-constrained wp-container-core-group-is-layout-e20e7e2d wp-block-group-is-layout-constrained\" style=\"border-radius:15px;padding-top:var(--wp--preset--spacing--large);padding-right:var(--wp--preset--spacing--large);padding-bottom:var(--wp--preset--spacing--large);padding-left:var(--wp--preset--spacing--large)\">\n<div class=\"wp-block-columns alignwide is-layout-flex wp-container-core-columns-is-layout-28f84493 wp-block-columns-is-layout-flex\">\n<div class=\"wp-block-column is-layout-flow wp-block-column-is-layout-flow\" style=\"padding-right:var(--wp--preset--spacing--medium);flex-basis:33%\">\n<h2 class=\"wp-block-heading has-primary-color has-text-color has-link-color has-large-font-size wp-elements-9e5a07f16af015932cb0706cf6a238f8\" style=\"font-style:normal;font-weight:400\">Soutenir le changement<\/h2>\n\n\n\n<p>De plus en plus, la recherche montre que l&rsquo;engagement public dans les STEM et les exp\u00e9riences d&rsquo;apprentissage informel ont un impact av\u00e9r\u00e9 sur l&rsquo;\u00e9volution des int\u00e9r\u00eats, des comportements et des croyances. Le r\u00e9seau de l&rsquo;ACCS fait progresser le changement social en soutenant, en connectant et en d\u00e9fendant nos membres, en \u00e9tendant leur port\u00e9e et en renfor\u00e7ant l&rsquo;impact de leur travail.<\/p>\n<\/div>\n\n\n\n<div class=\"wp-block-column is-layout-flow wp-block-column-is-layout-flow\">\n<p style=\"margin-top:var(--wp--preset--spacing--x-small);margin-left:var(--wp--preset--spacing--small)\"><strong>Le travail de nos membres<\/strong><\/p>\n\n\n\n<div class=\"wp-block-columns is-layout-flex wp-container-core-columns-is-layout-28f84493 wp-block-columns-is-layout-flex\">\n<div class=\"wp-block-column is-layout-flow wp-block-column-is-layout-flow\">\n<ul style=\"line-height:2\" class=\"wp-block-list\">\n<li>Favoriser la joie de l&rsquo;apprentissage des STIM tout au long de la vie <\/li>\n\n\n\n<li>Relier la science et la soci\u00e9t\u00e9<\/li>\n\n\n\n<li>Faire tomber les barri\u00e8res pour les groupes structurellement marginalis\u00e9s<\/li>\n<\/ul>\n<\/div>\n\n\n\n<div class=\"wp-block-column is-layout-flow wp-block-column-is-layout-flow\">\n<ul style=\"line-height:2\" class=\"wp-block-list\">\n<li>Prendre activement en compte les recommandations relatives \u00e0 la v\u00e9rit\u00e9 et \u00e0 la r\u00e9conciliation<\/li>\n\n\n\n<li>Collaborer pour relever les d\u00e9fis mondiaux et locaux<\/li>\n<\/ul>\n<\/div>\n<\/div>\n<\/div>\n<\/div>\n<\/div>\n\n\n\n<div style=\"height:100px\" aria-hidden=\"true\" class=\"wp-block-spacer\"><\/div>\n\n\n\n<figure class=\"wp-block-image aligncenter size-full\"><img loading=\"lazy\" decoding=\"async\" width=\"612\" height=\"792\" src=\"https:\/\/canadiansciencecentres.ca\/wp-content\/uploads\/2024\/08\/Impact-Infographic-FR.png\" alt=\"\" class=\"wp-image-18277\"\/><\/figure>\n\n\n\n<div style=\"height:100px\" aria-hidden=\"true\" class=\"wp-block-spacer\"><\/div>\n\n\n\n<div class=\"wp-block-group alignwide is-layout-flow wp-block-group-is-layout-flow\">\n<h2 class=\"wp-block-heading has-large-font-size\">Contributions des membres<\/h2>\n\n\n\n<p>Nos membres accomplissent un travail inspirant dans tout le Canada.<\/p>\n\n\n\r\n\r\n<div class=\"impact-stories-block alignwide \">\r\n    <div class=\"impact-stories-block-row\">\r\n\r\n        \r\n            \r\n                <div class=\"post-wrap\">\r\n\r\n                    <div class=\"image-wrap\">\r\n\r\n                        <a href=\"https:\/\/canadiansciencecentres.ca\/fr\/histoires-dimpact\/indus-space\/\">\r\n\r\n                            <img loading=\"lazy\" decoding=\"async\" width=\"1280\" height=\"918\" src=\"https:\/\/canadiansciencecentres.ca\/wp-content\/uploads\/2024\/04\/IS_Indus_Space-1280x918.jpg\" class=\"attachment-large size-large wp-post-image\" alt=\"\" srcset=\"https:\/\/canadiansciencecentres.ca\/wp-content\/uploads\/2024\/04\/IS_Indus_Space-1280x918.jpg 1280w, https:\/\/canadiansciencecentres.ca\/wp-content\/uploads\/2024\/04\/IS_Indus_Space-640x459.jpg 640w, https:\/\/canadiansciencecentres.ca\/wp-content\/uploads\/2024\/04\/IS_Indus_Space-768x551.jpg 768w, https:\/\/canadiansciencecentres.ca\/wp-content\/uploads\/2024\/04\/IS_Indus_Space-1536x1102.jpg 1536w, https:\/\/canadiansciencecentres.ca\/wp-content\/uploads\/2024\/04\/IS_Indus_Space.jpg 1908w\" sizes=\"auto, (max-width: 1280px) 100vw, 1280px\" \/>\r\n                        <\/a>\r\n\r\n                    <\/div>\r\n\r\n                    <div class=\"text-wrap\">\r\n\r\n                        <a class=\"title-link\" href=\"https:\/\/canadiansciencecentres.ca\/fr\/histoires-dimpact\/indus-space\/\">\r\n                            <h2>Indus Space<\/h2>\r\n                        <\/a>\r\n\r\n                        <div class=\"excerpt\">\r\n\r\n                            Indus Space a conclu un nouveau contrat int\u00e9ressant avec PLASP Child Care Services, le programme parascolaire de la r\u00e9gion de Peel. Dans le cadre de son programme pilote d&rsquo;enrichissement, Indus&#8230;\r\n                        <\/div>\r\n\r\n                    <\/div>\r\n                <\/div>\r\n            \r\n                <div class=\"post-wrap\">\r\n\r\n                    <div class=\"image-wrap\">\r\n\r\n                        <a href=\"https:\/\/canadiansciencecentres.ca\/fr\/histoires-dimpact\/pacific-museum-of-earth\/\">\r\n\r\n                            <img loading=\"lazy\" decoding=\"async\" width=\"1168\" height=\"1280\" src=\"https:\/\/canadiansciencecentres.ca\/wp-content\/uploads\/2024\/04\/IS_Pacific_Museum.jpg\" class=\"attachment-large size-large wp-post-image\" alt=\"\" srcset=\"https:\/\/canadiansciencecentres.ca\/wp-content\/uploads\/2024\/04\/IS_Pacific_Museum.jpg 1168w, https:\/\/canadiansciencecentres.ca\/wp-content\/uploads\/2024\/04\/IS_Pacific_Museum-640x701.jpg 640w, https:\/\/canadiansciencecentres.ca\/wp-content\/uploads\/2024\/04\/IS_Pacific_Museum-768x842.jpg 768w\" sizes=\"auto, (max-width: 1168px) 100vw, 1168px\" \/>\r\n                        <\/a>\r\n\r\n                    <\/div>\r\n\r\n                    <div class=\"text-wrap\">\r\n\r\n                        <a class=\"title-link\" href=\"https:\/\/canadiansciencecentres.ca\/fr\/histoires-dimpact\/pacific-museum-of-earth\/\">\r\n                            <h2>Pacific Museum of Earth<\/h2>\r\n                        <\/a>\r\n\r\n                        <div class=\"excerpt\">\r\n\r\n                            Le Pacific Museum of Earth de l&rsquo;Universit\u00e9 de la Colombie-Britannique participera \u00e0 la conf\u00e9rence de 2024 du Vancouver School Board Sustainability Connection (VSBSC) le 22 avril, \u00e0 l&rsquo;occasion de la&#8230;\r\n                        <\/div>\r\n\r\n                    <\/div>\r\n                <\/div>\r\n            \r\n                <div class=\"post-wrap\">\r\n\r\n                    <div class=\"image-wrap\">\r\n\r\n                        <a href=\"https:\/\/canadiansciencecentres.ca\/fr\/histoires-dimpact\/science-nord\/\">\r\n\r\n                            <img loading=\"lazy\" decoding=\"async\" width=\"780\" height=\"439\" src=\"https:\/\/canadiansciencecentres.ca\/wp-content\/uploads\/2024\/04\/IS_Science_North.png\" class=\"attachment-large size-large wp-post-image\" alt=\"\" srcset=\"https:\/\/canadiansciencecentres.ca\/wp-content\/uploads\/2024\/04\/IS_Science_North.png 780w, https:\/\/canadiansciencecentres.ca\/wp-content\/uploads\/2024\/04\/IS_Science_North-640x360.png 640w, https:\/\/canadiansciencecentres.ca\/wp-content\/uploads\/2024\/04\/IS_Science_North-768x432.png 768w\" sizes=\"auto, (max-width: 780px) 100vw, 780px\" \/>\r\n                        <\/a>\r\n\r\n                    <\/div>\r\n\r\n                    <div class=\"text-wrap\">\r\n\r\n                        <a class=\"title-link\" href=\"https:\/\/canadiansciencecentres.ca\/fr\/histoires-dimpact\/science-nord\/\">\r\n                            <h2>Science Nord<\/h2>\r\n                        <\/a>\r\n\r\n                        <div class=\"excerpt\">\r\n\r\n                            Julie Moskalyk, directrice scientifique \u00e0 Science North, \u00e0 Sudbury en Ontario, dit qu&rsquo;elle n&rsquo;oubliera jamais la premi\u00e8re fois qu&rsquo;elle a mis les pieds sur le continent Antarctique. M. Moskalyk faisait&#8230;\r\n                        <\/div>\r\n\r\n                    <\/div>\r\n                <\/div>\r\n            \r\n        \r\n    <\/div>\r\n<\/div><\/div>\n\n\n\n<div style=\"height:30px\" aria-hidden=\"true\" class=\"wp-block-spacer\"><\/div>\n\n\n\n<div class=\"wp-block-buttons is-content-justification-center is-layout-flex wp-container-core-buttons-is-layout-a89b3969 wp-block-buttons-is-layout-flex\">\n<div class=\"wp-block-button\"><a class=\"wp-block-button__link wp-element-button\" href=\"https:\/\/canadiansciencecentres.ca\/fr\/histoires-dimpact\/\">D\u00e9couvrez l&rsquo;impact sur les membres<\/a><\/div>\n<\/div>\n\n\n\n<div style=\"height:40px\" aria-hidden=\"true\" class=\"wp-block-spacer\"><\/div>\n","protected":false},"excerpt":{"rendered":"<p>Notre impact collectif L&rsquo;objectif ultime de l&rsquo;ACCS est d&rsquo;\u00eatre un leader dans la culture florissante de la science et de l&rsquo;innovation au Canada. Cela n\u00e9cessite une participation diversifi\u00e9e, des citoyen\u00b7ne\u00b7s engag\u00e9\u00b7e\u00b7s, une prise de d\u00e9cision fond\u00e9e sur des donn\u00e9es probantes et une r\u00e9flexion critique, une main-d&rsquo;\u0153uvre qualifi\u00e9e et des mesures pour relever les d\u00e9fis mondiaux. [&hellip;]<\/p>\n","protected":false},"author":1,"featured_media":0,"parent":0,"menu_order":0,"comment_status":"closed","ping_status":"closed","template":"","meta":{"footnotes":""},"class_list":["post-17961","page","type-page","status-publish","hentry"],"acf":[],"_links":{"self":[{"href":"https:\/\/canadiansciencecentres.ca\/fr\/wp-json\/wp\/v2\/pages\/17961","targetHints":{"allow":["GET"]}}],"collection":[{"href":"https:\/\/canadiansciencecentres.ca\/fr\/wp-json\/wp\/v2\/pages"}],"about":[{"href":"https:\/\/canadiansciencecentres.ca\/fr\/wp-json\/wp\/v2\/types\/page"}],"author":[{"embeddable":true,"href":"https:\/\/canadiansciencecentres.ca\/fr\/wp-json\/wp\/v2\/users\/1"}],"replies":[{"embeddable":true,"href":"https:\/\/canadiansciencecentres.ca\/fr\/wp-json\/wp\/v2\/comments?post=17961"}],"version-history":[{"count":5,"href":"https:\/\/canadiansciencecentres.ca\/fr\/wp-json\/wp\/v2\/pages\/17961\/revisions"}],"predecessor-version":[{"id":19032,"href":"https:\/\/canadiansciencecentres.ca\/fr\/wp-json\/wp\/v2\/pages\/17961\/revisions\/19032"}],"wp:attachment":[{"href":"https:\/\/canadiansciencecentres.ca\/fr\/wp-json\/wp\/v2\/media?parent=17961"}],"curies":[{"name":"wp","href":"https:\/\/api.w.org\/{rel}","templated":true}]}}