{"id":17964,"date":"2023-12-19T13:48:29","date_gmt":"2023-12-19T21:48:29","guid":{"rendered":"http:\/\/canadiansciencecentres.ca\/nominations-pour-le-prix-cascade-2020\/"},"modified":"2024-01-25T11:05:14","modified_gmt":"2024-01-25T19:05:14","slug":"nominations-pour-le-prix-cascade-2020","status":"publish","type":"page","link":"https:\/\/canadiansciencecentres.ca\/fr\/nominations-pour-le-prix-cascade-2020\/","title":{"rendered":"NOMINATIONS POUR LE PRIX CASCADE 2020"},"content":{"rendered":"\n<div style=\"height:100px\" aria-hidden=\"true\" class=\"wp-block-spacer\"><\/div>\n\n<h1 class=\"wp-block-heading has-x-large-font-size\">NOMINATIONS POUR LE PRIX CASCADE 2020  <\/h1>\n\n<div style=\"height:60px\" aria-hidden=\"true\" class=\"wp-block-spacer\"><\/div>\n\n<h3 class=\"wp-block-heading\"><strong><mark style=\"background-color:rgba(0, 0, 0, 0)\" class=\"has-inline-color has-casc-red-color\">MEILLEURE EXPOSITION OU SPECTACLE :<\/mark> GRANDE INSTITUTION<\/strong><\/h3>\n\n<p>Ce prix est d\u00e9cern\u00e9 chaque ann\u00e9e \u00e0 la meilleure exposition permanente, temporaire ou itin\u00e9rante, ou au meilleur petit spectacle multim\u00e9dia, pr\u00e9sentation en direct ou spectacle de plan\u00e9tarium d&rsquo;un centre\/mus\u00e9e scientifique membre de l&rsquo;ACCS.<\/p>\n\n<div style=\"height:60px\" aria-hidden=\"true\" class=\"wp-block-spacer\"><\/div>\n\n<p class=\"has-casc-red-color has-text-color has-link-color wp-elements-76490ee2570dee3ba0497cc199824fb0\">EXPLOREZ la science grandeur nature<\/p>\n\n<h3 class=\"wp-block-heading\"><strong>Centre des sciences de Montr\u00e9al<\/strong><\/h3>\n\n<p>EXPLORE vise \u00e0 faire rire et apprendre le public et \u00e0 l&rsquo;immerger dans la science et la technologie dans un espace rempli d&rsquo;interactifs de grande taille et attrayants. Offrant aux visiteurs 1 000 m\u00e8tres carr\u00e9s dans lesquels ils peuvent explorer 50 \u00e9l\u00e9ments interactifs, notre toute nouvelle exposition permanente pr\u00e9sente des principes technologiques et scientifiques dans un format grandeur nature con\u00e7u pour cr\u00e9er des exp\u00e9riences plus grandes que nature.<\/p>\n\n<div style=\"height:60px\" aria-hidden=\"true\" class=\"wp-block-spacer\"><\/div>\n\n<p class=\"has-casc-red-color has-text-color has-link-color wp-elements-4f350847f0fb0d94a0364dc2670a7972\">MindWorks<\/p>\n\n<h3 class=\"wp-block-heading\"><strong>Centre scientifique de l&rsquo;Ontario<\/strong><\/h3>\n\n<p><em>MindWorks<\/em> est une exposition de corps et d&rsquo;esprit qui incite \u00e0 la r\u00e9flexion et encourage les visiteurs \u00e0 explorer et \u00e0 apprendre \u00e0 conna\u00eetre leur propre esprit et la mani\u00e8re dont ils pensent, ressentent et r\u00e9agissent. Par le biais d&rsquo;exp\u00e9riences intrigantes et stimulantes, cette exposition est con\u00e7ue pour susciter des moments de pleine conscience, en incitant les visiteurs \u00e0 se remettre en question et \u00e0 d\u00e9couvrir les r\u00e9ponses par l&rsquo;exp\u00e9rience.<\/p>\n\n<div style=\"height:60px\" aria-hidden=\"true\" class=\"wp-block-spacer\"><\/div>\n\n<p class=\"has-casc-red-color has-text-color has-link-color wp-elements-1d7e6c3cc05f950be01d8aeb15eb92b9\">JoyLab<\/p>\n\n<h3 class=\"wp-block-heading\"><strong>Centre des sciences de la Saskatchewan<\/strong><\/h3>\n\n<p><em>JoyLab<\/em> est une collection d&rsquo;exp\u00e9riences con\u00e7ues pour offrir des moments pr\u00eats pour Instagram. Inspir\u00e9 par le livre <em>Joyful : The Surprising Power of Ordinary Things to Create Extraordinary Happiness (Le pouvoir surprenant des choses ordinaires pour cr\u00e9er un bonheur extraordinaire<\/em> ) d&rsquo;Ingrid Fetell Lee, qui s&rsquo;inspire des neurosciences et de la psychologie pour explorer la mani\u00e8re dont le monde qui nous entoure peut influencer notre vie.<\/p>\n\n<div style=\"height:60px\" aria-hidden=\"true\" class=\"wp-block-spacer\"><\/div>\n\n<p class=\"has-casc-red-color has-text-color has-link-color wp-elements-14aabfe86178eb3d91a6bf2a6ea5c784\">PENSER<\/p>\n\n<h3 class=\"wp-block-heading\"><strong>Science Nord<\/strong><\/h3>\n\n<p>Science North a achev\u00e9 une r\u00e9novation majeure du 4e niveau du centre scientifique en 2019, avec un nouvel espace pour les visiteurs o\u00f9 ils peuvent bricoler, cr\u00e9er et innover. Le nouvel espace THINK (Tinker, Hack, Innovate, Network, and Know) cr\u00e9e une zone interactive passionnante pour l&rsquo;exploration et l&rsquo;apprentissage pratiques.<\/p>\n\n<div style=\"height:60px\" aria-hidden=\"true\" class=\"wp-block-spacer\"><\/div>\n\n<p class=\"has-casc-red-color has-text-color has-link-color wp-elements-20bb4aee674b5f9b1c292b2e0e52ee21\">BodyWorks<\/p>\n\n<h3 class=\"wp-block-heading\"><strong>Le monde de la science  <\/strong><\/h3>\n\n<p><em>BodyWorks<\/em> est plus qu&rsquo;une simple galerie sur ce qui se trouve \u00e0 l&rsquo;int\u00e9rieur de nous. Il s&rsquo;agit de tous les aspects de la biologie humaine : de l&rsquo;anatomie \u00e0 la fa\u00e7on dont nous nous d\u00e9pla\u00e7ons, en passant par la sexualit\u00e9 et le genre. En donnant aux visiteurs de 6 ans et plus les moyens de comprendre le fonctionnement de leur propre corps, <em>BodyWorks<\/em> promeut la positivit\u00e9 du corps humain &#8211; pour tous !<\/p>\n\n<div style=\"height:60px\" aria-hidden=\"true\" class=\"wp-block-spacer\"><\/div>\n\n<p class=\"has-casc-red-color has-text-color has-link-color wp-elements-4e93c45cadb676052830b1621180d6bb\">Terra Lumina<\/p>\n\n<h3 class=\"wp-block-heading\"><strong>Zoo de Toronto<\/strong><\/h3>\n\n<p>Le voyage <em>Terra Lumina<\/em> du zoo de Toronto commence \u00e0 la tomb\u00e9e de la nuit, lorsqu&rsquo;un portail vous transporte dans les merveilles luminescentes de l&rsquo;ann\u00e9e 2099. Laissez-vous transporter par des \u00e9clairages vibrants, des effets multim\u00e9dias, des projections vid\u00e9o \u00e0 couper le souffle et une musique originale dans un monde enchant\u00e9 rempli de possibilit\u00e9s.<\/p>\n\n<div style=\"height:60px\" aria-hidden=\"true\" class=\"wp-block-spacer\"><\/div>\n\n<p class=\"has-casc-red-color has-text-color has-link-color wp-elements-e70011842862c7b518aacbe56b5cda04\">L\u00e9gendes du ciel nordique<\/p>\n\n<h3 class=\"wp-block-heading\"><strong>TELUS World of Science &#8211; Edmonton<\/strong><\/h3>\n\n<p><em>Legends of the Northern Sky <\/em>est un spectacle de plan\u00e9tarium produit par TELUS World of Science &#8211; Edmonton, qui rend hommage aux l\u00e9gendes et \u00e0 la sagesse transmises de g\u00e9n\u00e9ration en g\u00e9n\u00e9ration par les peuples indig\u00e8nes des plaines occidentales du Canada. La production s&rsquo;est d\u00e9roul\u00e9e sur deux ans en collaboration avec les d\u00e9tenteurs de savoirs autochtones de la r\u00e9gion, des cin\u00e9astes et des astronomes.<\/p>\n\n<div style=\"height:100px\" aria-hidden=\"true\" class=\"wp-block-spacer\"><\/div>\n\n<h3 class=\"wp-block-heading\"><strong><mark style=\"background-color:rgba(0, 0, 0, 0)\" class=\"has-inline-color has-casc-red-color\">MEILLEURE EXPOSITION OU SPECTACLE : <\/mark>PETITE INSTITUTION  <\/strong><\/h3>\n\n<p>Ce prix est d\u00e9cern\u00e9 chaque ann\u00e9e \u00e0 la meilleure exposition permanente, temporaire ou itin\u00e9rante, ou au meilleur petit spectacle multim\u00e9dia, pr\u00e9sentation en direct ou spectacle de plan\u00e9tarium d&rsquo;un centre\/mus\u00e9e scientifique membre de l&rsquo;ACCS.<\/p>\n\n<div style=\"height:60px\" aria-hidden=\"true\" class=\"wp-block-spacer\"><\/div>\n\n<p class=\"has-casc-red-color has-text-color has-link-color wp-elements-94512990a16a937bfedce0a6463733ab\">FILM Emergence : L&rsquo;\u00e9volution cosmique<\/p>\n\n<h3 class=\"wp-block-heading\"><strong>ASTROLab du Mont M\u00e9gantic<\/strong><\/h3>\n\n<p><em>FILM Emergence : L&rsquo;\u00e9volution cosmique.<\/em>  Comment la mati\u00e8re peut-elle s&rsquo;auto-organiser pour donner naissance \u00e0 la vie ? Des plus petites particules aux \u00e9cosyst\u00e8mes, d\u00e9couvrez comment les \u00e9l\u00e9ments les plus simples ont donn\u00e9 naissance aux r\u00e9alit\u00e9s les plus complexes.<\/p>\n\n<div style=\"height:60px\" aria-hidden=\"true\" class=\"wp-block-spacer\"><\/div>\n\n<p class=\"has-casc-red-color has-text-color has-link-color wp-elements-9f409fab3d4f5e3ad97c82dc9355357f\">Naturoscope<\/p>\n\n<h3 class=\"wp-block-heading\"><strong>La Maison L\u00e9on-Provancher<\/strong><\/h3>\n\n<p>En entrant dans la Maison L\u00e9on-Provancher, le visiteur est mis en contact avec la nature. Ils d\u00e9couvrent les classifications du vivant et la m\u00e9thode scientifique. La visite se poursuit avec des dispositifs interactifs, des \u00e9l\u00e9ments illustratifs, des animaux naturalis\u00e9s et des artefacts qui sont combin\u00e9s dans un parcours stimulant pr\u00e9sentant la biodiversit\u00e9 locale.<\/p>\n\n<div style=\"height:60px\" aria-hidden=\"true\" class=\"wp-block-spacer\"><\/div>\n\n<p class=\"has-casc-red-color has-text-color has-link-color wp-elements-28cb02c46f85840c66d77f599b53ca76\">Du son, rien que du son !<\/p>\n\n<h3 class=\"wp-block-heading\"><strong>Mus\u00e9e de la nature et des sciences de Sherbrooke<\/strong><\/h3>\n\n<p>Le <em>son, rien que le son ! <\/em>est une exposition itin\u00e9rante consacr\u00e9e au son ! Le son n&rsquo;est pas seulement per\u00e7u par les oreilles. Cette exposition le prouve en faisant vivre aux visiteurs l&rsquo;exp\u00e9rience du son \u00e0 travers leurs autres sens. Oui ! Par le toucher des mains et du corps (pour ressentir les vibrations), ainsi que par la vue.<\/p>\n\n<div style=\"height:60px\" aria-hidden=\"true\" class=\"wp-block-spacer\"><\/div>\n\n<p class=\"has-casc-red-color has-text-color has-link-color wp-elements-b7bb6c07b2c9821ad797712b910c7c14\">Cultiver son jardin int\u00e9rieur<\/p>\n\n<h3 class=\"wp-block-heading\"><strong>Place Resurgo<\/strong><\/h3>\n\n<p>Une exposition d&rsquo;art traditionnel modernis\u00e9 : les tapis crochet\u00e9s &#8211; pr\u00e9sent\u00e9e \u00e0 Resurgo Place. Propos\u00e9e dans le cadre du Congr\u00e8s mondial acadien, l&rsquo;exposition r\u00e9alis\u00e9e par les Hookeuses du Bor&rsquo;de&rsquo;lo pr\u00e9sentait 44 \u0153uvres et 16 textes sur les liens de l&rsquo;homme avec la nature et son pass\u00e9.<\/p>\n\n<div style=\"height:100px\" aria-hidden=\"true\" class=\"wp-block-spacer\"><\/div>\n\n<h3 class=\"wp-block-heading\"><strong><mark style=\"background-color:rgba(0, 0, 0, 0)\" class=\"has-inline-color has-casc-red-color\">MEILLEUR PROGRAMME :<\/mark> GRANDE INSTITUTION  <\/strong><\/h3>\n\n<p>Ce prix est d\u00e9cern\u00e9 chaque ann\u00e9e au meilleur programme \u00e9ducatif, d&rsquo;interpr\u00e9tation ou public, sur site ou hors site.<\/p>\n\n<div style=\"height:60px\" aria-hidden=\"true\" class=\"wp-block-spacer\"><\/div>\n\n<p class=\"has-casc-red-color has-text-color has-link-color wp-elements-f70e5273c55f703a98e8ae1e7fba1f45\">D\u00e9couverte num\u00e9rique<\/p>\n\n<h3 class=\"wp-block-heading\"><strong>Le centre de d\u00e9couverte<\/strong><\/h3>\n\n<p><em>Digital Discovery<\/em> est un programme de camp unique, en pleine expansion, avec une histoire de sept ans d&rsquo;\u00e9ducation technologique cr\u00e9ative qui m\u00e9lange l&rsquo;apprentissage bas\u00e9 sur des projets avec des visites de professionnels de l&rsquo;industrie et des sorties inoubliables sur le terrain. Les classes de petite taille garantissent un soutien \u00e0 tous les niveaux d&rsquo;exp\u00e9rience et les partenariats industriels exposent les campeurs \u00e0 des options de carri\u00e8re novatrices en Nouvelle-\u00c9cosse.<\/p>\n\n<div style=\"height:60px\" aria-hidden=\"true\" class=\"wp-block-spacer\"><\/div>\n\n<p class=\"has-casc-red-color has-text-color has-link-color wp-elements-84321487e096fcfa0ce7654696bc2405\">Le Centre des sciences &#8211; En route<\/p>\n\n<h3 class=\"wp-block-heading\"><strong>Centre des sciences de Montr\u00e9al<\/strong><\/h3>\n\n<p>Le Centre des sciences de Montr\u00e9al (CSM) a adapt\u00e9 son programme Fabrik, qui a fait ses preuves, pour r\u00e9pondre sp\u00e9cifiquement aux besoins des classes d&rsquo;enseignement sp\u00e9cialis\u00e9. Le programme Fabrik a \u00e9t\u00e9 con\u00e7u pour offrir aux jeunes la possibilit\u00e9 d&rsquo;explorer la r\u00e9solution cr\u00e9ative de probl\u00e8mes en inventant, en assemblant et en bricolant \u00e0 partir d&rsquo;une collection vari\u00e9e d&rsquo;objets h\u00e9t\u00e9roclites. Sous le nom de The Science Centre On the Road, ce programme a \u00e9t\u00e9 adapt\u00e9 pour \u00eatre men\u00e9 par les \u00e9ducateurs du Centre des sciences dans les salles de classe de toute la province.<\/p>\n\n<div style=\"height:60px\" aria-hidden=\"true\" class=\"wp-block-spacer\"><\/div>\n\n<p class=\"has-casc-red-color has-text-color has-link-color wp-elements-6c72b63af322f43b72c4d1322af6ac38\">Programme de r\u00e9sidence STEAM<\/p>\n\n<h3 class=\"wp-block-heading\"><strong>Ingenium &#8211; Mus\u00e9es des sciences et de l&rsquo;innovation du Canada et Centre des sciences de l&rsquo;Ontario<\/strong><\/h3>\n\n<p>Le <em>programme STEAM Residency<\/em> engage des \u00e9l\u00e8ves de la 6e \u00e0 la 8e ann\u00e9e dans des exp\u00e9riences STEAM (science, technologie, ing\u00e9nierie, arts, math\u00e9matiques), afin de susciter l&rsquo;int\u00e9r\u00eat et d&rsquo;am\u00e9liorer le d\u00e9veloppement des comp\u00e9tences dans ces domaines. Le programme int\u00e8gre les mati\u00e8res enseign\u00e9es et le processus de recherche scientifique au cours de deux visites en classe et de cinq jours sur place, planifi\u00e9s en collaboration avec les enseignants.<\/p>\n\n<div style=\"height:60px\" aria-hidden=\"true\" class=\"wp-block-spacer\"><\/div>\n\n<p class=\"has-casc-red-color has-text-color has-link-color wp-elements-f5290854420932f4b7468c07150e373d\">Festivals scientifiques du nord de l&rsquo;Ontario<\/p>\n\n<h3 class=\"wp-block-heading\"><strong>Science Nord<\/strong><\/h3>\n\n<p>Le <em>festival des sciences du Nord de l&rsquo;Ontario <\/em>fait participer divers publics \u00e0 une c\u00e9l\u00e9bration d&rsquo;une semaine qui met en lumi\u00e8re et c\u00e9l\u00e8bre la science et la technologie locales et mondiales dans les lieux du festival, \u00e0 savoir Sault Ste. Marie, North Bay et Thunder Bay. Chaque festival est le fruit d&rsquo;une collaboration entre des partenaires locaux sous la direction de Science Nord.<\/p>\n\n<div style=\"height:60px\" aria-hidden=\"true\" class=\"wp-block-spacer\"><\/div>\n\n<p class=\"has-casc-red-color has-text-color has-link-color wp-elements-3dd32ea960a0fede0d73c28031ac3d07\">Adults Only Night &#8211; He, Her, They, Everyone, and You (A.K.A Beyond the Binary)<\/p>\n\n<h3 class=\"wp-block-heading\"><strong>TELUS Spark  <\/strong><\/h3>\n\n<p>En collaboration avec des partenaires de la communaut\u00e9 LGBTQ2S+, Spark a c\u00e9l\u00e9br\u00e9 la diversit\u00e9 des genres et a sensibilis\u00e9 nos visiteurs aux identit\u00e9s sexuelles et de genre, \u00e0 leur intersection avec la science, l&rsquo;histoire et l&rsquo;art, tout en renfor\u00e7ant les liens au sein de la communaut\u00e9. Les participants LGBTQ2S+ et leurs alli\u00e9s ont \u00e9t\u00e9 accueillis dans un espace courageux pour apprendre et grandir tout en s&rsquo;amusant !<\/p>\n\n<div style=\"height:100px\" aria-hidden=\"true\" class=\"wp-block-spacer\"><\/div>\n\n<h3 class=\"wp-block-heading\"><strong><mark style=\"background-color:rgba(0, 0, 0, 0)\" class=\"has-inline-color has-casc-red-color\">MEILLEUR PROGRAMME : <\/mark>PETITE INSTITUTION<\/strong><\/h3>\n\n<p>Ce prix est d\u00e9cern\u00e9 chaque ann\u00e9e au meilleur programme \u00e9ducatif, d&rsquo;interpr\u00e9tation ou public, sur site ou hors site.<\/p>\n\n<div style=\"height:60px\" aria-hidden=\"true\" class=\"wp-block-spacer\"><\/div>\n\n<p class=\"has-casc-red-color has-text-color has-link-color wp-elements-de6c1caac13ed771b4fb407002d5ae5c\">Early Explorers Preschool<\/p>\n\n<h3 class=\"wp-block-heading\"><strong>Mus\u00e9e et centre scientifique The Exploration Place<\/strong><\/h3>\n\n<p>The <em>Early Explorers Preschool<\/em> est un programme pr\u00e9scolaire agr\u00e9\u00e9 situ\u00e9 au sein de l&rsquo;Exploration Place Museum + Science Centre \u00e0 Prince George, en Colombie-Britannique. Les enfants b\u00e9n\u00e9ficient du seul programme pr\u00e9scolaire bas\u00e9 sur STEAM \u00e0 Prince George, \u00e9quilibr\u00e9 avec des cercles de discussion, de l&rsquo;art, des chansons, de la motricit\u00e9 fine et globale, et de la pr\u00e9paration \u00e0 la maternelle, le tout dans un environnement d&rsquo;apprentissage stimulant comme aucun autre dans notre r\u00e9gion.<\/p>\n\n<div style=\"height:60px\" aria-hidden=\"true\" class=\"wp-block-spacer\"><\/div>\n\n<p class=\"has-casc-red-color has-text-color has-link-color wp-elements-887d028f3c71a33a0161dab14656c1e0\">Emmenez votre fille \u00e0 la journ\u00e9e du Centre scientifique<\/p>\n\n<h3 class=\"wp-block-heading\"><strong>Centre scientifique de l&rsquo;Okanagan<\/strong><\/h3>\n\n<p>La journ\u00e9e \u00ab\u00a0Emmenez votre fille au centre scientifique\u00a0\u00bb est organis\u00e9e chaque ann\u00e9e au centre scientifique de l&rsquo;Okanagan \u00e0 l&rsquo;occasion de la Journ\u00e9e internationale de la femme. La participation est gratuite pour tous et comprend des programmes pratiques anim\u00e9s par des femmes locales dans le domaine des STIM et une chasse au tr\u00e9sor qui invite les visiteurs \u00e0 en apprendre davantage sur les r\u00e9alisations des femmes dans le domaine des sciences.<\/p>\n\n<div style=\"height:100px\" aria-hidden=\"true\" class=\"wp-block-spacer\"><\/div>\n","protected":false},"excerpt":{"rendered":"<p>NOMINATIONS POUR LE PRIX CASCADE 2020 MEILLEURE EXPOSITION OU SPECTACLE : GRANDE INSTITUTION Ce prix est d\u00e9cern\u00e9 chaque ann\u00e9e \u00e0 la meilleure exposition permanente, temporaire ou itin\u00e9rante, ou au meilleur petit spectacle multim\u00e9dia, pr\u00e9sentation en direct ou spectacle de plan\u00e9tarium d&rsquo;un centre\/mus\u00e9e scientifique membre de l&rsquo;ACCS. EXPLOREZ la science grandeur nature Centre des sciences de [&hellip;]<\/p>\n","protected":false},"author":1,"featured_media":0,"parent":0,"menu_order":0,"comment_status":"closed","ping_status":"closed","template":"","meta":{"footnotes":""},"class_list":["post-17964","page","type-page","status-publish","hentry"],"acf":[],"_links":{"self":[{"href":"https:\/\/canadiansciencecentres.ca\/fr\/wp-json\/wp\/v2\/pages\/17964","targetHints":{"allow":["GET"]}}],"collection":[{"href":"https:\/\/canadiansciencecentres.ca\/fr\/wp-json\/wp\/v2\/pages"}],"about":[{"href":"https:\/\/canadiansciencecentres.ca\/fr\/wp-json\/wp\/v2\/types\/page"}],"author":[{"embeddable":true,"href":"https:\/\/canadiansciencecentres.ca\/fr\/wp-json\/wp\/v2\/users\/1"}],"replies":[{"embeddable":true,"href":"https:\/\/canadiansciencecentres.ca\/fr\/wp-json\/wp\/v2\/comments?post=17964"}],"version-history":[{"count":0,"href":"https:\/\/canadiansciencecentres.ca\/fr\/wp-json\/wp\/v2\/pages\/17964\/revisions"}],"wp:attachment":[{"href":"https:\/\/canadiansciencecentres.ca\/fr\/wp-json\/wp\/v2\/media?parent=17964"}],"curies":[{"name":"wp","href":"https:\/\/api.w.org\/{rel}","templated":true}]}}