{"id":17966,"date":"2018-05-04T17:56:13","date_gmt":"2018-05-05T00:56:13","guid":{"rendered":"http:\/\/canadiansciencecentres.ca\/nous-contacter\/"},"modified":"2024-09-05T11:27:42","modified_gmt":"2024-09-05T15:27:42","slug":"nous-contacter","status":"publish","type":"page","link":"https:\/\/canadiansciencecentres.ca\/fr\/nous-contacter\/","title":{"rendered":"Contactez-nous"},"content":{"rendered":"\n<div class=\"wp-block-group alignfull svg-background-2 has-casc-green-background-color has-background has-global-padding is-layout-constrained wp-container-core-group-is-layout-c043b533 wp-block-group-is-layout-constrained\" style=\"padding-top:var(--wp--preset--spacing--x-large);padding-right:var(--wp--preset--spacing--large);padding-bottom:var(--wp--preset--spacing--x-large);padding-left:var(--wp--preset--spacing--large)\">\n<h1 class=\"wp-block-heading has-text-align-center has-x-large-font-size\">Contactez nous<\/h1>\n\n\n\n<p class=\"has-text-align-center\">Nous sommes toujours \u00e0 la recherche de moyens de nous am\u00e9liorer et votre retour d&rsquo;information nous est pr\u00e9cieux. N&rsquo;h\u00e9sitez pas \u00e0 nous contacter pour nous faire part de vos questions, commentaires ou suggestions.  <\/p>\n\n\n\n<p class=\"has-text-align-center\">Nous attendons avec impatience votre r\u00e9ponse.<\/p>\n<\/div>\n\n<div style=\"height:60px\" aria-hidden=\"true\" class=\"wp-block-spacer\"><\/div>\n\n<div class=\"wp-block-columns alignwide is-layout-flex wp-container-core-columns-is-layout-28f84493 wp-block-columns-is-layout-flex\">\n<div class=\"wp-block-column is-layout-flow wp-block-column-is-layout-flow\">\n<p>Association canadienne des centres de sciences<\/p>\n\n\n\n<p>1203 &#8211; 130, rue Albert <\/p>\n\n\n\n<p>Ottawa, ON K1P 5G4<\/p>\n\n\n\n<p>T : 705.207.5902<\/p>\n\n\n\n<p>E : <a href=\"mailto:info@casc-accs.com\">info@casc-accs.com<\/a><\/p>\n\n\n\n<p><\/p>\n<\/div>\n\n\n\n<div class=\"wp-block-column is-layout-flow wp-block-column-is-layout-flow\"><div class=\"wpforms-container wpforms-block wpforms-block-6f9f8f6d-c8ca-4c5a-ad35-90e3004220d0\" id=\"wpforms-74\"><form id=\"wpforms-form-74\" class=\"wpforms-validate wpforms-form\" data-formid=\"74\" method=\"post\" enctype=\"multipart\/form-data\" action=\"\/fr\/wp-json\/wp\/v2\/pages\/17966\" data-token=\"c14618f1130f61fe66ee6886122b4454\" data-token-time=\"1775562852\"><noscript class=\"wpforms-error-noscript\">Veuillez activer JavaScript dans votre navigateur pour remplir ce formulaire.<\/noscript><div class=\"wpforms-field-container\"><div id=\"wpforms-74-field_9-container\" class=\"wpforms-field wpforms-field-text\" data-field-id=\"9\"><label class=\"wpforms-field-label\" for=\"wpforms-74-field_9\">Pronoms<\/label><input type=\"text\" id=\"wpforms-74-field_9\" class=\"wpforms-field-large\" name=\"wpforms[fields][9]\" ><\/div><div id=\"wpforms-74-field_0-container\" class=\"wpforms-field wpforms-field-name form-group\" data-field-id=\"0\"><label class=\"wpforms-field-label\" for=\"wpforms-74-field_0\">Nom <span class=\"wpforms-required-label\">*<\/span><\/label><div class=\"wpforms-field-row wpforms-field-large\"><div class=\"wpforms-field-row-block wpforms-first wpforms-one-half\"><input type=\"text\" id=\"wpforms-74-field_0\" class=\"wpforms-field-name-first wpforms-field-required\" name=\"wpforms[fields][0][first]\" required><label for=\"wpforms-74-field_0\" class=\"wpforms-field-sublabel after\">Pr\u00e9nom<\/label><\/div><div class=\"wpforms-field-row-block wpforms-one-half\"><input type=\"text\" id=\"wpforms-74-field_0-last\" class=\"wpforms-field-name-last wpforms-field-required\" name=\"wpforms[fields][0][last]\" required><label for=\"wpforms-74-field_0-last\" class=\"wpforms-field-sublabel after\">Nom de famille<\/label><\/div><\/div><\/div><div id=\"wpforms-74-field_1-container\" class=\"wpforms-field wpforms-field-email\" data-field-id=\"1\"><label class=\"wpforms-field-label\" for=\"wpforms-74-field_1\">Courriel <span class=\"wpforms-required-label\">*<\/span><\/label><input type=\"email\" id=\"wpforms-74-field_1\" class=\"wpforms-field-large wpforms-field-required\" name=\"wpforms[fields][1]\" spellcheck=\"false\" required><\/div><div id=\"wpforms-74-field_12-container\" class=\"wpforms-field wpforms-field-text\" data-field-id=\"12\"><label class=\"wpforms-field-label\" for=\"wpforms-74-field_12\">Ville <span class=\"wpforms-required-label\">*<\/span><\/label><input type=\"text\" id=\"wpforms-74-field_12\" class=\"wpforms-field-medium wpforms-field-required\" name=\"wpforms[fields][12]\" required><\/div><div id=\"wpforms-74-field_13-container\" class=\"wpforms-field wpforms-field-select wpforms-field-select-style-classic\" data-field-id=\"13\"><label class=\"wpforms-field-label\" for=\"wpforms-74-field_13\">Province <span class=\"wpforms-required-label\">*<\/span><\/label><select id=\"wpforms-74-field_13\" class=\"wpforms-field-medium wpforms-field-required\" name=\"wpforms[fields][13]\" required=\"required\"><option value=\"Alberta\" >Alberta<\/option><option value=\"Colombie-Britannique\" >Colombie-Britannique<\/option><option value=\"Manitoba\" >Manitoba<\/option><option value=\"Nouveau-Brunswick\" >Nouveau-Brunswick<\/option><option value=\"Terre-Neuve et Labrador\" >Terre-Neuve et Labrador<\/option><option value=\"Territoires du Nord-Ouest\" >Territoires du Nord-Ouest<\/option><option value=\"Nouvelle-\u00c9cosse\" >Nouvelle-\u00c9cosse<\/option><option value=\"Nunavut\" >Nunavut<\/option><option value=\"Ontario\" >Ontario<\/option><option value=\"Qu\u00e9bec\" >Qu\u00e9bec<\/option><option value=\"\u00cele-du-Prince-\u00c9douard\" >\u00cele-du-Prince-\u00c9douard<\/option><option value=\"Saskatchewan\" >Saskatchewan<\/option><option value=\"Yukon\" >Yukon<\/option><option value=\"Hors Canada\" >Hors Canada<\/option><\/select><\/div><div id=\"wpforms-74-field_10-container\" class=\"wpforms-field wpforms-field-radio\" data-field-id=\"10\"><label class=\"wpforms-field-label\" for=\"wpforms-74-field_10\">Pr\u00e9f\u00e9rence linguistique<\/label><ul id=\"wpforms-74-field_10\"><li class=\"choice-1 depth-1\"><input type=\"radio\" id=\"wpforms-74-field_10_1\" name=\"wpforms[fields][10]\" value=\"Anglais\"  ><label class=\"wpforms-field-label-inline\" for=\"wpforms-74-field_10_1\">Anglais<\/label><\/li><li class=\"choice-2 depth-1\"><input type=\"radio\" id=\"wpforms-74-field_10_2\" name=\"wpforms[fields][10]\" value=\"Fran\u00e7ais\"  ><label class=\"wpforms-field-label-inline\" for=\"wpforms-74-field_10_2\">Fran\u00e7ais<\/label><\/li><\/ul><\/div><div id=\"wpforms-74-field_2-container\" class=\"wpforms-field wpforms-field-textarea\" data-field-id=\"2\"><label class=\"wpforms-field-label\" for=\"wpforms-74-field_2\">Commentaire ou message <span class=\"wpforms-required-label\">*<\/span><\/label><textarea id=\"wpforms-74-field_2\" class=\"wpforms-field-medium wpforms-field-required\" name=\"wpforms[fields][2]\" required><\/textarea><\/div><\/div><!-- .wpforms-field-container --><div class=\"wpforms-field wpforms-field-hp\"><label for=\"wpforms-74-field-hp\" class=\"wpforms-field-label\">Phone<\/label><input type=\"text\" name=\"wpforms[hp]\" id=\"wpforms-74-field-hp\" class=\"wpforms-field-medium\"><\/div><div class=\"wpforms-recaptcha-container wpforms-is-recaptcha wpforms-is-recaptcha-type-v3\" ><input type=\"hidden\" name=\"wpforms[recaptcha]\" value=\"\"><\/div><div class=\"wpforms-submit-container\" ><input type=\"hidden\" name=\"wpforms[id]\" value=\"74\"><input type=\"hidden\" name=\"page_title\" value=\"\"><input type=\"hidden\" name=\"page_url\" value=\"https:\/\/canadiansciencecentres.ca\/fr\/wp-json\/wp\/v2\/pages\/17966\"><button type=\"submit\" name=\"wpforms[submit]\" id=\"wpforms-submit-74\" class=\"wpforms-submit\" data-alt-text=\"Transmettant...\" data-submit-text=\"Soumettre\" aria-live=\"assertive\" value=\"wpforms-submit\">Soumettre<\/button><\/div><\/form><\/div>  <!-- .wpforms-container --><\/div>\n<\/div>\n\n<div style=\"height:100px\" aria-hidden=\"true\" class=\"wp-block-spacer\"><\/div>\n","protected":false},"excerpt":{"rendered":"<p>Contactez nous Nous sommes toujours \u00e0 la recherche de moyens de nous am\u00e9liorer et votre retour d&rsquo;information nous est pr\u00e9cieux. N&rsquo;h\u00e9sitez pas \u00e0 nous contacter pour nous faire part de vos questions, commentaires ou suggestions. Nous attendons avec impatience votre r\u00e9ponse. Association canadienne des centres de sciences 1203 &#8211; 130, rue Albert Ottawa, ON K1P [&hellip;]<\/p>\n","protected":false},"author":1,"featured_media":0,"parent":0,"menu_order":0,"comment_status":"closed","ping_status":"closed","template":"","meta":{"footnotes":""},"class_list":["post-17966","page","type-page","status-publish","hentry"],"acf":[],"_links":{"self":[{"href":"https:\/\/canadiansciencecentres.ca\/fr\/wp-json\/wp\/v2\/pages\/17966","targetHints":{"allow":["GET"]}}],"collection":[{"href":"https:\/\/canadiansciencecentres.ca\/fr\/wp-json\/wp\/v2\/pages"}],"about":[{"href":"https:\/\/canadiansciencecentres.ca\/fr\/wp-json\/wp\/v2\/types\/page"}],"author":[{"embeddable":true,"href":"https:\/\/canadiansciencecentres.ca\/fr\/wp-json\/wp\/v2\/users\/1"}],"replies":[{"embeddable":true,"href":"https:\/\/canadiansciencecentres.ca\/fr\/wp-json\/wp\/v2\/comments?post=17966"}],"version-history":[{"count":3,"href":"https:\/\/canadiansciencecentres.ca\/fr\/wp-json\/wp\/v2\/pages\/17966\/revisions"}],"predecessor-version":[{"id":19428,"href":"https:\/\/canadiansciencecentres.ca\/fr\/wp-json\/wp\/v2\/pages\/17966\/revisions\/19428"}],"wp:attachment":[{"href":"https:\/\/canadiansciencecentres.ca\/fr\/wp-json\/wp\/v2\/media?parent=17966"}],"curies":[{"name":"wp","href":"https:\/\/api.w.org\/{rel}","templated":true}]}}