{"id":17968,"date":"2023-12-11T14:08:08","date_gmt":"2023-12-11T19:08:08","guid":{"rendered":"http:\/\/canadiansciencecentres.ca\/devenir-membre\/"},"modified":"2024-08-09T13:29:13","modified_gmt":"2024-08-09T17:29:13","slug":"devenir-membre","status":"publish","type":"page","link":"https:\/\/canadiansciencecentres.ca\/fr\/devenir-membre\/","title":{"rendered":"Devenir membre"},"content":{"rendered":"\n<div class=\"wp-block-group alignfull svg-background-2 has-casc-yellow-background-color has-background has-global-padding is-layout-constrained wp-block-group-is-layout-constrained\">\n<div class=\"wp-block-columns alignwide is-layout-flex wp-container-core-columns-is-layout-28f84493 wp-block-columns-is-layout-flex\">\n<div class=\"wp-block-column is-layout-flow wp-block-column-is-layout-flow\" style=\"padding-top:var(--wp--preset--spacing--x-large);padding-right:var(--wp--preset--spacing--large)\">\n<h1 class=\"wp-block-heading has-large-font-size\">Devenez membre aujourd&rsquo;hui<\/h1>\n\n\n\n<p>Nous vous remercions de l&rsquo;int\u00e9r\u00eat que vous portez \u00e0 l&rsquo;Association canadienne des centres de sciences. En devenant membre, vous contribuerez au d\u00e9veloppement et \u00e0 l&rsquo;expansion de la culture de la science et de l&rsquo;innovation au Canada.<\/p>\n\n\n\n<div class=\"wp-block-buttons is-layout-flex wp-block-buttons-is-layout-flex\">\n<div class=\"wp-block-button\"><a class=\"wp-block-button__link wp-element-button\" href=\"https:\/\/canadiansciencecentres.ca\/fr\/avantages-pour-les-membres\/\">Voir les avantages pour les membres<\/a><\/div>\n<\/div>\n<\/div>\n\n\n\n<div class=\"wp-block-column is-layout-flow wp-block-column-is-layout-flow\" style=\"padding-top:var(--wp--preset--spacing--x-large);padding-bottom:0px;padding-left:var(--wp--preset--spacing--x-large)\">\n<figure class=\"wp-block-image size-full has-custom-border\"><img loading=\"lazy\" decoding=\"async\" width=\"2048\" height=\"1302\" src=\"https:\/\/canadiansciencecentres.ca\/wp-content\/uploads\/2024\/04\/8.jpg\" alt=\"\" class=\"wp-image-18598\" style=\"border-top-left-radius:15px;border-top-right-radius:15px;border-bottom-left-radius:0px;border-bottom-right-radius:0px\" srcset=\"https:\/\/canadiansciencecentres.ca\/wp-content\/uploads\/2024\/04\/8.jpg 2048w, https:\/\/canadiansciencecentres.ca\/wp-content\/uploads\/2024\/04\/8-640x407.jpg 640w, https:\/\/canadiansciencecentres.ca\/wp-content\/uploads\/2024\/04\/8-1280x814.jpg 1280w, https:\/\/canadiansciencecentres.ca\/wp-content\/uploads\/2024\/04\/8-768x488.jpg 768w, https:\/\/canadiansciencecentres.ca\/wp-content\/uploads\/2024\/04\/8-1536x977.jpg 1536w\" sizes=\"auto, (max-width: 2048px) 100vw, 2048px\" \/><\/figure>\n<\/div>\n<\/div>\n<\/div>\n\n<div style=\"height:100px\" aria-hidden=\"true\" class=\"wp-block-spacer\"><\/div>\n\n<!-- GlueUp WIDGET START -->\n<iframe class=\"eb-widget\" id=\"eb-widget-membership-type-list\" name=\"eb-widget-membership-type-list\" data-auto-adjust-height=\"true\" data-auto-adjust-width=\"false\" style=\"display:block; margin: 0; padding: 0; border: 0; outline: 0; font-size: 100%; vertical-align: baseline; background:transparent;  width: 100%; height: 1200px\" src=\"https:\/\/app.glueup.com\/organization\/6280\/widget\/membership-type-list\/?lang=fr\"><\/iframe><!-- GlueUp WIDGET END -->\n\n<div style=\"height:100px\" aria-hidden=\"true\" class=\"wp-block-spacer\"><\/div>\n","protected":false},"excerpt":{"rendered":"<p>Devenez membre aujourd&rsquo;hui Nous vous remercions de l&rsquo;int\u00e9r\u00eat que vous portez \u00e0 l&rsquo;Association canadienne des centres de sciences. En devenant membre, vous contribuerez au d\u00e9veloppement et \u00e0 l&rsquo;expansion de la culture de la science et de l&rsquo;innovation au Canada.<\/p>\n","protected":false},"author":1,"featured_media":0,"parent":0,"menu_order":0,"comment_status":"closed","ping_status":"closed","template":"","meta":{"footnotes":""},"class_list":["post-17968","page","type-page","status-publish","hentry"],"acf":[],"_links":{"self":[{"href":"https:\/\/canadiansciencecentres.ca\/fr\/wp-json\/wp\/v2\/pages\/17968","targetHints":{"allow":["GET"]}}],"collection":[{"href":"https:\/\/canadiansciencecentres.ca\/fr\/wp-json\/wp\/v2\/pages"}],"about":[{"href":"https:\/\/canadiansciencecentres.ca\/fr\/wp-json\/wp\/v2\/types\/page"}],"author":[{"embeddable":true,"href":"https:\/\/canadiansciencecentres.ca\/fr\/wp-json\/wp\/v2\/users\/1"}],"replies":[{"embeddable":true,"href":"https:\/\/canadiansciencecentres.ca\/fr\/wp-json\/wp\/v2\/comments?post=17968"}],"version-history":[{"count":4,"href":"https:\/\/canadiansciencecentres.ca\/fr\/wp-json\/wp\/v2\/pages\/17968\/revisions"}],"predecessor-version":[{"id":19088,"href":"https:\/\/canadiansciencecentres.ca\/fr\/wp-json\/wp\/v2\/pages\/17968\/revisions\/19088"}],"wp:attachment":[{"href":"https:\/\/canadiansciencecentres.ca\/fr\/wp-json\/wp\/v2\/media?parent=17968"}],"curies":[{"name":"wp","href":"https:\/\/api.w.org\/{rel}","templated":true}]}}