{"id":17969,"date":"2023-12-11T14:08:57","date_gmt":"2023-12-11T19:08:57","guid":{"rendered":"http:\/\/canadiansciencecentres.ca\/ressources-et-rapports\/"},"modified":"2025-06-24T16:25:15","modified_gmt":"2025-06-24T20:25:15","slug":"ressources-et-rapports","status":"publish","type":"page","link":"https:\/\/canadiansciencecentres.ca\/fr\/ressources-et-rapports\/","title":{"rendered":"Ressources et rapports"},"content":{"rendered":"\n<div class=\"wp-block-group alignfull svg-background-2 has-casc-green-background-color has-background has-global-padding is-layout-constrained wp-block-group-is-layout-constrained\">\n<div class=\"wp-block-columns alignwide is-layout-flex wp-container-core-columns-is-layout-28f84493 wp-block-columns-is-layout-flex\">\n<div class=\"wp-block-column is-layout-flow wp-block-column-is-layout-flow\" style=\"padding-top:var(--wp--preset--spacing--x-large);padding-right:var(--wp--preset--spacing--large)\">\n<h1 class=\"wp-block-heading has-large-font-size\">D\u00e9couvrez des ressources et des rapports utiles<\/h1>\n\n\n\n<p>Explorez quelques-unes des recherches fond\u00e9es sur des donn\u00e9es probantes, des ressources pertinentes et des publications de premier plan produites par l&rsquo;ACCS, ses membres, ses dirigeants et ses partenaires dans notre orbite.<\/p>\n<\/div>\n\n\n\n<div class=\"wp-block-column is-layout-flow wp-block-column-is-layout-flow\" style=\"padding-top:var(--wp--preset--spacing--x-large);padding-bottom:0px;padding-left:var(--wp--preset--spacing--x-large)\">\n<figure class=\"wp-block-image size-full has-custom-border\"><img loading=\"lazy\" decoding=\"async\" width=\"2560\" height=\"1707\" src=\"https:\/\/canadiansciencecentres.ca\/wp-content\/uploads\/2024\/04\/img_1968-scaled.jpg\" alt=\"\" class=\"wp-image-18620\" style=\"border-top-left-radius:15px;border-top-right-radius:15px;border-bottom-left-radius:0px;border-bottom-right-radius:0px\" srcset=\"https:\/\/canadiansciencecentres.ca\/wp-content\/uploads\/2024\/04\/img_1968-scaled.jpg 2560w, https:\/\/canadiansciencecentres.ca\/wp-content\/uploads\/2024\/04\/img_1968-640x427.jpg 640w, https:\/\/canadiansciencecentres.ca\/wp-content\/uploads\/2024\/04\/img_1968-1280x853.jpg 1280w, https:\/\/canadiansciencecentres.ca\/wp-content\/uploads\/2024\/04\/img_1968-768x512.jpg 768w, https:\/\/canadiansciencecentres.ca\/wp-content\/uploads\/2024\/04\/img_1968-1536x1024.jpg 1536w, https:\/\/canadiansciencecentres.ca\/wp-content\/uploads\/2024\/04\/img_1968-2048x1365.jpg 2048w\" sizes=\"auto, (max-width: 2560px) 100vw, 2560px\" \/><\/figure>\n<\/div>\n<\/div>\n<\/div>\n\n\n\n<div style=\"height:60px\" aria-hidden=\"true\" class=\"wp-block-spacer\"><\/div>\n\n\n\n<div class=\"wp-block-columns alignwide equal-height is-layout-flex wp-container-core-columns-is-layout-28f84493 wp-block-columns-is-layout-flex\">\n<div class=\"wp-block-column is-layout-flow wp-block-column-is-layout-flow\">\n<div class=\"wp-block-group alignwide has-white-color has-casc-blue-background-color has-text-color has-background has-link-color wp-elements-38bdba251a67f43a141383a7b9789cd2 is-layout-flow wp-block-group-is-layout-flow\" style=\"border-radius:15px;padding-top:var(--wp--preset--spacing--medium);padding-right:var(--wp--preset--spacing--medium);padding-bottom:var(--wp--preset--spacing--medium);padding-left:var(--wp--preset--spacing--medium)\">\n<p class=\"has-medium-font-size\">La surcharge d&rsquo;informations : Explorer les d\u00e9fis auxquels les gens sont confront\u00e9s lorsqu&rsquo;ils naviguent dans une mer d&rsquo;informations<\/p>\n\n\n\n<p>Une exploration de la fa\u00e7on dont les gens per\u00e7oivent et r\u00e9agissent \u00e0 la d\u00e9sinformation et \u00e0 la m\u00e9sinformation, et comment cela affecte leur opinion sur l&rsquo;information et la science.<\/p>\n\n\n\n<div class=\"wp-block-buttons is-layout-flex wp-block-buttons-is-layout-flex\">\n<div class=\"wp-block-button is-style-outline is-style-outline--2\"><a class=\"wp-block-button__link wp-element-button\" href=\"\/wp-content\/uploads\/2024\/08\/CASC-Report_InformationOverload_FR.pdf\">Lire le rapport<\/a><\/div>\n<\/div>\n<\/div>\n<\/div>\n\n\n\n<div class=\"wp-block-column is-layout-flow wp-block-column-is-layout-flow\">\n<div class=\"wp-block-group alignwide has-primary-color has-casc-yellow-background-color has-text-color has-background has-link-color wp-elements-e5f1372dde8217572212bb1109d8f400 is-layout-flow wp-block-group-is-layout-flow\" style=\"border-radius:15px;padding-top:var(--wp--preset--spacing--medium);padding-right:var(--wp--preset--spacing--medium);padding-bottom:var(--wp--preset--spacing--medium);padding-left:var(--wp--preset--spacing--medium)\">\n<p class=\"has-medium-font-size\">Plein feux sur la science avec G\u00e9n\u00e9ration Action<\/p>\n\n\n\n<p>Des recherches locales sur le climat men\u00e9es par des h\u00e9ros de la science dans votre r\u00e9gion et des actions sur le climat que vous pouvez mener chez vous, dans votre classe ou au sein de votre communaut\u00e9.<\/p>\n\n\n\n<div class=\"wp-block-buttons is-layout-flex wp-block-buttons-is-layout-flex\">\n<div class=\"wp-block-button is-style-fill\"><a class=\"wp-block-button__link has-white-color has-primary-background-color has-text-color has-background has-link-color wp-element-button\" href=\"https:\/\/genaction.ca\/fr\/science-spotlight\" target=\"_blank\" rel=\"noreferrer noopener\">Explorer leurs ressources<\/a><\/div>\n<\/div>\n<\/div>\n<\/div>\n<\/div>\n\n\n\n<div style=\"height:40px\" aria-hidden=\"true\" class=\"wp-block-spacer\"><\/div>\n\n\n\n<div class=\"wp-block-group alignwide has-primary-color has-casc-green-background-color has-text-color has-background has-link-color wp-elements-2ac7cfd92f4e7697501903d643d1d775 is-layout-flow wp-block-group-is-layout-flow\" style=\"border-radius:15px;padding-top:var(--wp--preset--spacing--medium);padding-right:var(--wp--preset--spacing--medium);padding-bottom:var(--wp--preset--spacing--medium);padding-left:var(--wp--preset--spacing--medium)\">\n<p class=\"has-medium-font-size\"><strong>R\u00e9seau canadien de pan\u00e9listes scientifiques&nbsp;: Une nouvelle opportunit\u00e9 de r\u00e9seautage pour les pan\u00e9listes scientifiques<\/strong><\/p>\n\n\n\n<p>Le&nbsp;<strong>R\u00e9seau canadien de pan\u00e9listes scientifiques<\/strong>&nbsp;fournit un r\u00e9pertoire de chercheur.euse.s de toutes les disciplines, ce qui facilitera la mise en place de collaborations et la constitution de comit\u00e9s d&rsquo;attribution de subventions (par exemple) de mani\u00e8re plus solide et plus efficace que par les m\u00e9thodes traditionnelles du \u00ab\u2009bouche \u00e0 oreille\u2009\u00bb. Puisque l&rsquo;innovation na\u00eet dans des environnements diversifi\u00e9s, cette plateforme vise \u00e0 tirer parti de l&rsquo;incroyable diversit\u00e9 de notre communaut\u00e9 de recherche tr\u00e8s active.<\/p>\n\n\n\n<p>Il s&rsquo;agit d&rsquo;une initiative \u00e0 but non lucratif fond\u00e9e par, pour, et avec des chercheur.euse.s qui souhaitent am\u00e9liorer notre potentiel scientifique en cr\u00e9ant un nouveau r\u00e9seau pour promouvoir la collaboration et tirer parti de notre diversit\u00e9 en tant que Canadiens et Canadiennes.<\/p>\n\n\n\n<div class=\"wp-block-buttons is-layout-flex wp-block-buttons-is-layout-flex\">\n<div class=\"wp-block-button is-style-fill\"><a class=\"wp-block-button__link has-white-color has-primary-background-color has-text-color has-background has-link-color wp-element-button\" href=\"https:\/\/cssn-rcps.ca\/\" target=\"_blank\" rel=\"noreferrer noopener\">Apprenez-en plus<\/a><\/div>\n<\/div>\n<\/div>\n","protected":false},"excerpt":{"rendered":"<p>D\u00e9couvrez des ressources et des rapports utiles Explorez quelques-unes des recherches fond\u00e9es sur des donn\u00e9es probantes, des ressources pertinentes et des publications de premier plan produites par l&rsquo;ACCS, ses membres, ses dirigeants et ses partenaires dans notre orbite. La surcharge d&rsquo;informations : Explorer les d\u00e9fis auxquels les gens sont confront\u00e9s lorsqu&rsquo;ils naviguent dans une mer [&hellip;]<\/p>\n","protected":false},"author":1,"featured_media":0,"parent":0,"menu_order":0,"comment_status":"closed","ping_status":"closed","template":"","meta":{"footnotes":""},"class_list":["post-17969","page","type-page","status-publish","hentry"],"acf":[],"_links":{"self":[{"href":"https:\/\/canadiansciencecentres.ca\/fr\/wp-json\/wp\/v2\/pages\/17969","targetHints":{"allow":["GET"]}}],"collection":[{"href":"https:\/\/canadiansciencecentres.ca\/fr\/wp-json\/wp\/v2\/pages"}],"about":[{"href":"https:\/\/canadiansciencecentres.ca\/fr\/wp-json\/wp\/v2\/types\/page"}],"author":[{"embeddable":true,"href":"https:\/\/canadiansciencecentres.ca\/fr\/wp-json\/wp\/v2\/users\/1"}],"replies":[{"embeddable":true,"href":"https:\/\/canadiansciencecentres.ca\/fr\/wp-json\/wp\/v2\/comments?post=17969"}],"version-history":[{"count":10,"href":"https:\/\/canadiansciencecentres.ca\/fr\/wp-json\/wp\/v2\/pages\/17969\/revisions"}],"predecessor-version":[{"id":20525,"href":"https:\/\/canadiansciencecentres.ca\/fr\/wp-json\/wp\/v2\/pages\/17969\/revisions\/20525"}],"wp:attachment":[{"href":"https:\/\/canadiansciencecentres.ca\/fr\/wp-json\/wp\/v2\/media?parent=17969"}],"curies":[{"name":"wp","href":"https:\/\/api.w.org\/{rel}","templated":true}]}}