{"id":17976,"date":"2023-12-11T14:08:38","date_gmt":"2023-12-11T19:08:38","guid":{"rendered":"http:\/\/canadiansciencecentres.ca\/initiatives-passees\/"},"modified":"2024-08-28T12:37:07","modified_gmt":"2024-08-28T16:37:07","slug":"initiatives-passees","status":"publish","type":"page","link":"https:\/\/canadiansciencecentres.ca\/fr\/initiatives-passees\/","title":{"rendered":"Initiatives pass\u00e9es"},"content":{"rendered":"\n<div class=\"wp-block-group alignfull svg-background-2 has-white-color has-casc-purple-background-color has-text-color has-background has-link-color wp-elements-030ab6c9923438f43a60e3a3fc349bb6 has-global-padding is-layout-constrained wp-block-group-is-layout-constrained\">\n<div class=\"wp-block-columns alignwide is-layout-flex wp-container-core-columns-is-layout-28f84493 wp-block-columns-is-layout-flex\">\n<div class=\"wp-block-column is-layout-flow wp-block-column-is-layout-flow\" style=\"padding-top:var(--wp--preset--spacing--x-large);padding-right:var(--wp--preset--spacing--large)\">\n<h1 class=\"wp-block-heading has-large-font-size\">Laissez-vous inspirer par nos anciens programmes<\/h1>\n\n\n\n<p>Nos membres jouent un r\u00f4le important dans l&rsquo;am\u00e9lioration de la culture scientifique des Canadiens de tous \u00e2ges. Au fur et \u00e0 mesure que la science \u00e9volue et que des perc\u00e9es sont r\u00e9alis\u00e9es, il est imp\u00e9ratif que les organisations d&rsquo;engagement scientifique suivent le mouvement. Jetez un coup d&rsquo;\u0153il \u00e0 quelques-uns des programmes auxquels l&rsquo;ACCS a particip\u00e9 par le pass\u00e9.  <\/p>\n<\/div>\n\n\n\n<div class=\"wp-block-column is-layout-flow wp-block-column-is-layout-flow\" style=\"padding-top:var(--wp--preset--spacing--x-large);padding-bottom:0px;padding-left:var(--wp--preset--spacing--x-large)\">\n<figure class=\"wp-block-image size-full has-custom-border\"><img loading=\"lazy\" decoding=\"async\" width=\"2560\" height=\"1707\" src=\"https:\/\/canadiansciencecentres.ca\/wp-content\/uploads\/2024\/04\/IMG_9778-scaled.jpg\" alt=\"\" class=\"wp-image-18628\" style=\"border-top-left-radius:15px;border-top-right-radius:15px;border-bottom-left-radius:0px;border-bottom-right-radius:0px\" srcset=\"https:\/\/canadiansciencecentres.ca\/wp-content\/uploads\/2024\/04\/IMG_9778-scaled.jpg 2560w, https:\/\/canadiansciencecentres.ca\/wp-content\/uploads\/2024\/04\/IMG_9778-640x427.jpg 640w\" sizes=\"auto, (max-width: 2560px) 100vw, 2560px\" \/><\/figure>\n<\/div>\n<\/div>\n<\/div>\n\n<div style=\"height:60px\" aria-hidden=\"true\" class=\"wp-block-spacer\"><\/div>\n\n<div class=\"wp-block-group alignwide is-layout-flow wp-block-group-is-layout-flow\">\n<h2 class=\"wp-block-heading has-medium-font-size\">Avez-vous une initiative qui pourrait avoir une port\u00e9e nationale ?  <\/h2>\n\n\n\n<p>Veuillez nous contacter \u00e0 l&rsquo;adresse suivante: <a href=\"mailto:info@casc-accs.com\">info@casc-accs.com<\/a>. <\/p>\n<\/div>\n\n<div style=\"height:60px\" aria-hidden=\"true\" class=\"wp-block-spacer\"><\/div>\n\n<div class=\"wp-block-group alignwide has-white-color has-casc-blue-background-color has-text-color has-background has-link-color wp-elements-029b6189b8f6798b245d4591cee3279e is-layout-flow wp-block-group-is-layout-flow\" style=\"border-radius:15px;padding-top:var(--wp--preset--spacing--medium);padding-right:var(--wp--preset--spacing--medium);padding-bottom:var(--wp--preset--spacing--medium);padding-left:var(--wp--preset--spacing--medium)\">\n<div class=\"wp-block-columns is-layout-flex wp-container-core-columns-is-layout-5016e1a0 wp-block-columns-is-layout-flex\">\n<div class=\"wp-block-column is-layout-flow wp-block-column-is-layout-flow\" style=\"flex-basis:66.66%\">\n<h2 class=\"wp-block-heading has-large-font-size\">L&rsquo;Odyss\u00e9e des sciences<\/h2>\n\n\n\n<p>Du 1er au 16 mai 2021<\/p>\n\n\n\n<p>Organis\u00e9e par le CRSNG, L&rsquo;Odyss\u00e9e des sciences \u00e9tait une campagne nationale qui c\u00e9l\u00e9brait les r\u00e9alisations canadiennes dans les domaines de la science, de la technologie, de l&rsquo;ing\u00e9nierie, des arts et des math\u00e9matiques. Ils ont organis\u00e9 des activit\u00e9s amusantes, attrayantes et stimulantes dans des mus\u00e9es, des centres de recherche, des laboratoires et des salles de classe d&rsquo;un bout \u00e0 l&rsquo;autre du pays.<\/p>\n\n\n\n<div class=\"wp-block-buttons is-layout-flex wp-block-buttons-is-layout-flex\">\n<div class=\"wp-block-button is-style-fill\"><a class=\"wp-block-button__link has-white-color has-primary-background-color has-text-color has-background has-link-color wp-element-button\" href=\"http:\/\/www.sciod.ca\/\" target=\"_blank\" rel=\"noreferrer noopener\">En savoir plus sur L&rsquo;Odyss\u00e9e des sciences<\/a><\/div>\n<\/div>\n<\/div>\n\n\n\n<div class=\"wp-block-column is-layout-flow wp-block-column-is-layout-flow\" style=\"flex-basis:33.33%\">\n<figure class=\"wp-block-image size-full\"><img decoding=\"async\" src=\"https:\/\/canadiansciencecentres.ca\/wp-content\/uploads\/2024\/08\/odsci21.png\" alt=\"\" class=\"wp-image-17246\"\/><\/figure>\n<\/div>\n<\/div>\n<\/div>\n\n<div style=\"height:60px\" aria-hidden=\"true\" class=\"wp-block-spacer\"><\/div>\n\n<div class=\"wp-block-group alignwide has-casc-yellow-background-color has-background is-layout-flow wp-block-group-is-layout-flow\" style=\"border-radius:15px;padding-top:var(--wp--preset--spacing--medium);padding-right:var(--wp--preset--spacing--medium);padding-bottom:var(--wp--preset--spacing--medium);padding-left:var(--wp--preset--spacing--medium)\">\n<div class=\"wp-block-columns is-layout-flex wp-container-core-columns-is-layout-5016e1a0 wp-block-columns-is-layout-flex\">\n<div class=\"wp-block-column is-layout-flow wp-block-column-is-layout-flow\" style=\"flex-basis:66.66%\">\n<h2 class=\"wp-block-heading has-large-font-size\">CRSNG : Semaine de la culture scientifique #WeekOfWonder<\/h2>\n\n\n\n<p>20-24 septembre 2021<\/p>\n\n\n\n<p>L&rsquo;Association canadienne des centres de sciences (ACCS), en partenariat avec Exploring By The Seat Of Your Pants (EBTSOYP), a organis\u00e9 une #Semained&rsquo;\u00e9merveillement virtuelle de cinq jours pendant la Semaine de la culture scientifique du CRSNG.<\/p>\n\n\n\n<div class=\"wp-block-buttons is-layout-flex wp-block-buttons-is-layout-flex\">\n<div class=\"wp-block-button is-style-fill\"><a class=\"wp-block-button__link has-white-color has-primary-background-color has-text-color has-background has-link-color wp-element-button\" href=\"https:\/\/canadiansciencecentres.ca\/fr\/semaine-de-lemerveillement\/\">En savoir plus sur la #SciLit<\/a><\/div>\n<\/div>\n<\/div>\n\n\n\n<div class=\"wp-block-column is-layout-flow wp-block-column-is-layout-flow\" style=\"flex-basis:33.33%\">\n<figure class=\"wp-block-image size-large\"><img loading=\"lazy\" decoding=\"async\" width=\"1280\" height=\"720\" src=\"https:\/\/canadiansciencecentres.ca\/wp-content\/uploads\/2024\/01\/week-of-wonder-1-1280x720.png\" alt=\"\" class=\"wp-image-17251\" srcset=\"https:\/\/canadiansciencecentres.ca\/wp-content\/uploads\/2024\/01\/week-of-wonder-1-1280x720.png 1280w, https:\/\/canadiansciencecentres.ca\/wp-content\/uploads\/2024\/01\/week-of-wonder-1-640x360.png 640w, https:\/\/canadiansciencecentres.ca\/wp-content\/uploads\/2024\/01\/week-of-wonder-1-768x432.png 768w, https:\/\/canadiansciencecentres.ca\/wp-content\/uploads\/2024\/01\/week-of-wonder-1-1536x864.png 1536w, https:\/\/canadiansciencecentres.ca\/wp-content\/uploads\/2024\/01\/week-of-wonder-1.png 1920w\" sizes=\"auto, (max-width: 1280px) 100vw, 1280px\" \/><\/figure>\n<\/div>\n<\/div>\n<\/div>\n\n<div style=\"height:60px\" aria-hidden=\"true\" class=\"wp-block-spacer\"><\/div>\n\n<div class=\"wp-block-group alignwide has-casc-green-background-color has-background is-layout-flow wp-block-group-is-layout-flow\" style=\"border-radius:15px;padding-top:var(--wp--preset--spacing--medium);padding-right:var(--wp--preset--spacing--medium);padding-bottom:var(--wp--preset--spacing--medium);padding-left:var(--wp--preset--spacing--medium)\">\n<div class=\"wp-block-columns is-layout-flex wp-container-core-columns-is-layout-5016e1a0 wp-block-columns-is-layout-flex\">\n<div class=\"wp-block-column is-layout-flow wp-block-column-is-layout-flow\" style=\"flex-basis:66.66%\">\n<h2 class=\"wp-block-heading has-large-font-size\">Semaine canadienne de l&rsquo;innovation<\/h2>\n\n\n\n<p>17-21 mai 2021<\/p>\n\n\n\n<p>La Semaine canadienne de l&rsquo;innovation a \u00e9t\u00e9 cr\u00e9\u00e9e par la Fondation Rideau Hall pour inspirer la prochaine g\u00e9n\u00e9ration d&rsquo;innovateurs. Leur quatri\u00e8me \u00e9v\u00e9nement annuel \u00e9tait une c\u00e9l\u00e9bration virtuelle sur les m\u00e9dias sociaux pour d\u00e9couvrir des histoires ing\u00e9nieuses dans les domaines de l&rsquo;accessibilit\u00e9, de la sant\u00e9 et de la technologie m\u00e9dicale, de l&rsquo;agriculture, de l&rsquo;\u00e9ducation et plus encore.  <\/p>\n\n\n\n<div class=\"wp-block-buttons is-layout-flex wp-block-buttons-is-layout-flex\">\n<div class=\"wp-block-button is-style-fill\"><a class=\"wp-block-button__link has-white-color has-primary-background-color has-text-color has-background has-link-color wp-element-button\" href=\"http:\/\/www.canadianinnovationspace.ca\" target=\"_blank\" rel=\"noreferrer noopener\"><strong>En savoir plus sur la Semaine canadienne de l&rsquo;innovation<\/strong><\/a><\/div>\n<\/div>\n<\/div>\n\n\n\n<div class=\"wp-block-column is-layout-flow wp-block-column-is-layout-flow\" style=\"flex-basis:33.33%\">\n<figure class=\"wp-block-image size-full\"><img loading=\"lazy\" decoding=\"async\" width=\"1247\" height=\"763\" src=\"https:\/\/canadiansciencecentres.ca\/wp-content\/uploads\/2024\/01\/Cdn_Inno_Week_Logo-1.png\" alt=\"\" class=\"wp-image-17252\" srcset=\"https:\/\/canadiansciencecentres.ca\/wp-content\/uploads\/2024\/01\/Cdn_Inno_Week_Logo-1.png 1247w, https:\/\/canadiansciencecentres.ca\/wp-content\/uploads\/2024\/01\/Cdn_Inno_Week_Logo-1-640x392.png 640w, https:\/\/canadiansciencecentres.ca\/wp-content\/uploads\/2024\/01\/Cdn_Inno_Week_Logo-1-768x470.png 768w\" sizes=\"auto, (max-width: 1247px) 100vw, 1247px\" \/><\/figure>\n<\/div>\n<\/div>\n<\/div>\n\n<div style=\"height:60px\" aria-hidden=\"true\" class=\"wp-block-spacer\"><\/div>\n\r\n\r\n<div style=\"background-image: url('https:\/\/canadiansciencecentres.ca\/wp-content\/uploads\/2023\/12\/cta-bg1-e1701898467952.png');\" class=\"cta-block  alignfull \">\r\n    <div class=\"cta-block-inner\">\r\n\r\n        <div class=\"cta-block__content\">\r\n                            <h2 class=\"cta-block__title\">Vous avez une initiative d&rsquo;importance nationale ?  <\/h2>\r\n            \r\n            \r\n                            <div class=\"cta-block__text\">N&rsquo;h\u00e9sitez pas \u00e0 nous contacter pour discuter d&rsquo;un partenariat.<\/div>\r\n            \r\n                            <div class=\"cta-block__button wp-block-button is-style-outline\">\r\n                    <a href=\"mailto:info@casc-accs.com\" class=\"wp-block-button__link wp-element-button\">Prendre contact<\/a>\r\n                <\/div>\r\n                    <\/div>\r\n\r\n        \r\n    <\/div>\r\n<\/div>","protected":false},"excerpt":{"rendered":"<p>Laissez-vous inspirer par nos anciens programmes Nos membres jouent un r\u00f4le important dans l&rsquo;am\u00e9lioration de la culture scientifique des Canadiens de tous \u00e2ges. Au fur et \u00e0 mesure que la science \u00e9volue et que des perc\u00e9es sont r\u00e9alis\u00e9es, il est imp\u00e9ratif que les organisations d&rsquo;engagement scientifique suivent le mouvement. Jetez un coup d&rsquo;\u0153il \u00e0 quelques-uns [&hellip;]<\/p>\n","protected":false},"author":1,"featured_media":0,"parent":0,"menu_order":0,"comment_status":"closed","ping_status":"closed","template":"","meta":{"footnotes":""},"class_list":["post-17976","page","type-page","status-publish","hentry"],"acf":[],"_links":{"self":[{"href":"https:\/\/canadiansciencecentres.ca\/fr\/wp-json\/wp\/v2\/pages\/17976","targetHints":{"allow":["GET"]}}],"collection":[{"href":"https:\/\/canadiansciencecentres.ca\/fr\/wp-json\/wp\/v2\/pages"}],"about":[{"href":"https:\/\/canadiansciencecentres.ca\/fr\/wp-json\/wp\/v2\/types\/page"}],"author":[{"embeddable":true,"href":"https:\/\/canadiansciencecentres.ca\/fr\/wp-json\/wp\/v2\/users\/1"}],"replies":[{"embeddable":true,"href":"https:\/\/canadiansciencecentres.ca\/fr\/wp-json\/wp\/v2\/comments?post=17976"}],"version-history":[{"count":6,"href":"https:\/\/canadiansciencecentres.ca\/fr\/wp-json\/wp\/v2\/pages\/17976\/revisions"}],"predecessor-version":[{"id":19284,"href":"https:\/\/canadiansciencecentres.ca\/fr\/wp-json\/wp\/v2\/pages\/17976\/revisions\/19284"}],"wp:attachment":[{"href":"https:\/\/canadiansciencecentres.ca\/fr\/wp-json\/wp\/v2\/media?parent=17976"}],"curies":[{"name":"wp","href":"https:\/\/api.w.org\/{rel}","templated":true}]}}