{"id":17979,"date":"2023-12-11T14:08:51","date_gmt":"2023-12-11T19:08:51","guid":{"rendered":"http:\/\/canadiansciencecentres.ca\/communautes-de-pratique\/"},"modified":"2026-02-12T14:24:35","modified_gmt":"2026-02-12T19:24:35","slug":"communautes-de-pratique","status":"publish","type":"page","link":"https:\/\/canadiansciencecentres.ca\/fr\/communautes-de-pratique\/","title":{"rendered":"Communaut\u00e9s de pratique"},"content":{"rendered":"\n<div class=\"wp-block-group alignfull svg-background-2 has-casc-green-background-color has-background has-global-padding is-layout-constrained wp-block-group-is-layout-constrained\">\n<div class=\"wp-block-columns alignwide is-layout-flex wp-container-core-columns-is-layout-28f84493 wp-block-columns-is-layout-flex\">\n<div class=\"wp-block-column is-layout-flow wp-block-column-is-layout-flow\" style=\"padding-top:var(--wp--preset--spacing--x-large);padding-right:var(--wp--preset--spacing--large)\">\n<h1 class=\"wp-block-heading has-large-font-size\">Nos communaut\u00e9s de pratique  <\/h1>\n\n\n\n<p>\u00c0 l&rsquo;ACCS, les communaut\u00e9s de pratique sont un mod\u00e8le familier utilis\u00e9 pour rassembler les membres du r\u00e9seau &#8211; pour cr\u00e9er des id\u00e9es, collaborer et avoir un impact collectif sur leur travail pour faire progresser l&rsquo;apprentissage des STIM au Canada. Les communaut\u00e9s de pratique suivantes sont disponibles pour les membres de l&rsquo;ACCS \u00e0 tous les niveaux :<\/p>\n<\/div>\n\n\n\n<div class=\"wp-block-column is-layout-flow wp-block-column-is-layout-flow\" style=\"padding-top:var(--wp--preset--spacing--x-large);padding-bottom:0px;padding-left:var(--wp--preset--spacing--x-large)\">\n<figure class=\"wp-block-image size-full has-custom-border\"><img loading=\"lazy\" decoding=\"async\" width=\"2560\" height=\"1657\" src=\"https:\/\/canadiansciencecentres.ca\/wp-content\/uploads\/2024\/04\/IMG_9019-1.jpg\" alt=\"\" class=\"wp-image-18636\" style=\"border-top-left-radius:15px;border-top-right-radius:15px;border-bottom-left-radius:0px;border-bottom-right-radius:0px\" srcset=\"https:\/\/canadiansciencecentres.ca\/wp-content\/uploads\/2024\/04\/IMG_9019-1.jpg 2560w, https:\/\/canadiansciencecentres.ca\/wp-content\/uploads\/2024\/04\/IMG_9019-1-640x414.jpg 640w, https:\/\/canadiansciencecentres.ca\/wp-content\/uploads\/2024\/04\/IMG_9019-1-1280x829.jpg 1280w, https:\/\/canadiansciencecentres.ca\/wp-content\/uploads\/2024\/04\/IMG_9019-1-768x497.jpg 768w, https:\/\/canadiansciencecentres.ca\/wp-content\/uploads\/2024\/04\/IMG_9019-1-1536x994.jpg 1536w, https:\/\/canadiansciencecentres.ca\/wp-content\/uploads\/2024\/04\/IMG_9019-1-2048x1326.jpg 2048w\" sizes=\"auto, (max-width: 2560px) 100vw, 2560px\" \/><\/figure>\n<\/div>\n<\/div>\n<\/div>\n\n\n\n<div style=\"height:20px\" aria-hidden=\"true\" class=\"wp-block-spacer\"><\/div>\n\n\n\n<div class=\"wp-block-group alignwide has-white-color has-casc-red-background-color has-text-color has-background has-link-color wp-elements-056faf18905602389f1496dcde193ee9 is-layout-flow wp-block-group-is-layout-flow\" style=\"border-radius:15px;padding-top:var(--wp--preset--spacing--large);padding-right:var(--wp--preset--spacing--large);padding-bottom:var(--wp--preset--spacing--large);padding-left:var(--wp--preset--spacing--large)\">\n<p class=\"has-large-font-size\">Qu&rsquo;est-ce qu&rsquo;une communaut\u00e9 de pratique ?  <\/p>\n\n\n\n<p>Une communaut\u00e9 de pratique, ou CdP, est un groupe de personnes qui partagent une pr\u00e9occupation commune, un ensemble de probl\u00e8mes ou un int\u00e9r\u00eat pour un sujet. Ces groupes se r\u00e9unissent r\u00e9guli\u00e8rement &#8211; en personne ou virtuellement &#8211; et se rassemblent pour atteindre leurs objectifs individuels et collectifs.<\/p>\n<\/div>\n\n\n\n<div style=\"height:20px\" aria-hidden=\"true\" class=\"wp-block-spacer\"><\/div>\n\n\n\n<div class=\"wp-block-group alignwide has-casc-green-background-color has-background has-global-padding is-layout-constrained wp-container-core-group-is-layout-8217c53c wp-block-group-is-layout-constrained\" style=\"border-top-left-radius:15px;border-top-right-radius:15px;border-bottom-left-radius:15px;border-bottom-right-radius:15px;padding-top:var(--wp--preset--spacing--medium);padding-right:var(--wp--preset--spacing--medium);padding-bottom:var(--wp--preset--spacing--medium);padding-left:var(--wp--preset--spacing--medium)\">\n<div class=\"wp-block-group alignwide has-gainsboro-background-color has-background has-global-padding is-layout-constrained wp-container-core-group-is-layout-9a4c8acf wp-block-group-is-layout-constrained\" style=\"border-top-left-radius:15px;border-top-right-radius:15px;border-bottom-left-radius:15px;border-bottom-right-radius:15px;padding-top:var(--wp--preset--spacing--small);padding-right:var(--wp--preset--spacing--small);padding-bottom:var(--wp--preset--spacing--small);padding-left:var(--wp--preset--spacing--small)\">\n<h2 class=\"wp-block-heading has-large-font-size\">CdP \u00ab Connexions scientifiques \u00bb<\/h2>\n\n\n\n<p><strong>R\u00e9unions : tous les deux mois (le deuxi\u00e8me mardi \u00e0 14 h, heure de l&rsquo;Est, sauf indication contraire)<\/strong><\/p>\n\n\n\n<p>La Communaut\u00e9 de pratique \u00a0\u00bb Connexions scientifiques \u00a0\u00bb offre \u00e0 ses membres la possibilit\u00e9 de se r\u00e9unir tous les deux mois pour apprendre aupr\u00e8s d&rsquo;expert.e.s et \u00e9changer avec leurs pairs sur divers sujets.<\/p>\n\n\n\n<p>La Communaut\u00e9 de pratique est ouverte aux membres de l&rsquo;ACCS et aux non-membres qui s&rsquo;int\u00e9ressent \u00e0 l&rsquo;engagement scientifique du public, notamment la mobilisation des connaissances, la communication sur la sant\u00e9, la communication sur le climat, l&rsquo;\u00e9ducation formelle et informelle, les politiques par rapport \u00e0 la science, la recherche, etc.<\/p>\n\n\n\n<p>Nous mettons l&rsquo;accent sur le partage de comp\u00e9tences pratiques et d&rsquo;id\u00e9es concr\u00e8tes afin d&rsquo;am\u00e9liorer le travail de nos membres et encourageons les conf\u00e9renciers invit\u00e9s \u00e0 fournir des cadres, des outils et des conseils pr\u00eats \u00e0 l&#8217;emploi que les participants \u00e0 la r\u00e9union peuvent utiliser dans leur travail.<\/p>\n\n\n\n<p>Les membres de la CdP peuvent s&rsquo;attendre \u00e0 :&nbsp;<\/p>\n\n\n\n<ul class=\"wp-block-list\">\n<li>Apprendre aupr\u00e8s d&rsquo;expert.e.s<\/li>\n\n\n\n<li>R\u00e9seauter avec des professionnels de l&rsquo;engagement scientifique du public au travers de plusieurs secteurs<\/li>\n\n\n\n<li>Acc\u00e9der \u00e0 une biblioth\u00e8que de ressources en constante expansion<\/li>\n<\/ul>\n<\/div>\n\n\n\n<div class=\"wp-block-group alignwide has-gainsboro-background-color has-background has-global-padding is-layout-constrained wp-container-core-group-is-layout-9a4c8acf wp-block-group-is-layout-constrained\" style=\"border-top-left-radius:15px;border-top-right-radius:15px;border-bottom-left-radius:15px;border-bottom-right-radius:15px;padding-top:var(--wp--preset--spacing--small);padding-right:var(--wp--preset--spacing--small);padding-bottom:var(--wp--preset--spacing--small);padding-left:var(--wp--preset--spacing--small)\">\n<h2 class=\"wp-block-heading has-large-font-size\">CdP des \u00e9ducateur\u00b7ice\u00b7s et programmeur\u00b7euse\u00b7s<\/h2>\n\n\n\n<p><strong>R\u00e9unions : Mensuelles (troisi\u00e8me mardi de chaque mois), 15h00 EST<\/strong><\/p>\n\n\n\n<p>La CdP des \u00e9ducateurs et des programmeurs a \u00e9t\u00e9 cr\u00e9\u00e9e en 2020. Cette communaut\u00e9 est destin\u00e9e au personnel charg\u00e9 de la programmation et de l&rsquo;\u00e9ducation parmi les membres de l&rsquo;ACCS. La CdP est un lieu de partage, de collaboration et d&rsquo;apprentissage. Elle propose des pratiques exemplaires, des lignes directrices et des strat\u00e9gies qui permettent de mettre en place des programmes \u00e9ducatifs et de sensibilisation de qualit\u00e9 dans nos centres scientifiques, nos mus\u00e9es et nos organisations de sensibilisation. <\/p>\n<\/div>\n\n\n\n<div class=\"wp-block-group alignwide has-gainsboro-background-color has-background has-global-padding is-layout-constrained wp-container-core-group-is-layout-9a4c8acf wp-block-group-is-layout-constrained\" style=\"border-top-left-radius:15px;border-top-right-radius:15px;border-bottom-left-radius:15px;border-bottom-right-radius:15px;padding-top:var(--wp--preset--spacing--small);padding-right:var(--wp--preset--spacing--small);padding-bottom:var(--wp--preset--spacing--small);padding-left:var(--wp--preset--spacing--small)\">\n<h2 class=\"wp-block-heading has-large-font-size\">Leader.euse.s nationaux en apprentissage environnemental<\/h2>\n\n\n\n<p><strong>R\u00e9unions : Mensuelles<\/strong><\/p>\n\n\n\n<p>Diriger les conversations et les opportunit\u00e9s en cours pour que nos organisations (ACCS, EECOM) apprennent les unes des autres .<\/p>\n<\/div>\n<\/div>\n\n\n\n<div style=\"height:20px\" aria-hidden=\"true\" class=\"wp-block-spacer\"><\/div>\n\n\n\r\n\r\n<div style=\"background-image: url('https:\/\/canadiansciencecentres.ca\/wp-content\/uploads\/2023\/12\/cta-bg1-e1701898467952.png');\" class=\"cta-block  alignfull \">\r\n    <div class=\"cta-block-inner\">\r\n\r\n        <div class=\"cta-block__content\">\r\n                            <h2 class=\"cta-block__title\">Vous souhaitez rejoindre une CdP de l&rsquo;ACCS ou vous avez une id\u00e9e pour en cr\u00e9er une ?  <\/h2>\r\n            \r\n            \r\n                            <div class=\"cta-block__text\">N&rsquo;h\u00e9sitez pas \u00e0 nous contacter !<\/div>\r\n            \r\n                            <div class=\"cta-block__button wp-block-button is-style-outline\">\r\n                    <a href=\"mailto:info@casc-accs.com  \" class=\"wp-block-button__link wp-element-button\">Nous envoyer un courriel<\/a>\r\n                <\/div>\r\n                    <\/div>\r\n\r\n        \r\n    <\/div>\r\n<\/div>","protected":false},"excerpt":{"rendered":"<p>Nos communaut\u00e9s de pratique \u00c0 l&rsquo;ACCS, les communaut\u00e9s de pratique sont un mod\u00e8le familier utilis\u00e9 pour rassembler les membres du r\u00e9seau &#8211; pour cr\u00e9er des id\u00e9es, collaborer et avoir un impact collectif sur leur travail pour faire progresser l&rsquo;apprentissage des STIM au Canada. Les communaut\u00e9s de pratique suivantes sont disponibles pour les membres de l&rsquo;ACCS [&hellip;]<\/p>\n","protected":false},"author":1,"featured_media":0,"parent":0,"menu_order":0,"comment_status":"closed","ping_status":"closed","template":"","meta":{"footnotes":""},"class_list":["post-17979","page","type-page","status-publish","hentry"],"acf":[],"_links":{"self":[{"href":"https:\/\/canadiansciencecentres.ca\/fr\/wp-json\/wp\/v2\/pages\/17979","targetHints":{"allow":["GET"]}}],"collection":[{"href":"https:\/\/canadiansciencecentres.ca\/fr\/wp-json\/wp\/v2\/pages"}],"about":[{"href":"https:\/\/canadiansciencecentres.ca\/fr\/wp-json\/wp\/v2\/types\/page"}],"author":[{"embeddable":true,"href":"https:\/\/canadiansciencecentres.ca\/fr\/wp-json\/wp\/v2\/users\/1"}],"replies":[{"embeddable":true,"href":"https:\/\/canadiansciencecentres.ca\/fr\/wp-json\/wp\/v2\/comments?post=17979"}],"version-history":[{"count":12,"href":"https:\/\/canadiansciencecentres.ca\/fr\/wp-json\/wp\/v2\/pages\/17979\/revisions"}],"predecessor-version":[{"id":20968,"href":"https:\/\/canadiansciencecentres.ca\/fr\/wp-json\/wp\/v2\/pages\/17979\/revisions\/20968"}],"wp:attachment":[{"href":"https:\/\/canadiansciencecentres.ca\/fr\/wp-json\/wp\/v2\/media?parent=17979"}],"curies":[{"name":"wp","href":"https:\/\/api.w.org\/{rel}","templated":true}]}}