{"id":17983,"date":"2023-12-11T14:08:33","date_gmt":"2023-12-11T19:08:33","guid":{"rendered":"http:\/\/scienceupfirst.canadiansciencecentres.ca\/"},"modified":"2024-09-19T21:27:13","modified_gmt":"2024-09-20T01:27:13","slug":"lasciencedabord","status":"publish","type":"page","link":"https:\/\/canadiansciencecentres.ca\/fr\/lasciencedabord\/","title":{"rendered":"LaSciencedAbord"},"content":{"rendered":"\n<div class=\"wp-block-group alignfull svg-background-2 has-white-color has-casc-blue-background-color has-text-color has-background has-link-color wp-elements-2f8716306f09e150248e0bc8667ab175 has-global-padding is-layout-constrained wp-block-group-is-layout-constrained\">\n<div class=\"wp-block-columns alignwide is-layout-flex wp-container-core-columns-is-layout-28f84493 wp-block-columns-is-layout-flex\">\n<div class=\"wp-block-column is-layout-flow wp-block-column-is-layout-flow\" style=\"padding-top:var(--wp--preset--spacing--x-large);padding-right:var(--wp--preset--spacing--large)\">\n<h1 class=\"wp-block-heading has-large-font-size\">Ensemble contre la d\u00e9sinformation<\/h1>\n\n\n\n<p>LaSciencedAbord est une initiative nationale de l&rsquo;ACCS. Nous partageons les meilleures donn\u00e9es scientifiques disponibles de mani\u00e8re cr\u00e9ative afin d&rsquo;enrayer la propagation de la d\u00e9sinformation. Nous travaillons avec un collectif de scientifiques ind\u00e9pendant\u00b7e\u00b7s, de chercheur\u00b7euse\u00b7s, d&rsquo;expert\u00b7e\u00b7s en soins de sant\u00e9 et de communicateur\u00b7ice\u00b7s scientifiques pour cr\u00e9er, partager et r\u00e9pondre \u00e0 des informations scientifiquement fond\u00e9es sur des sujets importants.<\/p>\n\n\n\n<p>Il vous suffit d&rsquo;un clic pour acc\u00e9der aux meilleures informations scientifiquement fond\u00e9es. <\/p>\n\n\n\n<div class=\"wp-block-buttons is-layout-flex wp-block-buttons-is-layout-flex\">\n<div class=\"wp-block-button is-style-outline is-style-outline--2\"><a class=\"wp-block-button__link wp-element-button\" href=\"https:\/\/scienceupfirst.com\/?lang=fr\" target=\"_blank\" rel=\"noreferrer noopener\">Visiter LaSciencedAbord<\/a><\/div>\n<\/div>\n<\/div>\n\n\n\n<div class=\"wp-block-column is-layout-flow wp-block-column-is-layout-flow\" style=\"padding-top:var(--wp--preset--spacing--x-large);padding-bottom:var(--wp--preset--spacing--x-large);padding-left:var(--wp--preset--spacing--x-large)\">\n<figure class=\"wp-block-image aligncenter size-full has-custom-border\"><img loading=\"lazy\" decoding=\"async\" width=\"310\" height=\"418\" src=\"https:\/\/canadiansciencecentres.ca\/wp-content\/uploads\/2024\/09\/ScienceUpFirst_icon.png\" alt=\"\" class=\"wp-image-19591\" style=\"border-top-left-radius:0px;border-top-right-radius:0px;border-bottom-left-radius:0px;border-bottom-right-radius:0px\"\/><\/figure>\n<\/div>\n<\/div>\n<\/div>\n\n<div style=\"height:100px\" aria-hidden=\"true\" class=\"wp-block-spacer\"><\/div>\n\n<div class=\"wp-block-group alignwide is-layout-flow wp-block-group-is-layout-flow\">\n<h2 class=\"wp-block-heading\">Membres de l&rsquo;ACCS X LaSciencedAbord<\/h2>\n\n\n\n<p>L&rsquo;infod\u00e9mie et la g\u00e9n\u00e9ralisation de la d\u00e9sinformation ont des effets diff\u00e9rents sur les membres de l&rsquo;ACCS. En tant qu&rsquo;initiative de l&rsquo;ACCS, les ressources qui alimentent LaSciencedAbord sont facilement disponibles pour soutenir les membres de l&rsquo;ACCS. <\/p>\n\n\n\n<p>Les membres de l&rsquo;ACCS et LaSciencedAbord ont notamment collabor\u00e9 dans les domaines suivants :<\/p>\n<\/div>\n\n<div style=\"height:60px\" aria-hidden=\"true\" class=\"wp-block-spacer\"><\/div>\n\n<div class=\"wp-block-group alignwide has-casc-yellow-background-color has-background is-layout-flow wp-block-group-is-layout-flow\" style=\"border-radius:15px;padding-top:var(--wp--preset--spacing--medium);padding-right:var(--wp--preset--spacing--medium);padding-bottom:var(--wp--preset--spacing--medium);padding-left:var(--wp--preset--spacing--medium)\">\n<h3 class=\"wp-block-heading\">Bourse d&rsquo;engagement communautaire LaSciencedAbord<\/h3>\n\n\n\n<p>Le programme de subventions \u00e0 l&rsquo;engagement communautaire de LaSciencedAbord a \u00e9t\u00e9 \u00e9labor\u00e9 gr\u00e2ce au financement du Fonds de partenariat pour la vaccination (FPI) de l&rsquo;Agence de sant\u00e9 publique du Canada. Le programme s&rsquo;est d\u00e9roul\u00e9 de 2022 \u00e0 mars 2023 et s&rsquo;est concentr\u00e9 sur les efforts communautaires visant \u00e0 am\u00e9liorer la confiance dans le vaccin COVID-19, \u00e0 lutter contre la d\u00e9sinformation sur les vaccins et \u00e0 faire reculer les maladies \u00e9vitables par la vaccination.<\/p>\n\n\n\n<p>L&rsquo;ACCS, par le biais de l&rsquo;initiative LaSciencedAbord, a mis au point une subvention de transit pour soutenir l&rsquo;engagement dans les communaut\u00e9s en qu\u00eate d&rsquo;\u00e9quit\u00e9 dans l&rsquo;ensemble du r\u00e9seau. La bourse d&rsquo;engagement communautaire a \u00e9t\u00e9 con\u00e7ue pour soutenir financi\u00e8rement les membres de l&rsquo;ACCS qui travaillent en consultation avec des communaut\u00e9s en qu\u00eate d&rsquo;\u00e9quit\u00e9 \u00e0 travers le Canada.<\/p>\n\n\n\n<p>Ces membres devaient mettre au point des activit\u00e9s d&rsquo;engagement du public visant \u00e0 am\u00e9liorer la compr\u00e9hension et l&rsquo;acceptance des rappels de vaccins contre la COVID-19, et recueillir des donn\u00e9es pr\u00e9cieuses sur la d\u00e9sinformation et les strat\u00e9gies utilis\u00e9es pour lutter contre la d\u00e9sinformation au sein de diverses communaut\u00e9s.<\/p>\n\n\n\n<p>Les b\u00e9n\u00e9ficiaires des subventions ont collabor\u00e9 avec des partenaires des communaut\u00e9s autochtones (Premi\u00e8res nations, Inuits et M\u00e9tis), des personnes racialis\u00e9es vivant au Canada, des nouveaux arrivants au Canada, des personnes 2SLGBTQIA+ et des personnes \u00e0 faible revenu et en situation d&rsquo;ins\u00e9curit\u00e9 alimentaire.<\/p>\n\n\n\n<div class=\"wp-block-buttons is-layout-flex wp-block-buttons-is-layout-flex\">\n<div class=\"wp-block-button\"><a class=\"wp-block-button__link has-white-color has-primary-background-color has-text-color has-background has-link-color wp-element-button\" href=\"https:\/\/canadiansciencecentres.ca\/fr\/lasciencedabord-anciens-recipiendaires\/\">Voir les anciens laur\u00e9ats<\/a><\/div>\n<\/div>\n<\/div>\n\n<div style=\"height:70px\" aria-hidden=\"true\" class=\"wp-block-spacer\"><\/div>\n\n<div class=\"wp-block-group alignwide is-layout-flow wp-block-group-is-layout-flow\">\n<div class=\"wp-block-columns is-layout-flex wp-container-core-columns-is-layout-28f84493 wp-block-columns-is-layout-flex\">\n<div class=\"wp-block-column is-vertically-aligned-center is-layout-flow wp-block-column-is-layout-flow\" style=\"flex-basis:45%\">\n<div class=\"wp-block-group has-global-padding is-layout-constrained wp-block-group-is-layout-constrained\">\n<figure class=\"wp-block-image size-full has-custom-border\"><img loading=\"lazy\" decoding=\"async\" width=\"720\" height=\"960\" src=\"https:\/\/canadiansciencecentres.ca\/wp-content\/uploads\/2024\/04\/20221004_141049_960.jpg\" alt=\"\" class=\"wp-image-18600\" style=\"border-radius:15px\" srcset=\"https:\/\/canadiansciencecentres.ca\/wp-content\/uploads\/2024\/04\/20221004_141049_960.jpg 720w, https:\/\/canadiansciencecentres.ca\/wp-content\/uploads\/2024\/04\/20221004_141049_960-640x853.jpg 640w\" sizes=\"auto, (max-width: 720px) 100vw, 720px\" \/><\/figure>\n<\/div>\n<\/div>\n\n\n\n<div class=\"wp-block-column is-layout-flow wp-block-column-is-layout-flow\" style=\"flex-basis:100%\">\n<div class=\"wp-block-group has-global-padding is-layout-constrained wp-block-group-is-layout-constrained\">\n<h3 class=\"wp-block-heading\">Comment s&rsquo;impliquer<\/h3>\n\n\n\n<p>Tout le monde peut participer \u00e0 LaSciencedAbord. Tout ce dont vous avez besoin pour participer, c&rsquo;est d&rsquo;un compte de m\u00e9dia social et d&rsquo;une adresse e-mail.<\/p>\n\n\n\n<ol class=\"wp-block-list\">\n<li><strong>Joignez-vous au mouvement <\/strong>: Suivez ce qu\u2019il se passe sur les m\u00e9dias sociaux.\n<ul class=\"wp-block-list\">\n<li><a href=\"https:\/\/www.facebook.com\/ScienceDabord\/\">Facebook<\/a><\/li>\n\n\n\n<li><a href=\"https:\/\/www.twitter.com\/LaScienceDAbord\">Twitter<\/a><\/li>\n\n\n\n<li><a href=\"https:\/\/www.instagram.com\/lasciencedabord\/\">Instagram<\/a><\/li>\n\n\n\n<li><a href=\"https:\/\/www.tiktok.com\/@lasciencedabord\">TikTok<\/a><\/li>\n<\/ul>\n<\/li>\n\n\n\n<li style=\"padding-top:var(--wp--preset--spacing--medium);padding-bottom:var(--wp--preset--spacing--medium)\"><strong>Consultez notre page de ressources \u00e0 <\/strong><a href=\"http:\/\/scienceupfirst.com\/resources\/\" data-type=\"link\" data-id=\"http:\/\/scienceupfirst.com\/resources\/\"><strong>ScienceUpFirst.com\/ressources\/?lang=fr<\/strong><\/a> <strong>pour<\/strong> des versions t\u00e9l\u00e9chargeables de tous nos articles r\u00e9cents<\/li>\n\n\n\n<li><strong>Utilisez le hashtag #LaSciencedAbord lors de votre participation :<\/strong>\n<ul class=\"wp-block-list\">\n<li>Publiez du contenu v\u00e9rifi\u00e9 par des expert.e.s<\/li>\n\n\n\n<li>Partagez du contenu v\u00e9rifi\u00e9 par des expert.e.s.<\/li>\n\n\n\n<li>Signalez de la d\u00e9sinformation en ligne.<\/li>\n<\/ul>\n<\/li>\n<\/ol>\n<\/div>\n<\/div>\n<\/div>\n<\/div>\n\n<div style=\"height:100px\" aria-hidden=\"true\" class=\"wp-block-spacer\"><\/div>\n","protected":false},"excerpt":{"rendered":"<p>Ensemble contre la d\u00e9sinformation LaSciencedAbord est une initiative nationale de l&rsquo;ACCS. Nous partageons les meilleures donn\u00e9es scientifiques disponibles de mani\u00e8re cr\u00e9ative afin d&rsquo;enrayer la propagation de la d\u00e9sinformation. Nous travaillons avec un collectif de scientifiques ind\u00e9pendant\u00b7e\u00b7s, de chercheur\u00b7euse\u00b7s, d&rsquo;expert\u00b7e\u00b7s en soins de sant\u00e9 et de communicateur\u00b7ice\u00b7s scientifiques pour cr\u00e9er, partager et r\u00e9pondre \u00e0 des informations [&hellip;]<\/p>\n","protected":false},"author":1,"featured_media":0,"parent":0,"menu_order":0,"comment_status":"closed","ping_status":"closed","template":"","meta":{"footnotes":""},"class_list":["post-17983","page","type-page","status-publish","hentry"],"acf":[],"_links":{"self":[{"href":"https:\/\/canadiansciencecentres.ca\/fr\/wp-json\/wp\/v2\/pages\/17983","targetHints":{"allow":["GET"]}}],"collection":[{"href":"https:\/\/canadiansciencecentres.ca\/fr\/wp-json\/wp\/v2\/pages"}],"about":[{"href":"https:\/\/canadiansciencecentres.ca\/fr\/wp-json\/wp\/v2\/types\/page"}],"author":[{"embeddable":true,"href":"https:\/\/canadiansciencecentres.ca\/fr\/wp-json\/wp\/v2\/users\/1"}],"replies":[{"embeddable":true,"href":"https:\/\/canadiansciencecentres.ca\/fr\/wp-json\/wp\/v2\/comments?post=17983"}],"version-history":[{"count":34,"href":"https:\/\/canadiansciencecentres.ca\/fr\/wp-json\/wp\/v2\/pages\/17983\/revisions"}],"predecessor-version":[{"id":19596,"href":"https:\/\/canadiansciencecentres.ca\/fr\/wp-json\/wp\/v2\/pages\/17983\/revisions\/19596"}],"wp:attachment":[{"href":"https:\/\/canadiansciencecentres.ca\/fr\/wp-json\/wp\/v2\/media?parent=17983"}],"curies":[{"name":"wp","href":"https:\/\/api.w.org\/{rel}","templated":true}]}}