{"id":17985,"date":"2023-12-12T17:23:54","date_gmt":"2023-12-13T01:23:54","guid":{"rendered":"http:\/\/canadiansciencecentres.ca\/semaine-de-lemerveillement\/"},"modified":"2024-01-25T11:17:55","modified_gmt":"2024-01-25T19:17:55","slug":"semaine-de-lemerveillement","status":"publish","type":"page","link":"https:\/\/canadiansciencecentres.ca\/fr\/semaine-de-lemerveillement\/","title":{"rendered":"Semaine de l&rsquo;\u00e9merveillement"},"content":{"rendered":"\n<div style=\"height:40px\" aria-hidden=\"true\" class=\"wp-block-spacer\"><\/div>\n\n<h1 class=\"wp-block-heading has-x-large-font-size\">#WEEKofWONDER<\/h1>\n\n<p>Une collaboration transnationale des membres de l&rsquo;ACCS en mati\u00e8re de culture scientifique<\/p>\n\n<p>L&rsquo;Association canadienne des centres de sciences (ACCS), en partenariat avec <a href=\"https:\/\/www.exploringbytheseat.com\/\" target=\"_blank\" rel=\"noreferrer noopener\">Exploring By The Seat Of Your Pants<\/a> (EBTSOYP), organise une #Semained&rsquo;\u00e9merveillement virtuelle de cinq jours (initiative pilote) pendant la <a href=\"http:\/\/www.scienceliteracy.ca\/\" target=\"_blank\" rel=\"noreferrer noopener\">Semaine de la culture scientifique <\/a>(#Scilit) <a href=\"http:\/\/www.scienceliteracy.ca\/\" target=\"_blank\" rel=\"noreferrer noopener\">du CRSNG <\/a>, du 20 au 24 septembre 2021.<\/p>\n\n<div class=\"wp-block-columns is-layout-flex wp-container-core-columns-is-layout-28f84493 wp-block-columns-is-layout-flex\">\n<div class=\"wp-block-column is-layout-flow wp-block-column-is-layout-flow\" style=\"flex-basis:100%\">\n<p><strong>Plus de 2 300 \u00e9ducateurs, \u00e9l\u00e8ves et classes de tout le Canada et du monde entier ont particip\u00e9 \u00e0 cette \u00e9tonnante collaboration transnationale en mati\u00e8re de culture scientifique.  <\/strong>Cet \u00e9v\u00e9nement d&rsquo;une semaine proposait une programmation virtuelle en mati\u00e8re de STIM de la part de 20 centres de sciences, mus\u00e9es et organisations de sensibilisation aux STIM parmi les plus importants du Canada. La programmation quotidienne offre des options pour un public francophone ou anglophone.  <\/p>\n<\/div>\n\n\n\n<div class=\"wp-block-column is-layout-flow wp-block-column-is-layout-flow\" style=\"flex-basis:100%\">\n<figure class=\"wp-block-image size-large\"><img loading=\"lazy\" decoding=\"async\" width=\"1280\" height=\"720\" src=\"https:\/\/canadiansciencecentres.ca\/wp-content\/uploads\/2023\/12\/Logo-1280x720.png\" alt=\"\" class=\"wp-image-16658\" srcset=\"https:\/\/canadiansciencecentres.ca\/wp-content\/uploads\/2023\/12\/Logo-1280x720.png 1280w, https:\/\/canadiansciencecentres.ca\/wp-content\/uploads\/2023\/12\/Logo-640x360.png 640w, https:\/\/canadiansciencecentres.ca\/wp-content\/uploads\/2023\/12\/Logo-768x432.png 768w, https:\/\/canadiansciencecentres.ca\/wp-content\/uploads\/2023\/12\/Logo-1536x864.png 1536w, https:\/\/canadiansciencecentres.ca\/wp-content\/uploads\/2023\/12\/Logo.png 1920w\" sizes=\"auto, (max-width: 1280px) 100vw, 1280px\" \/><\/figure>\n<\/div>\n<\/div>\n\n<div style=\"height:100px\" aria-hidden=\"true\" class=\"wp-block-spacer\"><\/div>\n\n<h2 class=\"wp-block-heading has-large-font-size\"><strong>Enregistrements de la programmation de #WeekOfWonder<\/strong><\/h2>\n\n<figure class=\"wp-block-image size-full\"><img loading=\"lazy\" decoding=\"async\" width=\"1\" height=\"1\" src=\"https:\/\/canadiansciencecentres.ca\/wp-content\/uploads\/2023\/12\/image.gif\" alt=\"\" class=\"wp-image-16635\"\/><\/figure>\n\n<p><strong>C.I.EAU <\/strong> QC<\/p>\n\n<p><strong>Les super-h\u00e9ros insolites de l&rsquo;eau<\/strong><\/p>\n\n<p>\u00c2ge : 12-14 ans 12-14 ans Langue : Fran\u00e7ais<\/p>\n\n<figure class=\"wp-block-embed is-type-rich is-provider-embed-handler wp-block-embed-embed-handler wp-embed-aspect-16-9 wp-has-aspect-ratio\"><div class=\"wp-block-embed__wrapper\">\n<iframe loading=\"lazy\" title=\"Animation virtuelle : Superh\u00e9ros insolites de l\u2019eau - C.I.EAU\" width=\"500\" height=\"281\" src=\"https:\/\/www.youtube.com\/embed\/8gRoctDqPX8?feature=oembed\" frameborder=\"0\" allow=\"accelerometer; autoplay; clipboard-write; encrypted-media; gyroscope; picture-in-picture; web-share\" referrerpolicy=\"strict-origin-when-cross-origin\" allowfullscreen><\/iframe>\n<\/div><\/figure>\n\n<figure class=\"wp-block-image size-full\"><img loading=\"lazy\" decoding=\"async\" width=\"1\" height=\"1\" src=\"https:\/\/canadiansciencecentres.ca\/wp-content\/uploads\/2023\/12\/image.gif\" alt=\"\" class=\"wp-image-16636\"\/><\/figure>\n\n<p><strong>Centre de d\u00e9couverte du fleuve Fraser <\/strong>BC<\/p>\n\n<p><strong>Naturaliste junior<\/strong><br\/>\u00c2ge : Tous les \u00e2ges Langue : Anglais<\/p>\n\n<figure class=\"wp-block-embed is-type-rich is-provider-embed-handler wp-block-embed-embed-handler wp-embed-aspect-16-9 wp-has-aspect-ratio\"><div class=\"wp-block-embed__wrapper\">\n<iframe loading=\"lazy\" title=\"Fraser River Discovery Centre - Junior Naturalist\" width=\"500\" height=\"281\" src=\"https:\/\/www.youtube.com\/embed\/bE_JF9Ogmtw?feature=oembed\" frameborder=\"0\" allow=\"accelerometer; autoplay; clipboard-write; encrypted-media; gyroscope; picture-in-picture; web-share\" referrerpolicy=\"strict-origin-when-cross-origin\" allowfullscreen><\/iframe>\n<\/div><\/figure>\n\n<p><strong>H.R MacMillan Space Centre<\/strong> BC<\/p>\n\n<p><strong>Vivre dans des environnements extr\u00eames<\/strong><\/p>\n\n<p>\u00c2ge : 10-12 ans 10-12 ans Langue : Anglais<\/p>\n\n<figure class=\"wp-block-embed is-type-rich is-provider-embed-handler wp-block-embed-embed-handler wp-embed-aspect-16-9 wp-has-aspect-ratio\"><div class=\"wp-block-embed__wrapper\">\n<iframe loading=\"lazy\" title=\"Living in Extreme Environments - HR MacMillan Space Centre\" width=\"500\" height=\"281\" src=\"https:\/\/www.youtube.com\/embed\/pp_RO8wezeI?feature=oembed\" frameborder=\"0\" allow=\"accelerometer; autoplay; clipboard-write; encrypted-media; gyroscope; picture-in-picture; web-share\" referrerpolicy=\"strict-origin-when-cross-origin\" allowfullscreen><\/iframe>\n<\/div><\/figure>\n\n<p><strong>Indus Space<\/strong> ON<\/p>\n\n<p><strong>Suivre le changement climatique depuis l&rsquo;espace<\/strong><br\/>\u00c2ge : 9-14 ans 9-14 ans Langue : Anglais<\/p>\n\n<figure class=\"wp-block-embed is-type-rich is-provider-embed-handler wp-block-embed-embed-handler wp-embed-aspect-16-9 wp-has-aspect-ratio\"><div class=\"wp-block-embed__wrapper\">\n<iframe loading=\"lazy\" title=\"Tracking Climate Change from Space - Indus Space\" width=\"500\" height=\"281\" src=\"https:\/\/www.youtube.com\/embed\/g5CTGKdj3ec?feature=oembed\" frameborder=\"0\" allow=\"accelerometer; autoplay; clipboard-write; encrypted-media; gyroscope; picture-in-picture; web-share\" referrerpolicy=\"strict-origin-when-cross-origin\" allowfullscreen><\/iframe>\n<\/div><\/figure>\n\n<p><strong>Ingenium : Mus\u00e9e canadien de l&rsquo;agriculture et de l&rsquo;alimentation<\/strong> ON<\/p>\n\n<p>\u00c0 la rencontre des bestioles du sol : un voyage microscopique<br\/>\u00c2ge : 9-12 ans : 9-12 ans Langue : Fran\u00e7ais  <\/p>\n\n<figure class=\"wp-block-embed is-type-rich is-provider-embed-handler wp-block-embed-embed-handler wp-embed-aspect-16-9 wp-has-aspect-ratio\"><div class=\"wp-block-embed__wrapper\">\n<iframe loading=\"lazy\" title=\"\u00c0 la rencontre des bestioles du sol : un voyage microscopique - Ingenium\" width=\"500\" height=\"281\" src=\"https:\/\/www.youtube.com\/embed\/8Q9DpkAIwk0?feature=oembed\" frameborder=\"0\" allow=\"accelerometer; autoplay; clipboard-write; encrypted-media; gyroscope; picture-in-picture; web-share\" referrerpolicy=\"strict-origin-when-cross-origin\" allowfullscreen><\/iframe>\n<\/div><\/figure>\n\n<p><strong>La Maison L\u00e9on-Provancher<\/strong> QC<\/p>\n\n<p><strong>Les effets du climat sur les amphibiens<\/strong><\/p>\n\n<p>\u00c2ge : 9-12 ans : 9-12 ans Langue : Fran\u00e7ais<\/p>\n\n<figure class=\"wp-block-embed is-type-rich is-provider-embed-handler wp-block-embed-embed-handler wp-embed-aspect-16-9 wp-has-aspect-ratio\"><div class=\"wp-block-embed__wrapper\">\n<iframe loading=\"lazy\" title=\"Les effets du climat sur les amphibiens - La Maison L\u00e9on-Provancher\" width=\"500\" height=\"281\" src=\"https:\/\/www.youtube.com\/embed\/pkx2pl1QeZg?feature=oembed\" frameborder=\"0\" allow=\"accelerometer; autoplay; clipboard-write; encrypted-media; gyroscope; picture-in-picture; web-share\" referrerpolicy=\"strict-origin-when-cross-origin\" allowfullscreen><\/iframe>\n<\/div><\/figure>\n\n<p>Mus\u00e9e du Manitoba MB<\/p>\n\n<p><strong>Sauvez les lacs !<\/strong><br\/>\u00c2ge : 10-13 ans 10-13 ans Langue : Anglais<\/p>\n\n<figure class=\"wp-block-embed is-type-rich is-provider-embed-handler wp-block-embed-embed-handler wp-embed-aspect-16-9 wp-has-aspect-ratio\"><div class=\"wp-block-embed__wrapper\">\n<iframe loading=\"lazy\" title=\"Save The Lakes! The Manitoba Museum\" width=\"500\" height=\"281\" src=\"https:\/\/www.youtube.com\/embed\/QARKK39iYg0?feature=oembed\" frameborder=\"0\" allow=\"accelerometer; autoplay; clipboard-write; encrypted-media; gyroscope; picture-in-picture; web-share\" referrerpolicy=\"strict-origin-when-cross-origin\" allowfullscreen><\/iframe>\n<\/div><\/figure>\n\n<p><strong>Centre scientifique de l&rsquo;Ontario<\/strong> ON<\/p>\n\n<p><strong>Quelle est votre demande ?<\/strong><\/p>\n\n<p>\u00c2ge : 8-13 ans 8-13 ans Langue : Anglais<\/p>\n\n<figure class=\"wp-block-embed is-type-rich is-provider-embed-handler wp-block-embed-embed-handler wp-embed-aspect-16-9 wp-has-aspect-ratio\"><div class=\"wp-block-embed__wrapper\">\n<iframe loading=\"lazy\" title=\"What\u2019s Your Inquiry? with the Ontario Science Centre\" width=\"500\" height=\"281\" src=\"https:\/\/www.youtube.com\/embed\/zdmcTn8ACOc?feature=oembed\" frameborder=\"0\" allow=\"accelerometer; autoplay; clipboard-write; encrypted-media; gyroscope; picture-in-picture; web-share\" referrerpolicy=\"strict-origin-when-cross-origin\" allowfullscreen><\/iframe>\n<\/div><\/figure>\n\n<figure class=\"wp-block-embed is-type-rich is-provider-embed-handler wp-block-embed-embed-handler wp-embed-aspect-16-9 wp-has-aspect-ratio\"><div class=\"wp-block-embed__wrapper\">\n<iframe loading=\"lazy\" title=\"DJ Ocean, Drop The Base! How Our Oceans are Becoming More Acidic - Petty Harbour Mini Aquarium\" width=\"500\" height=\"281\" src=\"https:\/\/www.youtube.com\/embed\/1SpfQ9KVJUc?feature=oembed\" frameborder=\"0\" allow=\"accelerometer; autoplay; clipboard-write; encrypted-media; gyroscope; picture-in-picture; web-share\" referrerpolicy=\"strict-origin-when-cross-origin\" allowfullscreen><\/iframe>\n<\/div><\/figure>\n\n<p>Aquarium Ripley&rsquo;s du Canada ON<br\/><strong>Le corail en crise<\/strong><\/p>\n\n<p>\u00c2ge : 9-13 ans 9-13 ans Langue : Anglais<\/p>\n\n<figure class=\"wp-block-embed is-type-rich is-provider-embed-handler wp-block-embed-embed-handler wp-embed-aspect-16-9 wp-has-aspect-ratio\"><div class=\"wp-block-embed__wrapper\">\n<iframe loading=\"lazy\" title=\"Coral in Crisis - Ripley&#039;s Aquarium\" width=\"500\" height=\"281\" src=\"https:\/\/www.youtube.com\/embed\/CNlvj7IBH5k?feature=oembed\" frameborder=\"0\" allow=\"accelerometer; autoplay; clipboard-write; encrypted-media; gyroscope; picture-in-picture; web-share\" referrerpolicy=\"strict-origin-when-cross-origin\" allowfullscreen><\/iframe>\n<\/div><\/figure>\n\n<p><strong>Steamlabs <\/strong>ON<br\/><strong>La cuisine indig\u00e8ne avec un soup\u00e7on d&rsquo;intelligence artificielle !<\/strong><\/p>\n\n<p>\u00c2ge : 12-17 ans 12-17 ans Langue : Anglais<\/p>\n\n<figure class=\"wp-block-embed is-type-rich is-provider-embed-handler wp-block-embed-embed-handler wp-embed-aspect-16-9 wp-has-aspect-ratio\"><div class=\"wp-block-embed__wrapper\">\n<iframe loading=\"lazy\" title=\"Indigenous Cooking with a dash of Artificial Intelligence! - STEAMLabs\" width=\"500\" height=\"281\" src=\"https:\/\/www.youtube.com\/embed\/Pgtm5TXAykk?feature=oembed\" frameborder=\"0\" allow=\"accelerometer; autoplay; clipboard-write; encrypted-media; gyroscope; picture-in-picture; web-share\" referrerpolicy=\"strict-origin-when-cross-origin\" allowfullscreen><\/iframe>\n<\/div><\/figure>\n\n<p><strong>Centre des sciences de la Saskatchewan <\/strong>SK<br\/><strong>Adaptations des animaux et des \u00e9cosyst\u00e8mes en Saskatchewan<\/strong><\/p>\n\n<p>\u00c2ge : 9-13 ans 9-13 ans Langue : Anglais<\/p>\n\n<figure class=\"wp-block-embed is-type-rich is-provider-embed-handler wp-block-embed-embed-handler wp-embed-aspect-16-9 wp-has-aspect-ratio\"><div class=\"wp-block-embed__wrapper\">\n<iframe loading=\"lazy\" title=\"Adaptations of Animals and Ecosystems in Saskatchewan - Sask Science Centre\" width=\"500\" height=\"281\" src=\"https:\/\/www.youtube.com\/embed\/vu9I_wqX7Wo?feature=oembed\" frameborder=\"0\" allow=\"accelerometer; autoplay; clipboard-write; encrypted-media; gyroscope; picture-in-picture; web-share\" referrerpolicy=\"strict-origin-when-cross-origin\" allowfullscreen><\/iframe>\n<\/div><\/figure>\n\n<p><strong>Science Nord<\/strong> ON<br\/><strong>Visite virtuelle de l&rsquo;ing\u00e9niosit\u00e9 indig\u00e8ne<\/strong><\/p>\n\n<p>\u00c2ge : 9-13 ans 9-13 ans Langue : Anglais<\/p>\n\n<figure class=\"wp-block-embed is-type-rich is-provider-embed-handler wp-block-embed-embed-handler wp-embed-aspect-16-9 wp-has-aspect-ratio\"><div class=\"wp-block-embed__wrapper\">\n<iframe loading=\"lazy\" title=\"Indigenous Ingenuity Virtual Tour - Science North\" width=\"500\" height=\"281\" src=\"https:\/\/www.youtube.com\/embed\/rsIMXuIxDv0?feature=oembed\" frameborder=\"0\" allow=\"accelerometer; autoplay; clipboard-write; encrypted-media; gyroscope; picture-in-picture; web-share\" referrerpolicy=\"strict-origin-when-cross-origin\" allowfullscreen><\/iframe>\n<\/div><\/figure>\n\n<figure class=\"wp-block-image size-full\"><img loading=\"lazy\" decoding=\"async\" width=\"1\" height=\"1\" src=\"https:\/\/canadiansciencecentres.ca\/wp-content\/uploads\/2023\/12\/image.gif\" alt=\"\" class=\"wp-image-16637\"\/><\/figure>\n\n<p><strong>Science East<\/strong> NB<br\/><strong>Adaptations<\/strong><\/p>\n\n<p>\u00c2ge : 9-13 ans 9-13 ans Langue : Fran\u00e7ais<\/p>\n\n<figure class=\"wp-block-embed is-type-rich is-provider-embed-handler wp-block-embed-embed-handler wp-embed-aspect-16-9 wp-has-aspect-ratio\"><div class=\"wp-block-embed__wrapper\">\n<iframe loading=\"lazy\" title=\"Adaptations - Science East\" width=\"500\" height=\"281\" src=\"https:\/\/www.youtube.com\/embed\/zObyx-O_pPM?feature=oembed\" frameborder=\"0\" allow=\"accelerometer; autoplay; clipboard-write; encrypted-media; gyroscope; picture-in-picture; web-share\" referrerpolicy=\"strict-origin-when-cross-origin\" allowfullscreen><\/iframe>\n<\/div><\/figure>\n\n<p><strong>Science Timmins<\/strong> ON<br\/><strong>Pensons diff\u00e9remment et scientifiquement : Contr\u00f4lons-nous notre climat ?<\/strong><\/p>\n\n<p>\u00c2ge : 9-16 ans 9-16 ans Langue : Fran\u00e7ais<\/p>\n\n<figure class=\"wp-block-embed is-type-rich is-provider-embed-handler wp-block-embed-embed-handler wp-embed-aspect-16-9 wp-has-aspect-ratio\"><div class=\"wp-block-embed__wrapper\">\n<iframe loading=\"lazy\" title=\"Science Timmins: Sommes-nous en contr\u00f4le de notre climat?\" width=\"500\" height=\"281\" src=\"https:\/\/www.youtube.com\/embed\/bbPmAEvlT1g?feature=oembed\" frameborder=\"0\" allow=\"accelerometer; autoplay; clipboard-write; encrypted-media; gyroscope; picture-in-picture; web-share\" referrerpolicy=\"strict-origin-when-cross-origin\" allowfullscreen><\/iframe>\n<\/div><\/figure>\n\n<p><strong>Science World <\/strong>BC<br\/><strong>Terre, vent et science<\/strong><br\/>\u00c2ge : 8-13 ans 8-13 ans Langue : Anglais<\/p>\n\n<figure class=\"wp-block-embed is-type-rich is-provider-embed-handler wp-block-embed-embed-handler wp-embed-aspect-16-9 wp-has-aspect-ratio\"><div class=\"wp-block-embed__wrapper\">\n<iframe loading=\"lazy\" title=\"Earth Wind and Science - Science World\" width=\"500\" height=\"281\" src=\"https:\/\/www.youtube.com\/embed\/IteROOJM6ZY?feature=oembed\" frameborder=\"0\" allow=\"accelerometer; autoplay; clipboard-write; encrypted-media; gyroscope; picture-in-picture; web-share\" referrerpolicy=\"strict-origin-when-cross-origin\" allowfullscreen><\/iframe>\n<\/div><\/figure>\n\n<p><strong>Centre scientifique TELUS Spark <\/strong>AB<br\/><strong>En direct de Polar Bears International<\/strong><\/p>\n\n<p>\u00c2ge : 9-13 ans 9-13 ans Langue : Anglais<\/p>\n\n<figure class=\"wp-block-embed is-type-rich is-provider-embed-handler wp-block-embed-embed-handler wp-embed-aspect-16-9 wp-has-aspect-ratio\"><div class=\"wp-block-embed__wrapper\">\n<iframe loading=\"lazy\" title=\"Direct From Polar Bears International - with Telus Spark\" width=\"500\" height=\"281\" src=\"https:\/\/www.youtube.com\/embed\/yNT6VRIZq0A?feature=oembed\" frameborder=\"0\" allow=\"accelerometer; autoplay; clipboard-write; encrypted-media; gyroscope; picture-in-picture; web-share\" referrerpolicy=\"strict-origin-when-cross-origin\" allowfullscreen><\/iframe>\n<\/div><\/figure>\n\n<p>TELUS <strong>World of Science &#8211; Edmonton (TWOSE) <\/strong>BC<br\/><strong>Le temps r\u00e9v\u00e9l\u00e9<\/strong><\/p>\n\n<p>\u00c2ge : 10-13 ans 10-13 ans Langue : Anglais<\/p>\n\n<figure class=\"wp-block-embed is-type-rich is-provider-embed-handler wp-block-embed-embed-handler wp-embed-aspect-16-9 wp-has-aspect-ratio\"><div class=\"wp-block-embed__wrapper\">\n<iframe loading=\"lazy\" title=\"Weather Revealed - TWOSE\" width=\"500\" height=\"281\" src=\"https:\/\/www.youtube.com\/embed\/uAxu386b7ug?feature=oembed\" frameborder=\"0\" allow=\"accelerometer; autoplay; clipboard-write; encrypted-media; gyroscope; picture-in-picture; web-share\" referrerpolicy=\"strict-origin-when-cross-origin\" allowfullscreen><\/iframe>\n<\/div><\/figure>\n\n<p><strong>The Exploration Place Museum &amp; Science Centre <\/strong>BC<br\/><strong>Rencontrer, saluer et voir ce qu&rsquo;ils mangent !<\/strong><\/p>\n\n<p>\u00c2ge : 5 ans et plus : 5+ Langue : Anglais<\/p>\n\n<figure class=\"wp-block-embed is-type-rich is-provider-embed-handler wp-block-embed-embed-handler wp-embed-aspect-16-9 wp-has-aspect-ratio\"><div class=\"wp-block-embed__wrapper\">\n<iframe loading=\"lazy\" title=\"Meet, greet and see what they eat! - Exploration Place\" width=\"500\" height=\"281\" src=\"https:\/\/www.youtube.com\/embed\/eP75-9dCeAE?feature=oembed\" frameborder=\"0\" allow=\"accelerometer; autoplay; clipboard-write; encrypted-media; gyroscope; picture-in-picture; web-share\" referrerpolicy=\"strict-origin-when-cross-origin\" allowfullscreen><\/iframe>\n<\/div><\/figure>\n\n<p><strong>THEMUSEUM <\/strong>SUR<br\/><strong>Dinosaures et changement climatique<\/strong><br\/>\u00c2ge : 9-13 ans 9-13 ans Langue : Anglais<\/p>\n\n<figure class=\"wp-block-embed is-type-rich is-provider-embed-handler wp-block-embed-embed-handler wp-embed-aspect-16-9 wp-has-aspect-ratio\"><div class=\"wp-block-embed__wrapper\">\n<iframe loading=\"lazy\" title=\"Dinosaurs &amp; Climate Change - THEMUSEUM\" width=\"500\" height=\"281\" src=\"https:\/\/www.youtube.com\/embed\/_JfsxuCqtQs?feature=oembed\" frameborder=\"0\" allow=\"accelerometer; autoplay; clipboard-write; encrypted-media; gyroscope; picture-in-picture; web-share\" referrerpolicy=\"strict-origin-when-cross-origin\" allowfullscreen><\/iframe>\n<\/div><\/figure>\n\n<div style=\"height:100px\" aria-hidden=\"true\" class=\"wp-block-spacer\"><\/div>\n","protected":false},"excerpt":{"rendered":"<p>#WEEKofWONDER Une collaboration transnationale des membres de l&rsquo;ACCS en mati\u00e8re de culture scientifique L&rsquo;Association canadienne des centres de sciences (ACCS), en partenariat avec Exploring By The Seat Of Your Pants (EBTSOYP), organise une #Semained&rsquo;\u00e9merveillement virtuelle de cinq jours (initiative pilote) pendant la Semaine de la culture scientifique (#Scilit) du CRSNG , du 20 au 24 [&hellip;]<\/p>\n","protected":false},"author":1,"featured_media":0,"parent":0,"menu_order":0,"comment_status":"closed","ping_status":"closed","template":"","meta":{"footnotes":""},"class_list":["post-17985","page","type-page","status-publish","hentry"],"acf":[],"_links":{"self":[{"href":"https:\/\/canadiansciencecentres.ca\/fr\/wp-json\/wp\/v2\/pages\/17985","targetHints":{"allow":["GET"]}}],"collection":[{"href":"https:\/\/canadiansciencecentres.ca\/fr\/wp-json\/wp\/v2\/pages"}],"about":[{"href":"https:\/\/canadiansciencecentres.ca\/fr\/wp-json\/wp\/v2\/types\/page"}],"author":[{"embeddable":true,"href":"https:\/\/canadiansciencecentres.ca\/fr\/wp-json\/wp\/v2\/users\/1"}],"replies":[{"embeddable":true,"href":"https:\/\/canadiansciencecentres.ca\/fr\/wp-json\/wp\/v2\/comments?post=17985"}],"version-history":[{"count":0,"href":"https:\/\/canadiansciencecentres.ca\/fr\/wp-json\/wp\/v2\/pages\/17985\/revisions"}],"wp:attachment":[{"href":"https:\/\/canadiansciencecentres.ca\/fr\/wp-json\/wp\/v2\/media?parent=17985"}],"curies":[{"name":"wp","href":"https:\/\/api.w.org\/{rel}","templated":true}]}}