{"id":17989,"date":"2019-10-30T14:20:10","date_gmt":"2019-10-30T18:20:10","guid":{"rendered":"http:\/\/canadiansciencecentres.ca\/politique-de-confidentialite\/"},"modified":"2024-08-28T14:44:22","modified_gmt":"2024-08-28T18:44:22","slug":"politique-de-confidentialite","status":"publish","type":"page","link":"https:\/\/canadiansciencecentres.ca\/fr\/politique-de-confidentialite\/","title":{"rendered":"Politique de confidentialit\u00e9"},"content":{"rendered":"\n<div class=\"wp-block-group alignwide mdpadding is-layout-flow wp-block-group-is-layout-flow\">\n<div style=\"height:60px\" aria-hidden=\"true\" class=\"wp-block-spacer\"><\/div>\n\n\n\n<div id=\"policy\" data-policy-key=\"VGs1bVJDOUVRbGxwYW5wRWWRTlQUT09\" data-extra=\"h-align=left&amp;table-style=accordion\"><link href=\"https:\/\/app.termageddon.com\/css\/policy.css?v=20210506\" rel=\"stylesheet\"><article><h2>Politique de confidentialit\u00e9<\/h2><p class=\"tg-last-updated-date\">Derni\u00e8re mise \u00e0 jour : 28 ao\u00fbt 2024 13:33 PM<\/p><p>Nous accordons une grande importance \u00e0 la protection de votre vie priv\u00e9e. Veuillez lire attentivement la pr\u00e9sente politique de confidentialit\u00e9 avant d&rsquo;utiliser le site Web canadiansciencecentres.ca (et le sous-site scienceupfirst.com) (le \u00ab\u00a0site Web\u00a0\u00bb) exploit\u00e9 par l&rsquo;Association canadienne des centres de sciences, une (n) soci\u00e9t\u00e9 constitu\u00e9e en Ontario, Canada (\u00ab\u00a0nous\u00a0\u00bb, \u00ab\u00a0nous\u00a0\u00bb, \u00ab\u00a0notre\u00a0\u00bb), car la pr\u00e9sente politique de confidentialit\u00e9 contient des renseignements importants concernant votre vie priv\u00e9e et la fa\u00e7on dont nous pouvons utiliser les renseignements que nous recueillons \u00e0 votre sujet.<\/p> <p>La pr\u00e9sente politique de confidentialit\u00e9 contient des renseignements importants concernant votre vie priv\u00e9e et la fa\u00e7on dont nous pouvons utiliser les renseignements que nous recueillons \u00e0 votre sujet.\n\n<Votre acc\u00e8s au site web et votre utilisation de celui-ci sont subordonn\u00e9s \u00e0 votre acceptation et \u00e0 votre respect de la pr\u00e9sente politique de protection de la vie priv\u00e9e. Cette politique de confidentialit\u00e9 s'applique \u00e0 tous, y compris, mais sans s'y limiter, aux visiteurs, aux utilisateurs et aux autres personnes qui souhaitent acc\u00e9der au site web ou l'utiliser.<\/p> <p>La pr\u00e9sente politique de confidentialit\u00e9 s&rsquo;applique \u00e0 tous les utilisateurs du site web.\n\n<En acc\u00e9dant au site web ou en l'utilisant, vous acceptez d'\u00eatre li\u00e9 par la pr\u00e9sente politique de confidentialit\u00e9. Si vous n'\u00eates pas d'accord avec une quelconque partie de la politique de confidentialit\u00e9, vous n'avez pas l'autorisation d'acc\u00e9der au site web ou de l'utiliser.\n\n<h2 class=\"\">Quelles sont les informations que nous recueillons, o\u00f9 nous les obtenons et comment nous les utilisons<\/h2><p>Nous recueillons toutes les informations que vous saisissez sur ce site web. Nous recueillons les informations suivantes \u00e0 votre sujet :<\/p><div class=\"accordions\"><details class=\"accordion\"><summary class=\"accordion-summary\"><h3 class=\"accordion-heading\">Informations d&rsquo;identification &#8211; Nom<\/h3><\/summary><div class=\"accordion-content\"><div class=\"accordion-section\"><h4 class=\"accordion-section-heading\">Information sp\u00e9cifique<\/h4><div class=\"accordion-section-content\">Nom<\/div><\/div><div class=\"accordion-section\"><h4 class=\"accordion-section-heading\">O\u00f9 obtenons-nous cette information<\/h4><div class=\"accordion-section-content\"><ul><li>Information soumise par le consommateur.<\/li><\/ul><\/div><\/div><div class=\"accordion-section\"><h4 class=\"accordion-section-heading\">Comment nous utilisons ces informations<\/h4><div class=\"accordion-section-content\"><ul><li>Ex\u00e9cuter des services;<\/li><li>Fournir un service \u00e0 la client\u00e8le;<\/li><li>V\u00e9rifier les renseignements sur les clients.<\/li><\/ul><\/div><\/div><\/div><\/details><details class=\"accordion\"><summary class=\"accordion-summary\"><h3 class=\"accordion-heading\">Informations d&rsquo;identification &#8211; Adresse de facturation<\/h3><\/summary><div class=\"accordion-content\"><div class=\"accordion-section\"><h4 class=\"accordion-section-heading\">Information sp\u00e9cifique<\/h4><div class=\"accordion-section-content\">Adresse de facturation<\/div><\/div><div class=\"accordion-section\"><h4 class=\"accordion-section-heading\">O\u00f9 nous obtenons cette information<\/h4><div class=\"accordion-section-content\"><ul><li>Information soumise par le consommateur.<\/li><\/ul><\/div><\/div><div class=\"accordion-section\"><h4 class=\"accordion-section-heading\">Comment nous utilisons ces informations<\/h4><div class=\"accordion-section-content\"><ul><li>Ex\u00e9cuter des services;<\/li><li>Fournir un service \u00e0 la client\u00e8le;<\/li><li>V\u00e9rifier les renseignements sur les clients.<\/li><\/ul><\/div><\/div><\/div><\/details><details class=\"accordion\"><summary class=\"accordion-summary\"><h3 class=\"accordion-heading\">Information d&rsquo;identification &#8211; Num\u00e9ro de t\u00e9l\u00e9phone<\/h3><\/summary><div class=\"accordion-content\"><div class=\"accordion-section\"><h4 class=\"accordion-section-heading\">Information sp\u00e9cifique<\/h4><div class=\"accordion-section-content\">Num\u00e9ro de t\u00e9l\u00e9phone<\/div><\/div><div class=\"accordion-section\"><h4 class=\"accordion-section-heading\">O\u00f9 nous obtenons cette information<\/h4><div class=\"accordion-section-content\"><ul><li>Information soumise par le consommateur.<\/li><\/ul><\/div><\/div><div class=\"accordion-section\"><h4 class=\"accordion-section-heading\">Comment nous utilisons ces informations<\/h4><div class=\"accordion-section-content\"><ul><li>Ex\u00e9cuter des services;<\/li><li>Fournir un service \u00e0 la client\u00e8le;<\/li><li>V\u00e9rifier les renseignements sur les clients.<\/li><\/ul><\/div><\/div><\/div><\/details><details class=\"accordion\"><summary class=\"accordion-summary\"><h3 class=\"accordion-heading\">Informations d&rsquo;identification &#8211; Adresse IP<\/h3><\/summary><div class=\"accordion-content\"><div class=\"accordion-section\"><h4 class=\"accordion-section-heading\">Informations sp\u00e9cifiques<\/h4><div class=\"accordion-section-content\">Adresse IP<\/div><\/div><div class=\"accordion-section\"><h4 class=\"accordion-section-heading\">O\u00f9 obtenons-nous cette information<\/h4><div class=\"accordion-section-content\"><ul><li>L&rsquo;observation et l&rsquo;enregistrement des activit\u00e9s par l&rsquo;entreprise, par exemple par l&rsquo;utilisation de cookies.<\/li><\/ul><\/div><div class=\"accordion-section\"><h4 class=\"accordion-section-heading\">Comment nous utilisons ces informations<\/h4><div class=\"accordion-section-content\"><ul><li>Analytique.<\/li><\/ul><\/div><\/div><\/div><\/details><details class=\"accordion\"><summary class=\"accordion-summary\"><h3 class=\"accordion-heading\">Informations d&rsquo;identification &#8211; Adresse \u00e9lectronique<\/h3><\/summary><div class=\"accordion-content\"><div class=\"accordion-section\"><h4 class=\"accordion-section-heading\">Information sp\u00e9cifique<\/h4><div class=\"accordion-section-content\">Adresse \u00e9lectronique<\/div><\/div><div class=\"accordion-section\"><h4 class=\"accordion-section-heading\">O\u00f9 nous obtenons cette information<\/h4><div class=\"accordion-section-content\"><ul><li>Information soumise par le consommateur.<\/li><\/ul><\/div><\/div><div class=\"accordion-section\"><h4 class=\"accordion-section-heading\">Comment nous utilisons ces informations<\/h4><div class=\"accordion-section-heading\">Comment nous utilisons ces informations<\/h4><div class=\"accordion-section-heading\">comment nous les utilisons.\/h4><div class=\"accordion-section-content\"><ul><li>La prestation de services;<\/li><li>La prestation de services \u00e0 la client\u00e8le.<\/li><\/ul><\/div><\/div><\/div><\/details><details class=\"accordion\"><summary class=\"accordion-summary\"><h3 class=\"accordion-heading\">Informations d&rsquo;identification &#8211; Identifiant de l&rsquo;appareil<\/h3><\/summary><div class=\"accordion-content\"><div class=\"accordion-section\"><h4 class=\"accordion-section-heading\">Informations sp\u00e9cifiques<\/h4><div class=\"accordion-section-content\">Identifiant de l&rsquo;appareil<\/div><\/div><div class=\"accordion-section\"><h4 class=\"accordion-section-heading\">D&rsquo;o\u00f9 proviennent ces informations<\/h4><div class=\"accordion-section-content\"><ul><li>L&rsquo;observation et l&rsquo;enregistrement d&rsquo;activit\u00e9s par l&rsquo;entreprise, par exemple par l&rsquo;utilisation de cookies.<\/li><\/ul><\/div><div class=\"accordion-section-heading\"><h4 class=\"accordion-section-heading\">Comment nous utilisons ces informations<\/h4><div class=\"accordion-section-content\"><ul><li>Analytique.<\/li><\/ul><\/div><\/div><\/div><\/details><details class=\"accordion\"><summary class=\"accordion-summary\"><h3 class=\"accordion-heading\">Informations financi\u00e8res &#8211; Num\u00e9ro de carte de cr\u00e9dit ou de d\u00e9bit<\/h3><\/summary><div class=\"accordion-content\"><div class=\"accordion-section\"><h4 class=\"accordion-section-heading\">Information sp\u00e9cifique<\/h4><div class=\"accordion-section-content\">Num\u00e9ro de carte de cr\u00e9dit ou de d\u00e9bit<\/div><\/div><div class=\"accordion-section\"><h4 class=\"accordion-section-heading\">O\u00f9 nous obtenons ces informations<\/h4><div class=\"accordion-section-content\"><ul><li>Information soumise par le consommateur.<\/li><\/ul><\/div><\/div><div class=\"accordion-section\"><h4 class=\"accordion-section-heading\">Comment nous utilisons ces informations<\/h4><div class=\"accordion-section-content\"><ul><li>Ex\u00e9cuter des services;<\/li><li>Fournir un service \u00e0 la client\u00e8le;<\/li><li>V\u00e9rifier les renseignements sur les clients.<\/li><\/ul><\/div><\/div><\/div><\/details><details class=\"accordion\"><summary class=\"accordion-summary\"><h3 class=\"accordion-heading\">Information financi\u00e8re &#8211; Date d&rsquo;expiration de la carte<\/h3><\/summary><div class=\"accordion-content\"><div class=\"accordion-section\"><h4 class=\"accordion-section-heading\">Information sp\u00e9cifique<\/h4><div class=\"accordion-section-content\">Date d&rsquo;expiration de la carte<\/div><\/div><div class=\"accordion-section\"><h4 class=\"accordion-section-heading\">O\u00f9 nous obtenons cette information<\/h4><div class=\"accordion-section-content\"><ul><li>Information soumise par le consommateur.<\/li><\/ul><\/div><\/div><div class=\"accordion-section\"><h4 class=\"accordion-section-heading\">Comment nous utilisons ces informations<\/h4><div class=\"accordion-section-content\"><ul><li>Ex\u00e9cuter des services;<\/li><li>Fournir un service \u00e0 la client\u00e8le;<\/li><li>V\u00e9rifier les renseignements sur les clients.<\/li><\/ul><\/div><\/div><\/div><\/details><details class=\"accordion\"><summary class=\"accordion-summary\"><h3 class=\"accordion-heading\">Informations financi\u00e8res &#8211; CVV de la carte (code de s\u00e9curit\u00e9)<\/h3><\/summary><div class=\"accordion-content\"><div class=\"accordion-section\"><h4 class=\"accordion-section-heading\">Information sp\u00e9cifique<\/h4><div class=\"accordion-section-content\">CVV de la carte (code de s\u00e9curit\u00e9)<\/div><\/div><div class=\"accordion-section\"><h4 class=\"accordion-section-heading\">O\u00f9 obtenons-nous ces informations<\/h4><div class=\"accordion-section-content\"><ul><li>Information soumise par le consommateur.<\/li><\/ul><\/div><\/div><div class=\"accordion-section\"><h4 class=\"accordion-section-heading\">Comment nous utilisons ces informations<\/h4><div class=\"accordion-section-content\"><ul><li>Ex\u00e9cuter des services;<\/li><li>Fournir un service \u00e0 la client\u00e8le;<\/li><li>V\u00e9rifier les renseignements sur les clients.<\/li><\/ul><\/div><\/div><\/div><\/details><details class=\"accordion\"><summary class=\"accordion-summary\"><h3 class=\"accordion-heading\">Activit\u00e9 Internet ou autre activit\u00e9 \u00e9lectronique &#8211; Informations concernant votre interaction avec notre site web ou notre application<\/h3><\/summary><div class=\"accordion-content\"><div class=\"accordion-section\"><h4 class=\"accordion-section-heading\">Information sp\u00e9cifique<\/h4><div class=\"accordion-section-content\">Information concernant votre interaction avec notre site web ou notre application<\/div><\/div><div class=\"accordion-section\"><h4 class=\"accordion-section-heading\">O\u00f9 obtenons-nous ces informations<\/h4><div class=\"accordion-section-content\"><ul><li>L&rsquo;observation et l&rsquo;enregistrement des activit\u00e9s par l&rsquo;entreprise, par exemple par l&rsquo;utilisation de cookies.<\/li><\/ul><\/div><div class=\"accordion-section\"><h4 class=\"accordion-section-heading\">Comment nous utilisons ces informations<\/h4><div class=\"accordion-section-content\"><ul><li>Analytique.<\/li><\/ul><\/div><\/div><\/div><\/div><\/div><h2 class=\"\">Avec qui nous partageons vos informations personnelles<\/h2><p>Nous ne partageons pas vos informations personnelles avec des tiers.\n\n<h2 class=\"\">Comment nous prot\u00e9geons vos informations<\/h2><p>Nous avons mis en place les mesures suivantes pour prot\u00e9ger et sauvegarder vos informations personnelles : <\/p><ul><li>Limiter la quantit\u00e9 d&rsquo;informations personnelles que nous recueillons au strict n\u00e9cessaire;<\/li><li>Utiliser ssl ou d&rsquo;autres technologies de connexion s\u00e9curis\u00e9e lors de la r\u00e9ception ou de l&rsquo;envoi d&rsquo;informations personnelles au-del\u00e0 des r\u00e9seaux internes;<\/li><li>D\u00e9truire les informations personnelles dont nous n&rsquo;avons plus besoin ;<\/li><li>\u00c9valuer r\u00e9guli\u00e8rement les risques;<\/li><li>Att\u00e9nuer les risques en suivant un plan de traitement des risques;<\/li><li>Avoir des politiques et des proc\u00e9dures de s\u00e9curit\u00e9 compl\u00e8tes;<\/li><li>Filtrer tous les employ\u00e9s qui ont acc\u00e8s aux renseignements personnels ;Former nos employ\u00e9s;<\/li><li>Exiger de nos employ\u00e9s qu&rsquo;ils signent des accords de confidentialit\u00e9;<\/li><li>Crypter les ordinateurs portables, les usb et autres supports portables;<\/li><li>Mettre en place et surveiller des syst\u00e8mes de pr\u00e9vention et de d\u00e9tection des intrusions;<\/li><li>Mettre \u00e0 jour les logiciels et les mesures de protection;<\/li><li>Mettre \u00e0 jour les logiciels et les mesures de protectionMaintenir \u00e0 jour les logiciels et les mesures de protection;<\/li><li>Prendre r\u00e9guli\u00e8rement des mesures de diligence raisonnable \u00e0 l&rsquo;\u00e9gard des fournisseurs;<\/li><li>Mettre en \u0153uvre des mesures de s\u00e9curit\u00e9 physique;<\/li><li>S\u00e9parer physiquement et\/ou logiquement les syst\u00e8mes contenant des informations personnelles des r\u00e9seaux publics tels que l&rsquo;internet.<\/li><\/ul>\n\n<h2 class=\"\">Cookies<\/h2><p>Un cookie est un petit \u00e9l\u00e9ment de donn\u00e9es envoy\u00e9 par un site web et stock\u00e9 sur votre appareil par votre navigateur. Ce site web collecte des cookies. Veuillez consulter notre politique en mati\u00e8re de cookies pour en savoir plus sur les cookies que nous collectons, sur les raisons pour lesquelles nous les collectons et sur la mani\u00e8re de modifier vos param\u00e8tres en mati\u00e8re de cookies.\n\n<h2 class=\"\">Confidentialit\u00e9 des enfants<\/h2>\n\n<Ce site Web est destin\u00e9 \u00e0 un public g\u00e9n\u00e9ral et n'offre pas de services aux enfants. Si un enfant que nous savons \u00eatre \u00e2g\u00e9 de moins de 18 ans nous envoie des informations personnelles, nous n'utiliserons ces informations que pour r\u00e9pondre \u00e0 cet enfant et l'informer qu'il ne peut pas utiliser ce site web.\n\n<h2 class=\"\">Programmes d&rsquo;analyse<\/h2>\n\n<Ce site Web utilise Google Analytics pour collecter des informations sur vous et vos comportements. Si vous souhaitez d\u00e9sactiver Google Analytics, rendez-vous sur <a href=\"https:\/\/tools.google.com\/dlpage\/gaoptout\/\" target=\"_blank\" rel=\"noopener\">https:\/\/tools.google.com\/dlpage\/gaoptout\/<\/a>. <\/p> <p>Ce site Web utilise Google Analytics pour collecter des informations sur vous et vos comportements.\n\n<h2 class=\"\">Vos droits<\/h2><p>Selon votre lieu de r\u00e9sidence, vous pouvez avoir les droits suivants en ce qui concerne vos renseignements personnels :<\/p><div class=\"accordions\"><details class=\"accordion\"><summary class=\"accordion-summary\"><h3 class=\"accordion-heading\">Le droit d&rsquo;acc\u00e9der aux renseignements personnels que nous avons recueillis \u00e0 votre sujet.<\/h3><\/summary><div class=\"accordion-content\"><div class=\"accordion-section\"><h4 class=\"accordion-section-heading\">Applique \u00e0<\/h4><div class=\"accordion-section-content\">R\u00e9sidents du Canada et du Qu\u00e9bec seulement<<\/div><\/div><\/div><\/details><details class=\"accordion\"><summary class=\"accordion-summary\"><h3 class=\"accordion-heading\">Le droit de demander que nous modifiions tout renseignement que nous avons recueilli \u00e0 votre sujet.<\/h3><\/summary><div class=\"accordion-content\"><div class=\"accordion-section\"><h4 class=\"accordion-section-heading\">S&rsquo;applique \u00e0<\/h4><div class=\"accordion-section-content\">R\u00e9sidents du Canada et du Qu\u00e9bec seulement<<\/div><\/div><\/div><\/details><details class=\"accordion\"><summary class=\"accordion-summary\"><h3 class=\"accordion-heading\">Le droit de retirer votre consentement au traitement de vos donn\u00e9es.<\/h3><\/summary><div class=\"accordion-content\"><div class=\"accordion-section\"><h4 class=\"accordion-section-heading\">Applique \u00e0<\/h4><div class=\"accordion-section-content\">R\u00e9sidents du Canada et du Qu\u00e9bec uniquement<\/div><\/div><\/div><.\/div><\/details><details class=\"accordion\"><summary class=\"accordion-summary\"><h3 class=\"accordion-heading\">Le droit de d\u00e9poser une plainte concernant la collecte, le partage et le traitement des donn\u00e9es aupr\u00e8s des autorit\u00e9s comp\u00e9tentes dans la juridiction appropri\u00e9e.<\/h3><\/summary><div class=\"accordion-content\"><div class=\"accordion-section\"><h4 class=\"accordion-section-heading\">S&rsquo;applique \u00e0<\/h4><div class=\"accordion-section-content\">R\u00e9sidents du Canada et du Qu\u00e9bec uniquement<\/div><\/div><\/div><\/div><\/details><\/div><h2 class=\"\">Exercice de vos droits<\/h2><p>Les r\u00e9sidents du Canada peuvent exercer les droits pr\u00e9cis\u00e9s ci-dessus en soumettant une demande de consommateur \u00e0 la personne responsable de nos pratiques et politiques en mati\u00e8re de protection de la vie priv\u00e9e, dont les coordonn\u00e9es figurent ci-dessous. <\/p><p>Nous devrons v\u00e9rifier votre identit\u00e9 avant de donner suite \u00e0 votre demande. Pour ce faire, vous devrez nous fournir les informations suivantes avec votre demande : <\/p><p><\/p><ul><li>Nom;<\/li><li>Adresse \u00e9lectronique.<\/li><\/ul><p>Veuillez noter qu&rsquo;il se peut que nous ne puissions pas traiter votre demande si vous ne nous fournissez pas les informations susmentionn\u00e9es.<\/p><p>La personne responsable de nos pratiques et politiques en mati\u00e8re de protection de la vie priv\u00e9e dont les coordonn\u00e9es figurent ci-dessous doit \u00eatre inform\u00e9e de votre demande.\n\n<Nous r\u00e9pondons \u00e0 la plupart des demandes des consommateurs dans les 30 jours suivant leur r\u00e9ception. Toutefois, certaines demandes peuvent prendre plus de temps. Nous vous informerons par \u00e9crit si nous avons besoin de plus de temps pour r\u00e9pondre (jusqu'\u00e0 30 jours suppl\u00e9mentaires). Nous avons la possibilit\u00e9 de refuser votre (vos) demande(s) si certaines exceptions pr\u00e9vues par la loi s'appliquent. Si nous refusons votre (vos) demande(s), nous vous fournirons les raisons de ce refus. <\/p><h2 class=\"\">Responsabilit\u00e9<\/h2><p>La personne suivante est responsable de nos pratiques et proc\u00e9dures en mati\u00e8re de protection de la vie priv\u00e9e : <\/p><p>Bensun Fong<br>Coordonnateur du site Web<br>(705) 522-6825<br>bensun@scienceupfirst.com<\/p><p>Vous pouvez d\u00e9poser une plainte aupr\u00e8s de nous en communiquant avec la personne responsable de nos pratiques et proc\u00e9dures en mati\u00e8re de protection des renseignements personnels aux coordonn\u00e9es ci-dessus. Les r\u00e9sidents du Qu\u00e9bec peuvent d\u00e9poser une plainte aupr\u00e8s du Commissariat \u00e0 la protection de la vie priv\u00e9e du Qu\u00e9bec en remplissant <a href=\"https:\/\/www.cai.gouv.qc.ca\/a-propos\/nous-joindre\/\" target=\"_blank\" rel=\"noopener\">ce formulaire<\/a> ou en appelant le 1-888-528-7741. Les r\u00e9sidents du Canada peuvent \u00e9galement d\u00e9poser une plainte aupr\u00e8s du Commissariat \u00e0 la protection de la vie priv\u00e9e du Canada en visitant <a href=\"https:\/\/priv.gc.ca\/en\/report-a-concern\/file-a-formal-privacy-complaint\/file-a-complaint-about-a-business\/\" target=\"_blank\" rel=\"noopener\">cette page<\/a> ou en appelant le 1-800-282-1376. <\/p><h2 class=\"\">Sites web de tiers<\/h2>\n\n<Ce site web peut contenir des hyperliens vers des sites web exploit\u00e9s par d'autres parties que nous. Nous fournissons ces hyperliens \u00e0 titre de r\u00e9f\u00e9rence uniquement. Nous ne contr\u00f4lons pas ces sites web et ne sommes pas responsables de leur contenu ou des pratiques de confidentialit\u00e9 ou autres de ces sites web. Il vous appartient de lire et de comprendre pleinement leurs politiques de confidentialit\u00e9. L'inclusion d'hyperliens vers ces sites web ne signifie pas que nous approuvons le contenu de ces sites web ou que nous sommes associ\u00e9s \u00e0 leurs exploitants. <\/p> <p style=\"text-align : justify ;\">Les hyperliens sont fournis \u00e0 titre de r\u00e9f\u00e9rence uniquement.\n\n<h2 class=\"\">Questions<\/h2><p>Si vous avez des questions concernant cette politique de confidentialit\u00e9, veuillez nous contacter \u00e0 l&rsquo;adresse suivante : info@casc-accs.com.<\/p>\n\n<\/article>\n<\/div>\n\n<\/div>\n","protected":false},"excerpt":{"rendered":"<p>Politique de confidentialit\u00e9 Derni\u00e8re mise \u00e0 jour : 28 ao\u00fbt 2024 13:33 PM Nous accordons une grande importance \u00e0 la protection de votre vie priv\u00e9e. Veuillez lire attentivement la pr\u00e9sente politique de confidentialit\u00e9 avant d&rsquo;utiliser le site Web canadiansciencecentres.ca (et le sous-site scienceupfirst.com) (le \u00ab\u00a0site Web\u00a0\u00bb) exploit\u00e9 par l&rsquo;Association canadienne des centres de sciences, une [&hellip;]<\/p>\n","protected":false},"author":1,"featured_media":0,"parent":0,"menu_order":0,"comment_status":"closed","ping_status":"closed","template":"","meta":{"footnotes":""},"class_list":["post-17989","page","type-page","status-publish","hentry"],"acf":[],"_links":{"self":[{"href":"https:\/\/canadiansciencecentres.ca\/fr\/wp-json\/wp\/v2\/pages\/17989","targetHints":{"allow":["GET"]}}],"collection":[{"href":"https:\/\/canadiansciencecentres.ca\/fr\/wp-json\/wp\/v2\/pages"}],"about":[{"href":"https:\/\/canadiansciencecentres.ca\/fr\/wp-json\/wp\/v2\/types\/page"}],"author":[{"embeddable":true,"href":"https:\/\/canadiansciencecentres.ca\/fr\/wp-json\/wp\/v2\/users\/1"}],"replies":[{"embeddable":true,"href":"https:\/\/canadiansciencecentres.ca\/fr\/wp-json\/wp\/v2\/comments?post=17989"}],"version-history":[{"count":10,"href":"https:\/\/canadiansciencecentres.ca\/fr\/wp-json\/wp\/v2\/pages\/17989\/revisions"}],"predecessor-version":[{"id":19307,"href":"https:\/\/canadiansciencecentres.ca\/fr\/wp-json\/wp\/v2\/pages\/17989\/revisions\/19307"}],"wp:attachment":[{"href":"https:\/\/canadiansciencecentres.ca\/fr\/wp-json\/wp\/v2\/media?parent=17989"}],"curies":[{"name":"wp","href":"https:\/\/api.w.org\/{rel}","templated":true}]}}